{"id":120,"date":"2022-05-03T19:40:21","date_gmt":"2022-05-03T18:40:21","guid":{"rendered":"https:\/\/fujifilmprint.eu\/?page_id=120"},"modified":"2026-03-09T17:22:37","modified_gmt":"2026-03-09T16:22:37","slug":"home","status":"publish","type":"page","link":"https:\/\/office-staging.fujifilmprint.eu\/es\/","title":{"rendered":"Hogar"},"content":{"rendered":"<section id=\"hero-banner\">\n\t<div id=\"video-box\">\n\t\t<video autoplay muted loop style>\n\t\t<source src=\"https:\/\/office-staging.fujifilmprint.eu\/wp-content\/uploads\/2026\/02\/Looping-video-4.mp4\" type=\"video\/mp4\">\t<\/video>\n\t<\/div>\n\t<div id=\"hero-content\">\n\t\t<h1>NACIDO LISTO <br \/><span>Esto es Apeos<\/span><br \/><\/h1>\n\t\t<p>Calidad y fiabilidad incre\u00edbles en un entorno seguro y sostenible<\/p>\n\t<\/div>\n<\/section>\n\n<section id=\"txt-tbb\">\n\t<div class=\"container\">\n\t\t<h2>Talento nuevo e inteligente para su oficina<\/h2>\n\t\t<div class=\"dash-1\"><\/div>\n\t\t<p>Descubra la polivalencia y la disponibilidad 24\/7 de la serie Apeos. Facilita el trabajo de copia, escaneado, impresi\u00f3n y gesti\u00f3n documental, con unas prestaciones excepcionales en t\u00e9rminos de seguridad y sostenibilidad.<\/p>\n\t\t<div class=\"row\">\n\n\t\t\t\t\t\t\t\t\t\t\n\t\t<\/div>\n\t<\/div>\n<\/section> \n\n<style>\r\n.sector-banner{\r\nbackground-image: url(https:\/\/office-staging.fujifilmprint.eu\/wp-content\/uploads\/2026\/02\/FF27-Home-page-product-carousel-2500x800px-scaled.jpg);\r\n}\r\n\r\n\r\n<\/style>\r\n\r\n<div class=\"sector-banner\">\r\n\r\n   \r\n    <div class=\"banner-content\">\r\n        <h4>Descubra los productos<\/h4>\r\n        <h1><span style=\"color:#ffffff;\">Impresoras multifunci\u00f3n Apeos<\/span><\/h1>\r\n    <\/div>\r\n\r\n    <div class=\"sector-carousel owl-carousel owl-theme\">\r\n                                    <a href=\"https:\/\/office-staging.fujifilmprint.eu\/es\/product\/apeos-c4030-series\/\">\r\n                    <div class=\"center\">\r\n                                                    <img decoding=\"async\" src=\"https:\/\/office-staging.fujifilmprint.eu\/wp-content\/uploads\/2024\/08\/c4030-carousel-1500x1464-1.png\" \/>\r\n                                                <h3>Serie Apeos C4030<\/h3>\r\n                    <\/div>\r\n                <\/a>\r\n                            <a href=\"https:\/\/office-staging.fujifilmprint.eu\/es\/product\/apeos-c3060-series\/\">\r\n                    <div class=\"center\">\r\n                                                    <img decoding=\"async\" src=\"https:\/\/office-staging.fujifilmprint.eu\/wp-content\/uploads\/2024\/08\/c3060-carousel-1500x1464-1.png\" \/>\r\n                                                <h3>Serie Apeos C3060<\/h3>\r\n                    <\/div>\r\n                <\/a>\r\n                            <a href=\"https:\/\/office-staging.fujifilmprint.eu\/es\/product\/apeos-c7070-series\/\">\r\n                    <div class=\"center\">\r\n                                                    <img decoding=\"async\" src=\"https:\/\/office-staging.fujifilmprint.eu\/wp-content\/uploads\/2024\/08\/c7070-carousel-1500x1464-1.png\" \/>\r\n                                                <h3>Serie Apeos C7070<\/h3>\r\n                    <\/div>\r\n                <\/a>\r\n                            <a href=\"https:\/\/office-staging.fujifilmprint.eu\/es\/product\/apeos-5330-series\/\">\r\n                    <div class=\"center\">\r\n                                                    <img decoding=\"async\" src=\"https:\/\/office-staging.fujifilmprint.eu\/wp-content\/uploads\/2025\/04\/Apeos-5330-reflection-shadow.png\" \/>\r\n                                                <h3>Serie Apeos 5330<\/h3>\r\n                    <\/div>\r\n                <\/a>\r\n                            <a href=\"https:\/\/office-staging.fujifilmprint.eu\/es\/product\/apeos-3560-series\/\">\r\n                    <div class=\"center\">\r\n                                                    <img decoding=\"async\" src=\"https:\/\/office-staging.fujifilmprint.eu\/wp-content\/uploads\/2025\/04\/Apeos-3560-reflection-shadow-e1743757889209.png\" \/>\r\n                                                <h3>Serie Apeos 3560<\/h3>\r\n                    <\/div>\r\n                <\/a>\r\n                            <a href=\"https:\/\/office-staging.fujifilmprint.eu\/es\/product\/apeos-5570-series\/\">\r\n                    <div class=\"center\">\r\n                                                    <img decoding=\"async\" src=\"https:\/\/office-staging.fujifilmprint.eu\/wp-content\/uploads\/2025\/04\/Apeos-5570-reflection-shadow-v3.png\" \/>\r\n                                                <h3>Serie Apeos 5570<\/h3>\r\n                    <\/div>\r\n                <\/a>\r\n                            <a href=\"https:\/\/office-staging.fujifilmprint.eu\/es\/product\/apeosprint-c4030\/\">\r\n                    <div class=\"center\">\r\n                                                    <img decoding=\"async\" src=\"https:\/\/office-staging.fujifilmprint.eu\/wp-content\/uploads\/2026\/03\/ApeosPrint-C4030-shadow-reflection.png\" \/>\r\n                                                <h3>ApeosPrint C4030<\/h3>\r\n                    <\/div>\r\n                <\/a>\r\n                            <a href=\"https:\/\/office-staging.fujifilmprint.eu\/es\/product\/apeosprint-5330\/\">\r\n                    <div class=\"center\">\r\n                                                    <img decoding=\"async\" src=\"https:\/\/office-staging.fujifilmprint.eu\/wp-content\/uploads\/2026\/03\/Apeosprint-5330-reflection-shadow.png\" \/>\r\n                                                <h3>ApeosPrint 5330<\/h3>\r\n                    <\/div>\r\n                <\/a>\r\n                        <\/div>\r\n<\/div>\n\n<section id=\"txt-header\">\n\t<div class=\"container block-text-header\">\n\t\t<h3>La gama de oficina Apeos es id\u00f3nea para los clientes que exigen:<\/h3>\n\t\t<h2><\/h2>\n\t\t<p><ul>\n<li>Un dispositivo con caracter\u00edsticas avanzadas de <strong>seguridad<\/strong> ideal para entornos de trabajo h\u00edbridos y que permite a los usuarios trabajar de forma segura tanto en oficinas como en ubicaciones remotas.<\/li>\n<li>Un dispositivo con tecnolog\u00edas innovadoras para el medio ambiente que reduzca el consumo el\u00e9ctrico y mejore la sostenibilidad en general <strong>sostenibilidad<\/strong>.<\/li>\n<li class=\"translation-block\">Un dispositivo que logre una <strong> calidad <\/strong> de impresi\u00f3n superior gracias a una resoluci\u00f3n PPP l\u00edder en el sector que permite a las empresas diferenciarse de la competencia.<\/li>\n<li class=\"translation-block\">Un dispositivo dise\u00f1ado pensando en la fiabilidad y la durabilidad, capaz de <strong> optimizar  <\/strong> de forma significativa las operaciones de la empresa y de maximizar el trabajo y la rentabilidad.<\/li>\n<\/ul>\n<\/p>\n\t<\/div>\n<\/section>\n\n<div style=\"height:80px;\">\n<\/div>\n\n<div id=\"download\"><\/div>\n\n<section id=\"small-cta\">\n\n<!-- Standard Block -->\n    <div class=\"container\">\n        <div class=\"row\">\n            <div class=\"col-md-6 img-bg\" style=\"background-image: url(https:\/\/office-staging.fujifilmprint.eu\/wp-content\/uploads\/2026\/03\/Apeos-range-guide-mock-up-e1773072777996.jpg);\">\n            <\/div>\n            <div class=\"col-md-6 green\">\n                <h3>Descarga el folleto<\/h3>\n                <p>Descubra m\u00e1s sobre las caracter\u00edsticas \u00fanicas y las especificaciones clave de cada impresora en la gu\u00eda de la gama Apeos.<\/p>\n                                    <a href=\"https:\/\/office-staging.fujifilmprint.eu\/wp-content\/uploads\/2026\/03\/Apeos-Range-Brochure-v8-7.pdf\" id=\"btnOpenForm\" class=\"btn btn-purple\" style=\"margin: 0\">Descarga aqu\u00ed<\/a>\n                            <\/div>\n        <\/div>\n    <\/div>\n\t\n\n<\/section>\n\n\n\n<!-- Single Pop-up -->\n<div id=\"popup-\" class=\"popup\">\n\t<div class=\"popup-content dark-form\" id=\"dark-form\">\n\t\t<div class=\"event-header\">\n\t\t\t<h2>\n\t\t\t\t\t\t\t\n\t\t\t\t\t\t\t<\/h2>\n\t\t<\/div>\n\t\t\n\t\t\t\t<div id=\"confirmform\" style=\"visibility:hidden;\">\n\t\t\t\t\t\t\t<p><strong>Gracias por su consulta, alguien se pondr\u00e1 en contacto pronto.<\/strong><\/p>\n\t\t\t\t\t<\/div>\n\t\t\t\t\n\t\t<span class=\"fade-out main-btn-circle\">\u2573<\/span>\n\t<\/div>\n<\/div>\n\t\n\n\n<div style=\"height:100px;\">\n<\/div>\n\n<section id=\"form-bg\">\n\t<div class=\"container-fluid block-short-cta-form\" style=\"background-image: url(https:\/\/office-staging.fujifilmprint.eu\/wp-content\/uploads\/2026\/02\/FF27-Product-page-banner-2500x800px4-scaled.png); background-size: cover; padding-bottom: 180px;\">\n\t\t\t\t<div class=\"container\">\n\t\t\t<div class=\"row\">\n\t\t\t\t<div class=\"col-md-8\">\n\t\t\t\t\t\t\t\t\t\t\t<h3>\u00bfCree que Apeos ser\u00eda capaz de cumplir estas exigencias?<\/h3>\n\t\t\t\t\t\t<p class=\"frm-h\">Contacte con nosotros hoy mismo:<\/p>\n\t\t\t\t\t\t\t\t\t\t\t\t\t\t<\/div>\n\t\t\t\t<div class=\"col-md-4\"><\/div>\n\t\t\t<\/div>\n\n\t\t<\/div>\n\t<\/div>\n \n\t\t\t<div class=\"container\">\n\t\t\t<div class=\"rendered-form\" >\n\t\t\t\t<h4 style=\"margin-bottom: 0;line-height: 25px;margin-left: 20px;\"><\/h4>\n\t\t\t\t<p style=\"margin-top: 5px;margin-left: 20px;\"><\/p>\n\t\t\t\t<div class=\"row\">\n\t\t\t\t  \r\n \r\n   \r\n  \r\n<script src=\"\/\/info.fujifilm.eu\/js\/forms2\/js\/forms2.min.js\"><\/script> <form id=\"mktoForm_6137\" action=\"\"><input type=\"hidden\" name=\"trp-form-language\" value=\"es\"\/><\/form> <script>MktoForms2.loadForm(\"\/\/info.fujifilm.eu\", \"060-MIY-956\", 6137);<\/script> \r\n  \r\n\r\n  \n\t\t\t\t\n\n\t\t\t<\/div>\n\t\t<\/div>\n\t\t\t<\/div>\n\t\t<\/div>\n\t<\/section>\n\n<div style=\"height:80px;\">\n<\/div>\n\n<section id=\"txt-header\">\n\t<div class=\"container block-text-header\">\n\t\t<h3><\/h3>\n\t\t<h2><\/h2>\n\t\t<p><h3 style=\"text-align: left;\">\u00bfTodav\u00eda no lo tiene claro?<\/h3>\n<h2 class=\"translation-block\">Descubra por qu\u00e9 su negocio necesita Apeos\u2026<\/h2>\n<\/p>\n\t<\/div>\n<\/section>\n\n\n<section id=\"product-grid\">\n\t\t<div class=\"container\">\n            <div class=\"Commercial row\">\n                    <div class=\"col-md-6\">\n\t\t\t\t\t\t<div class=\"grid-bg\" style=\"background-image: url('https:\/\/office-staging.fujifilmprint.eu\/wp-content\/uploads\/2024\/09\/security-pillarblock-1000x1200-2.jpg');\">\n                        <div class=\"pgrid-inner\">\n                            <h3 style=\"line-height: 50px;\">\u00bfLe obsesiona la seguridad?<\/h3>\n                            <p>Protegemos los datos confidenciales de su organizaci\u00f3n<\/p>\n                            <a href=\"https:\/\/office.fujifilmprint.eu\/security\/\" class=\"btn btn-outline\">M\u00e1s informaci\u00f3n<\/a>\n                        <\/div>\n\t\t\t\t\t\t<\/div>\n                    <\/div>\n\n                    <div class=\"col-md-6\">\n\t\t\t\t\t\t<div class=\"grid-bg\" style=\"background-image: url('https:\/\/office-staging.fujifilmprint.eu\/wp-content\/uploads\/2024\/09\/sustainability-pillarblock-1000x1200-3.jpg');\">\n                        <div class=\"pgrid-inner\">\n                            <h3 style=\"line-height: 50px;\">\u00bfSe toma en serio la sostenibilidad?<\/h3>\n                            <p>Iniciativas para la consideraci\u00f3n medioambiental<\/p>\n                            <a href=\"https:\/\/office.fujifilmprint.eu\/sustainability\/\" class=\"btn btn-outline\">M\u00e1s informaci\u00f3n<\/a>\n                        <\/div>\n\t\t\t\t\t\t<\/div>\n                    <\/div>\n\n                    <div class=\"col-md-6\">\n\t\t\t\t\t\t<div class=\"grid-bg\" style=\"background-image: url('https:\/\/office-staging.fujifilmprint.eu\/wp-content\/uploads\/2024\/09\/quality-pillarblock-1000x1200-5.jpg');\">\n                        <div class=\"pgrid-inner\">\n                            <h3 style=\"line-height: 50px;\">\u00bfLe apasiona la calidad?<\/h3>\n                            <p>Alto rendimiento con una calidad de impresi\u00f3n superior<\/p>\n                            <a href=\"https:\/\/office.fujifilmprint.eu\/quality\/\" class=\"btn btn-outline\">M\u00e1s informaci\u00f3n<\/a>\n                        <\/div>\n\t\t\t\t\t\t<\/div>\n                    <\/div>\n\n                    <div class=\"col-md-6\">\n\t\t\t\t\t\t<div class=\"grid-bg\" style=\"background-image: url('https:\/\/office-staging.fujifilmprint.eu\/wp-content\/uploads\/2024\/09\/efficiency-pillarblock-1000x1200-1.jpg');\">\n                        <div class=\"pgrid-inner\">\n                            <h3 style=\"line-height: 50px;\">\u00bfBusca la eficiencia?<\/h3>\n                            <p>Funcionamiento fiable que impulsa la productividad<\/p>\n                            <a href=\"https:\/\/office.fujifilmprint.eu\/efficiency\/\" class=\"btn btn-outline\">M\u00e1s informaci\u00f3n<\/a>\n                        <\/div>\n\t\t\t\t\t\t<\/div>\n                    <\/div>\n            <\/div>\n\t\t<\/div>\n\n<\/section>\n\n<div style=\"height:80px;\">\n<\/div>\n\n<section id=\"txt-vid\">\n\n\t<div class=\"container-fluid\" style=\"background-image: url();padding: 50px;\">\n\t\t<div class=\"container\">\n\t\t\t<h2 style=\"margin-bottom: 20px;\">Ver el v\u00eddeo<\/h2>\n\t\t\t<div class=\"dash-1\" style=\"display: none;\"><\/div>\n\t\t\t<p style=\"\">Descubra m\u00e1s sobre nuestras iniciativas medioambientales<\/p>\n\t\t\t<div class=\"center\">\n\t\t\t\t<video controls preload=\"none\" poster=\"https:\/\/office-staging.fujifilmprint.eu\/wp-content\/uploads\/2024\/09\/sustainabilitybrochure-ctaiamge-1500x844-1.jpg\" width=\"680\">\n\t\t\t\t<source src=\"\t\t\t\thttps:\/\/office-staging.fujifilmprint.eu\/wp-content\/uploads\/2024\/07\/Fujifilm-Apeos-Environmental-Initiatives.mp4\t\t\t\t\" type=\"video\/mp4\">\n\t\t\t\t<\/video>\n\t\t\t<\/div>\n\t\t<\/div>\n\t<\/div>\n<\/section>\n\n\n\n\n\n<div id=\"contact\"><\/div>\n\n<section id=\"dark-form\">\n\t<div id=\"footer-form\" class=\"container\">\n\t\t<h2>\u00bfLe interesan las impresoras multifunci\u00f3n Apeos? P\u00f3ngase en contacto con nosotros:<\/h2>\n\n\t\t  \r\n\r\n   \r\n\r\n  \r\n\r\n  \r\n<script src=\"\/\/info.fujifilm.eu\/js\/forms2\/js\/forms2.min.js\"><\/script> <form id=\"mktoForm_6122\" action=\"\"><input type=\"hidden\" name=\"trp-form-language\" value=\"es\"\/><\/form> <script>MktoForms2.loadForm(\"\/\/info.fujifilm.eu\", \"060-MIY-956\", 6122);<\/script> \r\n \r\n\r\n\r\n\r\n\n\t\t<div id=\"confirmform\" style=\"visibility:hidden;\">\n                            <p><strong>Gracias por su consulta, alguien se pondr\u00e1 en contacto pronto.<\/strong><\/p>\n              \n        <\/div>\n\t<\/div>\n<\/section>","protected":false},"excerpt":{"rendered":"","protected":false},"author":1,"featured_media":0,"parent":0,"menu_order":0,"comment_status":"closed","ping_status":"closed","template":"","meta":{"inline_featured_image":false,"footnotes":""},"class_list":["post-120","page","type-page","status-publish","hentry"],"acf":[],"yoast_head":"<!-- This site is optimized with the Yoast SEO plugin v22.5 - https:\/\/yoast.com\/wordpress\/plugins\/seo\/ -->\n<title>Fujifilm Apeos Multifunction Printers EMEA<\/title>\n<meta name=\"description\" content=\"At Fujifilm we have a commitment to print, and the technologies that bring it to life. Learn more about Apeos here.\" \/>\n<meta name=\"robots\" content=\"noindex, follow, max-snippet:-1, max-image-preview:large, max-video-preview:-1\" \/>\n<meta property=\"og:locale\" content=\"es_ES\" \/>\n<meta property=\"og:type\" content=\"article\" \/>\n<meta property=\"og:title\" content=\"Fujifilm Apeos Multifunction Printers EMEA\" \/>\n<meta property=\"og:description\" content=\"At Fujifilm we have a commitment to print, and the technologies that bring it to life. Learn more about Apeos here.\" \/>\n<meta property=\"og:url\" content=\"https:\/\/office-staging.fujifilmprint.eu\/es\/\" \/>\n<meta property=\"og:site_name\" content=\"Fujifilm Office Printers EMEA\" \/>\n<meta property=\"article:modified_time\" content=\"2026-03-09T16:22:37+00:00\" \/>\n<meta name=\"twitter:card\" content=\"summary_large_image\" \/>\n<script type=\"application\/ld+json\" class=\"yoast-schema-graph\">{\"@context\":\"https:\/\/schema.org\",\"@graph\":[{\"@type\":\"WebPage\",\"@id\":\"https:\/\/office-staging.fujifilmprint.eu\/\",\"url\":\"https:\/\/office-staging.fujifilmprint.eu\/\",\"name\":\"Fujifilm Apeos Multifunction Printers EMEA\",\"isPartOf\":{\"@id\":\"https:\/\/office-staging.fujifilmprint.eu\/#website\"},\"datePublished\":\"2022-05-03T18:40:21+00:00\",\"dateModified\":\"2026-03-09T16:22:37+00:00\",\"description\":\"At Fujifilm we have a commitment to print, and the technologies that bring it to life. Learn more about Apeos here.\",\"breadcrumb\":{\"@id\":\"https:\/\/office-staging.fujifilmprint.eu\/#breadcrumb\"},\"inLanguage\":\"es\",\"potentialAction\":[{\"@type\":\"ReadAction\",\"target\":[\"https:\/\/office-staging.fujifilmprint.eu\/\"]}]},{\"@type\":\"BreadcrumbList\",\"@id\":\"https:\/\/office-staging.fujifilmprint.eu\/#breadcrumb\",\"itemListElement\":[{\"@type\":\"ListItem\",\"position\":1,\"name\":\"Home\",\"item\":\"https:\/\/office-staging.fujifilmprint.eu\/\"},{\"@type\":\"ListItem\",\"position\":2,\"name\":\"Home\"}]},{\"@type\":\"WebSite\",\"@id\":\"https:\/\/office-staging.fujifilmprint.eu\/#website\",\"url\":\"https:\/\/office-staging.fujifilmprint.eu\/\",\"name\":\"Fujifilm Office Printers EMEA\",\"description\":\"\",\"publisher\":{\"@id\":\"https:\/\/office-staging.fujifilmprint.eu\/#organization\"},\"potentialAction\":[{\"@type\":\"SearchAction\",\"target\":{\"@type\":\"EntryPoint\",\"urlTemplate\":\"https:\/\/office-staging.fujifilmprint.eu\/?s={search_term_string}\"},\"query-input\":\"required name=search_term_string\"}],\"inLanguage\":\"es\"},{\"@type\":\"Organization\",\"@id\":\"https:\/\/office-staging.fujifilmprint.eu\/#organization\",\"name\":\"Fujifilm Office Printers EMEA\",\"url\":\"https:\/\/office-staging.fujifilmprint.eu\/\",\"logo\":{\"@type\":\"ImageObject\",\"inLanguage\":\"es\",\"@id\":\"https:\/\/office-staging.fujifilmprint.eu\/#\/schema\/logo\/image\/\",\"url\":\"https:\/\/office-staging.fujifilmprint.eu\/wp-content\/uploads\/2024\/05\/fujifilm-1.png\",\"contentUrl\":\"https:\/\/office-staging.fujifilmprint.eu\/wp-content\/uploads\/2024\/05\/fujifilm-1.png\",\"width\":416,\"height\":70,\"caption\":\"Fujifilm Office Printers EMEA\"},\"image\":{\"@id\":\"https:\/\/office-staging.fujifilmprint.eu\/#\/schema\/logo\/image\/\"}}]}<\/script>\n<!-- \/ Yoast SEO plugin. -->","yoast_head_json":{"title":"Impresoras multifunci\u00f3n Apeos de Fujifilm (EMEA)","description":"En Fujifilm tenemos un compromiso con la impresi\u00f3n y con las tecnolog\u00edas que le dan vida. M\u00e1s informaci\u00f3n acerca de Apeos aqu\u00ed.","robots":{"index":"noindex","follow":"follow","max-snippet":"max-snippet:-1","max-image-preview":"max-image-preview:large","max-video-preview":"max-video-preview:-1"},"og_locale":"es_ES","og_type":"article","og_title":"Fujifilm Apeos Multifunction Printers EMEA","og_description":"At Fujifilm we have a commitment to print, and the technologies that bring it to life. Learn more about Apeos here.","og_url":"https:\/\/office-staging.fujifilmprint.eu\/es\/","og_site_name":"Fujifilm Office Printers EMEA","article_modified_time":"2026-03-09T16:22:37+00:00","twitter_card":"summary_large_image","schema":{"@context":"https:\/\/schema.org","@graph":[{"@type":"WebPage","@id":"https:\/\/office-staging.fujifilmprint.eu\/","url":"https:\/\/office-staging.fujifilmprint.eu\/","name":"Impresoras multifunci\u00f3n Apeos de Fujifilm (EMEA)","isPartOf":{"@id":"https:\/\/office-staging.fujifilmprint.eu\/#website"},"datePublished":"2022-05-03T18:40:21+00:00","dateModified":"2026-03-09T16:22:37+00:00","description":"En Fujifilm tenemos un compromiso con la impresi\u00f3n y con las tecnolog\u00edas que le dan vida. M\u00e1s informaci\u00f3n acerca de Apeos aqu\u00ed.","breadcrumb":{"@id":"https:\/\/office-staging.fujifilmprint.eu\/#breadcrumb"},"inLanguage":"es","potentialAction":[{"@type":"ReadAction","target":["https:\/\/office-staging.fujifilmprint.eu\/"]}]},{"@type":"BreadcrumbList","@id":"https:\/\/office-staging.fujifilmprint.eu\/#breadcrumb","itemListElement":[{"@type":"ListItem","position":1,"name":"Home","item":"https:\/\/office-staging.fujifilmprint.eu\/"},{"@type":"ListItem","position":2,"name":"Home"}]},{"@type":"WebSite","@id":"https:\/\/office-staging.fujifilmprint.eu\/#website","url":"https:\/\/office-staging.fujifilmprint.eu\/","name":"Fujifilm Impresoras de oficina EMEA","description":"","publisher":{"@id":"https:\/\/office-staging.fujifilmprint.eu\/#organization"},"potentialAction":[{"@type":"SearchAction","target":{"@type":"EntryPoint","urlTemplate":"https:\/\/office-staging.fujifilmprint.eu\/?s={search_term_string}"},"query-input":"required name=search_term_string"}],"inLanguage":"es"},{"@type":"Organization","@id":"https:\/\/office-staging.fujifilmprint.eu\/#organization","name":"Fujifilm Impresoras de oficina EMEA","url":"https:\/\/office-staging.fujifilmprint.eu\/","logo":{"@type":"ImageObject","inLanguage":"es","@id":"https:\/\/office-staging.fujifilmprint.eu\/#\/schema\/logo\/image\/","url":"https:\/\/office-staging.fujifilmprint.eu\/wp-content\/uploads\/2024\/05\/fujifilm-1.png","contentUrl":"https:\/\/office-staging.fujifilmprint.eu\/wp-content\/uploads\/2024\/05\/fujifilm-1.png","width":416,"height":70,"caption":"Fujifilm Office Printers EMEA"},"image":{"@id":"https:\/\/office-staging.fujifilmprint.eu\/#\/schema\/logo\/image\/"}}]}},"_links":{"self":[{"href":"https:\/\/office-staging.fujifilmprint.eu\/es\/wp-json\/wp\/v2\/pages\/120","targetHints":{"allow":["GET"]}}],"collection":[{"href":"https:\/\/office-staging.fujifilmprint.eu\/es\/wp-json\/wp\/v2\/pages"}],"about":[{"href":"https:\/\/office-staging.fujifilmprint.eu\/es\/wp-json\/wp\/v2\/types\/page"}],"author":[{"embeddable":true,"href":"https:\/\/office-staging.fujifilmprint.eu\/es\/wp-json\/wp\/v2\/users\/1"}],"replies":[{"embeddable":true,"href":"https:\/\/office-staging.fujifilmprint.eu\/es\/wp-json\/wp\/v2\/comments?post=120"}],"version-history":[{"count":636,"href":"https:\/\/office-staging.fujifilmprint.eu\/es\/wp-json\/wp\/v2\/pages\/120\/revisions"}],"predecessor-version":[{"id":21741,"href":"https:\/\/office-staging.fujifilmprint.eu\/es\/wp-json\/wp\/v2\/pages\/120\/revisions\/21741"}],"wp:attachment":[{"href":"https:\/\/office-staging.fujifilmprint.eu\/es\/wp-json\/wp\/v2\/media?parent=120"}],"curies":[{"name":"wp","href":"https:\/\/api.w.org\/{rel}","templated":true}]}}