{"id":19596,"date":"2024-07-16T16:08:20","date_gmt":"2024-07-16T15:08:20","guid":{"rendered":"https:\/\/office-staging.fujifilmprint.eu\/?page_id=19596"},"modified":"2025-07-14T17:30:45","modified_gmt":"2025-07-14T16:30:45","slug":"sostenibilidad","status":"publish","type":"page","link":"https:\/\/office-staging.fujifilmprint.eu\/es\/sostenibilidad\/","title":{"rendered":"Sostenibilidad"},"content":{"rendered":"<section id=\"green-header\">\n\t<div class=\"container-fluid green-pt\" style=\"background-image: url('https:\/\/office-staging.fujifilmprint.eu\/wp-content\/uploads\/2024\/09\/sustainability-header-2000x324-1.jpg');background-size: cover;padding: 0;\">\n\t<div class=\"overlay\" style=\"padding: 75px 0;\">\t\t<div class=\"container\">\n\t\t\t<h2 style=\"color: #00e5c2;\">\n\t\t\t\t Se toma en serio la sostenibilidad\t\t\t<\/h2>\n\t\t\t<h3 style=\"color: #fff;margin-top: 25px;letter-spacing: -1px;font-size: 29px;font-weight: 500;\">\n\t\t\t\tIniciativas para la consideraci\u00f3n medioambiental\t\t\t<\/h3>\n\t\t<\/div>\n\t<\/div>\t<\/div>\n<\/section>\n\n<div style=\"height:50px;\">\n<\/div>\n\n<section id=\"txt-header\">\n\t<div class=\"container block-text-header\">\n\t\t<h3>\u00bfPor qu\u00e9 Apeos?<\/h3>\n\t\t<h2>Tecnolog\u00edas innovadoras para el medio ambiente que reducen el consumo el\u00e9ctrico y mejoran la eficiencia energ\u00e9tica global.<\/h2>\n\t\t<p><p>Fujifilm es consciente de que la impresi\u00f3n sostenible implica a menudo la adopci\u00f3n de nuevas tecnolog\u00edas y pr\u00e1cticas capaces de mejorar la eficiencia global. Esto puede generar innovaciones que beneficien tambi\u00e9n a otras \u00e1reas de la empresa. La impresi\u00f3n sostenible no solo beneficia al medio ambiente, sino que tambi\u00e9n encaja con el conjunto de los objetivos en materia de responsabilidad social corporativa.<\/p>\n<p>En Fujifilm empezamos a desarrollar tecnolog\u00edas pensando en el medio ambiente, como dispositivos multifunci\u00f3n con mayor eficiencia energ\u00e9tica y un t\u00f3ner con baja temperatura de fusi\u00f3n, adem\u00e1s de reutilizar y reciclar productos antes que otras empresas del sector.<\/p>\n<p>La implementaci\u00f3n de pr\u00e1cticas de impresi\u00f3n sostenibles dentro de su negocio ayuda a reducir el volumen de residuos generados. Esto puede suponer un importante ahorro de costes al reducir el consumo de papel, t\u00f3ner y energ\u00eda.<\/p>\n<p>Por \u00faltimo, demostrar un compromiso con la sostenibilidad mejora la reputaci\u00f3n de la empresa. Demuestra a todas las partes interesadas (clientes, empleados e inversores, entre otras) que la empresa act\u00faa con responsabilidad y tiene visi\u00f3n de futuro. Muchos empleados muestran su preferencia por trabajar para empresas que dan prioridad a la sostenibilidad. La aplicaci\u00f3n de pr\u00e1cticas respetuosas con el medio ambiente puede elevar la moral y el compromiso, contribuyendo a una cultura positiva en el lugar de trabajo.<\/p>\n<\/p>\n\t<\/div>\n<\/section>\n\n<section id=\"txt-header\">\n\t<div class=\"container block-text-header\">\n\t\t<h3>Iniciativas clave<\/h3>\n\t\t<h2><\/h2>\n\t\t<p><p><strong>PRODUCTOS CON CONCIENCIA ECOL\u00d3GICA0:<\/strong> La gama Apeos forma parte de los productos y servicios con conciencia medioambiental de Fujifilm. As\u00ed, cuenta con la certificaci\u00f3n \u201cSilver\u201d y \u201cGold\u201d incluida en el programa de certificaci\u00f3n \u201cGreen Value Products\u201d y, por lo tanto, contribuye a la reducci\u00f3n del impacto medioambiental de una forma m\u00e1s decidida en comparaci\u00f3n con los est\u00e1ndares del sector.<\/p>\n<p><strong>PL\u00c1STICO RECICLADO Y PL\u00c1STICO DE BASE BIOL\u00d3GICA RESISTENTE A LAS LLAMAS:<\/strong> Utilizamos pl\u00e1stico reciclado para algunas de nuestras piezas de pl\u00e1stico. Adem\u00e1s, para reducir el uso de pl\u00e1sticos derivados del petr\u00f3leo, utilizamos piezas de pl\u00e1stico de base biol\u00f3gica resistentes a las llamas fabricadas con \"celulosa\" obtenida de materiales de madera.<\/p>\n<p><img loading=\"lazy\" decoding=\"async\" class=\"wp-image-20795 aligncenter\" src=\"https:\/\/office-staging.fujifilmprint.eu\/wp-content\/uploads\/2024\/10\/FUJ13556-Infographics-v3-ES-08.svg\" alt=\"\" width=\"1031\" height=\"539\" \/><\/p>\n<p><strong>CONSERVACI\u00d3N DE RECURSOS:\u00a0<\/strong>Dise\u00f1adas con funciones que contribuyen a la reducci\u00f3n del consumo de papel, por ejemplo impresi\u00f3n con cargo privado, escaneo, fax sin papel, p\u00e1ginas por cara\/m\u00faltiple, etc.<\/p>\n<p><strong>CONSERVACI\u00d3N DE ENERG\u00cdA:\u00a0<\/strong>Adopta tecnolog\u00edas de fusi\u00f3n IH que agilizan el calentamiento, eliminando la necesidad de precalentamiento en los modos de espera o ahorro de energ\u00eda, lo que reduce el consumo de energ\u00eda. Adem\u00e1s, la funci\u00f3n inteligente de ahorro de energ\u00eda encienden las piezas necesarias seg\u00fan las funciones que se est\u00e9n utilizando.<\/p>\n<p><img loading=\"lazy\" decoding=\"async\" class=\"aligncenter wp-image-20798\" src=\"https:\/\/office-staging.fujifilmprint.eu\/wp-content\/uploads\/2024\/10\/FUJ13556-Infographics-v3-ES-23-v3.svg\" alt=\"\" width=\"717\" height=\"468\" \/><img decoding=\"async\" class=\"aligncenter wp-image-20802 size-full\" src=\"https:\/\/office-staging.fujifilmprint.eu\/wp-content\/uploads\/2024\/10\/FUJ13556-Infographics-v3-ES-24-v2.svg\" alt=\"\" \/><\/p>\n<p><strong>TECNOLOG\u00cdA INTELIGENTE DE AHORRO DE ENERG\u00cdA:<\/strong> Se enciende y apaga cuando se utilizan funciones espec\u00edficas, como las unidades de escaneado de documentos, el panel operativo, el controlador y la unidad de salida. Esta tecnolog\u00eda facilita la reducci\u00f3n del consumo el\u00e9ctrico un 8\u00a0% en la impresi\u00f3n y hasta un 61\u00a0% en tareas de escaneado y fax.<\/p>\n<p><strong>SUPER EA-ECO TONER: <\/strong>Un t\u00f3ner especial que reduce la temperatura de fusi\u00f3n entre 30 \u00b0C y 35 \u00b0C, en comparaci\u00f3n con el t\u00f3ner EA convencional (t\u00f3ner de agregaci\u00f3n en emulsi\u00f3n). Con el t\u00f3ner Super EA-Eco, el consumo de energ\u00eda se puede reducir en aproximadamente un 54% en modo brillante en comparaci\u00f3n con el t\u00f3ner EA convencional, lo que lleva a una reducci\u00f3n en la cantidad de emisiones de di\u00f3xido de carbono.<\/p>\n<p><img decoding=\"async\" class=\"alignnone wp-image-20366 size-full\" src=\"https:\/\/office-staging.fujifilmprint.eu\/wp-content\/uploads\/2024\/10\/FUJ13556-Infographics-v3-ES-07-v3.svg\" alt=\"\" \/><\/p>\n<\/p>\n\t<\/div>\n<\/section>\n\n<div style=\"height:80px;\">\n<\/div>\n\n<section id=\"txt-vid\">\n\n\t<div class=\"container-fluid\" style=\"background-image: url();padding: 50px;background: #fff;\">\n\t\t<div class=\"container\">\n\t\t\t<h2 style=\"margin-bottom: 20px;color: #00E5C2;\">Ver el v\u00eddeo<\/h2>\n\t\t\t<div class=\"dash-1\" style=\"display: none;\"><\/div>\n\t\t\t<p style=\"color: #000;\">M\u00e1s informaci\u00f3n sobre nuestro t\u00f3ner EA-Eco en el v\u00eddeo siguiente:<\/p>\n\t\t\t<div class=\"center\">\n\t\t\t\t<video controls preload=\"none\" poster=\"https:\/\/office-staging.fujifilmprint.eu\/wp-content\/uploads\/2024\/08\/eatoner-thumbnail-16x9-1.jpg\" width=\"680\">\n\t\t\t\t<source src=\"\t\t\t\thttps:\/\/office-staging.fujifilmprint.eu\/wp-content\/uploads\/2024\/09\/Super-EA-Eco-Toner_-Environmental-technology.mp4\t\t\t\t\" type=\"video\/mp4\">\n\t\t\t\t<\/video>\n\t\t\t<\/div>\n\t\t<\/div>\n\t<\/div>\n<\/section>\n\n\n\n\n\n<div style=\"height:80px;\">\n<\/div>\n\n\r\n<style>\r\n.icon-block-link{\r\n\ttext-decoration: none;\r\n\tcolor: black;\r\n}\r\n.icon-block-link:hover .poi-icons-printers .icon-block-icon{\r\n\ttransform: scale(1.2);\r\n    filter: invert(69%) sepia(96%) saturate(1997%) hue-rotate(120deg) brightness(99%) contrast(101%) !important;\r\n\ttransition: 0.4s;\r\n}\r\n<\/style>\r\n<section id=\"tc-icons\" class=\"printer-icons\">\r\n\t<div class=\"container block-three-column-icons\">\r\n\t\t<h2>Descubra la gama Apeos de impresoras MFP:<\/h2>\r\n\t\t<div class=\"row\" style=\"margin-top: 70px;\">\r\n\t\t\t\t\t\t\t\t\t\t\t\t<div class=\"col-sm\">\r\n                    <a href=\"https:\/\/office-staging.fujifilmprint.eu\/es\/product\/apeos-c4030-series\/\" class=\"icon-block-link\">\r\n                        <div class=\"icons-flex\">\r\n                                <div class=\"poi-icons-printers\" style=\"background-color: transparent;\">\r\n                                    <img decoding=\"async\" class=\"icon-block-icon\" src=\"\/wp-content\/uploads\/2024\/08\/C4030.svg\" style=\"filter: brightness(0);\" \/>\r\n                                <\/div>\r\n                            <div class=\"icon-content\">\r\n                            <p>\r\n                                <strong>Serie Apeos C4030<\/strong>\r\n                            <\/p>\r\n                                <p style=\"padding: 0 15px;\">Impresi\u00f3n A4 sin sacrificar la calidad<\/p>\r\n                                <\/div>\r\n                        <\/div>\r\n                        <\/a>\r\n\t\t\t\t\t<\/div>\r\n\t\t\t\t\t\t\t\t\t<div class=\"col-sm\">\r\n                    <a href=\"https:\/\/office-staging.fujifilmprint.eu\/es\/product\/apeos-c3060-series\/\" class=\"icon-block-link\">\r\n                        <div class=\"icons-flex\">\r\n                                <div class=\"poi-icons-printers\" style=\"background-color: transparent;\">\r\n                                    <img decoding=\"async\" class=\"icon-block-icon\" src=\"\/wp-content\/uploads\/2024\/08\/C3060.svg\" style=\"filter: brightness(0);\" \/>\r\n                                <\/div>\r\n                            <div class=\"icon-content\">\r\n                            <p>\r\n                                <strong>Serie Apeos C3060<\/strong>\r\n                            <\/p>\r\n                                <p style=\"padding: 0 15px;\">Impresi\u00f3n A3 configurable con la m\u00e1xima flexibilidad<\/p>\r\n                                <\/div>\r\n                        <\/div>\r\n                        <\/a>\r\n\t\t\t\t\t<\/div>\r\n\t\t\t\t\t\t\t\t\t<div class=\"col-sm\">\r\n                    <a href=\"https:\/\/office-staging.fujifilmprint.eu\/es\/product\/apeos-c7070-series\/\" class=\"icon-block-link\">\r\n                        <div class=\"icons-flex\">\r\n                                <div class=\"poi-icons-printers\" style=\"background-color: transparent;\">\r\n                                    <img decoding=\"async\" class=\"icon-block-icon\" src=\"\/wp-content\/uploads\/2024\/08\/C7070.svg\" style=\"filter: brightness(0);\" \/>\r\n                                <\/div>\r\n                            <div class=\"icon-content\">\r\n                            <p>\r\n                                <strong>Serie Apeos C7070<\/strong>\r\n                            <\/p>\r\n                                <p style=\"padding: 0 15px;\">Impresi\u00f3n A3 robusta e intuitiva de altas prestaciones <br>Impresi\u00f3n A3<\/p>\r\n                                <\/div>\r\n                        <\/div>\r\n                        <\/a>\r\n\t\t\t\t\t<\/div>\r\n\t\t\t\t\t\t\t\t\t<\/div>\r\n\t<\/div>\r\n<\/section>\n\n<div id=\"download\"><\/div>\n\n<div style=\"height:50px;\">\n<\/div>\n\n<div style=\"height:100px;\">\n<\/div>\n\n<section id=\"small-cta\">\n\n<!-- Standard Block -->\n    <div class=\"container\">\n        <div class=\"row\">\n            <div class=\"col-md-6 img-bg\" style=\"background-image: url(https:\/\/office-staging.fujifilmprint.eu\/wp-content\/uploads\/2024\/07\/sustainabilitybrochure-ctaiamge-1000x527-1.jpg);\">\n            <\/div>\n            <div class=\"col-md-6 green\">\n                <h3>\u00bfQuieres saber m\u00e1s?<\/h3>\n                <p>Descargue nuestro folleto para conocer en profundidad las iniciativas en materia medioambiental de la gama Apeos de impresoras MFP<\/p>\n                                    <button type=\"button\" class=\"btn btn-purple popup-btn\" data-popup=\"popup-to-download-the-brochure-please-complete-the-form-below\">Descargar ahora<\/button>\n                            <\/div>\n        <\/div>\n    <\/div>\n\t\n\n<\/section>\n\n\n\n<!-- Single Pop-up -->\n<div id=\"popup-to-download-the-brochure-please-complete-the-form-below\" class=\"popup\">\n\t<div class=\"popup-content dark-form\" id=\"dark-form\">\n\t\t<div class=\"event-header\">\n\t\t\t<h2>\n\t\t\t\tRellene el formulario siguiente para descargar el folleto:\t\t\t\n\t\t\t\t\t\t\t<\/h2>\n\t\t<\/div>\n\t\t\n\t\t  \r\n\r\n  \r\n\r\n   \r\n\r\n  \r\n\r\n   \r\n\r\n   \r\n\r\n  \r\n\r\n  \r\n\r\n \r\n\r\n \r\n\r\n  \r\n\r\n  \r\n\r\n<script src=\"\/\/info.fujifilm.eu\/js\/forms2\/js\/forms2.min.js\"><\/script> <form id=\"mktoForm_6133\" action=\"\"><input type=\"hidden\" name=\"trp-form-language\" value=\"es\"\/><\/form> <script>MktoForms2.loadForm(\"\/\/info.fujifilm.eu\", \"060-MIY-956\", 6133);<\/script> \r\n\r\n \r\n\r\n \r\n\r\n \t\t<div id=\"confirmform\" style=\"visibility:hidden;\">\n\t\t\t\t\t\t\t<p>Gracias por enviarnos sus datos. Ya puede descargar el folleto.<\/p>\n\t\t\t\t<a href=\"https:\/\/office-staging.fujifilmprint.eu\/wp-content\/uploads\/2024\/08\/Apeos-Sustainability-Brochure-0824.pdf\" target=\"_blank\" class=\"btn btn-outline\">Descargar<\/a>\n\t\t\t\t\t<\/div>\n\t\t\t\t\n\t\t<span class=\"fade-out main-btn-circle\">\u2573<\/span>\n\t<\/div>\n<\/div>\n\t\n\n\n<div id=\"contact\"><\/div>\n\n<div style=\"height:80px;\">\n<\/div>\n\n<section id=\"dark-form\">\n\t<div id=\"footer-form\" class=\"container\">\n\t\t<h2>\u00bfLe interesa la impresi\u00f3n sostenible de Apeos?<br>P\u00f3ngase en contacto:<\/h2>\n\n\t\t  \r\n   \r\n  \r\n  \r\n<script src=\"\/\/info.fujifilm.eu\/js\/forms2\/js\/forms2.min.js\"><\/script> <form id=\"mktoForm_6122\" action=\"\"><input type=\"hidden\" name=\"trp-form-language\" value=\"es\"\/><\/form> <script>MktoForms2.loadForm(\"\/\/info.fujifilm.eu\", \"060-MIY-956\", 6122);<\/script> \r\n \r\n\r\n  \n\t\t<div id=\"confirmform\" style=\"visibility:hidden;\">\n                            <p><strong>Gracias por su consulta, alguien se pondr\u00e1 en contacto pronto.<\/strong><\/p>\n              \n        <\/div>\n\t<\/div>\n<\/section>","protected":false},"excerpt":{"rendered":"","protected":false},"author":7,"featured_media":0,"parent":0,"menu_order":0,"comment_status":"closed","ping_status":"closed","template":"","meta":{"inline_featured_image":false,"footnotes":""},"class_list":["post-19596","page","type-page","status-publish","hentry"],"acf":[],"yoast_head":"<!-- This site is optimized with the Yoast SEO plugin v22.5 - https:\/\/yoast.com\/wordpress\/plugins\/seo\/ -->\n<title>Sustainability | Fujifilm Apeos Multifunction Printers EMEA<\/title>\n<meta name=\"description\" content=\"Office printing involves adopting innovative technologies that improve environmental impact. Discover why your business needs Apeos MFPs.\" \/>\n<meta name=\"robots\" content=\"noindex, follow, max-snippet:-1, max-image-preview:large, max-video-preview:-1\" \/>\n<meta property=\"og:locale\" content=\"es_ES\" \/>\n<meta property=\"og:type\" content=\"article\" \/>\n<meta property=\"og:title\" content=\"Sustainability | Fujifilm Apeos Multifunction Printers EMEA\" \/>\n<meta property=\"og:description\" content=\"Office printing involves adopting innovative technologies that improve environmental impact. Discover why your business needs Apeos MFPs.\" \/>\n<meta property=\"og:url\" content=\"https:\/\/office-staging.fujifilmprint.eu\/es\/sostenibilidad\/\" \/>\n<meta property=\"og:site_name\" content=\"Fujifilm Office Printers EMEA\" \/>\n<meta property=\"article:modified_time\" content=\"2025-07-14T16:30:45+00:00\" \/>\n<meta name=\"twitter:card\" content=\"summary_large_image\" \/>\n<script type=\"application\/ld+json\" class=\"yoast-schema-graph\">{\"@context\":\"https:\/\/schema.org\",\"@graph\":[{\"@type\":\"WebPage\",\"@id\":\"https:\/\/office-staging.fujifilmprint.eu\/sustainability\/\",\"url\":\"https:\/\/office-staging.fujifilmprint.eu\/sustainability\/\",\"name\":\"Sustainability | Fujifilm Apeos Multifunction Printers EMEA\",\"isPartOf\":{\"@id\":\"https:\/\/office-staging.fujifilmprint.eu\/#website\"},\"datePublished\":\"2024-07-16T15:08:20+00:00\",\"dateModified\":\"2025-07-14T16:30:45+00:00\",\"description\":\"Office printing involves adopting innovative technologies that improve environmental impact. Discover why your business needs Apeos MFPs.\",\"breadcrumb\":{\"@id\":\"https:\/\/office-staging.fujifilmprint.eu\/sustainability\/#breadcrumb\"},\"inLanguage\":\"es\",\"potentialAction\":[{\"@type\":\"ReadAction\",\"target\":[\"https:\/\/office-staging.fujifilmprint.eu\/sustainability\/\"]}]},{\"@type\":\"BreadcrumbList\",\"@id\":\"https:\/\/office-staging.fujifilmprint.eu\/sustainability\/#breadcrumb\",\"itemListElement\":[{\"@type\":\"ListItem\",\"position\":1,\"name\":\"Home\",\"item\":\"https:\/\/office-staging.fujifilmprint.eu\/\"},{\"@type\":\"ListItem\",\"position\":2,\"name\":\"Sustainability\"}]},{\"@type\":\"WebSite\",\"@id\":\"https:\/\/office-staging.fujifilmprint.eu\/#website\",\"url\":\"https:\/\/office-staging.fujifilmprint.eu\/\",\"name\":\"Fujifilm Office Printers EMEA\",\"description\":\"\",\"publisher\":{\"@id\":\"https:\/\/office-staging.fujifilmprint.eu\/#organization\"},\"potentialAction\":[{\"@type\":\"SearchAction\",\"target\":{\"@type\":\"EntryPoint\",\"urlTemplate\":\"https:\/\/office-staging.fujifilmprint.eu\/?s={search_term_string}\"},\"query-input\":\"required name=search_term_string\"}],\"inLanguage\":\"es\"},{\"@type\":\"Organization\",\"@id\":\"https:\/\/office-staging.fujifilmprint.eu\/#organization\",\"name\":\"Fujifilm Office Printers EMEA\",\"url\":\"https:\/\/office-staging.fujifilmprint.eu\/\",\"logo\":{\"@type\":\"ImageObject\",\"inLanguage\":\"es\",\"@id\":\"https:\/\/office-staging.fujifilmprint.eu\/#\/schema\/logo\/image\/\",\"url\":\"https:\/\/office-staging.fujifilmprint.eu\/wp-content\/uploads\/2024\/05\/fujifilm-1.png\",\"contentUrl\":\"https:\/\/office-staging.fujifilmprint.eu\/wp-content\/uploads\/2024\/05\/fujifilm-1.png\",\"width\":416,\"height\":70,\"caption\":\"Fujifilm Office Printers EMEA\"},\"image\":{\"@id\":\"https:\/\/office-staging.fujifilmprint.eu\/#\/schema\/logo\/image\/\"}}]}<\/script>\n<!-- \/ Yoast SEO plugin. -->","yoast_head_json":{"title":"Sostenibilidad | Impresoras multifunci\u00f3n Apeos de Fujifilm (EMEA)","description":"La impresi\u00f3n en oficinas implica la adopci\u00f3n de tecnolog\u00edas innovadoras capaces de reducir el impacto medioambiental. Descubra por qu\u00e9 su negocio necesita las impresoras MFP de la gama Apeos.","robots":{"index":"noindex","follow":"follow","max-snippet":"max-snippet:-1","max-image-preview":"max-image-preview:large","max-video-preview":"max-video-preview:-1"},"og_locale":"es_ES","og_type":"article","og_title":"Sustainability | Fujifilm Apeos Multifunction Printers EMEA","og_description":"Office printing involves adopting innovative technologies that improve environmental impact. Discover why your business needs Apeos MFPs.","og_url":"https:\/\/office-staging.fujifilmprint.eu\/es\/sostenibilidad\/","og_site_name":"Fujifilm Office Printers EMEA","article_modified_time":"2025-07-14T16:30:45+00:00","twitter_card":"summary_large_image","schema":{"@context":"https:\/\/schema.org","@graph":[{"@type":"WebPage","@id":"https:\/\/office-staging.fujifilmprint.eu\/sustainability\/","url":"https:\/\/office-staging.fujifilmprint.eu\/sustainability\/","name":"Sostenibilidad | Impresoras multifunci\u00f3n Apeos de Fujifilm (EMEA)","isPartOf":{"@id":"https:\/\/office-staging.fujifilmprint.eu\/#website"},"datePublished":"2024-07-16T15:08:20+00:00","dateModified":"2025-07-14T16:30:45+00:00","description":"La impresi\u00f3n en oficinas implica la adopci\u00f3n de tecnolog\u00edas innovadoras capaces de reducir el impacto medioambiental. Descubra por qu\u00e9 su negocio necesita las impresoras MFP de la gama Apeos.","breadcrumb":{"@id":"https:\/\/office-staging.fujifilmprint.eu\/sustainability\/#breadcrumb"},"inLanguage":"es","potentialAction":[{"@type":"ReadAction","target":["https:\/\/office-staging.fujifilmprint.eu\/sustainability\/"]}]},{"@type":"BreadcrumbList","@id":"https:\/\/office-staging.fujifilmprint.eu\/sustainability\/#breadcrumb","itemListElement":[{"@type":"ListItem","position":1,"name":"Home","item":"https:\/\/office-staging.fujifilmprint.eu\/"},{"@type":"ListItem","position":2,"name":"Sustainability"}]},{"@type":"WebSite","@id":"https:\/\/office-staging.fujifilmprint.eu\/#website","url":"https:\/\/office-staging.fujifilmprint.eu\/","name":"Fujifilm Impresoras de oficina EMEA","description":"","publisher":{"@id":"https:\/\/office-staging.fujifilmprint.eu\/#organization"},"potentialAction":[{"@type":"SearchAction","target":{"@type":"EntryPoint","urlTemplate":"https:\/\/office-staging.fujifilmprint.eu\/?s={search_term_string}"},"query-input":"required name=search_term_string"}],"inLanguage":"es"},{"@type":"Organization","@id":"https:\/\/office-staging.fujifilmprint.eu\/#organization","name":"Fujifilm Impresoras de oficina EMEA","url":"https:\/\/office-staging.fujifilmprint.eu\/","logo":{"@type":"ImageObject","inLanguage":"es","@id":"https:\/\/office-staging.fujifilmprint.eu\/#\/schema\/logo\/image\/","url":"https:\/\/office-staging.fujifilmprint.eu\/wp-content\/uploads\/2024\/05\/fujifilm-1.png","contentUrl":"https:\/\/office-staging.fujifilmprint.eu\/wp-content\/uploads\/2024\/05\/fujifilm-1.png","width":416,"height":70,"caption":"Fujifilm Office Printers EMEA"},"image":{"@id":"https:\/\/office-staging.fujifilmprint.eu\/#\/schema\/logo\/image\/"}}]}},"_links":{"self":[{"href":"https:\/\/office-staging.fujifilmprint.eu\/es\/wp-json\/wp\/v2\/pages\/19596","targetHints":{"allow":["GET"]}}],"collection":[{"href":"https:\/\/office-staging.fujifilmprint.eu\/es\/wp-json\/wp\/v2\/pages"}],"about":[{"href":"https:\/\/office-staging.fujifilmprint.eu\/es\/wp-json\/wp\/v2\/types\/page"}],"author":[{"embeddable":true,"href":"https:\/\/office-staging.fujifilmprint.eu\/es\/wp-json\/wp\/v2\/users\/7"}],"replies":[{"embeddable":true,"href":"https:\/\/office-staging.fujifilmprint.eu\/es\/wp-json\/wp\/v2\/comments?post=19596"}],"version-history":[{"count":200,"href":"https:\/\/office-staging.fujifilmprint.eu\/es\/wp-json\/wp\/v2\/pages\/19596\/revisions"}],"predecessor-version":[{"id":21392,"href":"https:\/\/office-staging.fujifilmprint.eu\/es\/wp-json\/wp\/v2\/pages\/19596\/revisions\/21392"}],"wp:attachment":[{"href":"https:\/\/office-staging.fujifilmprint.eu\/es\/wp-json\/wp\/v2\/media?parent=19596"}],"curies":[{"name":"wp","href":"https:\/\/api.w.org\/{rel}","templated":true}]}}