{"id":19725,"date":"2024-07-29T15:51:29","date_gmt":"2024-07-29T14:51:29","guid":{"rendered":"https:\/\/office-staging.fujifilmprint.eu\/?page_id=19725"},"modified":"2025-07-14T17:30:30","modified_gmt":"2025-07-14T16:30:30","slug":"calidad","status":"publish","type":"page","link":"https:\/\/office-staging.fujifilmprint.eu\/es\/calidad\/","title":{"rendered":"Calidad"},"content":{"rendered":"<section id=\"green-header\">\n\t<div class=\"container-fluid green-pt\" style=\"background-image: url('https:\/\/office-staging.fujifilmprint.eu\/wp-content\/uploads\/2024\/09\/quality-header-2000x357-1.jpg');background-size: cover;padding: 0;\">\n\t<div class=\"overlay\" style=\"padding: 75px 0;\">\t\t<div class=\"container\">\n\t\t\t<h2 style=\"color: #00e5c2;\">\n\t\t\t\tApasionados por la calidad\t\t\t<\/h2>\n\t\t\t<h3 style=\"color: #fff;margin-top: 25px;letter-spacing: -1px;font-size: 29px;font-weight: 500;\">\n\t\t\t\tAlto rendimiento con una calidad de impresi\u00f3n superior\t\t\t<\/h3>\n\t\t<\/div>\n\t<\/div>\t<\/div>\n<\/section>\n\n<div style=\"height:50px;\">\n<\/div>\n\n<section id=\"txt-header\">\n\t<div class=\"container block-text-header\">\n\t\t<h3>\u00bfPor qu\u00e9 Apeos?<\/h3>\n\t\t<h2>Logre una calidad de impresi\u00f3n superior gracias a una resoluci\u00f3n PPP l\u00edder en el sector que permite a su empresa diferenciarse de la competencia<\/h2>\n\t\t<p><p><span class=\"ui-provider a b c d e f g h i j k l m n o p q r s t u v w x y z ab ac ae af ag ah ai aj ak\" dir=\"ltr\">Las impresiones de alta calidad mejoran el aspecto profesional de los documentos, causando una impresi\u00f3n positiva en clientes, socios y partes interesadas. Las empresas que producen sistem\u00e1ticamente materiales impresos de alta calidad pueden obtener una ventaja competitiva, al ser percibidas como m\u00e1s profesionales, fiables y detallistas.<\/span><\/p>\n<p>Las impresiones de alta calidad son m\u00e1s duraderas y menos propensas a perder color o mancharse, lo que garantiza que los documentos importantes permanezcan legibles e intactos con el paso del tiempo. Las impresoras Apeos de Fujifilm son capaces de manejar una amplia gama de tipos y tama\u00f1os de soportes, ofreciendo versatilidad para diversas necesidades empresariales, desde documentos est\u00e1ndar hasta carteles A3. Proporcionar a sus empleados capacidades de impresi\u00f3n de alta calidad puede aumentar su moral y su productividad, ya que les permitir\u00e1 ejecutar su trabajo de forma \u00f3ptima y con total confianza.<\/p>\n<p>Aunque inicialmente la impresi\u00f3n de alta calidad pueda parecer m\u00e1s cara, en realidad supone un ahorro de costes ya que reduce la necesidad de reimpresiones y garantiza que los materiales se ajusten a los requisitos.<\/p>\n<p>Adem\u00e1s, la gama Apeos ofrece opciones ecol\u00f3gicas, como la impresi\u00f3n a doble cara y los modos de bajo consumo, que contribuyen a la sostenibilidad sin sacrificar la calidad de impresi\u00f3n.<\/p>\n<\/p>\n\t<\/div>\n<\/section>\n\n<section id=\"txt-header\">\n\t<div class=\"container block-text-header\">\n\t\t<h3>Caracter\u00edsticas principales<\/h3>\n\t\t<h2><\/h2>\n\t\t<p><p><strong>EXPERIENCIA DE FUJIFILM:<\/strong> Respaldada por 60 a\u00f1os de experiencia en Fujifilm, y tras un gran \u00e9xito en Asia Pac\u00edfico, Apeos ahora est\u00e1 disponible en Espa\u00f1a para llevar el rendimiento de su negocio al siguiente nivel.<\/p>\n<p><strong>EXPERIENCIA L\u00cdDER MUNDIAL EN TECNOLOG\u00cdA BASADA EN T\u00d3NER: <\/strong>Fujifilm tiene una larga historia en la introducci\u00f3n de innovadoras fotocopiadoras de oficina basadas en t\u00f3ner, impresoras monocrom\u00e1ticas y sistemas de impresi\u00f3n comercial a todo color, junto con importantes soluciones de servicios comerciales y de documentos, desarrolladas por FUJIFILM Business Innovation Corporation.<\/p>\n<p><img loading=\"lazy\" decoding=\"async\" class=\"aligncenter wp-image-20370\" src=\"https:\/\/office-staging.fujifilmprint.eu\/wp-content\/uploads\/2024\/10\/FUJ13556-Infographics-v3-ES-07-v2.svg\" alt=\"\" width=\"600\" height=\"150\" \/><\/p>\n<p><strong>CALIDAD SUPERIOR A ALTAS VELOCIDADES:<\/strong> Con un cabezal de impresi\u00f3n LED de alta resoluci\u00f3n, la gama puede ofrecer una calidad incre\u00edble y un rendimiento excepcional, gracias a sus avanzadas funciones de impresi\u00f3n.<\/p>\n<p><strong>RESOLUCI\u00d3N DE IMPRESI\u00d3N L\u00cdDER DEL MERCADO:<\/strong> La impresi\u00f3n de alta resoluci\u00f3n de 1.200 x 2.400 ppp conseguida con un cabezal de impresi\u00f3n LED da como resultado una reproducci\u00f3n suave de l\u00edneas y texto.<\/p>\n<p><img decoding=\"async\" class=\"alignnone size-full wp-image-20324\" src=\"https:\/\/office-staging.fujifilmprint.eu\/wp-content\/uploads\/2024\/10\/FUJ13556-Infographics-v3-ES-11.svg\" alt=\"\" \/><\/p>\n<\/p>\n\t<\/div>\n<\/section>\n\n<div style=\"height:100px;\">\n<\/div>\n\n\r\n<style>\r\n.icon-block-link{\r\n\ttext-decoration: none;\r\n\tcolor: black;\r\n}\r\n.icon-block-link:hover .poi-icons-printers .icon-block-icon{\r\n\ttransform: scale(1.2);\r\n    filter: invert(69%) sepia(96%) saturate(1997%) hue-rotate(120deg) brightness(99%) contrast(101%) !important;\r\n\ttransition: 0.4s;\r\n}\r\n<\/style>\r\n<section id=\"tc-icons\" class=\"printer-icons\">\r\n\t<div class=\"container block-three-column-icons\">\r\n\t\t<h2>Descubra la gama Apeos de impresoras MFP:<\/h2>\r\n\t\t<div class=\"row\" style=\"margin-top: 70px;\">\r\n\t\t\t\t\t\t\t\t\t\t\t\t<div class=\"col-sm\">\r\n                    <a href=\"https:\/\/office-staging.fujifilmprint.eu\/es\/product\/apeos-c4030-series\/\" class=\"icon-block-link\">\r\n                        <div class=\"icons-flex\">\r\n                                <div class=\"poi-icons-printers\" style=\"background-color: transparent;\">\r\n                                    <img decoding=\"async\" class=\"icon-block-icon\" src=\"\/wp-content\/uploads\/2024\/08\/C4030.svg\" style=\"filter: brightness(0);\" \/>\r\n                                <\/div>\r\n                            <div class=\"icon-content\">\r\n                            <p>\r\n                                <strong>Serie Apeos C4030<\/strong>\r\n                            <\/p>\r\n                                <p style=\"padding: 0 15px;\">Impresi\u00f3n A4 sin sacrificar la calidad<\/p>\r\n                                <\/div>\r\n                        <\/div>\r\n                        <\/a>\r\n\t\t\t\t\t<\/div>\r\n\t\t\t\t\t\t\t\t\t<div class=\"col-sm\">\r\n                    <a href=\"https:\/\/office-staging.fujifilmprint.eu\/es\/product\/apeos-c3060-series\/\" class=\"icon-block-link\">\r\n                        <div class=\"icons-flex\">\r\n                                <div class=\"poi-icons-printers\" style=\"background-color: transparent;\">\r\n                                    <img decoding=\"async\" class=\"icon-block-icon\" src=\"\/wp-content\/uploads\/2024\/08\/C3060.svg\" style=\"filter: brightness(0);\" \/>\r\n                                <\/div>\r\n                            <div class=\"icon-content\">\r\n                            <p>\r\n                                <strong>Serie Apeos C3060<\/strong>\r\n                            <\/p>\r\n                                <p style=\"padding: 0 15px;\">Impresi\u00f3n A3 configurable con la m\u00e1xima flexibilidad<\/p>\r\n                                <\/div>\r\n                        <\/div>\r\n                        <\/a>\r\n\t\t\t\t\t<\/div>\r\n\t\t\t\t\t\t\t\t\t<div class=\"col-sm\">\r\n                    <a href=\"https:\/\/office-staging.fujifilmprint.eu\/es\/product\/apeos-c7070-series\/\" class=\"icon-block-link\">\r\n                        <div class=\"icons-flex\">\r\n                                <div class=\"poi-icons-printers\" style=\"background-color: transparent;\">\r\n                                    <img decoding=\"async\" class=\"icon-block-icon\" src=\"\/wp-content\/uploads\/2024\/08\/C7070.svg\" style=\"filter: brightness(0);\" \/>\r\n                                <\/div>\r\n                            <div class=\"icon-content\">\r\n                            <p>\r\n                                <strong>Serie Apeos C7070<\/strong>\r\n                            <\/p>\r\n                                <p style=\"padding: 0 15px;\">Impresi\u00f3n A3 robusta e intuitiva de altas prestaciones <br>Impresi\u00f3n A3<\/p>\r\n                                <\/div>\r\n                        <\/div>\r\n                        <\/a>\r\n\t\t\t\t\t<\/div>\r\n\t\t\t\t\t\t\t\t\t<\/div>\r\n\t<\/div>\r\n<\/section>\n\n<div style=\"height:50px;\">\n<\/div>\n\n<div id=\"contact\"><\/div>\n\n<div style=\"height:50px;\">\n<\/div>\n\n<section id=\"dark-form\">\n\t<div id=\"footer-form\" class=\"container\">\n\t\t<h2 class=\"translation-block\">\u00bfLe interesa la impresi\u00f3n de alta calidad de Apeos?<\/h2>\n\n\t\t  \r\n   \r\n  \r\n  \r\n<script src=\"\/\/info.fujifilm.eu\/js\/forms2\/js\/forms2.min.js\"><\/script> <form id=\"mktoForm_6122\" action=\"\"><input type=\"hidden\" name=\"trp-form-language\" value=\"es\"\/><\/form> <script>MktoForms2.loadForm(\"\/\/info.fujifilm.eu\", \"060-MIY-956\", 6122);<\/script> \r\n \r\n\r\n  \n\t\t<div id=\"confirmform\" style=\"visibility:hidden;\">\n                            <p><strong>Gracias por su consulta, alguien se pondr\u00e1 en contacto pronto.<\/strong><\/p>\n              \n        <\/div>\n\t<\/div>\n<\/section>","protected":false},"excerpt":{"rendered":"","protected":false},"author":7,"featured_media":0,"parent":0,"menu_order":0,"comment_status":"closed","ping_status":"closed","template":"","meta":{"inline_featured_image":false,"footnotes":""},"class_list":["post-19725","page","type-page","status-publish","hentry"],"acf":[],"yoast_head":"<!-- This site is optimized with the Yoast SEO plugin v22.5 - https:\/\/yoast.com\/wordpress\/plugins\/seo\/ -->\n<title>Quality | Fujifilm Apeos Multifunction Printers EMEA<\/title>\n<meta name=\"description\" content=\"Businesses that produce high-quality printed materials can gain a competitive edge. Discover why your business needs Apeos MFPs.\" \/>\n<meta name=\"robots\" content=\"noindex, follow, max-snippet:-1, max-image-preview:large, max-video-preview:-1\" \/>\n<meta property=\"og:locale\" content=\"es_ES\" \/>\n<meta property=\"og:type\" content=\"article\" \/>\n<meta property=\"og:title\" content=\"Quality | Fujifilm Apeos Multifunction Printers EMEA\" \/>\n<meta property=\"og:description\" content=\"Businesses that produce high-quality printed materials can gain a competitive edge. Discover why your business needs Apeos MFPs.\" \/>\n<meta property=\"og:url\" content=\"https:\/\/office-staging.fujifilmprint.eu\/es\/calidad\/\" \/>\n<meta property=\"og:site_name\" content=\"Fujifilm Office Printers EMEA\" \/>\n<meta property=\"article:modified_time\" content=\"2025-07-14T16:30:30+00:00\" \/>\n<meta name=\"twitter:card\" content=\"summary_large_image\" \/>\n<script type=\"application\/ld+json\" class=\"yoast-schema-graph\">{\"@context\":\"https:\/\/schema.org\",\"@graph\":[{\"@type\":\"WebPage\",\"@id\":\"https:\/\/office-staging.fujifilmprint.eu\/quality\/\",\"url\":\"https:\/\/office-staging.fujifilmprint.eu\/quality\/\",\"name\":\"Quality | Fujifilm Apeos Multifunction Printers EMEA\",\"isPartOf\":{\"@id\":\"https:\/\/office-staging.fujifilmprint.eu\/#website\"},\"datePublished\":\"2024-07-29T14:51:29+00:00\",\"dateModified\":\"2025-07-14T16:30:30+00:00\",\"description\":\"Businesses that produce high-quality printed materials can gain a competitive edge. Discover why your business needs Apeos MFPs.\",\"breadcrumb\":{\"@id\":\"https:\/\/office-staging.fujifilmprint.eu\/quality\/#breadcrumb\"},\"inLanguage\":\"es\",\"potentialAction\":[{\"@type\":\"ReadAction\",\"target\":[\"https:\/\/office-staging.fujifilmprint.eu\/quality\/\"]}]},{\"@type\":\"BreadcrumbList\",\"@id\":\"https:\/\/office-staging.fujifilmprint.eu\/quality\/#breadcrumb\",\"itemListElement\":[{\"@type\":\"ListItem\",\"position\":1,\"name\":\"Home\",\"item\":\"https:\/\/office-staging.fujifilmprint.eu\/\"},{\"@type\":\"ListItem\",\"position\":2,\"name\":\"Quality\"}]},{\"@type\":\"WebSite\",\"@id\":\"https:\/\/office-staging.fujifilmprint.eu\/#website\",\"url\":\"https:\/\/office-staging.fujifilmprint.eu\/\",\"name\":\"Fujifilm Office Printers EMEA\",\"description\":\"\",\"publisher\":{\"@id\":\"https:\/\/office-staging.fujifilmprint.eu\/#organization\"},\"potentialAction\":[{\"@type\":\"SearchAction\",\"target\":{\"@type\":\"EntryPoint\",\"urlTemplate\":\"https:\/\/office-staging.fujifilmprint.eu\/?s={search_term_string}\"},\"query-input\":\"required name=search_term_string\"}],\"inLanguage\":\"es\"},{\"@type\":\"Organization\",\"@id\":\"https:\/\/office-staging.fujifilmprint.eu\/#organization\",\"name\":\"Fujifilm Office Printers EMEA\",\"url\":\"https:\/\/office-staging.fujifilmprint.eu\/\",\"logo\":{\"@type\":\"ImageObject\",\"inLanguage\":\"es\",\"@id\":\"https:\/\/office-staging.fujifilmprint.eu\/#\/schema\/logo\/image\/\",\"url\":\"https:\/\/office-staging.fujifilmprint.eu\/wp-content\/uploads\/2024\/05\/fujifilm-1.png\",\"contentUrl\":\"https:\/\/office-staging.fujifilmprint.eu\/wp-content\/uploads\/2024\/05\/fujifilm-1.png\",\"width\":416,\"height\":70,\"caption\":\"Fujifilm Office Printers EMEA\"},\"image\":{\"@id\":\"https:\/\/office-staging.fujifilmprint.eu\/#\/schema\/logo\/image\/\"}}]}<\/script>\n<!-- \/ Yoast SEO plugin. -->","yoast_head_json":{"title":"Calidad | Impresoras multifunci\u00f3n Apeos de Fujifilm (EMEA)","description":"Las empresas que producen materiales impresos de alta calidad pueden obtener una ventaja competitiva. Descubra por qu\u00e9 su negocio necesita las impresoras MFP de la gama Apeos.","robots":{"index":"noindex","follow":"follow","max-snippet":"max-snippet:-1","max-image-preview":"max-image-preview:large","max-video-preview":"max-video-preview:-1"},"og_locale":"es_ES","og_type":"article","og_title":"Quality | Fujifilm Apeos Multifunction Printers EMEA","og_description":"Businesses that produce high-quality printed materials can gain a competitive edge. Discover why your business needs Apeos MFPs.","og_url":"https:\/\/office-staging.fujifilmprint.eu\/es\/calidad\/","og_site_name":"Fujifilm Office Printers EMEA","article_modified_time":"2025-07-14T16:30:30+00:00","twitter_card":"summary_large_image","schema":{"@context":"https:\/\/schema.org","@graph":[{"@type":"WebPage","@id":"https:\/\/office-staging.fujifilmprint.eu\/quality\/","url":"https:\/\/office-staging.fujifilmprint.eu\/quality\/","name":"Calidad | Impresoras multifunci\u00f3n Apeos de Fujifilm (EMEA)","isPartOf":{"@id":"https:\/\/office-staging.fujifilmprint.eu\/#website"},"datePublished":"2024-07-29T14:51:29+00:00","dateModified":"2025-07-14T16:30:30+00:00","description":"Las empresas que producen materiales impresos de alta calidad pueden obtener una ventaja competitiva. Descubra por qu\u00e9 su negocio necesita las impresoras MFP de la gama Apeos.","breadcrumb":{"@id":"https:\/\/office-staging.fujifilmprint.eu\/quality\/#breadcrumb"},"inLanguage":"es","potentialAction":[{"@type":"ReadAction","target":["https:\/\/office-staging.fujifilmprint.eu\/quality\/"]}]},{"@type":"BreadcrumbList","@id":"https:\/\/office-staging.fujifilmprint.eu\/quality\/#breadcrumb","itemListElement":[{"@type":"ListItem","position":1,"name":"Home","item":"https:\/\/office-staging.fujifilmprint.eu\/"},{"@type":"ListItem","position":2,"name":"Quality"}]},{"@type":"WebSite","@id":"https:\/\/office-staging.fujifilmprint.eu\/#website","url":"https:\/\/office-staging.fujifilmprint.eu\/","name":"Fujifilm Impresoras de oficina EMEA","description":"","publisher":{"@id":"https:\/\/office-staging.fujifilmprint.eu\/#organization"},"potentialAction":[{"@type":"SearchAction","target":{"@type":"EntryPoint","urlTemplate":"https:\/\/office-staging.fujifilmprint.eu\/?s={search_term_string}"},"query-input":"required name=search_term_string"}],"inLanguage":"es"},{"@type":"Organization","@id":"https:\/\/office-staging.fujifilmprint.eu\/#organization","name":"Fujifilm Impresoras de oficina EMEA","url":"https:\/\/office-staging.fujifilmprint.eu\/","logo":{"@type":"ImageObject","inLanguage":"es","@id":"https:\/\/office-staging.fujifilmprint.eu\/#\/schema\/logo\/image\/","url":"https:\/\/office-staging.fujifilmprint.eu\/wp-content\/uploads\/2024\/05\/fujifilm-1.png","contentUrl":"https:\/\/office-staging.fujifilmprint.eu\/wp-content\/uploads\/2024\/05\/fujifilm-1.png","width":416,"height":70,"caption":"Fujifilm Office Printers EMEA"},"image":{"@id":"https:\/\/office-staging.fujifilmprint.eu\/#\/schema\/logo\/image\/"}}]}},"_links":{"self":[{"href":"https:\/\/office-staging.fujifilmprint.eu\/es\/wp-json\/wp\/v2\/pages\/19725","targetHints":{"allow":["GET"]}}],"collection":[{"href":"https:\/\/office-staging.fujifilmprint.eu\/es\/wp-json\/wp\/v2\/pages"}],"about":[{"href":"https:\/\/office-staging.fujifilmprint.eu\/es\/wp-json\/wp\/v2\/types\/page"}],"author":[{"embeddable":true,"href":"https:\/\/office-staging.fujifilmprint.eu\/es\/wp-json\/wp\/v2\/users\/7"}],"replies":[{"embeddable":true,"href":"https:\/\/office-staging.fujifilmprint.eu\/es\/wp-json\/wp\/v2\/comments?post=19725"}],"version-history":[{"count":88,"href":"https:\/\/office-staging.fujifilmprint.eu\/es\/wp-json\/wp\/v2\/pages\/19725\/revisions"}],"predecessor-version":[{"id":21386,"href":"https:\/\/office-staging.fujifilmprint.eu\/es\/wp-json\/wp\/v2\/pages\/19725\/revisions\/21386"}],"wp:attachment":[{"href":"https:\/\/office-staging.fujifilmprint.eu\/es\/wp-json\/wp\/v2\/media?parent=19725"}],"curies":[{"name":"wp","href":"https:\/\/api.w.org\/{rel}","templated":true}]}}