{"id":19742,"date":"2024-07-30T14:27:33","date_gmt":"2024-07-30T13:27:33","guid":{"rendered":"https:\/\/office-staging.fujifilmprint.eu\/?page_id=19742"},"modified":"2025-07-14T17:30:18","modified_gmt":"2025-07-14T16:30:18","slug":"eficiencia","status":"publish","type":"page","link":"https:\/\/office-staging.fujifilmprint.eu\/es\/eficiencia\/","title":{"rendered":"Eficiencia"},"content":{"rendered":"<section id=\"green-header\">\n\t<div class=\"container-fluid green-pt\" style=\"background-image: url('https:\/\/office-staging.fujifilmprint.eu\/wp-content\/uploads\/2024\/09\/efficiency-header-2000x324-1.jpg');background-size: cover;padding: 0;\">\n\t<div class=\"overlay\" style=\"padding: 75px 0;\">\t\t<div class=\"container\">\n\t\t\t<h2 style=\"color: #00e5c2;\">\n\t\t\t\tBuscando la eficiencia\t\t\t<\/h2>\n\t\t\t<h3 style=\"color: #fff;margin-top: 25px;letter-spacing: -1px;font-size: 29px;font-weight: 500;\">\n\t\t\t\tFuncionamiento fiable que impulsa la productividad\t\t\t<\/h3>\n\t\t<\/div>\n\t<\/div>\t<\/div>\n<\/section>\n\n<div style=\"height:50px;\">\n<\/div>\n\n<section id=\"txt-header\">\n\t<div class=\"container block-text-header\">\n\t\t<h3>\u00bfPor qu\u00e9 Apeos?<\/h3>\n\t\t<h2>Con un dise\u00f1o fiable y duradero, las impresoras de oficina Apeos mejoran de forma significativa las operaciones empresariales.<\/h2>\n\t\t<p><p>Estas impresoras de oficina orientadas a la productividad ofrecen m\u00faltiples ventajas que mejoran significativamente las operaciones empresariales. En primer lugar, la gama de oficina Apeos ahorra tiempo gracias a sus funciones de impresi\u00f3n de alta velocidad, lo que reduce los tiempos de espera de los documentos y permite a los empleados centrarse m\u00e1s en las tareas principales, aumentando de este modo la eficiencia general.<\/p>\n<p>La gama Apeos permite aumentar la producci\u00f3n gestionando eficazmente grandes vol\u00famenes de impresi\u00f3n y satisfacer, sin retrasos, las demandas de los entornos de oficina m\u00e1s exigentes. Las impresoras Apeos de Fujifilm han sido dise\u00f1adas con criterios de fiabilidad y durabilidad, minimizando las aver\u00edas y las necesidades de mantenimiento lo que, a su vez, reduce las interrupciones en el trabajo. Las soluciones de software integradas en Fujifilm facilitan las tareas de gesti\u00f3n de documentos (por ejemplo, escanear, archivar y compartir digitalmente), mejorando el flujo de trabajo y la accesibilidad general de los documentos.<\/p>\n<p>Las impresoras de oficina Fujifilm destacan por su versatilidad, puesto que son capaces de manejar varios tipos y tama\u00f1os de soportes. As\u00ed, su empresa podr\u00e1 producir internamente una amplia gama de documentos, desde informes est\u00e1ndar hasta sofisticados materiales de marketing. Son escalables y se adaptan al aumento de las necesidades de impresi\u00f3n a medida que crece su empresa sin comprometer el rendimiento.<\/p>\n<p>Las impresoras Apeos destacan por su calidad de impresi\u00f3n profesional y garantizan que todos los documentos, ya sean para uso interno o para comunicaci\u00f3n externa, tengan un aspecto elegante y contribuyan a una imagen positiva de la empresa. Esta apariencia profesional refuerza la credibilidad y la profesionalidad en las interacciones con los clientes y las comunicaciones empresariales.<\/p>\n<\/p>\n\t<\/div>\n<\/section>\n\n<section id=\"txt-header\">\n\t<div class=\"container block-text-header\">\n\t\t<h3>Caracter\u00edsticas principales<\/h3>\n\t\t<h2><\/h2>\n\t\t<p><p><strong>IMPRESI\u00d3N CON DISPOSITIVO MULTIFUNCI\u00d3N:<\/strong> Permite la flexibilidad de imprimir y recoger impresiones desde cualquier dispositivo multifunci\u00f3n conectado. Esto mejora la productividad al imprimir desde otro dispositivo multifunci\u00f3n disponible mientras el dispositivo actual est\u00e1 en uso.<\/p>\n<p><img decoding=\"async\" class=\"alignnone wp-image-20355 size-full\" src=\"https:\/\/office-staging.fujifilmprint.eu\/wp-content\/uploads\/2024\/08\/Multifunction-device-printing.svg\" alt=\"\" \/><\/p>\n<p><strong>ALTAMENTE RECOMENDADO POR BUYERS LAB:<\/strong> Los Fujifilm Apeos C4030, C5570 y C7070 han completado con \u00e9xito las pruebas de Keypoint Intelligence y han recibido la calificaci\u00f3n de Altamente Recomendado y el sello de aprobaci\u00f3n de Buyers Lab.<\/p>\n<p><strong>COMPARTA INFORMACI\u00d3N EN CUALQUIER MOMENTO Y EN CUALQUIER LUGAR:\u00a0<\/strong>Con el software de gesti\u00f3n de documentos y el acceso a Internet, los documentos est\u00e1n disponibles independientemente de la hora y la ubicaci\u00f3n.<\/p>\n<p><img loading=\"lazy\" decoding=\"async\" class=\"wp-image-20796 size-large aligncenter\" src=\"https:\/\/office-staging.fujifilmprint.eu\/wp-content\/uploads\/2024\/10\/FUJ13556-Infographics-v3-ES-13-v3.svg\" alt=\"\" width=\"640\" height=\"640\" \/><\/p>\n<p><strong>ESCANEO R\u00c1PIDO DE GRANDES VOL\u00daMENES:<\/strong> Escaneado instant\u00e1neo sin entrada manual con escaneado d\u00faplex en color de una sola pasada de hasta 270 ppm. El sistema DADF de una pasada no da\u00f1a el documento original y el sistema convierte autom\u00e1ticamente los originales de tama\u00f1o personalizado a tama\u00f1o est\u00e1ndar.<\/p>\n<p><strong>RAPIDEZ EN EL ARRANQUE Y LA PRODUCCI\u00d3N:<\/strong> El tiempo de recuperaci\u00f3n desde el modo de suspensi\u00f3n es de 5 segundos y la primera impresi\u00f3n es de 6,7 segundos (Apeos C3570), lo que se traduce en una mayor eficiencia.<\/p>\n<p><img loading=\"lazy\" decoding=\"async\" class=\"aligncenter wp-image-20799\" src=\"https:\/\/office-staging.fujifilmprint.eu\/wp-content\/uploads\/2024\/10\/FUJ13556-Infographics-v3-ES-14-v3.svg\" alt=\"\" width=\"1030\" height=\"318\" \/><\/p>\n<p><strong>ESCANEO A IMPRESI\u00d3N DIRECTA:<\/strong> Imprima directamente desde una unidad flash USB. Tambi\u00e9n tiene la opci\u00f3n de escanear datos y guardarlos directamente en una unidad flash USB sin utilizar un PC.\u00a0<\/p>\n<p><img decoding=\"async\" class=\"alignnone wp-image-20844 size-full\" src=\"https:\/\/office-staging.fujifilmprint.eu\/wp-content\/uploads\/2024\/10\/FUJ13556-Infographics-v3-ES-15.svg\" alt=\"\" \/><\/p>\n<p><strong>PANEL OPERATIVO PORT\u00c1TIL:<\/strong>Conectividad perfecta con dispositivos m\u00f3viles para trabajos de copia, fax, impresi\u00f3n y escaneo. El dispositivo m\u00f3vil puede utilizarse como interfaz de usuario alternativa para controlar las operaciones y reducir al m\u00ednimo los puntos de intervenci\u00f3n habituales.<\/p>\n<p><img loading=\"lazy\" decoding=\"async\" class=\"aligncenter wp-image-20393 size-large\" src=\"https:\/\/office-staging.fujifilmprint.eu\/wp-content\/uploads\/2024\/10\/FUJ13556-Infographics-v3-ES-16.svg\" alt=\"\" width=\"640\" height=\"640\" \/><\/p>\n<\/p>\n\t<\/div>\n<\/section>\n\n<div style=\"height:50px;\">\n<\/div>\n\n\r\n<style>\r\n.icon-block-link{\r\n\ttext-decoration: none;\r\n\tcolor: black;\r\n}\r\n.icon-block-link:hover .poi-icons-printers .icon-block-icon{\r\n\ttransform: scale(1.2);\r\n    filter: invert(69%) sepia(96%) saturate(1997%) hue-rotate(120deg) brightness(99%) contrast(101%) !important;\r\n\ttransition: 0.4s;\r\n}\r\n<\/style>\r\n<section id=\"tc-icons\" class=\"printer-icons\">\r\n\t<div class=\"container block-three-column-icons\">\r\n\t\t<h2>Descubra la gama Apeos de impresoras MFP:<\/h2>\r\n\t\t<div class=\"row\" style=\"margin-top: 70px;\">\r\n\t\t\t\t\t\t\t\t\t\t\t\t<div class=\"col-sm\">\r\n                    <a href=\"https:\/\/office-staging.fujifilmprint.eu\/es\/product\/apeos-c4030-series\/\" class=\"icon-block-link\">\r\n                        <div class=\"icons-flex\">\r\n                                <div class=\"poi-icons-printers\" style=\"background-color: transparent;\">\r\n                                    <img decoding=\"async\" class=\"icon-block-icon\" src=\"\/wp-content\/uploads\/2024\/08\/C4030.svg\" style=\"filter: brightness(0);\" \/>\r\n                                <\/div>\r\n                            <div class=\"icon-content\">\r\n                            <p>\r\n                                <strong>Serie Apeos C4030<\/strong>\r\n                            <\/p>\r\n                                <p style=\"padding: 0 15px;\">Impresi\u00f3n A4 sin sacrificar la calidad<\/p>\r\n                                <\/div>\r\n                        <\/div>\r\n                        <\/a>\r\n\t\t\t\t\t<\/div>\r\n\t\t\t\t\t\t\t\t\t<div class=\"col-sm\">\r\n                    <a href=\"https:\/\/office-staging.fujifilmprint.eu\/es\/product\/apeos-c3060-series\/\" class=\"icon-block-link\">\r\n                        <div class=\"icons-flex\">\r\n                                <div class=\"poi-icons-printers\" style=\"background-color: transparent;\">\r\n                                    <img decoding=\"async\" class=\"icon-block-icon\" src=\"\/wp-content\/uploads\/2024\/08\/C3060.svg\" style=\"filter: brightness(0);\" \/>\r\n                                <\/div>\r\n                            <div class=\"icon-content\">\r\n                            <p>\r\n                                <strong>Serie Apeos C3060<\/strong>\r\n                            <\/p>\r\n                                <p style=\"padding: 0 15px;\">Impresi\u00f3n A3 configurable con la m\u00e1xima flexibilidad<\/p>\r\n                                <\/div>\r\n                        <\/div>\r\n                        <\/a>\r\n\t\t\t\t\t<\/div>\r\n\t\t\t\t\t\t\t\t\t<div class=\"col-sm\">\r\n                    <a href=\"https:\/\/office-staging.fujifilmprint.eu\/es\/product\/apeos-c7070-series\/\" class=\"icon-block-link\">\r\n                        <div class=\"icons-flex\">\r\n                                <div class=\"poi-icons-printers\" style=\"background-color: transparent;\">\r\n                                    <img decoding=\"async\" class=\"icon-block-icon\" src=\"\/wp-content\/uploads\/2024\/08\/C7070.svg\" style=\"filter: brightness(0);\" \/>\r\n                                <\/div>\r\n                            <div class=\"icon-content\">\r\n                            <p>\r\n                                <strong>Serie Apeos C7070<\/strong>\r\n                            <\/p>\r\n                                <p style=\"padding: 0 15px;\">Impresi\u00f3n A3 robusta e intuitiva de altas prestaciones <br>Impresi\u00f3n A3<\/p>\r\n                                <\/div>\r\n                        <\/div>\r\n                        <\/a>\r\n\t\t\t\t\t<\/div>\r\n\t\t\t\t\t\t\t\t\t<\/div>\r\n\t<\/div>\r\n<\/section>\n\n<div id=\"contact\"><\/div>\n\n<div style=\"height:100px;\">\n<\/div>\n\n<section id=\"dark-form\">\n\t<div id=\"footer-form\" class=\"container\">\n\t\t<h2 class=\"translation-block\">\u00bfLe interesa la impresi\u00f3n eficiente de Apeos?<\/h2>\n\n\t\t  \r\n   \r\n  \r\n  \r\n<script src=\"\/\/info.fujifilm.eu\/js\/forms2\/js\/forms2.min.js\"><\/script> <form id=\"mktoForm_6122\" action=\"\"><input type=\"hidden\" name=\"trp-form-language\" value=\"es\"\/><\/form> <script>MktoForms2.loadForm(\"\/\/info.fujifilm.eu\", \"060-MIY-956\", 6122);<\/script> \r\n \r\n\r\n  \n\t\t<div id=\"confirmform\" style=\"visibility:hidden;\">\n                            <p><strong>Gracias por su consulta, alguien se pondr\u00e1 en contacto pronto.<\/strong><\/p>\n              \n        <\/div>\n\t<\/div>\n<\/section>","protected":false},"excerpt":{"rendered":"","protected":false},"author":7,"featured_media":0,"parent":0,"menu_order":0,"comment_status":"closed","ping_status":"closed","template":"","meta":{"inline_featured_image":false,"footnotes":""},"class_list":["post-19742","page","type-page","status-publish","hentry"],"acf":[],"yoast_head":"<!-- This site is optimized with the Yoast SEO plugin v22.5 - https:\/\/yoast.com\/wordpress\/plugins\/seo\/ -->\n<title>Efficiency | Fujifilm Apeos Multifunction Printers EMEA<\/title>\n<meta name=\"description\" content=\"Businesses that produce high-quality printed materials can gain a competitive edge. Discover why your business needs Apeos MFPs.\" \/>\n<meta name=\"robots\" content=\"noindex, follow, max-snippet:-1, max-image-preview:large, max-video-preview:-1\" \/>\n<meta property=\"og:locale\" content=\"es_ES\" \/>\n<meta property=\"og:type\" content=\"article\" \/>\n<meta property=\"og:title\" content=\"Efficiency | Fujifilm Apeos Multifunction Printers EMEA\" \/>\n<meta property=\"og:description\" content=\"Businesses that produce high-quality printed materials can gain a competitive edge. Discover why your business needs Apeos MFPs.\" \/>\n<meta property=\"og:url\" content=\"https:\/\/office-staging.fujifilmprint.eu\/es\/eficiencia\/\" \/>\n<meta property=\"og:site_name\" content=\"Fujifilm Office Printers EMEA\" \/>\n<meta property=\"article:modified_time\" content=\"2025-07-14T16:30:18+00:00\" \/>\n<meta name=\"twitter:card\" content=\"summary_large_image\" \/>\n<script type=\"application\/ld+json\" class=\"yoast-schema-graph\">{\"@context\":\"https:\/\/schema.org\",\"@graph\":[{\"@type\":\"WebPage\",\"@id\":\"https:\/\/office-staging.fujifilmprint.eu\/efficiency\/\",\"url\":\"https:\/\/office-staging.fujifilmprint.eu\/efficiency\/\",\"name\":\"Efficiency | Fujifilm Apeos Multifunction Printers EMEA\",\"isPartOf\":{\"@id\":\"https:\/\/office-staging.fujifilmprint.eu\/#website\"},\"datePublished\":\"2024-07-30T13:27:33+00:00\",\"dateModified\":\"2025-07-14T16:30:18+00:00\",\"description\":\"Businesses that produce high-quality printed materials can gain a competitive edge. Discover why your business needs Apeos MFPs.\",\"breadcrumb\":{\"@id\":\"https:\/\/office-staging.fujifilmprint.eu\/efficiency\/#breadcrumb\"},\"inLanguage\":\"es\",\"potentialAction\":[{\"@type\":\"ReadAction\",\"target\":[\"https:\/\/office-staging.fujifilmprint.eu\/efficiency\/\"]}]},{\"@type\":\"BreadcrumbList\",\"@id\":\"https:\/\/office-staging.fujifilmprint.eu\/efficiency\/#breadcrumb\",\"itemListElement\":[{\"@type\":\"ListItem\",\"position\":1,\"name\":\"Home\",\"item\":\"https:\/\/office-staging.fujifilmprint.eu\/\"},{\"@type\":\"ListItem\",\"position\":2,\"name\":\"Efficiency\"}]},{\"@type\":\"WebSite\",\"@id\":\"https:\/\/office-staging.fujifilmprint.eu\/#website\",\"url\":\"https:\/\/office-staging.fujifilmprint.eu\/\",\"name\":\"Fujifilm Office Printers EMEA\",\"description\":\"\",\"publisher\":{\"@id\":\"https:\/\/office-staging.fujifilmprint.eu\/#organization\"},\"potentialAction\":[{\"@type\":\"SearchAction\",\"target\":{\"@type\":\"EntryPoint\",\"urlTemplate\":\"https:\/\/office-staging.fujifilmprint.eu\/?s={search_term_string}\"},\"query-input\":\"required name=search_term_string\"}],\"inLanguage\":\"es\"},{\"@type\":\"Organization\",\"@id\":\"https:\/\/office-staging.fujifilmprint.eu\/#organization\",\"name\":\"Fujifilm Office Printers EMEA\",\"url\":\"https:\/\/office-staging.fujifilmprint.eu\/\",\"logo\":{\"@type\":\"ImageObject\",\"inLanguage\":\"es\",\"@id\":\"https:\/\/office-staging.fujifilmprint.eu\/#\/schema\/logo\/image\/\",\"url\":\"https:\/\/office-staging.fujifilmprint.eu\/wp-content\/uploads\/2024\/05\/fujifilm-1.png\",\"contentUrl\":\"https:\/\/office-staging.fujifilmprint.eu\/wp-content\/uploads\/2024\/05\/fujifilm-1.png\",\"width\":416,\"height\":70,\"caption\":\"Fujifilm Office Printers EMEA\"},\"image\":{\"@id\":\"https:\/\/office-staging.fujifilmprint.eu\/#\/schema\/logo\/image\/\"}}]}<\/script>\n<!-- \/ Yoast SEO plugin. -->","yoast_head_json":{"title":"Eficiencia | Impresoras multifunci\u00f3n Apeos de Fujifilm (EMEA)","description":"Las empresas que producen materiales impresos de alta calidad pueden obtener una ventaja competitiva. Descubra por qu\u00e9 su negocio necesita las impresoras MFP de la gama Apeos.","robots":{"index":"noindex","follow":"follow","max-snippet":"max-snippet:-1","max-image-preview":"max-image-preview:large","max-video-preview":"max-video-preview:-1"},"og_locale":"es_ES","og_type":"article","og_title":"Efficiency | Fujifilm Apeos Multifunction Printers EMEA","og_description":"Businesses that produce high-quality printed materials can gain a competitive edge. Discover why your business needs Apeos MFPs.","og_url":"https:\/\/office-staging.fujifilmprint.eu\/es\/eficiencia\/","og_site_name":"Fujifilm Office Printers EMEA","article_modified_time":"2025-07-14T16:30:18+00:00","twitter_card":"summary_large_image","schema":{"@context":"https:\/\/schema.org","@graph":[{"@type":"WebPage","@id":"https:\/\/office-staging.fujifilmprint.eu\/efficiency\/","url":"https:\/\/office-staging.fujifilmprint.eu\/efficiency\/","name":"Eficiencia | Impresoras multifunci\u00f3n Apeos de Fujifilm (EMEA)","isPartOf":{"@id":"https:\/\/office-staging.fujifilmprint.eu\/#website"},"datePublished":"2024-07-30T13:27:33+00:00","dateModified":"2025-07-14T16:30:18+00:00","description":"Las empresas que producen materiales impresos de alta calidad pueden obtener una ventaja competitiva. Descubra por qu\u00e9 su negocio necesita las impresoras MFP de la gama Apeos.","breadcrumb":{"@id":"https:\/\/office-staging.fujifilmprint.eu\/efficiency\/#breadcrumb"},"inLanguage":"es","potentialAction":[{"@type":"ReadAction","target":["https:\/\/office-staging.fujifilmprint.eu\/efficiency\/"]}]},{"@type":"BreadcrumbList","@id":"https:\/\/office-staging.fujifilmprint.eu\/efficiency\/#breadcrumb","itemListElement":[{"@type":"ListItem","position":1,"name":"Home","item":"https:\/\/office-staging.fujifilmprint.eu\/"},{"@type":"ListItem","position":2,"name":"Efficiency"}]},{"@type":"WebSite","@id":"https:\/\/office-staging.fujifilmprint.eu\/#website","url":"https:\/\/office-staging.fujifilmprint.eu\/","name":"Fujifilm Impresoras de oficina EMEA","description":"","publisher":{"@id":"https:\/\/office-staging.fujifilmprint.eu\/#organization"},"potentialAction":[{"@type":"SearchAction","target":{"@type":"EntryPoint","urlTemplate":"https:\/\/office-staging.fujifilmprint.eu\/?s={search_term_string}"},"query-input":"required name=search_term_string"}],"inLanguage":"es"},{"@type":"Organization","@id":"https:\/\/office-staging.fujifilmprint.eu\/#organization","name":"Fujifilm Impresoras de oficina EMEA","url":"https:\/\/office-staging.fujifilmprint.eu\/","logo":{"@type":"ImageObject","inLanguage":"es","@id":"https:\/\/office-staging.fujifilmprint.eu\/#\/schema\/logo\/image\/","url":"https:\/\/office-staging.fujifilmprint.eu\/wp-content\/uploads\/2024\/05\/fujifilm-1.png","contentUrl":"https:\/\/office-staging.fujifilmprint.eu\/wp-content\/uploads\/2024\/05\/fujifilm-1.png","width":416,"height":70,"caption":"Fujifilm Office Printers EMEA"},"image":{"@id":"https:\/\/office-staging.fujifilmprint.eu\/#\/schema\/logo\/image\/"}}]}},"_links":{"self":[{"href":"https:\/\/office-staging.fujifilmprint.eu\/es\/wp-json\/wp\/v2\/pages\/19742","targetHints":{"allow":["GET"]}}],"collection":[{"href":"https:\/\/office-staging.fujifilmprint.eu\/es\/wp-json\/wp\/v2\/pages"}],"about":[{"href":"https:\/\/office-staging.fujifilmprint.eu\/es\/wp-json\/wp\/v2\/types\/page"}],"author":[{"embeddable":true,"href":"https:\/\/office-staging.fujifilmprint.eu\/es\/wp-json\/wp\/v2\/users\/7"}],"replies":[{"embeddable":true,"href":"https:\/\/office-staging.fujifilmprint.eu\/es\/wp-json\/wp\/v2\/comments?post=19742"}],"version-history":[{"count":108,"href":"https:\/\/office-staging.fujifilmprint.eu\/es\/wp-json\/wp\/v2\/pages\/19742\/revisions"}],"predecessor-version":[{"id":21382,"href":"https:\/\/office-staging.fujifilmprint.eu\/es\/wp-json\/wp\/v2\/pages\/19742\/revisions\/21382"}],"wp:attachment":[{"href":"https:\/\/office-staging.fujifilmprint.eu\/es\/wp-json\/wp\/v2\/media?parent=19742"}],"curies":[{"name":"wp","href":"https:\/\/api.w.org\/{rel}","templated":true}]}}