{"id":21412,"date":"2025-09-03T13:11:50","date_gmt":"2025-09-03T12:11:50","guid":{"rendered":"https:\/\/office-staging.fujifilmprint.eu\/?page_id=21412"},"modified":"2026-01-05T14:51:01","modified_gmt":"2026-01-05T13:51:01","slug":"sostenibilidad-2","status":"publish","type":"page","link":"https:\/\/office-staging.fujifilmprint.eu\/es\/sostenibilidad-2\/","title":{"rendered":"Servicios de recogida"},"content":{"rendered":"<section id=\"black-header\">\n\t<div class=\"container-fluid black-pt\" style=\"background-image: url('https:\/\/office-staging.fujifilmprint.eu\/wp-content\/uploads\/2025\/08\/Flower-sustainabilityAdobeStock_585179623-e1755096172888.jpg');background-size: cover;padding: 0;\">\n\t<div class=\"overlay\" style=\"padding: 200px 0;\">\t\t<div class=\"container\">\n\t\t\t<h2 style=\"line-height: 80px;\">\n\t\t\t\tServicios de recogida\t\t\t<\/h2>\n\t\t\t<h3>\n\t\t\t\tRecoger, reutilizar y reciclar: el enfoque circular de Fujifilm\t\t\t<\/h3>\n\t\t<\/div>\n\t<\/div>\t<\/div>\n<\/section>\n\n<div style=\"height:50px;\">\n<\/div>\n\n<section id=\"txt-header\">\n\t<div class=\"container block-text-header\">\n\t\t<h3><\/h3>\n\t\t<h2>Promover la circulaci\u00f3n de recursos<\/h2>\n\t\t<p><p>Fujifilm ha implementado una pol\u00edtica de reciclaje, con el objetivo de lograr un \u201ccero residuos\u201d y promover la circulaci\u00f3n de recursos, lo que ha implicado la recolecci\u00f3n, reutilizaci\u00f3n y reciclaje del equipo y los productos consumidos por los clientes, desde 1995. Esta pol\u00edtica se ha centrado en reducir el uso de nuevos recursos y promover la circulaci\u00f3n de recursos mediante la reutilizaci\u00f3n de piezas tomadas de productos usados recolectados.<\/p>\n<p><img loading=\"lazy\" decoding=\"async\" class=\"wp-image-21438 alignright\" src=\"https:\/\/office-staging.fujifilmprint.eu\/wp-content\/uploads\/2025\/09\/Circular-Manufacturing-Center-building-1024x731.jpg\" alt=\"\" width=\"585\" height=\"418\" srcset=\"https:\/\/office-staging.fujifilmprint.eu\/wp-content\/uploads\/2025\/09\/Circular-Manufacturing-Center-building-1024x731.jpg 1024w, https:\/\/office-staging.fujifilmprint.eu\/wp-content\/uploads\/2025\/09\/Circular-Manufacturing-Center-building-300x214.jpg 300w, https:\/\/office-staging.fujifilmprint.eu\/wp-content\/uploads\/2025\/09\/Circular-Manufacturing-Center-building-768x548.jpg 768w, https:\/\/office-staging.fujifilmprint.eu\/wp-content\/uploads\/2025\/09\/Circular-Manufacturing-Center-building-1536x1097.jpg 1536w, https:\/\/office-staging.fujifilmprint.eu\/wp-content\/uploads\/2025\/09\/Circular-Manufacturing-Center-building-2048x1463.jpg 2048w, https:\/\/office-staging.fujifilmprint.eu\/wp-content\/uploads\/2025\/09\/Circular-Manufacturing-Center-building-18x12.jpg 18w\" sizes=\"auto, (max-width: 585px) 100vw, 585px\" \/><\/p>\n<p>En 2024, Fujifilm anunci\u00f3 la creaci\u00f3n del Centro de Fabricaci\u00f3n Circular con sede en las instalaciones de FUJIFILM Manufacturing Europe B.V. en los Pa\u00edses Bajos, para promover la circulaci\u00f3n de recursos en Europa. Como primer paso, el nuevo centro de fabricaci\u00f3n se centra en la recolecci\u00f3n de cartuchos de t\u00f3ner usados, que se desmontan, limpian e inspeccionan despu\u00e9s de la recolecci\u00f3n, y luego se remanufacturados como nuevos cartuchos de t\u00f3ner para su env\u00edo dentro de la regi\u00f3n europea. En el futuro, Fujifilm planea expandir estos procesos de remanufactura a otros productos, como las impresoras multifunci\u00f3n remanufacturadas  y piezas de repuesto para impresoras de producci\u00f3n.<\/p>\n<h6 class=\"s8\"><\/h6>\n<\/p>\n\t<\/div>\n<\/section>\n\n<div style=\"height:20px;\">\n<\/div>\n\n<section id=\"txt-header\">\n\t<div class=\"container block-text-header\">\n\t\t<h3><\/h3>\n\t\t<h2><\/h2>\n\t\t<p><p><img loading=\"lazy\" decoding=\"async\" class=\"alignleft wp-image-21437\" style=\"font-family: Poppins, sans-serif; font-size: 18px;\" src=\"https:\/\/office-staging.fujifilmprint.eu\/wp-content\/uploads\/2025\/09\/Circular-Manufacturing-Center-toner-731x1024.jpg\" alt=\"\" width=\"351\" height=\"491\" \/><\/p>\n<p class=\"s5\"><span class=\"s4\">Adem\u00e1s, FUJIFILM Man<\/span><span class=\"s4\">ufacturing Europe B.V. suministra <\/span><span class=\"s4\">todos<\/span><span class=\"s4\"> su propia electricidad a partir de la generaci\u00f3n de energ\u00eda e\u00f3lica in situ y de una empresa de generaci\u00f3n de energ\u00eda e\u00f3lica adquirida. Por tanto, la reci\u00e9n creada Fabricaci\u00f3n Circular <\/span><span class=\"s4\">Centro<\/span><span class=\"s4\"> tambi\u00e9n puede alcanzar un nivel pr\u00e1cticamente nulo de emisiones de CO<\/span><span class=\"s6\">2<\/span><span class=\"s4\"> de la electricidad que utiliza. FUJIFILM Manufacturing Europe B.V. lleva m\u00e1s de 40 a\u00f1os fabricando diversos productos Fujifilm, y su ubicaci\u00f3n en los Pa\u00edses Bajos la sit\u00faa en una buena posici\u00f3n para el env\u00edo eficiente de productos a todo el continente europeo.<\/span><\/p>\n<p class=\"s5\"><span class=\"s4\">Con la apertura de la Fabricaci\u00f3n Circular <\/span><span class=\"s4\">Centro<\/span><span class=\"s4\"> en Europa, <\/span><span class=\"s4\">fujifilm<\/span><span class=\"s4\"> est\u00e1 dispuesta a potenciar sus actividades de circulaci\u00f3n de recursos para contribuir al fomento de la econom\u00eda circular.<\/span><\/p>\n<h6 class=\"s8\"><span class=\"s7\">Los dispositivos MFP se remanufacturan a partir de productos usados, que se recogen de los clientes. Los productos se desmontan, se limpian y se inspeccionan, y se sustituyen las piezas que no cumplen un determinado est\u00e1ndar de calidad.<\/span><\/h6>\n<\/p>\n\t<\/div>\n<\/section>\n\n<div style=\"height:100px;\">\n<\/div>\n\n\n\n\n<div style=\"height:80px;\">\n<\/div>\n\n\r\n<style>\r\n.icon-block-link{\r\n\ttext-decoration: none;\r\n\tcolor: black;\r\n}\r\n.icon-block-link:hover .poi-icons-printers .icon-block-icon{\r\n\ttransform: scale(1.2);\r\n    filter: invert(69%) sepia(96%) saturate(1997%) hue-rotate(120deg) brightness(99%) contrast(101%) !important;\r\n\ttransition: 0.4s;\r\n}\r\n<\/style>\r\n<section id=\"tc-icons\" class=\"printer-icons\">\r\n\t<div class=\"container block-three-column-icons\">\r\n\t\t<h2>Descubra la gama Apeos de impresoras MFP:<\/h2>\r\n\t\t<div class=\"row\" style=\"margin-top: 70px;\">\r\n\t\t\t\t\t\t\t\t\t\t\t\t<div class=\"col-sm\">\r\n                    <a href=\"https:\/\/office-staging.fujifilmprint.eu\/es\/product\/apeos-c4030-series\/\" class=\"icon-block-link\">\r\n                        <div class=\"icons-flex\">\r\n                                <div class=\"poi-icons-printers\" style=\"background-color: transparent;\">\r\n                                    <img decoding=\"async\" class=\"icon-block-icon\" src=\"\/wp-content\/uploads\/2024\/08\/C4030.svg\" style=\"filter: brightness(0);\" \/>\r\n                                <\/div>\r\n                            <div class=\"icon-content\">\r\n                            <p>\r\n                                <strong>Serie Apeos C4030<\/strong>\r\n                            <\/p>\r\n                                <p style=\"padding: 0 15px;\">Impresi\u00f3n A4 sin sacrificar la calidad<\/p>\r\n                                <\/div>\r\n                        <\/div>\r\n                        <\/a>\r\n\t\t\t\t\t<\/div>\r\n\t\t\t\t\t\t\t\t\t<div class=\"col-sm\">\r\n                    <a href=\"https:\/\/office-staging.fujifilmprint.eu\/es\/product\/apeos-c3060-series\/\" class=\"icon-block-link\">\r\n                        <div class=\"icons-flex\">\r\n                                <div class=\"poi-icons-printers\" style=\"background-color: transparent;\">\r\n                                    <img decoding=\"async\" class=\"icon-block-icon\" src=\"\/wp-content\/uploads\/2024\/08\/C3060.svg\" style=\"filter: brightness(0);\" \/>\r\n                                <\/div>\r\n                            <div class=\"icon-content\">\r\n                            <p>\r\n                                <strong>Serie Apeos C3060<\/strong>\r\n                            <\/p>\r\n                                <p style=\"padding: 0 15px;\">Impresi\u00f3n A3 configurable con la m\u00e1xima flexibilidad<\/p>\r\n                                <\/div>\r\n                        <\/div>\r\n                        <\/a>\r\n\t\t\t\t\t<\/div>\r\n\t\t\t\t\t\t\t\t\t<div class=\"col-sm\">\r\n                    <a href=\"https:\/\/office-staging.fujifilmprint.eu\/es\/product\/apeos-c7070-series\/\" class=\"icon-block-link\">\r\n                        <div class=\"icons-flex\">\r\n                                <div class=\"poi-icons-printers\" style=\"background-color: transparent;\">\r\n                                    <img decoding=\"async\" class=\"icon-block-icon\" src=\"\/wp-content\/uploads\/2024\/08\/C7070.svg\" style=\"filter: brightness(0);\" \/>\r\n                                <\/div>\r\n                            <div class=\"icon-content\">\r\n                            <p>\r\n                                <strong>Serie Apeos C7070<\/strong>\r\n                            <\/p>\r\n                                <p style=\"padding: 0 15px;\">Impresi\u00f3n A3 robusta e intuitiva de altas prestaciones <br>Impresi\u00f3n A3<\/p>\r\n                                <\/div>\r\n                        <\/div>\r\n                        <\/a>\r\n\t\t\t\t\t<\/div>\r\n\t\t\t\t\t\t\t\t\t<\/div>\r\n\t<\/div>\r\n<\/section>\n\n<div style=\"height:50px;\">\n<\/div>\n\n<div id=\"contact\"><\/div>\n\n<section id=\"dark-form\">\n\t<div id=\"footer-form\" class=\"container\">\n\t\t<h2><br>P\u00f3ngase en contacto:<\/h2>\n\n\t\t  \r\n   \r\n  \r\n  \r\n<script src=\"\/\/info.fujifilm.eu\/js\/forms2\/js\/forms2.min.js\"><\/script> <form id=\"mktoForm_6122\" action=\"\"><input type=\"hidden\" name=\"trp-form-language\" value=\"es\"\/><\/form> <script>MktoForms2.loadForm(\"\/\/info.fujifilm.eu\", \"060-MIY-956\", 6122);<\/script> \r\n \r\n\r\n  \n\t\t<div id=\"confirmform\" style=\"visibility:hidden;\">\n                            <p><strong>Gracias por su consulta, alguien se pondr\u00e1 en contacto pronto.<\/strong><\/p>\n              \n        <\/div>\n\t<\/div>\n<\/section>","protected":false},"excerpt":{"rendered":"","protected":false},"author":12,"featured_media":0,"parent":0,"menu_order":0,"comment_status":"closed","ping_status":"closed","template":"","meta":{"inline_featured_image":false,"footnotes":""},"class_list":["post-21412","page","type-page","status-publish","hentry"],"acf":[],"yoast_head":"<!-- This site is optimized with the Yoast SEO plugin v22.5 - https:\/\/yoast.com\/wordpress\/plugins\/seo\/ -->\n<title>Sustainability | Fujifilm Apeos Multifunction Printers EMEA<\/title>\n<meta name=\"description\" content=\"Office printing involves adopting innovative technologies that improve environmental impact. Discover why your business needs Apeos MFPs.\" \/>\n<meta name=\"robots\" content=\"noindex, follow, max-snippet:-1, max-image-preview:large, max-video-preview:-1\" \/>\n<meta property=\"og:locale\" content=\"es_ES\" \/>\n<meta property=\"og:type\" content=\"article\" \/>\n<meta property=\"og:title\" content=\"Sustainability | Fujifilm Apeos Multifunction Printers EMEA\" \/>\n<meta property=\"og:description\" content=\"Office printing involves adopting innovative technologies that improve environmental impact. Discover why your business needs Apeos MFPs.\" \/>\n<meta property=\"og:url\" content=\"https:\/\/office-staging.fujifilmprint.eu\/es\/sostenibilidad-2\/\" \/>\n<meta property=\"og:site_name\" content=\"Fujifilm Office Printers EMEA\" \/>\n<meta property=\"article:modified_time\" content=\"2026-01-05T13:51:01+00:00\" \/>\n<meta name=\"twitter:card\" content=\"summary_large_image\" \/>\n<meta name=\"twitter:label1\" content=\"Tiempo de lectura\" \/>\n\t<meta name=\"twitter:data1\" content=\"1 minuto\" \/>\n<script type=\"application\/ld+json\" class=\"yoast-schema-graph\">{\"@context\":\"https:\/\/schema.org\",\"@graph\":[{\"@type\":\"WebPage\",\"@id\":\"https:\/\/office-staging.fujifilmprint.eu\/collection-services\/\",\"url\":\"https:\/\/office-staging.fujifilmprint.eu\/collection-services\/\",\"name\":\"Sustainability | Fujifilm Apeos Multifunction Printers EMEA\",\"isPartOf\":{\"@id\":\"https:\/\/office-staging.fujifilmprint.eu\/#website\"},\"datePublished\":\"2025-09-03T12:11:50+00:00\",\"dateModified\":\"2026-01-05T13:51:01+00:00\",\"description\":\"Office printing involves adopting innovative technologies that improve environmental impact. Discover why your business needs Apeos MFPs.\",\"breadcrumb\":{\"@id\":\"https:\/\/office-staging.fujifilmprint.eu\/collection-services\/#breadcrumb\"},\"inLanguage\":\"es\",\"potentialAction\":[{\"@type\":\"ReadAction\",\"target\":[\"https:\/\/office-staging.fujifilmprint.eu\/collection-services\/\"]}]},{\"@type\":\"BreadcrumbList\",\"@id\":\"https:\/\/office-staging.fujifilmprint.eu\/collection-services\/#breadcrumb\",\"itemListElement\":[{\"@type\":\"ListItem\",\"position\":1,\"name\":\"Home\",\"item\":\"https:\/\/office-staging.fujifilmprint.eu\/\"},{\"@type\":\"ListItem\",\"position\":2,\"name\":\"Collection Services\"}]},{\"@type\":\"WebSite\",\"@id\":\"https:\/\/office-staging.fujifilmprint.eu\/#website\",\"url\":\"https:\/\/office-staging.fujifilmprint.eu\/\",\"name\":\"Fujifilm Office Printers EMEA\",\"description\":\"\",\"publisher\":{\"@id\":\"https:\/\/office-staging.fujifilmprint.eu\/#organization\"},\"potentialAction\":[{\"@type\":\"SearchAction\",\"target\":{\"@type\":\"EntryPoint\",\"urlTemplate\":\"https:\/\/office-staging.fujifilmprint.eu\/?s={search_term_string}\"},\"query-input\":\"required name=search_term_string\"}],\"inLanguage\":\"es\"},{\"@type\":\"Organization\",\"@id\":\"https:\/\/office-staging.fujifilmprint.eu\/#organization\",\"name\":\"Fujifilm Office Printers EMEA\",\"url\":\"https:\/\/office-staging.fujifilmprint.eu\/\",\"logo\":{\"@type\":\"ImageObject\",\"inLanguage\":\"es\",\"@id\":\"https:\/\/office-staging.fujifilmprint.eu\/#\/schema\/logo\/image\/\",\"url\":\"https:\/\/office-staging.fujifilmprint.eu\/wp-content\/uploads\/2024\/05\/fujifilm-1.png\",\"contentUrl\":\"https:\/\/office-staging.fujifilmprint.eu\/wp-content\/uploads\/2024\/05\/fujifilm-1.png\",\"width\":416,\"height\":70,\"caption\":\"Fujifilm Office Printers EMEA\"},\"image\":{\"@id\":\"https:\/\/office-staging.fujifilmprint.eu\/#\/schema\/logo\/image\/\"}}]}<\/script>\n<!-- \/ Yoast SEO plugin. -->","yoast_head_json":{"title":"Sostenibilidad | Impresoras multifunci\u00f3n Apeos de Fujifilm (EMEA)","description":"La impresi\u00f3n en oficinas implica la adopci\u00f3n de tecnolog\u00edas innovadoras capaces de reducir el impacto medioambiental. Descubra por qu\u00e9 su negocio necesita las impresoras MFP de la gama Apeos.","robots":{"index":"noindex","follow":"follow","max-snippet":"max-snippet:-1","max-image-preview":"max-image-preview:large","max-video-preview":"max-video-preview:-1"},"og_locale":"es_ES","og_type":"article","og_title":"Sustainability | Fujifilm Apeos Multifunction Printers EMEA","og_description":"Office printing involves adopting innovative technologies that improve environmental impact. Discover why your business needs Apeos MFPs.","og_url":"https:\/\/office-staging.fujifilmprint.eu\/es\/sostenibilidad-2\/","og_site_name":"Fujifilm Office Printers EMEA","article_modified_time":"2026-01-05T13:51:01+00:00","twitter_card":"summary_large_image","twitter_misc":{"Tiempo de lectura":"1 minuto"},"schema":{"@context":"https:\/\/schema.org","@graph":[{"@type":"WebPage","@id":"https:\/\/office-staging.fujifilmprint.eu\/collection-services\/","url":"https:\/\/office-staging.fujifilmprint.eu\/collection-services\/","name":"Sostenibilidad | Impresoras multifunci\u00f3n Apeos de Fujifilm (EMEA)","isPartOf":{"@id":"https:\/\/office-staging.fujifilmprint.eu\/#website"},"datePublished":"2025-09-03T12:11:50+00:00","dateModified":"2026-01-05T13:51:01+00:00","description":"La impresi\u00f3n en oficinas implica la adopci\u00f3n de tecnolog\u00edas innovadoras capaces de reducir el impacto medioambiental. Descubra por qu\u00e9 su negocio necesita las impresoras MFP de la gama Apeos.","breadcrumb":{"@id":"https:\/\/office-staging.fujifilmprint.eu\/collection-services\/#breadcrumb"},"inLanguage":"es","potentialAction":[{"@type":"ReadAction","target":["https:\/\/office-staging.fujifilmprint.eu\/collection-services\/"]}]},{"@type":"BreadcrumbList","@id":"https:\/\/office-staging.fujifilmprint.eu\/collection-services\/#breadcrumb","itemListElement":[{"@type":"ListItem","position":1,"name":"Home","item":"https:\/\/office-staging.fujifilmprint.eu\/"},{"@type":"ListItem","position":2,"name":"Collection Services"}]},{"@type":"WebSite","@id":"https:\/\/office-staging.fujifilmprint.eu\/#website","url":"https:\/\/office-staging.fujifilmprint.eu\/","name":"Fujifilm Impresoras de oficina EMEA","description":"","publisher":{"@id":"https:\/\/office-staging.fujifilmprint.eu\/#organization"},"potentialAction":[{"@type":"SearchAction","target":{"@type":"EntryPoint","urlTemplate":"https:\/\/office-staging.fujifilmprint.eu\/?s={search_term_string}"},"query-input":"required name=search_term_string"}],"inLanguage":"es"},{"@type":"Organization","@id":"https:\/\/office-staging.fujifilmprint.eu\/#organization","name":"Fujifilm Impresoras de oficina EMEA","url":"https:\/\/office-staging.fujifilmprint.eu\/","logo":{"@type":"ImageObject","inLanguage":"es","@id":"https:\/\/office-staging.fujifilmprint.eu\/#\/schema\/logo\/image\/","url":"https:\/\/office-staging.fujifilmprint.eu\/wp-content\/uploads\/2024\/05\/fujifilm-1.png","contentUrl":"https:\/\/office-staging.fujifilmprint.eu\/wp-content\/uploads\/2024\/05\/fujifilm-1.png","width":416,"height":70,"caption":"Fujifilm Office Printers EMEA"},"image":{"@id":"https:\/\/office-staging.fujifilmprint.eu\/#\/schema\/logo\/image\/"}}]}},"_links":{"self":[{"href":"https:\/\/office-staging.fujifilmprint.eu\/es\/wp-json\/wp\/v2\/pages\/21412","targetHints":{"allow":["GET"]}}],"collection":[{"href":"https:\/\/office-staging.fujifilmprint.eu\/es\/wp-json\/wp\/v2\/pages"}],"about":[{"href":"https:\/\/office-staging.fujifilmprint.eu\/es\/wp-json\/wp\/v2\/types\/page"}],"author":[{"embeddable":true,"href":"https:\/\/office-staging.fujifilmprint.eu\/es\/wp-json\/wp\/v2\/users\/12"}],"replies":[{"embeddable":true,"href":"https:\/\/office-staging.fujifilmprint.eu\/es\/wp-json\/wp\/v2\/comments?post=21412"}],"version-history":[{"count":60,"href":"https:\/\/office-staging.fujifilmprint.eu\/es\/wp-json\/wp\/v2\/pages\/21412\/revisions"}],"predecessor-version":[{"id":21581,"href":"https:\/\/office-staging.fujifilmprint.eu\/es\/wp-json\/wp\/v2\/pages\/21412\/revisions\/21581"}],"wp:attachment":[{"href":"https:\/\/office-staging.fujifilmprint.eu\/es\/wp-json\/wp\/v2\/media?parent=21412"}],"curies":[{"name":"wp","href":"https:\/\/api.w.org\/{rel}","templated":true}]}}