{"id":120,"date":"2022-05-03T19:40:21","date_gmt":"2022-05-03T18:40:21","guid":{"rendered":"https:\/\/fujifilmprint.eu\/?page_id=120"},"modified":"2026-03-09T17:22:37","modified_gmt":"2026-03-09T16:22:37","slug":"home","status":"publish","type":"page","link":"https:\/\/office-staging.fujifilmprint.eu\/fr\/","title":{"rendered":"Maison"},"content":{"rendered":"<section id=\"hero-banner\">\n\t<div id=\"video-box\">\n\t\t<video autoplay muted loop style>\n\t\t<source src=\"https:\/\/office-staging.fujifilmprint.eu\/wp-content\/uploads\/2026\/02\/Looping-video-4.mp4\" type=\"video\/mp4\">\t<\/video>\n\t<\/div>\n\t<div id=\"hero-content\">\n\t\t<h1>PR\u00caT \u00c0 L'EMPLOI <br \/><span>Ceci est Apeos<\/span><br \/><\/h1>\n\t\t<p>Une solution s\u00e9curis\u00e9e et durable offrant une qualit\u00e9 et une fiabilit\u00e9 exceptionnelles<\/p>\n\t<\/div>\n<\/section>\n\n<section id=\"txt-tbb\">\n\t<div class=\"container\">\n\t\t<h2>De nouveaux talents au service de votre activit\u00e9<\/h2>\n\t\t<div class=\"dash-1\"><\/div>\n\t\t<p>D\u00e9couvrez Apeos, notre gamme polyvalente et op\u00e9rationnelle 24h\/24, 7j\/7, con\u00e7ue pour simplifier vos travaux de copie, de num\u00e9risation, d\u2019impression et de gestion de documents, tout en offrant des avantages exceptionnels en mati\u00e8re de s\u00e9curit\u00e9 et de durabilit\u00e9.<\/p>\n\t\t<div class=\"row\">\n\n\t\t\t\t\t\t\t\t\t\t\n\t\t<\/div>\n\t<\/div>\n<\/section> \n\n<style>\r\n.sector-banner{\r\nbackground-image: url(https:\/\/office-staging.fujifilmprint.eu\/wp-content\/uploads\/2026\/02\/FF27-Home-page-product-carousel-2500x800px-scaled.jpg);\r\n}\r\n\r\n\r\n<\/style>\r\n\r\n<div class=\"sector-banner\">\r\n\r\n   \r\n    <div class=\"banner-content\">\r\n        <h4>D\u00e9couvrir la gamme<\/h4>\r\n        <h1><span style=\"color:#ffffff;\">Imprimantes multifonctions Apeos<\/span><\/h1>\r\n    <\/div>\r\n\r\n    <div class=\"sector-carousel owl-carousel owl-theme\">\r\n                                    <a href=\"https:\/\/office-staging.fujifilmprint.eu\/fr\/product\/apeos-c4030-series\/\">\r\n                    <div class=\"center\">\r\n                                                    <img decoding=\"async\" src=\"https:\/\/office-staging.fujifilmprint.eu\/wp-content\/uploads\/2024\/08\/c4030-carousel-1500x1464-1.png\" \/>\r\n                                                <h3>S\u00e9rie Apeos\u00a0C4030<\/h3>\r\n                    <\/div>\r\n                <\/a>\r\n                            <a href=\"https:\/\/office-staging.fujifilmprint.eu\/fr\/product\/apeos-c3060-series\/\">\r\n                    <div class=\"center\">\r\n                                                    <img decoding=\"async\" src=\"https:\/\/office-staging.fujifilmprint.eu\/wp-content\/uploads\/2024\/08\/c3060-carousel-1500x1464-1.png\" \/>\r\n                                                <h3>S\u00e9rie Apeos\u00a0C3060<\/h3>\r\n                    <\/div>\r\n                <\/a>\r\n                            <a href=\"https:\/\/office-staging.fujifilmprint.eu\/fr\/product\/apeos-c7070-series\/\">\r\n                    <div class=\"center\">\r\n                                                    <img decoding=\"async\" src=\"https:\/\/office-staging.fujifilmprint.eu\/wp-content\/uploads\/2024\/08\/c7070-carousel-1500x1464-1.png\" \/>\r\n                                                <h3>S\u00e9rie Apeos\u00a0C7070<\/h3>\r\n                    <\/div>\r\n                <\/a>\r\n                            <a href=\"https:\/\/office-staging.fujifilmprint.eu\/fr\/product\/apeos-5330-series\/\">\r\n                    <div class=\"center\">\r\n                                                    <img decoding=\"async\" src=\"https:\/\/office-staging.fujifilmprint.eu\/wp-content\/uploads\/2025\/04\/Apeos-5330-reflection-shadow.png\" \/>\r\n                                                <h3>S\u00e9rie Apeos\u00a05330<\/h3>\r\n                    <\/div>\r\n                <\/a>\r\n                            <a href=\"https:\/\/office-staging.fujifilmprint.eu\/fr\/product\/apeos-3560-series\/\">\r\n                    <div class=\"center\">\r\n                                                    <img decoding=\"async\" src=\"https:\/\/office-staging.fujifilmprint.eu\/wp-content\/uploads\/2025\/04\/Apeos-3560-reflection-shadow-e1743757889209.png\" \/>\r\n                                                <h3>S\u00e9rie Apeos\u00a03560<\/h3>\r\n                    <\/div>\r\n                <\/a>\r\n                            <a href=\"https:\/\/office-staging.fujifilmprint.eu\/fr\/product\/apeos-5570-series\/\">\r\n                    <div class=\"center\">\r\n                                                    <img decoding=\"async\" src=\"https:\/\/office-staging.fujifilmprint.eu\/wp-content\/uploads\/2025\/04\/Apeos-5570-reflection-shadow-v3.png\" \/>\r\n                                                <h3>S\u00e9rie Apeos\u00a05570<\/h3>\r\n                    <\/div>\r\n                <\/a>\r\n                            <a href=\"https:\/\/office-staging.fujifilmprint.eu\/fr\/product\/apeosprint-c4030\/\">\r\n                    <div class=\"center\">\r\n                                                    <img decoding=\"async\" src=\"https:\/\/office-staging.fujifilmprint.eu\/wp-content\/uploads\/2026\/03\/ApeosPrint-C4030-shadow-reflection.png\" \/>\r\n                                                <h3>ApeosPrint C4030<\/h3>\r\n                    <\/div>\r\n                <\/a>\r\n                            <a href=\"https:\/\/office-staging.fujifilmprint.eu\/fr\/product\/apeosprint-5330\/\">\r\n                    <div class=\"center\">\r\n                                                    <img decoding=\"async\" src=\"https:\/\/office-staging.fujifilmprint.eu\/wp-content\/uploads\/2026\/03\/Apeosprint-5330-reflection-shadow.png\" \/>\r\n                                                <h3>ApeosPrint 5330<\/h3>\r\n                    <\/div>\r\n                <\/a>\r\n                        <\/div>\r\n<\/div>\n\n<section id=\"txt-header\">\n\t<div class=\"container block-text-header\">\n\t\t<h3>Les imprimantes de bureau de la gamme Apeos r\u00e9pondent parfaitement aux besoins des clients n\u00e9cessitant\u2026<\/h3>\n\t\t<h2><\/h2>\n\t\t<p><ul>\n<li>Un appareil dot\u00e9 de fonctions de <strong>s\u00e9curit\u00e9<\/strong> robustes id\u00e9al pour le travail hybride, permettant aux utilisateurs de travailler de mani\u00e8re s\u00e9curis\u00e9e aussi bien au bureau qu\u2019\u00e0 distance.<\/li>\n<li>Un appareil dot\u00e9 de technologies environnementales innovantes qui r\u00e9duisent la consommation d\u2019\u00e9nergie et am\u00e9liorent la <strong>durabilit\u00e9<\/strong>.<\/li>\n<li class=\"translation-block\">Un appareil offrant une <strong> qualit\u00e9 <\/strong> d\u2019impression sup\u00e9rieure gr\u00e2ce \u00e0 une r\u00e9solution DPI in\u00e9gal\u00e9e, et permettant aux entreprises de gagner en comp\u00e9titivit\u00e9.<\/li>\n<li class=\"translation-block\">Un appareil fiable et durable au service des op\u00e9rations commerciales, de la rentabilit\u00e9 et de la \n<strong> productivit\u00e9. <\/strong><\/li>\n<\/ul>\n<\/p>\n\t<\/div>\n<\/section>\n\n<div style=\"height:80px;\">\n<\/div>\n\n<div id=\"download\"><\/div>\n\n<section id=\"small-cta\">\n\n<!-- Standard Block -->\n    <div class=\"container\">\n        <div class=\"row\">\n            <div class=\"col-md-6 img-bg\" style=\"background-image: url(https:\/\/office-staging.fujifilmprint.eu\/wp-content\/uploads\/2026\/03\/Apeos-range-guide-mock-up-e1773072777996.jpg);\">\n            <\/div>\n            <div class=\"col-md-6 green\">\n                <h3>T\u00e9l\u00e9charger la brochure<\/h3>\n                <p>Pour en savoir plus sur les caract\u00e9ristiques uniques et les sp\u00e9cifications cl\u00e9s de chaque imprimante, consultez le guide de la gamme Apeos.<\/p>\n                                    <a href=\"https:\/\/office-staging.fujifilmprint.eu\/wp-content\/uploads\/2026\/03\/Apeos-Range-Brochure-v8-7.pdf\" id=\"btnOpenForm\" class=\"btn btn-purple\" style=\"margin: 0\">T\u00e9l\u00e9charger ici<\/a>\n                            <\/div>\n        <\/div>\n    <\/div>\n\t\n\n<\/section>\n\n\n\n<!-- Single Pop-up -->\n<div id=\"popup-\" class=\"popup\">\n\t<div class=\"popup-content dark-form\" id=\"dark-form\">\n\t\t<div class=\"event-header\">\n\t\t\t<h2>\n\t\t\t\t\t\t\t\n\t\t\t\t\t\t\t<\/h2>\n\t\t<\/div>\n\t\t\n\t\t\t\t<div id=\"confirmform\" style=\"visibility:hidden;\">\n\t\t\t\t\t\t\t<p><strong>Merci pour votre demande, quelqu&#039;un vous contactera bient\u00f4t.<\/strong><\/p>\n\t\t\t\t\t<\/div>\n\t\t\t\t\n\t\t<span class=\"fade-out main-btn-circle\">\u2573<\/span>\n\t<\/div>\n<\/div>\n\t\n\n\n<div style=\"height:100px;\">\n<\/div>\n\n<section id=\"form-bg\">\n\t<div class=\"container-fluid block-short-cta-form\" style=\"background-image: url(https:\/\/office-staging.fujifilmprint.eu\/wp-content\/uploads\/2026\/02\/FF27-Product-page-banner-2500x800px4-scaled.png); background-size: cover; padding-bottom: 180px;\">\n\t\t\t\t<div class=\"container\">\n\t\t\t<div class=\"row\">\n\t\t\t\t<div class=\"col-md-8\">\n\t\t\t\t\t\t\t\t\t\t\t<h3>Vous pensez que la gamme Apeos pourrait r\u00e9pondre \u00e0 vos besoins\u00a0?<\/h3>\n\t\t\t\t\t\t<p class=\"frm-h\">Contactez-nous d\u00e8s aujourd\u2019hui:<\/p>\n\t\t\t\t\t\t\t\t\t\t\t\t\t\t<\/div>\n\t\t\t\t<div class=\"col-md-4\"><\/div>\n\t\t\t<\/div>\n\n\t\t<\/div>\n\t<\/div>\n \n\t\t\t<div class=\"container\">\n\t\t\t<div class=\"rendered-form\" >\n\t\t\t\t<h4 style=\"margin-bottom: 0;line-height: 25px;margin-left: 20px;\"><\/h4>\n\t\t\t\t<p style=\"margin-top: 5px;margin-left: 20px;\"><\/p>\n\t\t\t\t<div class=\"row\">\n\t\t\t\t  \r\n \r\n  \r\n<script src=\"\/\/info.fujifilm.eu\/js\/forms2\/js\/forms2.min.js\"><\/script> <form id=\"mktoForm_6138\" action=\"\"><input type=\"hidden\" name=\"trp-form-language\" value=\"fr\"\/><\/form> <script>MktoForms2.loadForm(\"\/\/info.fujifilm.eu\", \"060-MIY-956\", 6138);<\/script> \r\n   \r\n  \r\n\r\n  \n\t\t\t\t\n\n\t\t\t<\/div>\n\t\t<\/div>\n\t\t\t<\/div>\n\t\t<\/div>\n\t<\/section>\n\n<div style=\"height:80px;\">\n<\/div>\n\n<section id=\"txt-header\">\n\t<div class=\"container block-text-header\">\n\t\t<h3><\/h3>\n\t\t<h2><\/h2>\n\t\t<p><h3 style=\"text-align: left;\">Vous h\u00e9sitez encore\u00a0?<\/h3>\n<h2 class=\"translation-block\">D\u00e9couvrez tous les avantages de la gamme Apeos\u2026<\/h2>\n<\/p>\n\t<\/div>\n<\/section>\n\n\n<section id=\"product-grid\">\n\t\t<div class=\"container\">\n            <div class=\"Commercial row\">\n                    <div class=\"col-md-6\">\n\t\t\t\t\t\t<div class=\"grid-bg\" style=\"background-image: url('https:\/\/office-staging.fujifilmprint.eu\/wp-content\/uploads\/2024\/09\/security-pillarblock-1000x1200-2.jpg');\">\n                        <div class=\"pgrid-inner\">\n                            <h3 style=\"line-height: 50px;\">La s\u00e9curit\u00e9 est votre priorit\u00e9\u00a0?<\/h3>\n                            <p>Protection des donn\u00e9es sensibles de votre entreprise<\/p>\n                            <a href=\"https:\/\/office.fujifilmprint.eu\/security\/\" class=\"btn btn-outline\">En savoir plus<\/a>\n                        <\/div>\n\t\t\t\t\t\t<\/div>\n                    <\/div>\n\n                    <div class=\"col-md-6\">\n\t\t\t\t\t\t<div class=\"grid-bg\" style=\"background-image: url('https:\/\/office-staging.fujifilmprint.eu\/wp-content\/uploads\/2024\/09\/sustainability-pillarblock-1000x1200-3.jpg');\">\n                        <div class=\"pgrid-inner\">\n                            <h3 style=\"line-height: 50px;\">La durabilit\u00e9 vous tient \u00e0 c\u0153ur\u00a0?<\/h3>\n                            <p>Initiatives en faveur de l\u2019environnement<\/p>\n                            <a href=\"https:\/\/office.fujifilmprint.eu\/sustainability\/\" class=\"btn btn-outline\">En savoir plus<\/a>\n                        <\/div>\n\t\t\t\t\t\t<\/div>\n                    <\/div>\n\n                    <div class=\"col-md-6\">\n\t\t\t\t\t\t<div class=\"grid-bg\" style=\"background-image: url('https:\/\/office-staging.fujifilmprint.eu\/wp-content\/uploads\/2024\/09\/quality-pillarblock-1000x1200-5.jpg');\">\n                        <div class=\"pgrid-inner\">\n                            <h3 style=\"line-height: 50px;\">Soucieux de proposer des produits de qualit\u00e9\u00a0?<\/h3>\n                            <p>Des performances \u00e9lev\u00e9es pour une qualit\u00e9 d\u2019impression sup\u00e9rieure<\/p>\n                            <a href=\"https:\/\/office.fujifilmprint.eu\/quality\/\" class=\"btn btn-outline\">En savoir plus<\/a>\n                        <\/div>\n\t\t\t\t\t\t<\/div>\n                    <\/div>\n\n                    <div class=\"col-md-6\">\n\t\t\t\t\t\t<div class=\"grid-bg\" style=\"background-image: url('https:\/\/office-staging.fujifilmprint.eu\/wp-content\/uploads\/2024\/09\/efficiency-pillarblock-1000x1200-1.jpg');\">\n                        <div class=\"pgrid-inner\">\n                            <h3 style=\"line-height: 50px;\">En qu\u00eate d\u2019efficacit\u00e9\u00a0?<\/h3>\n                            <p>un fonctionnement fiable qui stimule la productivit\u00e9<\/p>\n                            <a href=\"https:\/\/office.fujifilmprint.eu\/efficiency\/\" class=\"btn btn-outline\">En savoir plus<\/a>\n                        <\/div>\n\t\t\t\t\t\t<\/div>\n                    <\/div>\n            <\/div>\n\t\t<\/div>\n\n<\/section>\n\n<div style=\"height:80px;\">\n<\/div>\n\n<section id=\"txt-vid\">\n\n\t<div class=\"container-fluid\" style=\"background-image: url();padding: 50px;\">\n\t\t<div class=\"container\">\n\t\t\t<h2 style=\"margin-bottom: 20px;\">Regarder la vid\u00e9o<\/h2>\n\t\t\t<div class=\"dash-1\" style=\"display: none;\"><\/div>\n\t\t\t<p style=\"\">En savoir plus sur nos initiatives environnementales<\/p>\n\t\t\t<div class=\"center\">\n\t\t\t\t<video controls preload=\"none\" poster=\"https:\/\/office-staging.fujifilmprint.eu\/wp-content\/uploads\/2024\/09\/sustainabilitybrochure-ctaiamge-1500x844-1.jpg\" width=\"680\">\n\t\t\t\t<source src=\"\t\t\t\thttps:\/\/office-staging.fujifilmprint.eu\/wp-content\/uploads\/2024\/07\/Fujifilm-Apeos-Environmental-Initiatives.mp4\t\t\t\t\" type=\"video\/mp4\">\n\t\t\t\t<\/video>\n\t\t\t<\/div>\n\t\t<\/div>\n\t<\/div>\n<\/section>\n\n\n\n\n\n<div id=\"contact\"><\/div>\n\n<section id=\"dark-form\">\n\t<div id=\"footer-form\" class=\"container\">\n\t\t<h2>Int\u00e9ress\u00e9 par les imprimantes multifonctions Apeos\u00a0? N\u2019h\u00e9sitez pas \u00e0 nous contacter via l\u2019un des canaux suivants\u00a0:<\/h2>\n\n\t\t  \r\n\r\n  \r\n<script src=\"\/\/info.fujifilm.eu\/js\/forms2\/js\/forms2.min.js\"><\/script> <form id=\"mktoForm_6123\" action=\"\"><input type=\"hidden\" name=\"trp-form-language\" value=\"fr\"\/><\/form> <script>MktoForms2.loadForm(\"\/\/info.fujifilm.eu\", \"060-MIY-956\", 6123);<\/script> \r\n   \r\n\r\n  \r\n\r\n \r\n\r\n\r\n\r\n\n\t\t<div id=\"confirmform\" style=\"visibility:hidden;\">\n                            <p><strong>Merci pour votre demande, quelqu&#039;un vous contactera bient\u00f4t.<\/strong><\/p>\n              \n        <\/div>\n\t<\/div>\n<\/section>","protected":false},"excerpt":{"rendered":"","protected":false},"author":1,"featured_media":0,"parent":0,"menu_order":0,"comment_status":"closed","ping_status":"closed","template":"","meta":{"inline_featured_image":false,"footnotes":""},"class_list":["post-120","page","type-page","status-publish","hentry"],"acf":[],"yoast_head":"<!-- This site is optimized with the Yoast SEO plugin v22.5 - https:\/\/yoast.com\/wordpress\/plugins\/seo\/ -->\n<title>Fujifilm Apeos Multifunction Printers EMEA<\/title>\n<meta name=\"description\" content=\"At Fujifilm we have a commitment to print, and the technologies that bring it to life. Learn more about Apeos here.\" \/>\n<meta name=\"robots\" content=\"noindex, follow, max-snippet:-1, max-image-preview:large, max-video-preview:-1\" \/>\n<meta property=\"og:locale\" content=\"fr_FR\" \/>\n<meta property=\"og:type\" content=\"article\" \/>\n<meta property=\"og:title\" content=\"Fujifilm Apeos Multifunction Printers EMEA\" \/>\n<meta property=\"og:description\" content=\"At Fujifilm we have a commitment to print, and the technologies that bring it to life. Learn more about Apeos here.\" \/>\n<meta property=\"og:url\" content=\"https:\/\/office-staging.fujifilmprint.eu\/fr\/\" \/>\n<meta property=\"og:site_name\" content=\"Fujifilm Office Printers EMEA\" \/>\n<meta property=\"article:modified_time\" content=\"2026-03-09T16:22:37+00:00\" \/>\n<meta name=\"twitter:card\" content=\"summary_large_image\" \/>\n<script type=\"application\/ld+json\" class=\"yoast-schema-graph\">{\"@context\":\"https:\/\/schema.org\",\"@graph\":[{\"@type\":\"WebPage\",\"@id\":\"https:\/\/office-staging.fujifilmprint.eu\/\",\"url\":\"https:\/\/office-staging.fujifilmprint.eu\/\",\"name\":\"Fujifilm Apeos Multifunction Printers EMEA\",\"isPartOf\":{\"@id\":\"https:\/\/office-staging.fujifilmprint.eu\/#website\"},\"datePublished\":\"2022-05-03T18:40:21+00:00\",\"dateModified\":\"2026-03-09T16:22:37+00:00\",\"description\":\"At Fujifilm we have a commitment to print, and the technologies that bring it to life. Learn more about Apeos here.\",\"breadcrumb\":{\"@id\":\"https:\/\/office-staging.fujifilmprint.eu\/#breadcrumb\"},\"inLanguage\":\"fr-FR\",\"potentialAction\":[{\"@type\":\"ReadAction\",\"target\":[\"https:\/\/office-staging.fujifilmprint.eu\/\"]}]},{\"@type\":\"BreadcrumbList\",\"@id\":\"https:\/\/office-staging.fujifilmprint.eu\/#breadcrumb\",\"itemListElement\":[{\"@type\":\"ListItem\",\"position\":1,\"name\":\"Home\",\"item\":\"https:\/\/office-staging.fujifilmprint.eu\/\"},{\"@type\":\"ListItem\",\"position\":2,\"name\":\"Home\"}]},{\"@type\":\"WebSite\",\"@id\":\"https:\/\/office-staging.fujifilmprint.eu\/#website\",\"url\":\"https:\/\/office-staging.fujifilmprint.eu\/\",\"name\":\"Fujifilm Office Printers EMEA\",\"description\":\"\",\"publisher\":{\"@id\":\"https:\/\/office-staging.fujifilmprint.eu\/#organization\"},\"potentialAction\":[{\"@type\":\"SearchAction\",\"target\":{\"@type\":\"EntryPoint\",\"urlTemplate\":\"https:\/\/office-staging.fujifilmprint.eu\/?s={search_term_string}\"},\"query-input\":\"required name=search_term_string\"}],\"inLanguage\":\"fr-FR\"},{\"@type\":\"Organization\",\"@id\":\"https:\/\/office-staging.fujifilmprint.eu\/#organization\",\"name\":\"Fujifilm Office Printers EMEA\",\"url\":\"https:\/\/office-staging.fujifilmprint.eu\/\",\"logo\":{\"@type\":\"ImageObject\",\"inLanguage\":\"fr-FR\",\"@id\":\"https:\/\/office-staging.fujifilmprint.eu\/#\/schema\/logo\/image\/\",\"url\":\"https:\/\/office-staging.fujifilmprint.eu\/wp-content\/uploads\/2024\/05\/fujifilm-1.png\",\"contentUrl\":\"https:\/\/office-staging.fujifilmprint.eu\/wp-content\/uploads\/2024\/05\/fujifilm-1.png\",\"width\":416,\"height\":70,\"caption\":\"Fujifilm Office Printers EMEA\"},\"image\":{\"@id\":\"https:\/\/office-staging.fujifilmprint.eu\/#\/schema\/logo\/image\/\"}}]}<\/script>\n<!-- \/ Yoast SEO plugin. -->","yoast_head_json":{"title":"Fujifilm Imprimantes multifonctions Apeos EMEA","description":"Chez Fujifilm, nous nous engageons en faveur de l'impression et des technologies qui lui donnent vie. Pour en savoir plus sur Apeos, cliquez ici.","robots":{"index":"noindex","follow":"follow","max-snippet":"max-snippet:-1","max-image-preview":"max-image-preview:large","max-video-preview":"max-video-preview:-1"},"og_locale":"fr_FR","og_type":"article","og_title":"Fujifilm Apeos Multifunction Printers EMEA","og_description":"At Fujifilm we have a commitment to print, and the technologies that bring it to life. Learn more about Apeos here.","og_url":"https:\/\/office-staging.fujifilmprint.eu\/fr\/","og_site_name":"Fujifilm Office Printers EMEA","article_modified_time":"2026-03-09T16:22:37+00:00","twitter_card":"summary_large_image","schema":{"@context":"https:\/\/schema.org","@graph":[{"@type":"WebPage","@id":"https:\/\/office-staging.fujifilmprint.eu\/","url":"https:\/\/office-staging.fujifilmprint.eu\/","name":"Fujifilm Imprimantes multifonctions Apeos EMEA","isPartOf":{"@id":"https:\/\/office-staging.fujifilmprint.eu\/#website"},"datePublished":"2022-05-03T18:40:21+00:00","dateModified":"2026-03-09T16:22:37+00:00","description":"Chez Fujifilm, nous nous engageons en faveur de l'impression et des technologies qui lui donnent vie. Pour en savoir plus sur Apeos, cliquez ici.","breadcrumb":{"@id":"https:\/\/office-staging.fujifilmprint.eu\/#breadcrumb"},"inLanguage":"fr-FR","potentialAction":[{"@type":"ReadAction","target":["https:\/\/office-staging.fujifilmprint.eu\/"]}]},{"@type":"BreadcrumbList","@id":"https:\/\/office-staging.fujifilmprint.eu\/#breadcrumb","itemListElement":[{"@type":"ListItem","position":1,"name":"Home","item":"https:\/\/office-staging.fujifilmprint.eu\/"},{"@type":"ListItem","position":2,"name":"Home"}]},{"@type":"WebSite","@id":"https:\/\/office-staging.fujifilmprint.eu\/#website","url":"https:\/\/office-staging.fujifilmprint.eu\/","name":"Fujifilm Imprimantes de bureau EMEA","description":"","publisher":{"@id":"https:\/\/office-staging.fujifilmprint.eu\/#organization"},"potentialAction":[{"@type":"SearchAction","target":{"@type":"EntryPoint","urlTemplate":"https:\/\/office-staging.fujifilmprint.eu\/?s={search_term_string}"},"query-input":"required name=search_term_string"}],"inLanguage":"fr-FR"},{"@type":"Organization","@id":"https:\/\/office-staging.fujifilmprint.eu\/#organization","name":"Fujifilm Imprimantes de bureau EMEA","url":"https:\/\/office-staging.fujifilmprint.eu\/","logo":{"@type":"ImageObject","inLanguage":"fr-FR","@id":"https:\/\/office-staging.fujifilmprint.eu\/#\/schema\/logo\/image\/","url":"https:\/\/office-staging.fujifilmprint.eu\/wp-content\/uploads\/2024\/05\/fujifilm-1.png","contentUrl":"https:\/\/office-staging.fujifilmprint.eu\/wp-content\/uploads\/2024\/05\/fujifilm-1.png","width":416,"height":70,"caption":"Fujifilm Office Printers EMEA"},"image":{"@id":"https:\/\/office-staging.fujifilmprint.eu\/#\/schema\/logo\/image\/"}}]}},"_links":{"self":[{"href":"https:\/\/office-staging.fujifilmprint.eu\/fr\/wp-json\/wp\/v2\/pages\/120","targetHints":{"allow":["GET"]}}],"collection":[{"href":"https:\/\/office-staging.fujifilmprint.eu\/fr\/wp-json\/wp\/v2\/pages"}],"about":[{"href":"https:\/\/office-staging.fujifilmprint.eu\/fr\/wp-json\/wp\/v2\/types\/page"}],"author":[{"embeddable":true,"href":"https:\/\/office-staging.fujifilmprint.eu\/fr\/wp-json\/wp\/v2\/users\/1"}],"replies":[{"embeddable":true,"href":"https:\/\/office-staging.fujifilmprint.eu\/fr\/wp-json\/wp\/v2\/comments?post=120"}],"version-history":[{"count":636,"href":"https:\/\/office-staging.fujifilmprint.eu\/fr\/wp-json\/wp\/v2\/pages\/120\/revisions"}],"predecessor-version":[{"id":21741,"href":"https:\/\/office-staging.fujifilmprint.eu\/fr\/wp-json\/wp\/v2\/pages\/120\/revisions\/21741"}],"wp:attachment":[{"href":"https:\/\/office-staging.fujifilmprint.eu\/fr\/wp-json\/wp\/v2\/media?parent=120"}],"curies":[{"name":"wp","href":"https:\/\/api.w.org\/{rel}","templated":true}]}}