{"id":19725,"date":"2024-07-29T15:51:29","date_gmt":"2024-07-29T14:51:29","guid":{"rendered":"https:\/\/office-staging.fujifilmprint.eu\/?page_id=19725"},"modified":"2025-07-14T17:30:30","modified_gmt":"2025-07-14T16:30:30","slug":"quality","status":"publish","type":"page","link":"https:\/\/office-staging.fujifilmprint.eu\/fr\/quality\/","title":{"rendered":"Qualit\u00e9\u00a0"},"content":{"rendered":"<section id=\"green-header\">\n\t<div class=\"container-fluid green-pt\" style=\"background-image: url('https:\/\/office-staging.fujifilmprint.eu\/wp-content\/uploads\/2024\/09\/quality-header-2000x357-1.jpg');background-size: cover;padding: 0;\">\n\t<div class=\"overlay\" style=\"padding: 75px 0;\">\t\t<div class=\"container\">\n\t\t\t<h2 style=\"color: #00e5c2;\">\n\t\t\t\tSoucieux de proposer des produits de qualit\u00e9\u00a0\t\t\t<\/h2>\n\t\t\t<h3 style=\"color: #fff;margin-top: 25px;letter-spacing: -1px;font-size: 29px;font-weight: 500;\">\n\t\t\t\tDes performances \u00e9lev\u00e9es pour une qualit\u00e9 d\u2019impression sup\u00e9rieure\t\t\t<\/h3>\n\t\t<\/div>\n\t<\/div>\t<\/div>\n<\/section>\n\n<div style=\"height:50px;\">\n<\/div>\n\n<section id=\"txt-header\">\n\t<div class=\"container block-text-header\">\n\t\t<h3>Pourquoi Apeos\u00a0?<\/h3>\n\t\t<h2>B\u00e9n\u00e9ficiez d\u2019une qualit\u00e9 d\u2019impression sup\u00e9rieure gr\u00e2ce \u00e0 une r\u00e9solution DPI in\u00e9gal\u00e9e, et aidez votre entreprise \u00e0 obtenir un avantage concurrentiel.<\/h2>\n\t\t<p><p><span class=\"ui-provider a b c d e f g h i j k l m n o p q r s t u v w x y z ab ac ae af ag ah ai aj ak\" dir=\"ltr\">Des impressions de haute qualit\u00e9 vous donneront une image plus professionnelle et feront bonne impression aupr\u00e8s de vos clients, partenaires et autres parties prenantes. Les entreprises proposant syst\u00e9matiquement des supports papier de qualit\u00e9 sup\u00e9rieure peuvent prendre une longueur d\u2019avance sur leurs concurrents, en \u00e9tant per\u00e7ues comme plus professionnelles, fiables et minutieuses.<\/span><\/p>\n<p>Les impressions haut de gamme sont plus durables et plus r\u00e9sistantes aux t\u00e2ches et aux d\u00e9colorations. Les documents importants resteront ainsi intacts et parfaitement lisibles dans le temps. Les imprimantes Apeos de Fujifilm sont capables de prendre en charge une grande vari\u00e9t\u00e9 de types et de formats de supports. Une polyvalence qui saura r\u00e9pondre aux diff\u00e9rents besoins des entreprises, des documents standard aux affiches A3. Produire des impressions de qualit\u00e9 sup\u00e9rieure a un impact direct sur le moral et la productivit\u00e9 de vos collaborateurs, qui peuvent ainsi donner le meilleur d\u2019eux-m\u00eames en toute s\u00e9r\u00e9nit\u00e9.<\/p>\n<p>Si l\u2019impression haut de gamme peut sembler plus co\u00fbteuse de prime abord, elle permet de r\u00e9aliser des \u00e9conomies en r\u00e9duisant le nombre de r\u00e9impressions et en garantissant des supports adapt\u00e9s \u00e0 leur finalit\u00e9. La couleur est un \u00e9l\u00e9ment cl\u00e9 de la qualit\u00e9 d\u2019impression. Un rendu homog\u00e8ne et fid\u00e8le des couleurs assure la coh\u00e9rence de la marque sur l\u2019ensemble des supports imprim\u00e9s, renfor\u00e7ant l\u2019identit\u00e9 de la marque et assurant le respect de l\u2019identit\u00e9 visuelle de l\u2019entreprise.<\/p>\n<p>La gamme Apeos propose \u00e9galement des options \u00e9coresponsables, comme l\u2019impression recto verso et les modes \u00e9co\u00e9nerg\u00e9tiques, afin de favoriser le d\u00e9veloppement durable sans sacrifier la qualit\u00e9 d\u2019impression.<\/p>\n<\/p>\n\t<\/div>\n<\/section>\n\n<section id=\"txt-header\">\n\t<div class=\"container block-text-header\">\n\t\t<h3>Principales caract\u00e9ristiques<\/h3>\n\t\t<h2><\/h2>\n\t\t<p><p><strong>L\u2019EXPERTISE FUJIFILM:<\/strong> Soutenu par 60 ans d\u2019expertise Fujifilm, et suite \u00e0 un \u00e9norme succ\u00e8s en Asie-Pacifique, Apeos est d\u00e9sormais disponible en France pour faire passer vos performances commerciales au niveau sup\u00e9rieur.<\/p>\n<p><strong>EXPERTISE DE PREMIER PLAN DANS LA TECHNOLOGIE \u00c0 BASE DE TONER : <\/strong>Fujifilm a une longue histoire d\u2019introduction de copieurs de bureau innovants \u00e0 base de toner, d\u2019imprimantes monochromes et de syst\u00e8mes d\u2019impression commerciale en couleur, ainsi que d\u2019importantes solutions de documents et de services aux entreprises, d\u00e9velopp\u00e9es par FUJIFILM Business Innovation Corporation.<\/p>\n<p><img loading=\"lazy\" decoding=\"async\" class=\"aligncenter wp-image-20370\" src=\"https:\/\/office-staging.fujifilmprint.eu\/wp-content\/uploads\/2024\/10\/FUJ13556-Infographics-v3-FR-07-v2.svg\" alt=\"\" width=\"600\" height=\"150\" \/><\/p>\n<p><strong>UNE QUALIT\u00c9 SUP\u00c9RIEURE \u00c0 GRANDE VITESSE:<\/strong> Dot\u00e9e d\u2019une t\u00eate d\u2019impression LED haute r\u00e9solution, cette gamme d\u00e9livre des r\u00e9sultats d\u2019une qualit\u00e9 in\u00e9gal\u00e9e \u00e0 une cadence exceptionnelle, gr\u00e2ce \u00e0 ses fonctions avanc\u00e9es d\u2019impression et de num\u00e9risation.<\/p>\n<p><strong>LA MEILLEURE R\u00c9SOLUTION D\u2019IMPRESSION DU MARCH\u00c9\u00a0:<\/strong> Impressions haute r\u00e9solution de 1\u00a0200 x 2\u00a0400\u00a0ppp r\u00e9alis\u00e9es \u00e0 l\u2019aide d\u2019une t\u00eate d\u2019impression LED, ainsi qu\u2019une reproduction fluide des lignes et du texte gr\u00e2ce \u00e0 un traitement d\u2019am\u00e9lioration d\u2019image.<\/p>\n<p><img decoding=\"async\" class=\"alignnone size-full wp-image-20324\" src=\"https:\/\/office-staging.fujifilmprint.eu\/wp-content\/uploads\/2024\/10\/FUJ13556-Infographics-v3-FR-11.svg\" alt=\"\" \/><\/p>\n<\/p>\n\t<\/div>\n<\/section>\n\n<div style=\"height:100px;\">\n<\/div>\n\n\r\n<style>\r\n.icon-block-link{\r\n\ttext-decoration: none;\r\n\tcolor: black;\r\n}\r\n.icon-block-link:hover .poi-icons-printers .icon-block-icon{\r\n\ttransform: scale(1.2);\r\n    filter: invert(69%) sepia(96%) saturate(1997%) hue-rotate(120deg) brightness(99%) contrast(101%) !important;\r\n\ttransition: 0.4s;\r\n}\r\n<\/style>\r\n<section id=\"tc-icons\" class=\"printer-icons\">\r\n\t<div class=\"container block-three-column-icons\">\r\n\t\t<h2>D\u00e9couvrez la gamme de multifonctions Apeos\u00a0:<\/h2>\r\n\t\t<div class=\"row\" style=\"margin-top: 70px;\">\r\n\t\t\t\t\t\t\t\t\t\t\t\t<div class=\"col-sm\">\r\n                    <a href=\"https:\/\/office-staging.fujifilmprint.eu\/fr\/product\/apeos-c4030-series\/\" class=\"icon-block-link\">\r\n                        <div class=\"icons-flex\">\r\n                                <div class=\"poi-icons-printers\" style=\"background-color: transparent;\">\r\n                                    <img decoding=\"async\" class=\"icon-block-icon\" src=\"\/wp-content\/uploads\/2024\/08\/C4030.svg\" style=\"filter: brightness(0);\" \/>\r\n                                <\/div>\r\n                            <div class=\"icon-content\">\r\n                            <p>\r\n                                <strong>S\u00e9rie Apeos\u00a0C4030<\/strong>\r\n                            <\/p>\r\n                                <p style=\"padding: 0 15px;\">Impression A4 sans compromis sur la qualit\u00e9<\/p>\r\n                                <\/div>\r\n                        <\/div>\r\n                        <\/a>\r\n\t\t\t\t\t<\/div>\r\n\t\t\t\t\t\t\t\t\t<div class=\"col-sm\">\r\n                    <a href=\"https:\/\/office-staging.fujifilmprint.eu\/fr\/product\/apeos-c3060-series\/\" class=\"icon-block-link\">\r\n                        <div class=\"icons-flex\">\r\n                                <div class=\"poi-icons-printers\" style=\"background-color: transparent;\">\r\n                                    <img decoding=\"async\" class=\"icon-block-icon\" src=\"\/wp-content\/uploads\/2024\/08\/C3060.svg\" style=\"filter: brightness(0);\" \/>\r\n                                <\/div>\r\n                            <div class=\"icon-content\">\r\n                            <p>\r\n                                <strong>S\u00e9rie Apeos\u00a0C3060<\/strong>\r\n                            <\/p>\r\n                                <p style=\"padding: 0 15px;\">Impression A3 configurable et flexibilit\u00e9 ultime<\/p>\r\n                                <\/div>\r\n                        <\/div>\r\n                        <\/a>\r\n\t\t\t\t\t<\/div>\r\n\t\t\t\t\t\t\t\t\t<div class=\"col-sm\">\r\n                    <a href=\"https:\/\/office-staging.fujifilmprint.eu\/fr\/product\/apeos-c7070-series\/\" class=\"icon-block-link\">\r\n                        <div class=\"icons-flex\">\r\n                                <div class=\"poi-icons-printers\" style=\"background-color: transparent;\">\r\n                                    <img decoding=\"async\" class=\"icon-block-icon\" src=\"\/wp-content\/uploads\/2024\/08\/C7070.svg\" style=\"filter: brightness(0);\" \/>\r\n                                <\/div>\r\n                            <div class=\"icon-content\">\r\n                            <p>\r\n                                <strong>S\u00e9rie Apeos\u00a0C7070<\/strong>\r\n                            <\/p>\r\n                                <p style=\"padding: 0 15px;\">Impression A3 haut de gamme robuste et intuitive <br>Impression A3<\/p>\r\n                                <\/div>\r\n                        <\/div>\r\n                        <\/a>\r\n\t\t\t\t\t<\/div>\r\n\t\t\t\t\t\t\t\t\t<\/div>\r\n\t<\/div>\r\n<\/section>\n\n<div style=\"height:50px;\">\n<\/div>\n\n<div id=\"contact\"><\/div>\n\n<div style=\"height:50px;\">\n<\/div>\n\n<section id=\"dark-form\">\n\t<div id=\"footer-form\" class=\"container\">\n\t\t<h2 class=\"translation-block\">Conquis par les performances de la gamme Apeos\u00a0?<\/h2>\n\n\t\t  \r\n  \r\n<script src=\"\/\/info.fujifilm.eu\/js\/forms2\/js\/forms2.min.js\"><\/script> <form id=\"mktoForm_6123\" action=\"\"><input type=\"hidden\" name=\"trp-form-language\" value=\"fr\"\/><\/form> <script>MktoForms2.loadForm(\"\/\/info.fujifilm.eu\", \"060-MIY-956\", 6123);<\/script> \r\n   \r\n  \r\n \r\n\r\n  \n\t\t<div id=\"confirmform\" style=\"visibility:hidden;\">\n                            <p><strong>Merci pour votre demande, quelqu&#039;un vous contactera bient\u00f4t.<\/strong><\/p>\n              \n        <\/div>\n\t<\/div>\n<\/section>","protected":false},"excerpt":{"rendered":"","protected":false},"author":7,"featured_media":0,"parent":0,"menu_order":0,"comment_status":"closed","ping_status":"closed","template":"","meta":{"inline_featured_image":false,"footnotes":""},"class_list":["post-19725","page","type-page","status-publish","hentry"],"acf":[],"yoast_head":"<!-- This site is optimized with the Yoast SEO plugin v22.5 - https:\/\/yoast.com\/wordpress\/plugins\/seo\/ -->\n<title>Quality | Fujifilm Apeos Multifunction Printers EMEA<\/title>\n<meta name=\"description\" content=\"Businesses that produce high-quality printed materials can gain a competitive edge. Discover why your business needs Apeos MFPs.\" \/>\n<meta name=\"robots\" content=\"noindex, follow, max-snippet:-1, max-image-preview:large, max-video-preview:-1\" \/>\n<meta property=\"og:locale\" content=\"fr_FR\" \/>\n<meta property=\"og:type\" content=\"article\" \/>\n<meta property=\"og:title\" content=\"Quality | Fujifilm Apeos Multifunction Printers EMEA\" \/>\n<meta property=\"og:description\" content=\"Businesses that produce high-quality printed materials can gain a competitive edge. Discover why your business needs Apeos MFPs.\" \/>\n<meta property=\"og:url\" content=\"https:\/\/office-staging.fujifilmprint.eu\/fr\/quality\/\" \/>\n<meta property=\"og:site_name\" content=\"Fujifilm Office Printers EMEA\" \/>\n<meta property=\"article:modified_time\" content=\"2025-07-14T16:30:30+00:00\" \/>\n<meta name=\"twitter:card\" content=\"summary_large_image\" \/>\n<script type=\"application\/ld+json\" class=\"yoast-schema-graph\">{\"@context\":\"https:\/\/schema.org\",\"@graph\":[{\"@type\":\"WebPage\",\"@id\":\"https:\/\/office-staging.fujifilmprint.eu\/quality\/\",\"url\":\"https:\/\/office-staging.fujifilmprint.eu\/quality\/\",\"name\":\"Quality | Fujifilm Apeos Multifunction Printers EMEA\",\"isPartOf\":{\"@id\":\"https:\/\/office-staging.fujifilmprint.eu\/#website\"},\"datePublished\":\"2024-07-29T14:51:29+00:00\",\"dateModified\":\"2025-07-14T16:30:30+00:00\",\"description\":\"Businesses that produce high-quality printed materials can gain a competitive edge. Discover why your business needs Apeos MFPs.\",\"breadcrumb\":{\"@id\":\"https:\/\/office-staging.fujifilmprint.eu\/quality\/#breadcrumb\"},\"inLanguage\":\"fr-FR\",\"potentialAction\":[{\"@type\":\"ReadAction\",\"target\":[\"https:\/\/office-staging.fujifilmprint.eu\/quality\/\"]}]},{\"@type\":\"BreadcrumbList\",\"@id\":\"https:\/\/office-staging.fujifilmprint.eu\/quality\/#breadcrumb\",\"itemListElement\":[{\"@type\":\"ListItem\",\"position\":1,\"name\":\"Home\",\"item\":\"https:\/\/office-staging.fujifilmprint.eu\/\"},{\"@type\":\"ListItem\",\"position\":2,\"name\":\"Quality\"}]},{\"@type\":\"WebSite\",\"@id\":\"https:\/\/office-staging.fujifilmprint.eu\/#website\",\"url\":\"https:\/\/office-staging.fujifilmprint.eu\/\",\"name\":\"Fujifilm Office Printers EMEA\",\"description\":\"\",\"publisher\":{\"@id\":\"https:\/\/office-staging.fujifilmprint.eu\/#organization\"},\"potentialAction\":[{\"@type\":\"SearchAction\",\"target\":{\"@type\":\"EntryPoint\",\"urlTemplate\":\"https:\/\/office-staging.fujifilmprint.eu\/?s={search_term_string}\"},\"query-input\":\"required name=search_term_string\"}],\"inLanguage\":\"fr-FR\"},{\"@type\":\"Organization\",\"@id\":\"https:\/\/office-staging.fujifilmprint.eu\/#organization\",\"name\":\"Fujifilm Office Printers EMEA\",\"url\":\"https:\/\/office-staging.fujifilmprint.eu\/\",\"logo\":{\"@type\":\"ImageObject\",\"inLanguage\":\"fr-FR\",\"@id\":\"https:\/\/office-staging.fujifilmprint.eu\/#\/schema\/logo\/image\/\",\"url\":\"https:\/\/office-staging.fujifilmprint.eu\/wp-content\/uploads\/2024\/05\/fujifilm-1.png\",\"contentUrl\":\"https:\/\/office-staging.fujifilmprint.eu\/wp-content\/uploads\/2024\/05\/fujifilm-1.png\",\"width\":416,\"height\":70,\"caption\":\"Fujifilm Office Printers EMEA\"},\"image\":{\"@id\":\"https:\/\/office-staging.fujifilmprint.eu\/#\/schema\/logo\/image\/\"}}]}<\/script>\n<!-- \/ Yoast SEO plugin. -->","yoast_head_json":{"title":"Qualit\u00e9 | Fujifilm Imprimantes multifonctions Apeos EMEA","description":"Les entreprises qui produisent des documents imprim\u00e9s de haute qualit\u00e9 peuvent acqu\u00e9rir un avantage concurrentiel. D\u00e9couvrez pourquoi votre entreprise a besoin des MFP d'Apeos.","robots":{"index":"noindex","follow":"follow","max-snippet":"max-snippet:-1","max-image-preview":"max-image-preview:large","max-video-preview":"max-video-preview:-1"},"og_locale":"fr_FR","og_type":"article","og_title":"Quality | Fujifilm Apeos Multifunction Printers EMEA","og_description":"Businesses that produce high-quality printed materials can gain a competitive edge. Discover why your business needs Apeos MFPs.","og_url":"https:\/\/office-staging.fujifilmprint.eu\/fr\/quality\/","og_site_name":"Fujifilm Office Printers EMEA","article_modified_time":"2025-07-14T16:30:30+00:00","twitter_card":"summary_large_image","schema":{"@context":"https:\/\/schema.org","@graph":[{"@type":"WebPage","@id":"https:\/\/office-staging.fujifilmprint.eu\/quality\/","url":"https:\/\/office-staging.fujifilmprint.eu\/quality\/","name":"Qualit\u00e9 | Fujifilm Imprimantes multifonctions Apeos EMEA","isPartOf":{"@id":"https:\/\/office-staging.fujifilmprint.eu\/#website"},"datePublished":"2024-07-29T14:51:29+00:00","dateModified":"2025-07-14T16:30:30+00:00","description":"Les entreprises qui produisent des documents imprim\u00e9s de haute qualit\u00e9 peuvent acqu\u00e9rir un avantage concurrentiel. D\u00e9couvrez pourquoi votre entreprise a besoin des MFP d'Apeos.","breadcrumb":{"@id":"https:\/\/office-staging.fujifilmprint.eu\/quality\/#breadcrumb"},"inLanguage":"fr-FR","potentialAction":[{"@type":"ReadAction","target":["https:\/\/office-staging.fujifilmprint.eu\/quality\/"]}]},{"@type":"BreadcrumbList","@id":"https:\/\/office-staging.fujifilmprint.eu\/quality\/#breadcrumb","itemListElement":[{"@type":"ListItem","position":1,"name":"Home","item":"https:\/\/office-staging.fujifilmprint.eu\/"},{"@type":"ListItem","position":2,"name":"Quality"}]},{"@type":"WebSite","@id":"https:\/\/office-staging.fujifilmprint.eu\/#website","url":"https:\/\/office-staging.fujifilmprint.eu\/","name":"Fujifilm Imprimantes de bureau EMEA","description":"","publisher":{"@id":"https:\/\/office-staging.fujifilmprint.eu\/#organization"},"potentialAction":[{"@type":"SearchAction","target":{"@type":"EntryPoint","urlTemplate":"https:\/\/office-staging.fujifilmprint.eu\/?s={search_term_string}"},"query-input":"required name=search_term_string"}],"inLanguage":"fr-FR"},{"@type":"Organization","@id":"https:\/\/office-staging.fujifilmprint.eu\/#organization","name":"Fujifilm Imprimantes de bureau EMEA","url":"https:\/\/office-staging.fujifilmprint.eu\/","logo":{"@type":"ImageObject","inLanguage":"fr-FR","@id":"https:\/\/office-staging.fujifilmprint.eu\/#\/schema\/logo\/image\/","url":"https:\/\/office-staging.fujifilmprint.eu\/wp-content\/uploads\/2024\/05\/fujifilm-1.png","contentUrl":"https:\/\/office-staging.fujifilmprint.eu\/wp-content\/uploads\/2024\/05\/fujifilm-1.png","width":416,"height":70,"caption":"Fujifilm Office Printers EMEA"},"image":{"@id":"https:\/\/office-staging.fujifilmprint.eu\/#\/schema\/logo\/image\/"}}]}},"_links":{"self":[{"href":"https:\/\/office-staging.fujifilmprint.eu\/fr\/wp-json\/wp\/v2\/pages\/19725","targetHints":{"allow":["GET"]}}],"collection":[{"href":"https:\/\/office-staging.fujifilmprint.eu\/fr\/wp-json\/wp\/v2\/pages"}],"about":[{"href":"https:\/\/office-staging.fujifilmprint.eu\/fr\/wp-json\/wp\/v2\/types\/page"}],"author":[{"embeddable":true,"href":"https:\/\/office-staging.fujifilmprint.eu\/fr\/wp-json\/wp\/v2\/users\/7"}],"replies":[{"embeddable":true,"href":"https:\/\/office-staging.fujifilmprint.eu\/fr\/wp-json\/wp\/v2\/comments?post=19725"}],"version-history":[{"count":88,"href":"https:\/\/office-staging.fujifilmprint.eu\/fr\/wp-json\/wp\/v2\/pages\/19725\/revisions"}],"predecessor-version":[{"id":21386,"href":"https:\/\/office-staging.fujifilmprint.eu\/fr\/wp-json\/wp\/v2\/pages\/19725\/revisions\/21386"}],"wp:attachment":[{"href":"https:\/\/office-staging.fujifilmprint.eu\/fr\/wp-json\/wp\/v2\/media?parent=19725"}],"curies":[{"name":"wp","href":"https:\/\/api.w.org\/{rel}","templated":true}]}}