{"id":19742,"date":"2024-07-30T14:27:33","date_gmt":"2024-07-30T13:27:33","guid":{"rendered":"https:\/\/office-staging.fujifilmprint.eu\/?page_id=19742"},"modified":"2025-07-14T17:30:18","modified_gmt":"2025-07-14T16:30:18","slug":"efficiency","status":"publish","type":"page","link":"https:\/\/office-staging.fujifilmprint.eu\/fr\/efficiency\/","title":{"rendered":"Efficacit\u00e9\u00a0"},"content":{"rendered":"<section id=\"green-header\">\n\t<div class=\"container-fluid green-pt\" style=\"background-image: url('https:\/\/office-staging.fujifilmprint.eu\/wp-content\/uploads\/2024\/09\/efficiency-header-2000x324-1.jpg');background-size: cover;padding: 0;\">\n\t<div class=\"overlay\" style=\"padding: 75px 0;\">\t\t<div class=\"container\">\n\t\t\t<h2 style=\"color: #00e5c2;\">\n\t\t\t\tEn qu\u00eate d\u2019efficacit\u00e9\t\t\t<\/h2>\n\t\t\t<h3 style=\"color: #fff;margin-top: 25px;letter-spacing: -1px;font-size: 29px;font-weight: 500;\">\n\t\t\t\tun fonctionnement fiable qui stimule la productivit\u00e9\t\t\t<\/h3>\n\t\t<\/div>\n\t<\/div>\t<\/div>\n<\/section>\n\n<div style=\"height:50px;\">\n<\/div>\n\n<section id=\"txt-header\">\n\t<div class=\"container block-text-header\">\n\t\t<h3>Pourquoi Apeos\u00a0?<\/h3>\n\t\t<h2>Les imprimantes de bureau Apeos, alliant fiabilit\u00e9 et durabilit\u00e9, renforcent consid\u00e9rablement les activit\u00e9s des entreprises.<\/h2>\n\t\t<p><p>Ax\u00e9es sur la productivit\u00e9, ces imprimantes de bureau poss\u00e8dent plusieurs atouts capables d\u2019am\u00e9liorer consid\u00e9rablement les activit\u00e9s des entreprises. Tout d\u2019abord, la gamme de bureau Apeos repr\u00e9sente un gain de temps gr\u00e2ce \u00e0 ses capacit\u00e9s d\u2019impression haute vitesse. Les collaborateurs r\u00e9cup\u00e8rent leurs documents plus rapidement et peuvent se concentrer davantage sur leur c\u0153ur de m\u00e9tier, stimulant ainsi l\u2019efficacit\u00e9 globale de l\u2019entreprise.<\/p>\n<p>La gamme Apeos permet d\u2019augmenter la production en g\u00e9rant efficacement de grands volumes d\u2019impression, r\u00e9pondant ainsi aux besoins des environnements les plus exigeants. Les imprimantes Apeos de Fujifilm allient fiabilit\u00e9 et durabilit\u00e9, limitant ainsi les pannes et les besoins de maintenance, et par cons\u00e9quent les temps d\u2019arr\u00eat. Les solutions logicielles int\u00e9gr\u00e9es de Fujifilm facilitent les t\u00e2ches de gestion des documents telles que la num\u00e9risation, l\u2019archivage et le partage num\u00e9rique, optimisant ainsi les flux de travail et l\u2019accessibilit\u00e9 des documents.<\/p>\n<p>Les imprimantes de bureau Fujifilm se caract\u00e9risent par leur polyvalence. Capables de prendre en charge de nombreux types et de formats de supports, elles permettent \u00e0 votre entreprise de produire en interne un large \u00e9ventail de documents, allant des rapports standard aux supports marketing les plus pointus. \u00c9volutives, elles s\u2019adaptent \u00e0 l\u2019\u00e9volution et aux besoins d\u2019impression croissants de votre entreprise tout en restant performantes.<\/p>\n<p>Les imprimantes Apeos offrent une qualit\u00e9 d\u2019impression professionnelle.Vous avez ainsi la certitude d\u2019obtenir des documents impeccables qui donneront une bonne image de votre entreprise, qu\u2019ils soient destin\u00e9s \u00e0 un usage interne ou externe. Ce rendu professionnel renforce votre cr\u00e9dibilit\u00e9 et votre professionnalisme aupr\u00e8s de vos clients et dans vos communications professionnelles.<\/p>\n<\/p>\n\t<\/div>\n<\/section>\n\n<section id=\"txt-header\">\n\t<div class=\"container block-text-header\">\n\t\t<h3>Principales caract\u00e9ristiques<\/h3>\n\t\t<h2><\/h2>\n\t\t<p><p><strong>IMPRESSION SUR MULTIFONCTIONS\u00a0:<\/strong> L\u2019impression \u00e0 la demande sans serveur* permet d\u2019imprimer et de r\u00e9cup\u00e9rer des impressions depuis n\u2019importe quel multifonction connect\u00e9. Cette fonctionnalit\u00e9 am\u00e9liore la productivit\u00e9, puisque vous pouvez lancer une impression sur un autre multifonction disponible si celui que vous utilisez est d\u00e9j\u00e0 occup\u00e9.<\/p>\n<p><img decoding=\"async\" class=\"alignnone wp-image-20355 size-full\" src=\"https:\/\/office-staging.fujifilmprint.eu\/wp-content\/uploads\/2024\/08\/Multifunction-device-printing.svg\" alt=\"\" \/><\/p>\n<p><strong>HAUTEMENT RECOMMAND\u00c9 PAR BUYERS LAB:<\/strong> : Les Fujifilm Apeos C4030, C5570 et C7070 ont pass\u00e9 avec succ\u00e8s les tests de Keypoint Intelligence et ont re\u00e7u la note et le sceau d\u2019approbation hautement recommand\u00e9s de Buyers Lab.<\/p>\n<p><strong>PARTAGEZ DES INFORMATIONS \u00c0 TOUT MOMENT, N\u2019IMPORTE O\u00d9:\u00a0<\/strong>Gr\u00e2ce au logiciel de gestion de documents et \u00e0 l\u2019acc\u00e8s \u00e0 Internet, les documents peuvent \u00eatre consult\u00e9s ind\u00e9pendamment du moment et du lieu.<\/p>\n<p><img loading=\"lazy\" decoding=\"async\" class=\"wp-image-20796 size-large aligncenter\" src=\"https:\/\/office-staging.fujifilmprint.eu\/wp-content\/uploads\/2024\/10\/FUJ13556-Infographics-v3-FR-13-v2.svg\" alt=\"\" width=\"640\" height=\"640\" \/><\/p>\n<p><strong>NUM\u00c9RISATION RAPIDE DE GRANDS VOLUMES\u00a0:<\/strong> Num\u00e9risez instantan\u00e9ment sans intervention manuelle gr\u00e2ce \u00e0 la num\u00e9risation couleur recto verso en un seul passage, \u00e0 une cadence maximale de 270\u00a0ppm. Le DADF en un seul passage n\u2019endommage pas le document d\u2019origine et le syst\u00e8me convertit automatiquement les originaux de formats personnalis\u00e9s en formats standard.<\/p>\n<p><strong>D\u00c9MARRAGE ET SORTIE RAPIDES\u00a0:<\/strong> Le temps de r\u00e9cup\u00e9ration \u00e0 partir du mode veille est de 5 secondes et celui de la premi\u00e8re copie est de 6,7 secondes (Apeos C3570), ce qui se traduit par une plus grande efficacit\u00e9.<\/p>\n<p><img loading=\"lazy\" decoding=\"async\" class=\"aligncenter wp-image-20799\" src=\"https:\/\/office-staging.fujifilmprint.eu\/wp-content\/uploads\/2024\/10\/FUJ13556-Infographics-v3-FR-14-v3.svg\" alt=\"\" width=\"1030\" height=\"318\" \/><\/p>\n<p><strong>NUM\u00c9RISATION DIRECTE POUR IMPRESSION\u00a0:<\/strong> Imprimez directement \u00e0 partir d\u2019une cl\u00e9 USB ou num\u00e9risez et enregistrez directement les donn\u00e9es sur une cl\u00e9 USB sans passer par un PC.\u00a0<\/p>\n<p><img decoding=\"async\" class=\"alignnone wp-image-20844 size-full\" src=\"https:\/\/office-staging.fujifilmprint.eu\/wp-content\/uploads\/2024\/10\/FUJ13556-Infographics-v3-FR-15.svg\" alt=\"\" \/><\/p>\n<p><strong>PANNEAU DE COMMANDE PORTABLE:<\/strong>Connexion facile aux dispositifs mobiles pour les travaux de copie, de t\u00e9l\u00e9copie, d\u2019impression et de num\u00e9risation. Le dispositif mobile peut servir d\u2019interface utilisateur alternative pour les op\u00e9rations de commande afin de limiter les points de contact communs.<\/p>\n<p><img loading=\"lazy\" decoding=\"async\" class=\"aligncenter wp-image-20393 size-large\" src=\"https:\/\/office-staging.fujifilmprint.eu\/wp-content\/uploads\/2024\/10\/FUJ13556-Infographics-v3-FR-16.svg\" alt=\"\" width=\"640\" height=\"640\" \/><\/p>\n<\/p>\n\t<\/div>\n<\/section>\n\n<div style=\"height:50px;\">\n<\/div>\n\n\r\n<style>\r\n.icon-block-link{\r\n\ttext-decoration: none;\r\n\tcolor: black;\r\n}\r\n.icon-block-link:hover .poi-icons-printers .icon-block-icon{\r\n\ttransform: scale(1.2);\r\n    filter: invert(69%) sepia(96%) saturate(1997%) hue-rotate(120deg) brightness(99%) contrast(101%) !important;\r\n\ttransition: 0.4s;\r\n}\r\n<\/style>\r\n<section id=\"tc-icons\" class=\"printer-icons\">\r\n\t<div class=\"container block-three-column-icons\">\r\n\t\t<h2>D\u00e9couvrez la gamme de multifonctions Apeos\u00a0:<\/h2>\r\n\t\t<div class=\"row\" style=\"margin-top: 70px;\">\r\n\t\t\t\t\t\t\t\t\t\t\t\t<div class=\"col-sm\">\r\n                    <a href=\"https:\/\/office-staging.fujifilmprint.eu\/fr\/product\/apeos-c4030-series\/\" class=\"icon-block-link\">\r\n                        <div class=\"icons-flex\">\r\n                                <div class=\"poi-icons-printers\" style=\"background-color: transparent;\">\r\n                                    <img decoding=\"async\" class=\"icon-block-icon\" src=\"\/wp-content\/uploads\/2024\/08\/C4030.svg\" style=\"filter: brightness(0);\" \/>\r\n                                <\/div>\r\n                            <div class=\"icon-content\">\r\n                            <p>\r\n                                <strong>S\u00e9rie Apeos\u00a0C4030<\/strong>\r\n                            <\/p>\r\n                                <p style=\"padding: 0 15px;\">Impression A4 sans compromis sur la qualit\u00e9<\/p>\r\n                                <\/div>\r\n                        <\/div>\r\n                        <\/a>\r\n\t\t\t\t\t<\/div>\r\n\t\t\t\t\t\t\t\t\t<div class=\"col-sm\">\r\n                    <a href=\"https:\/\/office-staging.fujifilmprint.eu\/fr\/product\/apeos-c3060-series\/\" class=\"icon-block-link\">\r\n                        <div class=\"icons-flex\">\r\n                                <div class=\"poi-icons-printers\" style=\"background-color: transparent;\">\r\n                                    <img decoding=\"async\" class=\"icon-block-icon\" src=\"\/wp-content\/uploads\/2024\/08\/C3060.svg\" style=\"filter: brightness(0);\" \/>\r\n                                <\/div>\r\n                            <div class=\"icon-content\">\r\n                            <p>\r\n                                <strong>S\u00e9rie Apeos\u00a0C3060<\/strong>\r\n                            <\/p>\r\n                                <p style=\"padding: 0 15px;\">Impression A3 configurable et flexibilit\u00e9 ultime<\/p>\r\n                                <\/div>\r\n                        <\/div>\r\n                        <\/a>\r\n\t\t\t\t\t<\/div>\r\n\t\t\t\t\t\t\t\t\t<div class=\"col-sm\">\r\n                    <a href=\"https:\/\/office-staging.fujifilmprint.eu\/fr\/product\/apeos-c7070-series\/\" class=\"icon-block-link\">\r\n                        <div class=\"icons-flex\">\r\n                                <div class=\"poi-icons-printers\" style=\"background-color: transparent;\">\r\n                                    <img decoding=\"async\" class=\"icon-block-icon\" src=\"\/wp-content\/uploads\/2024\/08\/C7070.svg\" style=\"filter: brightness(0);\" \/>\r\n                                <\/div>\r\n                            <div class=\"icon-content\">\r\n                            <p>\r\n                                <strong>S\u00e9rie Apeos\u00a0C7070<\/strong>\r\n                            <\/p>\r\n                                <p style=\"padding: 0 15px;\">Impression A3 haut de gamme robuste et intuitive <br>Impression A3<\/p>\r\n                                <\/div>\r\n                        <\/div>\r\n                        <\/a>\r\n\t\t\t\t\t<\/div>\r\n\t\t\t\t\t\t\t\t\t<\/div>\r\n\t<\/div>\r\n<\/section>\n\n<div id=\"contact\"><\/div>\n\n<div style=\"height:100px;\">\n<\/div>\n\n<section id=\"dark-form\">\n\t<div id=\"footer-form\" class=\"container\">\n\t\t<h2 class=\"translation-block\">Conquis par les performances de la gamme Apeos\u00a0?<\/h2>\n\n\t\t  \r\n  \r\n<script src=\"\/\/info.fujifilm.eu\/js\/forms2\/js\/forms2.min.js\"><\/script> <form id=\"mktoForm_6123\" action=\"\"><input type=\"hidden\" name=\"trp-form-language\" value=\"fr\"\/><\/form> <script>MktoForms2.loadForm(\"\/\/info.fujifilm.eu\", \"060-MIY-956\", 6123);<\/script> \r\n   \r\n  \r\n \r\n\r\n  \n\t\t<div id=\"confirmform\" style=\"visibility:hidden;\">\n                            <p><strong>Merci pour votre demande, quelqu&#039;un vous contactera bient\u00f4t.<\/strong><\/p>\n              \n        <\/div>\n\t<\/div>\n<\/section>","protected":false},"excerpt":{"rendered":"","protected":false},"author":7,"featured_media":0,"parent":0,"menu_order":0,"comment_status":"closed","ping_status":"closed","template":"","meta":{"inline_featured_image":false,"footnotes":""},"class_list":["post-19742","page","type-page","status-publish","hentry"],"acf":[],"yoast_head":"<!-- This site is optimized with the Yoast SEO plugin v22.5 - https:\/\/yoast.com\/wordpress\/plugins\/seo\/ -->\n<title>Efficiency | Fujifilm Apeos Multifunction Printers EMEA<\/title>\n<meta name=\"description\" content=\"Businesses that produce high-quality printed materials can gain a competitive edge. Discover why your business needs Apeos MFPs.\" \/>\n<meta name=\"robots\" content=\"noindex, follow, max-snippet:-1, max-image-preview:large, max-video-preview:-1\" \/>\n<meta property=\"og:locale\" content=\"fr_FR\" \/>\n<meta property=\"og:type\" content=\"article\" \/>\n<meta property=\"og:title\" content=\"Efficiency | Fujifilm Apeos Multifunction Printers EMEA\" \/>\n<meta property=\"og:description\" content=\"Businesses that produce high-quality printed materials can gain a competitive edge. Discover why your business needs Apeos MFPs.\" \/>\n<meta property=\"og:url\" content=\"https:\/\/office-staging.fujifilmprint.eu\/fr\/efficiency\/\" \/>\n<meta property=\"og:site_name\" content=\"Fujifilm Office Printers EMEA\" \/>\n<meta property=\"article:modified_time\" content=\"2025-07-14T16:30:18+00:00\" \/>\n<meta name=\"twitter:card\" content=\"summary_large_image\" \/>\n<script type=\"application\/ld+json\" class=\"yoast-schema-graph\">{\"@context\":\"https:\/\/schema.org\",\"@graph\":[{\"@type\":\"WebPage\",\"@id\":\"https:\/\/office-staging.fujifilmprint.eu\/efficiency\/\",\"url\":\"https:\/\/office-staging.fujifilmprint.eu\/efficiency\/\",\"name\":\"Efficiency | Fujifilm Apeos Multifunction Printers EMEA\",\"isPartOf\":{\"@id\":\"https:\/\/office-staging.fujifilmprint.eu\/#website\"},\"datePublished\":\"2024-07-30T13:27:33+00:00\",\"dateModified\":\"2025-07-14T16:30:18+00:00\",\"description\":\"Businesses that produce high-quality printed materials can gain a competitive edge. Discover why your business needs Apeos MFPs.\",\"breadcrumb\":{\"@id\":\"https:\/\/office-staging.fujifilmprint.eu\/efficiency\/#breadcrumb\"},\"inLanguage\":\"fr-FR\",\"potentialAction\":[{\"@type\":\"ReadAction\",\"target\":[\"https:\/\/office-staging.fujifilmprint.eu\/efficiency\/\"]}]},{\"@type\":\"BreadcrumbList\",\"@id\":\"https:\/\/office-staging.fujifilmprint.eu\/efficiency\/#breadcrumb\",\"itemListElement\":[{\"@type\":\"ListItem\",\"position\":1,\"name\":\"Home\",\"item\":\"https:\/\/office-staging.fujifilmprint.eu\/\"},{\"@type\":\"ListItem\",\"position\":2,\"name\":\"Efficiency\"}]},{\"@type\":\"WebSite\",\"@id\":\"https:\/\/office-staging.fujifilmprint.eu\/#website\",\"url\":\"https:\/\/office-staging.fujifilmprint.eu\/\",\"name\":\"Fujifilm Office Printers EMEA\",\"description\":\"\",\"publisher\":{\"@id\":\"https:\/\/office-staging.fujifilmprint.eu\/#organization\"},\"potentialAction\":[{\"@type\":\"SearchAction\",\"target\":{\"@type\":\"EntryPoint\",\"urlTemplate\":\"https:\/\/office-staging.fujifilmprint.eu\/?s={search_term_string}\"},\"query-input\":\"required name=search_term_string\"}],\"inLanguage\":\"fr-FR\"},{\"@type\":\"Organization\",\"@id\":\"https:\/\/office-staging.fujifilmprint.eu\/#organization\",\"name\":\"Fujifilm Office Printers EMEA\",\"url\":\"https:\/\/office-staging.fujifilmprint.eu\/\",\"logo\":{\"@type\":\"ImageObject\",\"inLanguage\":\"fr-FR\",\"@id\":\"https:\/\/office-staging.fujifilmprint.eu\/#\/schema\/logo\/image\/\",\"url\":\"https:\/\/office-staging.fujifilmprint.eu\/wp-content\/uploads\/2024\/05\/fujifilm-1.png\",\"contentUrl\":\"https:\/\/office-staging.fujifilmprint.eu\/wp-content\/uploads\/2024\/05\/fujifilm-1.png\",\"width\":416,\"height\":70,\"caption\":\"Fujifilm Office Printers EMEA\"},\"image\":{\"@id\":\"https:\/\/office-staging.fujifilmprint.eu\/#\/schema\/logo\/image\/\"}}]}<\/script>\n<!-- \/ Yoast SEO plugin. -->","yoast_head_json":{"title":"Efficacit\u00e9 | Fujifilm Imprimantes multifonctions Apeos EMEA","description":"Les entreprises qui produisent des documents imprim\u00e9s de haute qualit\u00e9 peuvent acqu\u00e9rir un avantage concurrentiel. D\u00e9couvrez pourquoi votre entreprise a besoin des MFP d'Apeos.","robots":{"index":"noindex","follow":"follow","max-snippet":"max-snippet:-1","max-image-preview":"max-image-preview:large","max-video-preview":"max-video-preview:-1"},"og_locale":"fr_FR","og_type":"article","og_title":"Efficiency | Fujifilm Apeos Multifunction Printers EMEA","og_description":"Businesses that produce high-quality printed materials can gain a competitive edge. Discover why your business needs Apeos MFPs.","og_url":"https:\/\/office-staging.fujifilmprint.eu\/fr\/efficiency\/","og_site_name":"Fujifilm Office Printers EMEA","article_modified_time":"2025-07-14T16:30:18+00:00","twitter_card":"summary_large_image","schema":{"@context":"https:\/\/schema.org","@graph":[{"@type":"WebPage","@id":"https:\/\/office-staging.fujifilmprint.eu\/efficiency\/","url":"https:\/\/office-staging.fujifilmprint.eu\/efficiency\/","name":"Efficacit\u00e9 | Fujifilm Imprimantes multifonctions Apeos EMEA","isPartOf":{"@id":"https:\/\/office-staging.fujifilmprint.eu\/#website"},"datePublished":"2024-07-30T13:27:33+00:00","dateModified":"2025-07-14T16:30:18+00:00","description":"Les entreprises qui produisent des documents imprim\u00e9s de haute qualit\u00e9 peuvent acqu\u00e9rir un avantage concurrentiel. D\u00e9couvrez pourquoi votre entreprise a besoin des MFP d'Apeos.","breadcrumb":{"@id":"https:\/\/office-staging.fujifilmprint.eu\/efficiency\/#breadcrumb"},"inLanguage":"fr-FR","potentialAction":[{"@type":"ReadAction","target":["https:\/\/office-staging.fujifilmprint.eu\/efficiency\/"]}]},{"@type":"BreadcrumbList","@id":"https:\/\/office-staging.fujifilmprint.eu\/efficiency\/#breadcrumb","itemListElement":[{"@type":"ListItem","position":1,"name":"Home","item":"https:\/\/office-staging.fujifilmprint.eu\/"},{"@type":"ListItem","position":2,"name":"Efficiency"}]},{"@type":"WebSite","@id":"https:\/\/office-staging.fujifilmprint.eu\/#website","url":"https:\/\/office-staging.fujifilmprint.eu\/","name":"Fujifilm Imprimantes de bureau EMEA","description":"","publisher":{"@id":"https:\/\/office-staging.fujifilmprint.eu\/#organization"},"potentialAction":[{"@type":"SearchAction","target":{"@type":"EntryPoint","urlTemplate":"https:\/\/office-staging.fujifilmprint.eu\/?s={search_term_string}"},"query-input":"required name=search_term_string"}],"inLanguage":"fr-FR"},{"@type":"Organization","@id":"https:\/\/office-staging.fujifilmprint.eu\/#organization","name":"Fujifilm Imprimantes de bureau EMEA","url":"https:\/\/office-staging.fujifilmprint.eu\/","logo":{"@type":"ImageObject","inLanguage":"fr-FR","@id":"https:\/\/office-staging.fujifilmprint.eu\/#\/schema\/logo\/image\/","url":"https:\/\/office-staging.fujifilmprint.eu\/wp-content\/uploads\/2024\/05\/fujifilm-1.png","contentUrl":"https:\/\/office-staging.fujifilmprint.eu\/wp-content\/uploads\/2024\/05\/fujifilm-1.png","width":416,"height":70,"caption":"Fujifilm Office Printers EMEA"},"image":{"@id":"https:\/\/office-staging.fujifilmprint.eu\/#\/schema\/logo\/image\/"}}]}},"_links":{"self":[{"href":"https:\/\/office-staging.fujifilmprint.eu\/fr\/wp-json\/wp\/v2\/pages\/19742","targetHints":{"allow":["GET"]}}],"collection":[{"href":"https:\/\/office-staging.fujifilmprint.eu\/fr\/wp-json\/wp\/v2\/pages"}],"about":[{"href":"https:\/\/office-staging.fujifilmprint.eu\/fr\/wp-json\/wp\/v2\/types\/page"}],"author":[{"embeddable":true,"href":"https:\/\/office-staging.fujifilmprint.eu\/fr\/wp-json\/wp\/v2\/users\/7"}],"replies":[{"embeddable":true,"href":"https:\/\/office-staging.fujifilmprint.eu\/fr\/wp-json\/wp\/v2\/comments?post=19742"}],"version-history":[{"count":108,"href":"https:\/\/office-staging.fujifilmprint.eu\/fr\/wp-json\/wp\/v2\/pages\/19742\/revisions"}],"predecessor-version":[{"id":21382,"href":"https:\/\/office-staging.fujifilmprint.eu\/fr\/wp-json\/wp\/v2\/pages\/19742\/revisions\/21382"}],"wp:attachment":[{"href":"https:\/\/office-staging.fujifilmprint.eu\/fr\/wp-json\/wp\/v2\/media?parent=19742"}],"curies":[{"name":"wp","href":"https:\/\/api.w.org\/{rel}","templated":true}]}}