{"id":19725,"date":"2024-07-29T15:51:29","date_gmt":"2024-07-29T14:51:29","guid":{"rendered":"https:\/\/office-staging.fujifilmprint.eu\/?page_id=19725"},"modified":"2025-07-14T17:30:30","modified_gmt":"2025-07-14T16:30:30","slug":"quality","status":"publish","type":"page","link":"https:\/\/office-staging.fujifilmprint.eu\/it\/quality\/","title":{"rendered":"Qualit\u00e0"},"content":{"rendered":"<section id=\"green-header\">\n\t<div class=\"container-fluid green-pt\" style=\"background-image: url('https:\/\/office-staging.fujifilmprint.eu\/wp-content\/uploads\/2024\/09\/quality-header-2000x357-1.jpg');background-size: cover;padding: 0;\">\n\t<div class=\"overlay\" style=\"padding: 75px 0;\">\t\t<div class=\"container\">\n\t\t\t<h2 style=\"color: #00e5c2;\">\n\t\t\t\tPassione per la qualit\u00e0\t\t\t<\/h2>\n\t\t\t<h3 style=\"color: #fff;margin-top: 25px;letter-spacing: -1px;font-size: 29px;font-weight: 500;\">\n\t\t\t\tElevate prestazioni che garantiscono stampe di qualit\u00e0 superiore\t\t\t<\/h3>\n\t\t<\/div>\n\t<\/div>\t<\/div>\n<\/section>\n\n<div style=\"height:50px;\">\n<\/div>\n\n<section id=\"txt-header\">\n\t<div class=\"container block-text-header\">\n\t\t<h3>Perch\u00e9 Apeos?<\/h3>\n\t\t<h2>Raggiunge una qualit\u00e0 di stampa superiore grazie a DPI leader del settore, aiutando la tua azienda a ottenere un vantaggio competitivo.<\/h2>\n\t\t<p><p><span class=\"ui-provider a b c d e f g h i j k l m n o p q r s t u v w x y z ab ac ae af ag ah ai aj ak\" dir=\"ltr\">Le stampe di alta qualit\u00e0 migliorano l'aspetto professionale dei documenti, creando un'impressione positiva su clienti, partner e parti interessate. Le aziende che producono costantemente materiali stampati di alta qualit\u00e0 possono ottenere un vantaggio competitivo, essendo percepite come pi\u00f9 professionali, affidabili e attente ai dettagli.<\/span><\/p>\n<p>Le stampe di alta qualit\u00e0 sono pi\u00f9 durevoli e meno inclini a sbiadire o formare sbavature, garantendo che i documenti importanti rimangano leggibili e intatti nel tempo. Le stampanti Fujifilm Apeos sono in grado di gestire un'ampia gamma di tipi e formati di supporti, offrendo versatilit\u00e0 per le varie esigenze aziendali, dai documenti standard ai poster A3. Fornire ai tuoi dipendenti funzionalit\u00e0 di stampa di alta qualit\u00e0 pu\u00f2 migliorare il morale e aumentare la produttivit\u00e0, poich\u00e9 possono ottenere il miglior lavoro possibile con fiducia.<\/p>\n<p>Nonostante inizialmente la stampa di alta qualit\u00e0 possa sembrare pi\u00f9 costosa, consente di risparmiare sui costi riducendo la necessit\u00e0 di ristampe e garantisce che i materiali siano efficaci per gli scopi previsti. Un elemento fondamentale per la qualit\u00e0 della stampa \u00e8 il colore. Una riproduzione coerente e accurata dei colori mantiene la coerenza del marchio in tutti i materiali stampati, rafforzandone l'identit\u00e0 e garantendo l'allineamento con gli standard visivi dell'azienda.<\/p>\n<p>La gamma Apeos offre anche opzioni ecocompatibili, come la stampa fronte\/retro e le modalit\u00e0 a basso consumo energetico, contribuendo alla sostenibilit\u00e0 senza sacrificare la qualit\u00e0 di stampa.<\/p>\n<\/p>\n\t<\/div>\n<\/section>\n\n<section id=\"txt-header\">\n\t<div class=\"container block-text-header\">\n\t\t<h3>Caratteristiche principali<\/h3>\n\t\t<h2><\/h2>\n\t\t<p><p><strong>ESPERIENZA FUJIFILM:<\/strong> Supportata da 60 anni di esperienza Fujifilm e in seguito al grande successo ottenuto nella regione Asia-Pacifico,la serie Apeos \u00e8 ora disponibile in Italia per portare le prestazioni della tua azienda a un livello superiore.<\/p>\n<p><strong>COMPETENZA LEADER MONDIALE NELLA TECNOLOGIA TONER: <\/strong>Fujifilm vanta una lunga storia nell'introduzione di innovative fotocopiatrici per ufficio a toner, stampanti monocromatiche e sistemi di stampa commerciale a colori, oltre ad importanti soluzioni documentali e per il business, sviluppate da FUJIFILM Business Innovation Corporation.<\/p>\n<p><img loading=\"lazy\" decoding=\"async\" class=\"aligncenter wp-image-20370\" src=\"https:\/\/office-staging.fujifilmprint.eu\/wp-content\/uploads\/2024\/10\/FUJ13516-ITL-Infographics-for-export-003-07.svg\" alt=\"\" width=\"600\" height=\"150\" \/><\/p>\n<p><strong>QUALIT\u00c0 SUPERIORE A VELOCIT\u00c0 ELEVATE:<\/strong> Dotata di una testina di stampa a LED ad alta risoluzione, la gamma \u00e8 in grado di offrire una qualit\u00e0 incredibile ad un tasso di prestazioni eccezionale grazie alle sue funzioni avanzate di stampa e scansione.<\/p>\n<p><strong>LA MIGLIORE RISOLUZIONE DI STAMPA SUL MERCATO:<\/strong> Stampa ad alta risoluzione di 1.200 X 2.400 dpi grazie a testina di stampa a LED e riproduzione fluida di linee e testi con elaborazione del miglioramento dell'immagine.<\/p>\n<p><img decoding=\"async\" class=\"alignnone size-full wp-image-20324\" src=\"https:\/\/office-staging.fujifilmprint.eu\/wp-content\/uploads\/2024\/10\/FUJ13516-ITL-Infographics-for-export-003-11.svg\" alt=\"\" \/><\/p>\n<\/p>\n\t<\/div>\n<\/section>\n\n<div style=\"height:100px;\">\n<\/div>\n\n\r\n<style>\r\n.icon-block-link{\r\n\ttext-decoration: none;\r\n\tcolor: black;\r\n}\r\n.icon-block-link:hover .poi-icons-printers .icon-block-icon{\r\n\ttransform: scale(1.2);\r\n    filter: invert(69%) sepia(96%) saturate(1997%) hue-rotate(120deg) brightness(99%) contrast(101%) !important;\r\n\ttransition: 0.4s;\r\n}\r\n<\/style>\r\n<section id=\"tc-icons\" class=\"printer-icons\">\r\n\t<div class=\"container block-three-column-icons\">\r\n\t\t<h2>Scopri la gamma di stampanti multifunzione Apeos:<\/h2>\r\n\t\t<div class=\"row\" style=\"margin-top: 70px;\">\r\n\t\t\t\t\t\t\t\t\t\t\t\t<div class=\"col-sm\">\r\n                    <a href=\"https:\/\/office-staging.fujifilmprint.eu\/it\/product\/apeos-c4030-series\/\" class=\"icon-block-link\">\r\n                        <div class=\"icons-flex\">\r\n                                <div class=\"poi-icons-printers\" style=\"background-color: transparent;\">\r\n                                    <img decoding=\"async\" class=\"icon-block-icon\" src=\"\/wp-content\/uploads\/2024\/08\/C4030.svg\" style=\"filter: brightness(0);\" \/>\r\n                                <\/div>\r\n                            <div class=\"icon-content\">\r\n                            <p>\r\n                                <strong>Apeos serie C4030<\/strong>\r\n                            <\/p>\r\n                                <p style=\"padding: 0 15px;\">Stampa A4 senza compromessi sulla qualit\u00e0<\/p>\r\n                                <\/div>\r\n                        <\/div>\r\n                        <\/a>\r\n\t\t\t\t\t<\/div>\r\n\t\t\t\t\t\t\t\t\t<div class=\"col-sm\">\r\n                    <a href=\"https:\/\/office-staging.fujifilmprint.eu\/it\/product\/apeos-c3060-series\/\" class=\"icon-block-link\">\r\n                        <div class=\"icons-flex\">\r\n                                <div class=\"poi-icons-printers\" style=\"background-color: transparent;\">\r\n                                    <img decoding=\"async\" class=\"icon-block-icon\" src=\"\/wp-content\/uploads\/2024\/08\/C3060.svg\" style=\"filter: brightness(0);\" \/>\r\n                                <\/div>\r\n                            <div class=\"icon-content\">\r\n                            <p>\r\n                                <strong>Apeos serie C3060<\/strong>\r\n                            <\/p>\r\n                                <p style=\"padding: 0 15px;\">Stampa A3 configurabile con la massima flessibilit\u00e0<\/p>\r\n                                <\/div>\r\n                        <\/div>\r\n                        <\/a>\r\n\t\t\t\t\t<\/div>\r\n\t\t\t\t\t\t\t\t\t<div class=\"col-sm\">\r\n                    <a href=\"https:\/\/office-staging.fujifilmprint.eu\/it\/product\/apeos-c7070-series\/\" class=\"icon-block-link\">\r\n                        <div class=\"icons-flex\">\r\n                                <div class=\"poi-icons-printers\" style=\"background-color: transparent;\">\r\n                                    <img decoding=\"async\" class=\"icon-block-icon\" src=\"\/wp-content\/uploads\/2024\/08\/C7070.svg\" style=\"filter: brightness(0);\" \/>\r\n                                <\/div>\r\n                            <div class=\"icon-content\">\r\n                            <p>\r\n                                <strong>Apeos Serie C7070<\/strong>\r\n                            <\/p>\r\n                                <p style=\"padding: 0 15px;\">Stampa A3 di fascia alta <br>robusta e intuitiva<\/p>\r\n                                <\/div>\r\n                        <\/div>\r\n                        <\/a>\r\n\t\t\t\t\t<\/div>\r\n\t\t\t\t\t\t\t\t\t<\/div>\r\n\t<\/div>\r\n<\/section>\n\n<div style=\"height:50px;\">\n<\/div>\n\n<div id=\"contact\"><\/div>\n\n<div style=\"height:50px;\">\n<\/div>\n\n<section id=\"dark-form\">\n\t<div id=\"footer-form\" class=\"container\">\n\t\t<h2 class=\"translation-block\">Ti interessa la stampa di alta qualit\u00e0 con Apeos?<br>Contattaci:<\/h2>\n\n\t\t  \r\n   \r\n  \r\n<script src=\"\/\/info.fujifilm.eu\/js\/forms2\/js\/forms2.min.js\"><\/script> <form id=\"mktoForm_6121\" action=\"\"><input type=\"hidden\" name=\"trp-form-language\" value=\"it\"\/><\/form> <script>MktoForms2.loadForm(\"\/\/info.fujifilm.eu\", \"060-MIY-956\", 6121);<\/script> \r\n  \r\n \r\n\r\n  \n\t\t<div id=\"confirmform\" style=\"visibility:hidden;\">\n                            <p><strong>Grazie per la tua richiesta, qualcuno ti contatter\u00e0 presto.<\/strong><\/p>\n              \n        <\/div>\n\t<\/div>\n<\/section>","protected":false},"excerpt":{"rendered":"","protected":false},"author":7,"featured_media":0,"parent":0,"menu_order":0,"comment_status":"closed","ping_status":"closed","template":"","meta":{"inline_featured_image":false,"footnotes":""},"class_list":["post-19725","page","type-page","status-publish","hentry"],"acf":[],"yoast_head":"<!-- This site is optimized with the Yoast SEO plugin v22.5 - https:\/\/yoast.com\/wordpress\/plugins\/seo\/ -->\n<title>Quality | Fujifilm Apeos Multifunction Printers EMEA<\/title>\n<meta name=\"description\" content=\"Businesses that produce high-quality printed materials can gain a competitive edge. Discover why your business needs Apeos MFPs.\" \/>\n<meta name=\"robots\" content=\"noindex, follow, max-snippet:-1, max-image-preview:large, max-video-preview:-1\" \/>\n<meta property=\"og:locale\" content=\"it_IT\" \/>\n<meta property=\"og:type\" content=\"article\" \/>\n<meta property=\"og:title\" content=\"Quality | Fujifilm Apeos Multifunction Printers EMEA\" \/>\n<meta property=\"og:description\" content=\"Businesses that produce high-quality printed materials can gain a competitive edge. Discover why your business needs Apeos MFPs.\" \/>\n<meta property=\"og:url\" content=\"https:\/\/office-staging.fujifilmprint.eu\/it\/quality\/\" \/>\n<meta property=\"og:site_name\" content=\"Fujifilm Office Printers EMEA\" \/>\n<meta property=\"article:modified_time\" content=\"2025-07-14T16:30:30+00:00\" \/>\n<meta name=\"twitter:card\" content=\"summary_large_image\" \/>\n<script type=\"application\/ld+json\" class=\"yoast-schema-graph\">{\"@context\":\"https:\/\/schema.org\",\"@graph\":[{\"@type\":\"WebPage\",\"@id\":\"https:\/\/office-staging.fujifilmprint.eu\/quality\/\",\"url\":\"https:\/\/office-staging.fujifilmprint.eu\/quality\/\",\"name\":\"Quality | Fujifilm Apeos Multifunction Printers EMEA\",\"isPartOf\":{\"@id\":\"https:\/\/office-staging.fujifilmprint.eu\/#website\"},\"datePublished\":\"2024-07-29T14:51:29+00:00\",\"dateModified\":\"2025-07-14T16:30:30+00:00\",\"description\":\"Businesses that produce high-quality printed materials can gain a competitive edge. Discover why your business needs Apeos MFPs.\",\"breadcrumb\":{\"@id\":\"https:\/\/office-staging.fujifilmprint.eu\/quality\/#breadcrumb\"},\"inLanguage\":\"it-IT\",\"potentialAction\":[{\"@type\":\"ReadAction\",\"target\":[\"https:\/\/office-staging.fujifilmprint.eu\/quality\/\"]}]},{\"@type\":\"BreadcrumbList\",\"@id\":\"https:\/\/office-staging.fujifilmprint.eu\/quality\/#breadcrumb\",\"itemListElement\":[{\"@type\":\"ListItem\",\"position\":1,\"name\":\"Home\",\"item\":\"https:\/\/office-staging.fujifilmprint.eu\/\"},{\"@type\":\"ListItem\",\"position\":2,\"name\":\"Quality\"}]},{\"@type\":\"WebSite\",\"@id\":\"https:\/\/office-staging.fujifilmprint.eu\/#website\",\"url\":\"https:\/\/office-staging.fujifilmprint.eu\/\",\"name\":\"Fujifilm Office Printers EMEA\",\"description\":\"\",\"publisher\":{\"@id\":\"https:\/\/office-staging.fujifilmprint.eu\/#organization\"},\"potentialAction\":[{\"@type\":\"SearchAction\",\"target\":{\"@type\":\"EntryPoint\",\"urlTemplate\":\"https:\/\/office-staging.fujifilmprint.eu\/?s={search_term_string}\"},\"query-input\":\"required name=search_term_string\"}],\"inLanguage\":\"it-IT\"},{\"@type\":\"Organization\",\"@id\":\"https:\/\/office-staging.fujifilmprint.eu\/#organization\",\"name\":\"Fujifilm Office Printers EMEA\",\"url\":\"https:\/\/office-staging.fujifilmprint.eu\/\",\"logo\":{\"@type\":\"ImageObject\",\"inLanguage\":\"it-IT\",\"@id\":\"https:\/\/office-staging.fujifilmprint.eu\/#\/schema\/logo\/image\/\",\"url\":\"https:\/\/office-staging.fujifilmprint.eu\/wp-content\/uploads\/2024\/05\/fujifilm-1.png\",\"contentUrl\":\"https:\/\/office-staging.fujifilmprint.eu\/wp-content\/uploads\/2024\/05\/fujifilm-1.png\",\"width\":416,\"height\":70,\"caption\":\"Fujifilm Office Printers EMEA\"},\"image\":{\"@id\":\"https:\/\/office-staging.fujifilmprint.eu\/#\/schema\/logo\/image\/\"}}]}<\/script>\n<!-- \/ Yoast SEO plugin. -->","yoast_head_json":{"title":"Qualit\u00e0 | Stampanti multifunzione Apeos Fujifilm EMEA","description":"Le aziende che producono materiali stampati di alta qualit\u00e0 possono ottenere un vantaggio competitivo. Scopri perch\u00e9 la tua azienda ha bisogno dei dispositivi multifunzione Apeos.","robots":{"index":"noindex","follow":"follow","max-snippet":"max-snippet:-1","max-image-preview":"max-image-preview:large","max-video-preview":"max-video-preview:-1"},"og_locale":"it_IT","og_type":"article","og_title":"Quality | Fujifilm Apeos Multifunction Printers EMEA","og_description":"Businesses that produce high-quality printed materials can gain a competitive edge. Discover why your business needs Apeos MFPs.","og_url":"https:\/\/office-staging.fujifilmprint.eu\/it\/quality\/","og_site_name":"Fujifilm Office Printers EMEA","article_modified_time":"2025-07-14T16:30:30+00:00","twitter_card":"summary_large_image","schema":{"@context":"https:\/\/schema.org","@graph":[{"@type":"WebPage","@id":"https:\/\/office-staging.fujifilmprint.eu\/quality\/","url":"https:\/\/office-staging.fujifilmprint.eu\/quality\/","name":"Qualit\u00e0 | Stampanti multifunzione Apeos Fujifilm EMEA","isPartOf":{"@id":"https:\/\/office-staging.fujifilmprint.eu\/#website"},"datePublished":"2024-07-29T14:51:29+00:00","dateModified":"2025-07-14T16:30:30+00:00","description":"Le aziende che producono materiali stampati di alta qualit\u00e0 possono ottenere un vantaggio competitivo. Scopri perch\u00e9 la tua azienda ha bisogno dei dispositivi multifunzione Apeos.","breadcrumb":{"@id":"https:\/\/office-staging.fujifilmprint.eu\/quality\/#breadcrumb"},"inLanguage":"it-IT","potentialAction":[{"@type":"ReadAction","target":["https:\/\/office-staging.fujifilmprint.eu\/quality\/"]}]},{"@type":"BreadcrumbList","@id":"https:\/\/office-staging.fujifilmprint.eu\/quality\/#breadcrumb","itemListElement":[{"@type":"ListItem","position":1,"name":"Home","item":"https:\/\/office-staging.fujifilmprint.eu\/"},{"@type":"ListItem","position":2,"name":"Quality"}]},{"@type":"WebSite","@id":"https:\/\/office-staging.fujifilmprint.eu\/#website","url":"https:\/\/office-staging.fujifilmprint.eu\/","name":"Fujifilm Stampanti per ufficio EMEA","description":"","publisher":{"@id":"https:\/\/office-staging.fujifilmprint.eu\/#organization"},"potentialAction":[{"@type":"SearchAction","target":{"@type":"EntryPoint","urlTemplate":"https:\/\/office-staging.fujifilmprint.eu\/?s={search_term_string}"},"query-input":"required name=search_term_string"}],"inLanguage":"it-IT"},{"@type":"Organization","@id":"https:\/\/office-staging.fujifilmprint.eu\/#organization","name":"Fujifilm Stampanti per ufficio EMEA","url":"https:\/\/office-staging.fujifilmprint.eu\/","logo":{"@type":"ImageObject","inLanguage":"it-IT","@id":"https:\/\/office-staging.fujifilmprint.eu\/#\/schema\/logo\/image\/","url":"https:\/\/office-staging.fujifilmprint.eu\/wp-content\/uploads\/2024\/05\/fujifilm-1.png","contentUrl":"https:\/\/office-staging.fujifilmprint.eu\/wp-content\/uploads\/2024\/05\/fujifilm-1.png","width":416,"height":70,"caption":"Fujifilm Office Printers EMEA"},"image":{"@id":"https:\/\/office-staging.fujifilmprint.eu\/#\/schema\/logo\/image\/"}}]}},"_links":{"self":[{"href":"https:\/\/office-staging.fujifilmprint.eu\/it\/wp-json\/wp\/v2\/pages\/19725","targetHints":{"allow":["GET"]}}],"collection":[{"href":"https:\/\/office-staging.fujifilmprint.eu\/it\/wp-json\/wp\/v2\/pages"}],"about":[{"href":"https:\/\/office-staging.fujifilmprint.eu\/it\/wp-json\/wp\/v2\/types\/page"}],"author":[{"embeddable":true,"href":"https:\/\/office-staging.fujifilmprint.eu\/it\/wp-json\/wp\/v2\/users\/7"}],"replies":[{"embeddable":true,"href":"https:\/\/office-staging.fujifilmprint.eu\/it\/wp-json\/wp\/v2\/comments?post=19725"}],"version-history":[{"count":88,"href":"https:\/\/office-staging.fujifilmprint.eu\/it\/wp-json\/wp\/v2\/pages\/19725\/revisions"}],"predecessor-version":[{"id":21386,"href":"https:\/\/office-staging.fujifilmprint.eu\/it\/wp-json\/wp\/v2\/pages\/19725\/revisions\/21386"}],"wp:attachment":[{"href":"https:\/\/office-staging.fujifilmprint.eu\/it\/wp-json\/wp\/v2\/media?parent=19725"}],"curies":[{"name":"wp","href":"https:\/\/api.w.org\/{rel}","templated":true}]}}