{"id":19742,"date":"2024-07-30T14:27:33","date_gmt":"2024-07-30T13:27:33","guid":{"rendered":"https:\/\/office-staging.fujifilmprint.eu\/?page_id=19742"},"modified":"2025-07-14T17:30:18","modified_gmt":"2025-07-14T16:30:18","slug":"efficiency","status":"publish","type":"page","link":"https:\/\/office-staging.fujifilmprint.eu\/it\/efficiency\/","title":{"rendered":"Efficienza"},"content":{"rendered":"<section id=\"green-header\">\n\t<div class=\"container-fluid green-pt\" style=\"background-image: url('https:\/\/office-staging.fujifilmprint.eu\/wp-content\/uploads\/2024\/09\/efficiency-header-2000x324-1.jpg');background-size: cover;padding: 0;\">\n\t<div class=\"overlay\" style=\"padding: 75px 0;\">\t\t<div class=\"container\">\n\t\t\t<h2 style=\"color: #00e5c2;\">\n\t\t\t\tRicerca dell\u2019efficienza\t\t\t<\/h2>\n\t\t\t<h3 style=\"color: #fff;margin-top: 25px;letter-spacing: -1px;font-size: 29px;font-weight: 500;\">\n\t\t\t\tUn funzionamento affidabile aumenta la produttivit\u00e0\t\t\t<\/h3>\n\t\t<\/div>\n\t<\/div>\t<\/div>\n<\/section>\n\n<div style=\"height:50px;\">\n<\/div>\n\n<section id=\"txt-header\">\n\t<div class=\"container block-text-header\">\n\t\t<h3>Perch\u00e9 Apeos?<\/h3>\n\t\t<h2>Progettate per garantire affidabilit\u00e0 e durata, le stampanti per ufficio Apeos migliorano notevolmente le attivit\u00e0 aziendali.<\/h2>\n\t\t<p><p>Le stampanti per ufficio orientate alla produttivit\u00e0 offrono diversi vantaggi che migliorano in modo significativo le operazioni aziendali. In primo luogo, la gamma Apeos per ufficio consente di risparmiare tempo grazie alle funzionalit\u00e0 di stampa ad alta velocit\u00e0, riducendo i tempi di attesa per i documenti e permettendo ai dipendenti di concentrarsi maggiormente sulle attivit\u00e0 principali, aumentando cos\u00ec l'efficienza complessiva.<\/p>\n<p>La gamma Apeos supporta l'aumento della produzione gestendo in modo efficiente grandi volumi di stampa, soddisfacendo le esigenze degli uffici con carichi di lavoro elevati senza ritardi. Le stampanti Fujifilm Apeos sono progettate per garantire affidabilit\u00e0 e durata, poich\u00e9 riducono al minimo i guasti e le esigenze di manutenzione, con conseguente riduzione delle interruzioni del lavoro. Le soluzioni software integrate di Fujifilm facilitano le attivit\u00e0 di gestione dei documenti, come la scansione, l'archiviazione e la condivisione digitale, migliorando il flusso di lavoro complessivo e l'accessibilit\u00e0 dei documenti.<\/p>\n<p>Le stampanti per ufficio Fujifilm offrono versatilit\u00e0 grazie alla gestione di diversi tipi e formati di supporti, consentendo alle aziende di produrre internamente un'ampia gamma di documenti, dai report standard ai sofisticati materiali di marketing. Sono scalabili, in grado di soddisfare le crescenti esigenze di stampa delle aziende senza compromettere le prestazioni.<\/p>\n<p>Le stampanti Apeos mantengono una qualit\u00e0 di stampa professionale, assicurando che tutti i documenti, sia per uso interno che per comunicazioni esterne, abbiano un aspetto curato e contribuiscano a trasmettere un'immagine positiva dell'azienda. Questo aspetto professionale rafforza la credibilit\u00e0 e la professionalit\u00e0 nelle interazioni con i clienti e nelle comunicazioni commerciali.<\/p>\n<\/p>\n\t<\/div>\n<\/section>\n\n<section id=\"txt-header\">\n\t<div class=\"container block-text-header\">\n\t\t<h3>Caratteristiche principali<\/h3>\n\t\t<h2><\/h2>\n\t\t<p><p><strong>STAMPA CON DISPOSITIVO MULTIFUNZIONE:<\/strong> Consente la flessibilit\u00e0 di stampare e raccogliere le proprie stampe da qualsiasi dispositivo multifunzione collegato. Ci\u00f2 migliora la produttivit\u00e0 stampando da un altro dispositivo multifunzione disponibile mentre il dispositivo corrente \u00e8 in uso.<\/p>\n<p><img decoding=\"async\" class=\"alignnone wp-image-20355 size-full\" src=\"https:\/\/office-staging.fujifilmprint.eu\/wp-content\/uploads\/2024\/08\/Multifunction-device-printing.svg\" alt=\"\" \/><\/p>\n<p><strong>FORTEMENTE CONSIGLIATA DA BUYER LAB:<\/strong> Fujifilm Apeos C4030, C5570 e C7070 hanno superato con successo i test di Keypoint Intelligence e sono stati approvati e qualificati come Altamente Raccomanda tidi Buyers Lab.<\/p>\n<p><strong>CONDIVISIONE DELLE INFORMAZIONI, IN QUALSIASI MOMENTO, OVUNQUE:\u00a0<\/strong>Con il software di gestione dei documenti e l'accesso a Internet, i documenti possono essere visualizzati indipendentemente dal tempo e dalla posizione.<\/p>\n<p><img loading=\"lazy\" decoding=\"async\" class=\"wp-image-20796 size-large aligncenter\" src=\"https:\/\/office-staging.fujifilmprint.eu\/wp-content\/uploads\/2024\/10\/FUJ13516-ITL-Infographics-for-export-003-13-x2-13.svg\" alt=\"\" width=\"640\" height=\"640\" \/><\/p>\n<p><strong>SCANSIONE RAPIDA DI VOLUMI ELEVATI:<\/strong> Scansione istantanea senza inserimento manuale con scansione fronte\/retro a colori in un singolo passaggio fino a 270 ppm. Il DADF a passaggio singolo non danneggia il documento originale e il sistema converte automaticamente gli originali di formato personalizzato in formato standard.<\/p>\n<p><strong>AVVIO E USCITA RAPIDI:<\/strong> Il tempo di ripristino dalla modalit\u00e0 sospensione \u00e8 di 5 secondi e la velocit\u00e0 di uscita della prima copia \u00e8 di 6,7 secondi (Apeos C3570), con conseguente maggiore efficienza.<\/p>\n<p><img loading=\"lazy\" decoding=\"async\" class=\"aligncenter wp-image-20799\" src=\"https:\/\/office-staging.fujifilmprint.eu\/wp-content\/uploads\/2024\/10\/FUJ13516-ITL-Infographics-for-export-003-26.svg\" alt=\"\" width=\"1030\" height=\"318\" \/><\/p>\n<p><strong>STAMPA DIRETTA DA SCANSIONE:<\/strong> Consente di stampare direttamente da un'unit\u00e0 flash USB o, in alternativa, scansionare i dati e salvarli direttamente su un'unit\u00e0 flash USB senza utilizzare un PC.<\/p>\n<p><img decoding=\"async\" class=\"alignnone wp-image-20844 size-full\" src=\"https:\/\/office-staging.fujifilmprint.eu\/wp-content\/uploads\/2024\/10\/FUJ13516-ITL-Infographics-for-export-15.svg\" alt=\"\" \/><\/p>\n<p><strong>PANNELLO OPERATIVO PORTATILE:<\/strong>Connettivit\u00e0 trasparente e ottimale con dispositivi mobili per lavori di copia, fax, stampa e scansione. I dispositivi mobili possono essere utilizzati come UI alternativa nel controllo delle attivit\u00e0, riducendo al minimo i punti di sfioramento comuni.<\/p>\n<p><img loading=\"lazy\" decoding=\"async\" class=\"aligncenter wp-image-20393 size-large\" src=\"https:\/\/office-staging.fujifilmprint.eu\/wp-content\/uploads\/2024\/10\/FUJ13516-ITL-Infographics-for-export-003-16.svg\" alt=\"\" width=\"640\" height=\"640\" \/><\/p>\n<\/p>\n\t<\/div>\n<\/section>\n\n<div style=\"height:50px;\">\n<\/div>\n\n\r\n<style>\r\n.icon-block-link{\r\n\ttext-decoration: none;\r\n\tcolor: black;\r\n}\r\n.icon-block-link:hover .poi-icons-printers .icon-block-icon{\r\n\ttransform: scale(1.2);\r\n    filter: invert(69%) sepia(96%) saturate(1997%) hue-rotate(120deg) brightness(99%) contrast(101%) !important;\r\n\ttransition: 0.4s;\r\n}\r\n<\/style>\r\n<section id=\"tc-icons\" class=\"printer-icons\">\r\n\t<div class=\"container block-three-column-icons\">\r\n\t\t<h2>Scopri la gamma di stampanti multifunzione Apeos:<\/h2>\r\n\t\t<div class=\"row\" style=\"margin-top: 70px;\">\r\n\t\t\t\t\t\t\t\t\t\t\t\t<div class=\"col-sm\">\r\n                    <a href=\"https:\/\/office-staging.fujifilmprint.eu\/it\/product\/apeos-c4030-series\/\" class=\"icon-block-link\">\r\n                        <div class=\"icons-flex\">\r\n                                <div class=\"poi-icons-printers\" style=\"background-color: transparent;\">\r\n                                    <img decoding=\"async\" class=\"icon-block-icon\" src=\"\/wp-content\/uploads\/2024\/08\/C4030.svg\" style=\"filter: brightness(0);\" \/>\r\n                                <\/div>\r\n                            <div class=\"icon-content\">\r\n                            <p>\r\n                                <strong>Apeos serie C4030<\/strong>\r\n                            <\/p>\r\n                                <p style=\"padding: 0 15px;\">Stampa A4 senza compromessi sulla qualit\u00e0<\/p>\r\n                                <\/div>\r\n                        <\/div>\r\n                        <\/a>\r\n\t\t\t\t\t<\/div>\r\n\t\t\t\t\t\t\t\t\t<div class=\"col-sm\">\r\n                    <a href=\"https:\/\/office-staging.fujifilmprint.eu\/it\/product\/apeos-c3060-series\/\" class=\"icon-block-link\">\r\n                        <div class=\"icons-flex\">\r\n                                <div class=\"poi-icons-printers\" style=\"background-color: transparent;\">\r\n                                    <img decoding=\"async\" class=\"icon-block-icon\" src=\"\/wp-content\/uploads\/2024\/08\/C3060.svg\" style=\"filter: brightness(0);\" \/>\r\n                                <\/div>\r\n                            <div class=\"icon-content\">\r\n                            <p>\r\n                                <strong>Apeos serie C3060<\/strong>\r\n                            <\/p>\r\n                                <p style=\"padding: 0 15px;\">Stampa A3 configurabile con la massima flessibilit\u00e0<\/p>\r\n                                <\/div>\r\n                        <\/div>\r\n                        <\/a>\r\n\t\t\t\t\t<\/div>\r\n\t\t\t\t\t\t\t\t\t<div class=\"col-sm\">\r\n                    <a href=\"https:\/\/office-staging.fujifilmprint.eu\/it\/product\/apeos-c7070-series\/\" class=\"icon-block-link\">\r\n                        <div class=\"icons-flex\">\r\n                                <div class=\"poi-icons-printers\" style=\"background-color: transparent;\">\r\n                                    <img decoding=\"async\" class=\"icon-block-icon\" src=\"\/wp-content\/uploads\/2024\/08\/C7070.svg\" style=\"filter: brightness(0);\" \/>\r\n                                <\/div>\r\n                            <div class=\"icon-content\">\r\n                            <p>\r\n                                <strong>Apeos Serie C7070<\/strong>\r\n                            <\/p>\r\n                                <p style=\"padding: 0 15px;\">Stampa A3 di fascia alta <br>robusta e intuitiva<\/p>\r\n                                <\/div>\r\n                        <\/div>\r\n                        <\/a>\r\n\t\t\t\t\t<\/div>\r\n\t\t\t\t\t\t\t\t\t<\/div>\r\n\t<\/div>\r\n<\/section>\n\n<div id=\"contact\"><\/div>\n\n<div style=\"height:100px;\">\n<\/div>\n\n<section id=\"dark-form\">\n\t<div id=\"footer-form\" class=\"container\">\n\t\t<h2 class=\"translation-block\">Ti interessa la stampa efficiente con Apeos?<\/h2>\n\n\t\t  \r\n   \r\n  \r\n<script src=\"\/\/info.fujifilm.eu\/js\/forms2\/js\/forms2.min.js\"><\/script> <form id=\"mktoForm_6121\" action=\"\"><input type=\"hidden\" name=\"trp-form-language\" value=\"it\"\/><\/form> <script>MktoForms2.loadForm(\"\/\/info.fujifilm.eu\", \"060-MIY-956\", 6121);<\/script> \r\n  \r\n \r\n\r\n  \n\t\t<div id=\"confirmform\" style=\"visibility:hidden;\">\n                            <p><strong>Grazie per la tua richiesta, qualcuno ti contatter\u00e0 presto.<\/strong><\/p>\n              \n        <\/div>\n\t<\/div>\n<\/section>","protected":false},"excerpt":{"rendered":"","protected":false},"author":7,"featured_media":0,"parent":0,"menu_order":0,"comment_status":"closed","ping_status":"closed","template":"","meta":{"inline_featured_image":false,"footnotes":""},"class_list":["post-19742","page","type-page","status-publish","hentry"],"acf":[],"yoast_head":"<!-- This site is optimized with the Yoast SEO plugin v22.5 - https:\/\/yoast.com\/wordpress\/plugins\/seo\/ -->\n<title>Efficiency | Fujifilm Apeos Multifunction Printers EMEA<\/title>\n<meta name=\"description\" content=\"Businesses that produce high-quality printed materials can gain a competitive edge. Discover why your business needs Apeos MFPs.\" \/>\n<meta name=\"robots\" content=\"noindex, follow, max-snippet:-1, max-image-preview:large, max-video-preview:-1\" \/>\n<meta property=\"og:locale\" content=\"it_IT\" \/>\n<meta property=\"og:type\" content=\"article\" \/>\n<meta property=\"og:title\" content=\"Efficiency | Fujifilm Apeos Multifunction Printers EMEA\" \/>\n<meta property=\"og:description\" content=\"Businesses that produce high-quality printed materials can gain a competitive edge. Discover why your business needs Apeos MFPs.\" \/>\n<meta property=\"og:url\" content=\"https:\/\/office-staging.fujifilmprint.eu\/it\/efficiency\/\" \/>\n<meta property=\"og:site_name\" content=\"Fujifilm Office Printers EMEA\" \/>\n<meta property=\"article:modified_time\" content=\"2025-07-14T16:30:18+00:00\" \/>\n<meta name=\"twitter:card\" content=\"summary_large_image\" \/>\n<script type=\"application\/ld+json\" class=\"yoast-schema-graph\">{\"@context\":\"https:\/\/schema.org\",\"@graph\":[{\"@type\":\"WebPage\",\"@id\":\"https:\/\/office-staging.fujifilmprint.eu\/efficiency\/\",\"url\":\"https:\/\/office-staging.fujifilmprint.eu\/efficiency\/\",\"name\":\"Efficiency | Fujifilm Apeos Multifunction Printers EMEA\",\"isPartOf\":{\"@id\":\"https:\/\/office-staging.fujifilmprint.eu\/#website\"},\"datePublished\":\"2024-07-30T13:27:33+00:00\",\"dateModified\":\"2025-07-14T16:30:18+00:00\",\"description\":\"Businesses that produce high-quality printed materials can gain a competitive edge. Discover why your business needs Apeos MFPs.\",\"breadcrumb\":{\"@id\":\"https:\/\/office-staging.fujifilmprint.eu\/efficiency\/#breadcrumb\"},\"inLanguage\":\"it-IT\",\"potentialAction\":[{\"@type\":\"ReadAction\",\"target\":[\"https:\/\/office-staging.fujifilmprint.eu\/efficiency\/\"]}]},{\"@type\":\"BreadcrumbList\",\"@id\":\"https:\/\/office-staging.fujifilmprint.eu\/efficiency\/#breadcrumb\",\"itemListElement\":[{\"@type\":\"ListItem\",\"position\":1,\"name\":\"Home\",\"item\":\"https:\/\/office-staging.fujifilmprint.eu\/\"},{\"@type\":\"ListItem\",\"position\":2,\"name\":\"Efficiency\"}]},{\"@type\":\"WebSite\",\"@id\":\"https:\/\/office-staging.fujifilmprint.eu\/#website\",\"url\":\"https:\/\/office-staging.fujifilmprint.eu\/\",\"name\":\"Fujifilm Office Printers EMEA\",\"description\":\"\",\"publisher\":{\"@id\":\"https:\/\/office-staging.fujifilmprint.eu\/#organization\"},\"potentialAction\":[{\"@type\":\"SearchAction\",\"target\":{\"@type\":\"EntryPoint\",\"urlTemplate\":\"https:\/\/office-staging.fujifilmprint.eu\/?s={search_term_string}\"},\"query-input\":\"required name=search_term_string\"}],\"inLanguage\":\"it-IT\"},{\"@type\":\"Organization\",\"@id\":\"https:\/\/office-staging.fujifilmprint.eu\/#organization\",\"name\":\"Fujifilm Office Printers EMEA\",\"url\":\"https:\/\/office-staging.fujifilmprint.eu\/\",\"logo\":{\"@type\":\"ImageObject\",\"inLanguage\":\"it-IT\",\"@id\":\"https:\/\/office-staging.fujifilmprint.eu\/#\/schema\/logo\/image\/\",\"url\":\"https:\/\/office-staging.fujifilmprint.eu\/wp-content\/uploads\/2024\/05\/fujifilm-1.png\",\"contentUrl\":\"https:\/\/office-staging.fujifilmprint.eu\/wp-content\/uploads\/2024\/05\/fujifilm-1.png\",\"width\":416,\"height\":70,\"caption\":\"Fujifilm Office Printers EMEA\"},\"image\":{\"@id\":\"https:\/\/office-staging.fujifilmprint.eu\/#\/schema\/logo\/image\/\"}}]}<\/script>\n<!-- \/ Yoast SEO plugin. -->","yoast_head_json":{"title":"Efficienza | Stampanti multifunzione Apeos Fujifilm EMEA","description":"Le aziende che producono materiali stampati di alta qualit\u00e0 possono ottenere un vantaggio competitivo. Scopri perch\u00e9 la tua azienda ha bisogno dei dispositivi multifunzione Apeos.","robots":{"index":"noindex","follow":"follow","max-snippet":"max-snippet:-1","max-image-preview":"max-image-preview:large","max-video-preview":"max-video-preview:-1"},"og_locale":"it_IT","og_type":"article","og_title":"Efficiency | Fujifilm Apeos Multifunction Printers EMEA","og_description":"Businesses that produce high-quality printed materials can gain a competitive edge. Discover why your business needs Apeos MFPs.","og_url":"https:\/\/office-staging.fujifilmprint.eu\/it\/efficiency\/","og_site_name":"Fujifilm Office Printers EMEA","article_modified_time":"2025-07-14T16:30:18+00:00","twitter_card":"summary_large_image","schema":{"@context":"https:\/\/schema.org","@graph":[{"@type":"WebPage","@id":"https:\/\/office-staging.fujifilmprint.eu\/efficiency\/","url":"https:\/\/office-staging.fujifilmprint.eu\/efficiency\/","name":"Efficienza | Stampanti multifunzione Apeos Fujifilm EMEA","isPartOf":{"@id":"https:\/\/office-staging.fujifilmprint.eu\/#website"},"datePublished":"2024-07-30T13:27:33+00:00","dateModified":"2025-07-14T16:30:18+00:00","description":"Le aziende che producono materiali stampati di alta qualit\u00e0 possono ottenere un vantaggio competitivo. Scopri perch\u00e9 la tua azienda ha bisogno dei dispositivi multifunzione Apeos.","breadcrumb":{"@id":"https:\/\/office-staging.fujifilmprint.eu\/efficiency\/#breadcrumb"},"inLanguage":"it-IT","potentialAction":[{"@type":"ReadAction","target":["https:\/\/office-staging.fujifilmprint.eu\/efficiency\/"]}]},{"@type":"BreadcrumbList","@id":"https:\/\/office-staging.fujifilmprint.eu\/efficiency\/#breadcrumb","itemListElement":[{"@type":"ListItem","position":1,"name":"Home","item":"https:\/\/office-staging.fujifilmprint.eu\/"},{"@type":"ListItem","position":2,"name":"Efficiency"}]},{"@type":"WebSite","@id":"https:\/\/office-staging.fujifilmprint.eu\/#website","url":"https:\/\/office-staging.fujifilmprint.eu\/","name":"Fujifilm Stampanti per ufficio EMEA","description":"","publisher":{"@id":"https:\/\/office-staging.fujifilmprint.eu\/#organization"},"potentialAction":[{"@type":"SearchAction","target":{"@type":"EntryPoint","urlTemplate":"https:\/\/office-staging.fujifilmprint.eu\/?s={search_term_string}"},"query-input":"required name=search_term_string"}],"inLanguage":"it-IT"},{"@type":"Organization","@id":"https:\/\/office-staging.fujifilmprint.eu\/#organization","name":"Fujifilm Stampanti per ufficio EMEA","url":"https:\/\/office-staging.fujifilmprint.eu\/","logo":{"@type":"ImageObject","inLanguage":"it-IT","@id":"https:\/\/office-staging.fujifilmprint.eu\/#\/schema\/logo\/image\/","url":"https:\/\/office-staging.fujifilmprint.eu\/wp-content\/uploads\/2024\/05\/fujifilm-1.png","contentUrl":"https:\/\/office-staging.fujifilmprint.eu\/wp-content\/uploads\/2024\/05\/fujifilm-1.png","width":416,"height":70,"caption":"Fujifilm Office Printers EMEA"},"image":{"@id":"https:\/\/office-staging.fujifilmprint.eu\/#\/schema\/logo\/image\/"}}]}},"_links":{"self":[{"href":"https:\/\/office-staging.fujifilmprint.eu\/it\/wp-json\/wp\/v2\/pages\/19742","targetHints":{"allow":["GET"]}}],"collection":[{"href":"https:\/\/office-staging.fujifilmprint.eu\/it\/wp-json\/wp\/v2\/pages"}],"about":[{"href":"https:\/\/office-staging.fujifilmprint.eu\/it\/wp-json\/wp\/v2\/types\/page"}],"author":[{"embeddable":true,"href":"https:\/\/office-staging.fujifilmprint.eu\/it\/wp-json\/wp\/v2\/users\/7"}],"replies":[{"embeddable":true,"href":"https:\/\/office-staging.fujifilmprint.eu\/it\/wp-json\/wp\/v2\/comments?post=19742"}],"version-history":[{"count":108,"href":"https:\/\/office-staging.fujifilmprint.eu\/it\/wp-json\/wp\/v2\/pages\/19742\/revisions"}],"predecessor-version":[{"id":21382,"href":"https:\/\/office-staging.fujifilmprint.eu\/it\/wp-json\/wp\/v2\/pages\/19742\/revisions\/21382"}],"wp:attachment":[{"href":"https:\/\/office-staging.fujifilmprint.eu\/it\/wp-json\/wp\/v2\/media?parent=19742"}],"curies":[{"name":"wp","href":"https:\/\/api.w.org\/{rel}","templated":true}]}}