{"id":19491,"date":"2024-07-10T15:51:31","date_gmt":"2024-07-10T14:51:31","guid":{"rendered":"https:\/\/office-staging.fujifilmprint.eu\/?post_type=product&#038;p=19491"},"modified":"2025-07-14T17:31:33","modified_gmt":"2025-07-14T16:31:33","slug":"software-solutions","status":"publish","type":"product","link":"https:\/\/office-staging.fujifilmprint.eu\/it\/product\/software-solutions\/","title":{"rendered":"Soluzioni software"},"content":{"rendered":"<section id=\"black-header\">\n\t<div class=\"container-fluid black-pt\" style=\"background-image: url('https:\/\/office-staging.fujifilmprint.eu\/wp-content\/uploads\/2024\/07\/softwaresolutions-header-2500x800-2.jpg');background-size: cover;padding: 0;\">\n\t<div class=\"overlay\" style=\"padding: 200px 0;\">\t\t<div class=\"container\">\n\t\t\t<h2 style=\"line-height: 80px;\">\n\t\t\t\tSoluzioni software\t\t\t<\/h2>\n\t\t\t<h3>\n\t\t\t\tMigliora la tua esperienza Apeos con i nostri partner\t\t\t<\/h3>\n\t\t<\/div>\n\t<\/div>\t<\/div>\n<\/section>\n\n<div style=\"height:50px;\">\n<\/div>\n\n<section id=\"txt-header\">\n\t<div class=\"container block-text-header\">\n\t\t<h3><\/h3>\n\t\t<h2><\/h2>\n\t\t<p><p><span data-contrast=\"auto\">Abbiamo collaborato con i principali fornitori di soluzioni di gestione della stampa e dell'output a livello mondiale, in grado di offrire gestione dei driver, soluzioni di stampa sicure e sistemi di flusso di lavoro. Queste soluzioni sono disponibili per il consumo da On Premise, Cloud pubblico, Cloud privato o anche soluzioni ibride. Offriamo un sistema aperto che consente alla migliore tecnologia sul mercato di sfruttare i sistemi MFP e il sistema operativo Fujifilm Apeos per offrire la migliore soluzione possibile ai propri clienti. <\/span><span data-ccp-props=\"{&quot;201341983&quot;:0,&quot;335559739&quot;:160,&quot;335559740&quot;:256}\">\u00a0<\/span><\/p>\n<p><span data-contrast=\"auto\">Continua a leggere per saperne di pi\u00f9 su tutti i fornitori di software con cui collaboriamo:<\/span><\/p>\n<\/p>\n\t<\/div>\n<\/section>\n\n<section id=\"txt-header\">\n\t<div class=\"container block-text-header\">\n\t\t<h3><\/h3>\n\t\t<h2><\/h2>\n\t\t<p><p><img loading=\"lazy\" decoding=\"async\" class=\"aligncenter wp-image-20465\" src=\"https:\/\/office-staging.fujifilmprint.eu\/wp-content\/uploads\/2024\/07\/tungsten-logo.svg\" alt=\"\" width=\"700\" height=\"124\" \/><\/p>\n<p><span data-contrast=\"auto\"><strong>Tungsten Automation<\/strong>nota in precedenza come Kofax, \u00e8 stata un pioniere nella trasformazione del flusso di lavoro digitale per quasi quattro decenni. Oggi \u00e8 riconosciuta come leader nell'automazione intelligente dei flussi di lavoro, offrendo alle aziende soluzioni potenti per automatizzare i flussi di lavoro pi\u00f9 intensivi.<\/span><\/p>\n<p><span data-contrast=\"auto\">Grazie a una partnership globale di lunga data con Fujifilm, Tungsten Automation integra le proprie soluzioni di automazione e sicurezza dei documenti nei dispositivi Fujifilm. Questa collaborazione supporta la Control Suite, che offre soluzioni complete per la stampa e l'acquisizione per semplici PMI fino a flussi di lavoro completamente integrati in ambito aziendale, governativo o sanitario.<\/span><\/p>\n<p><span data-contrast=\"auto\">Fujifilm \u00e8 stata una delle prime aziende ad adottare l'infrastruttura Printix Cloud Print, che consente alle organizzazioni di gestire facilmente gli ambienti di stampa, offrendo funzionalit\u00e0 come la stampa mobile, il rilascio sicuro delle stampe e il controllo dei costi. Con i dispositivi multifunzione Fujifilm, sia Control Suite che Printix funzionano con client unificati completamente integrati, garantendo un'esperienza utente semplice e una grande intuitivit\u00e0. <\/span><span data-ccp-props=\"{&quot;201341983&quot;:0,&quot;335559739&quot;:160,&quot;335559740&quot;:256}\">\u00a0<\/span><\/p>\n<\/p>\n\t<\/div>\n<\/section>\n\n<section id=\"txt-header\">\n\t<div class=\"container block-text-header\">\n\t\t<h3><\/h3>\n\t\t<h2><\/h2>\n\t\t<p><p><img loading=\"lazy\" decoding=\"async\" class=\"aligncenter wp-image-20467\" src=\"https:\/\/office-staging.fujifilmprint.eu\/wp-content\/uploads\/2024\/07\/printerlogic.svg\" alt=\"\" width=\"700\" height=\"93\" \/><\/p>\n<p><span class=\"TextRun Highlight SCXW85242543 BCX8\" lang=\"EN-GB\" xml:lang=\"EN-GB\" data-contrast=\"none\"><strong><span class=\"NormalTextRun SpellingErrorV2Themed SCXW85242543 BCX8\">PrinterLogic<\/span><\/strong><span class=\"NormalTextRun SCXW85242543 BCX8\"> \u00e8 una <\/span><span class=\"NormalTextRun SCXW85242543 BCX8\">soluzione di gestione<\/span><span class=\"NormalTextRun SCXW85242543 BCX8\"> della stampa all'avanguardia, progettata per semplificare e snellire i processi di stampa nelle organizzazioni moderne. Con l'evoluzione delle aziende e l'aumento della domanda di soluzioni di stampa efficienti e convenienti, <\/span><span class=\"NormalTextRun SpellingErrorV2Themed SCXW85242543 BCX8\">PrinterLogic<\/span> <span class=\"NormalTextRun SCXW85242543 BCX8\">si presenta<\/span><span class=\"NormalTextRun SCXW85242543 BCX8\"> come uno strumento di trasformazione che <\/span><span class=\"NormalTextRun SCXW85242543 BCX8\">elimina<\/span><span class=\"NormalTextRun SCXW85242543 BCX8\"> le complessit\u00e0 tradizionalmente associate ai server di stampa. Fornisce una piattaforma centralizzata che consente agli amministratori IT di gestire stampanti, driver e impostazioni utente con una facilit\u00e0 senza precedenti, migliorando la produttivit\u00e0 complessiva e riducendo i costi operativi.<\/span><\/span><span class=\"LineBreakBlob BlobObject DragDrop SCXW85242543 BCX8\"><span class=\"SCXW85242543 BCX8\">\u00a0<\/span><br class=\"SCXW85242543 BCX8\" \/><\/span><span class=\"LineBreakBlob BlobObject DragDrop SCXW85242543 BCX8\"><span class=\"SCXW85242543 BCX8\">\u00a0<\/span><\/span><span class=\"LineBreakBlob BlobObject DragDrop SCXW85242543 BCX8\"><br class=\"SCXW85242543 BCX8\" \/><\/span><span class=\"TextRun Highlight SCXW85242543 BCX8\" lang=\"EN-GB\" xml:lang=\"EN-GB\" data-contrast=\"none\"><span class=\"NormalTextRun SpellingErrorV2Themed SCXW85242543 BCX8\">L'interfaccia<\/span><span class=\"NormalTextRun SCXW85242543 BCX8\"> intuitiva e le solide funzionalit\u00e0 di PrinterLogic consentono alle organizzazioni di distribuire e gestire le stampanti in ambienti diversi, tra cui grandi aziende, istituti scolastici e strutture sanitarie. Funzioni come l'installazione self-service delle stampanti, strumenti completi di verifica e reporting e il supporto per la stampa mobile rispondono alle esigenze specifiche di vari gruppi di utenti, rendendo questa soluzione versatile.<\/span><\/span><span class=\"LineBreakBlob BlobObject DragDrop SCXW85242543 BCX8\"><span class=\"SCXW85242543 BCX8\">\u00a0<\/span><br class=\"SCXW85242543 BCX8\" \/><\/span><span class=\"LineBreakBlob BlobObject DragDrop SCXW85242543 BCX8\"><span class=\"SCXW85242543 BCX8\">\u00a0<\/span><br class=\"SCXW85242543 BCX8\" \/><\/span><span class=\"TextRun Highlight SCXW85242543 BCX8\" lang=\"EN-GB\" xml:lang=\"EN-GB\" data-contrast=\"none\"><span class=\"NormalTextRun SCXW85242543 BCX8\">La sicurezza \u00e8 un'altra pietra miliare <\/span><span class=\"NormalTextRun SpellingErrorV2Themed SCXW85242543 BCX8\">della<\/span><span class=\"NormalTextRun SCXW85242543 BCX8\"> proposta di valore di PrinterLogic. Integra misure di sicurezza avanzate per proteggere i dati sensibili e garantire la conformit\u00e0 agli standard del settore. Grazie all'offerta di protocolli di stampa e crittografia sicuri, <\/span><span class=\"NormalTextRun SpellingErrorV2Themed SCXW85242543 BCX8\">PrinterLogic<\/span><span class=\"NormalTextRun SCXW85242543 BCX8\"> contribuisce a salvaguardare le informazioni riservate delle organizzazioni.<\/span><\/span><\/p>\n<\/p>\n\t<\/div>\n<\/section>\n\n<section id=\"txt-header\">\n\t<div class=\"container block-text-header\">\n\t\t<h3><\/h3>\n\t\t<h2><\/h2>\n\t\t<p><p><img loading=\"lazy\" decoding=\"async\" class=\"aligncenter wp-image-20469 size-full\" src=\"https:\/\/office-staging.fujifilmprint.eu\/wp-content\/uploads\/2024\/07\/papercut.png\" alt=\"\" width=\"407\" height=\"124\" srcset=\"https:\/\/office-staging.fujifilmprint.eu\/wp-content\/uploads\/2024\/07\/papercut.png 407w, https:\/\/office-staging.fujifilmprint.eu\/wp-content\/uploads\/2024\/07\/papercut-300x91.png 300w, https:\/\/office-staging.fujifilmprint.eu\/wp-content\/uploads\/2024\/07\/papercut-18x5.png 18w\" sizes=\"auto, (max-width: 407px) 100vw, 407px\" \/><\/p>\n<p><span data-contrast=\"none\">Da oltre 25 anni <strong>PaperCut<\/strong> crea software intelligenti per le stampanti, <\/span><span data-contrast=\"none\">aiutando le persone in tutto il mondo a ridurre al minimo gli sprechi e ad avere un'esperienza di stampa sicura e semplice.<\/span><span data-ccp-props=\"{&quot;201341983&quot;:0,&quot;335557856&quot;:16777215,&quot;335559739&quot;:0,&quot;335559740&quot;:240}\">\u00a0<\/span><\/p>\n<p><span data-contrast=\"none\">A livello commerciale, la flessibilit\u00e0 di PaperCut consente alle aziende di passare senza problemi dall'on-premise al cloud in tutte le fasi, grazie a una struttura di prezzi unificata. Che la tua azienda sia gi\u00e0 pronta per il cloud o che voglia porre le basi per il passaggio al cloud, la loro flessibilit\u00e0 ti fornir\u00e0 un modello adatto alla tua azienda.<\/span><\/p>\n<p><span data-contrast=\"none\">Alla base di tutto c'\u00e8 l'impegno di PaperCut nei confronti della sostenibilit\u00e0, con l\u2019idea che la sostenibilit\u00e0 ambientale abbia molte sfaccettature. Potrebbe trattarsi del riconoscimento dello status di B-Corp certificata o del programma positivo per le foreste PaperCut Grows, con l'impegno a piantare pi\u00f9 alberi di quanti ne vengano utilizzati per la stampa dall\u2019organizzazione.<\/span><\/p>\n<\/p>\n\t<\/div>\n<\/section>\n\n<section id=\"txt-header\">\n\t<div class=\"container block-text-header\">\n\t\t<h3><\/h3>\n\t\t<h2><\/h2>\n\t\t<p><p><img loading=\"lazy\" decoding=\"async\" class=\"aligncenter wp-image-20470 size-full\" src=\"https:\/\/office-staging.fujifilmprint.eu\/wp-content\/uploads\/2024\/07\/ysof.jpg\" alt=\"\" width=\"200\" height=\"200\" srcset=\"https:\/\/office-staging.fujifilmprint.eu\/wp-content\/uploads\/2024\/07\/ysof.jpg 200w, https:\/\/office-staging.fujifilmprint.eu\/wp-content\/uploads\/2024\/07\/ysof-150x150.jpg 150w, https:\/\/office-staging.fujifilmprint.eu\/wp-content\/uploads\/2024\/07\/ysof-12x12.jpg 12w\" sizes=\"auto, (max-width: 200px) 100vw, 200px\" \/><\/p>\n<p><span data-contrast=\"none\">Se occorre una stampa semplificata, un test automatizzato dei dispositivi o una formazione digitalizzata per i dipendenti,<strong> Y Soft<\/strong> \u00e8 qui per semplificare la vita dell\u2019azienda e del personale. <\/span><span data-contrast=\"none\">Indipendentemente dal punto in cui ci si trova nel viaggio nel cloud, Y Soft ha una soluzione di stampa a prova di futuro.<\/span><span data-ccp-props=\"{&quot;134233117&quot;:true,&quot;134233118&quot;:true,&quot;201341983&quot;:2,&quot;335557856&quot;:16777215,&quot;335559739&quot;:160,&quot;335559740&quot;:360}\">\u00a0<\/span><\/p>\n<p><span data-contrast=\"none\">Le soluzioni di Y Soft sono progettate per aiutare la tua azienda ad accelerare la trasformazione dell'IT, a guidare la crescita dell'azienda e dei dipendenti e a costruire modi di lavorare migliori. <\/span><span data-contrast=\"none\">L'approccio a piattaforma consente di aggiungere senza problemi nuove funzionalit\u00e0, come la stampa su cloud, al tuo ambiente di stampa.\u00a0<\/span><\/p>\n<p><span data-contrast=\"none\">I sistemi di flusso di lavoro digitali e autonomi migliorano la produttivit\u00e0, consentendo ai dipendenti di lavorare su attivit\u00e0 pi\u00f9 critiche. <\/span><span data-contrast=\"none\">Lavorando in combinazione con la piattaforma Apeos di Fujifilm, leader di mercato, si ottiene una soluzione all'avanguardia nel settore. <\/span><span data-ccp-props=\"{&quot;201341983&quot;:0,&quot;335559739&quot;:160,&quot;335559740&quot;:256}\">\u00a0<\/span><\/p>\n<\/p>\n\t<\/div>\n<\/section>\n\n<section id=\"txt-header\">\n\t<div class=\"container block-text-header\">\n\t\t<h3><\/h3>\n\t\t<h2><\/h2>\n\t\t<p><p><img loading=\"lazy\" decoding=\"async\" class=\"aligncenter wp-image-21342 size-full\" src=\"https:\/\/office-staging.fujifilmprint.eu\/wp-content\/uploads\/2024\/07\/mQ.png\" alt=\"\" width=\"375\" height=\"137\" srcset=\"https:\/\/office-staging.fujifilmprint.eu\/wp-content\/uploads\/2024\/07\/mQ.png 375w, https:\/\/office-staging.fujifilmprint.eu\/wp-content\/uploads\/2024\/07\/mQ-300x110.png 300w, https:\/\/office-staging.fujifilmprint.eu\/wp-content\/uploads\/2024\/07\/mQ-18x7.png 18w\" sizes=\"auto, (max-width: 375px) 100vw, 375px\" \/><\/p>\n<p class=\"translation-block\">MyQ \u00e8 semplice e accessibile a tutti: questa \u00e8 la loro visione della (r)evoluzione della scansione e della stampa, che racchiude 30 anni di esperienza nel settore della stampa. MyQ sa bene che dietro ogni documento c'\u00e8 una persona reale che cerca comodit\u00e0, sicurezza ed efficienza nelle proprie attivit\u00e0 quotidiane. Dalle grandi agenzie governative e dagli uffici aziendali agli ospedali, alle biblioteche scolastiche e persino agli uffici domestici, sono specializzati nell'adattare la loro tecnologia per fornire la massima efficienza e interfacce intuitive per tutti.<\/p>\n<div class=\"elementToProof\">\n<p class=\"translation-block\">In pi\u00f9 di 150 paesi in tutto il mondo, <strong>MyQ<\/strong>  ha reso sicure e semplificate le operazioni su pi\u00f9 di 1 milione di stampanti, eliminando la burocrazia inutile e rendendo la stampa, la scansione e l'elaborazione dei documenti pi\u00f9 comode, accessibili e resilienti per oltre 50 milioni di utenti. E ora stanno aiutando tutti i loro clienti a migrare le loro tradizionali soluzioni di gestione della stampa basate su server al cloud pubblico.<\/p>\n<\/div>\n<\/p>\n\t<\/div>\n<\/section>\n\n<div style=\"height:20px;\">\n<\/div>\n\n\r\n<style>\r\n.icon-block-link{\r\n\ttext-decoration: none;\r\n\tcolor: black;\r\n}\r\n.icon-block-link:hover .poi-icons-printers .icon-block-icon{\r\n\ttransform: scale(1.2);\r\n    filter: invert(69%) sepia(96%) saturate(1997%) hue-rotate(120deg) brightness(99%) contrast(101%) !important;\r\n\ttransition: 0.4s;\r\n}\r\n<\/style>\r\n<section id=\"tc-icons\" class=\"printer-icons\">\r\n\t<div class=\"container block-three-column-icons\">\r\n\t\t<h2>Scopri la gamma di stampanti multifunzione Apeos:<\/h2>\r\n\t\t<div class=\"row\" style=\"margin-top: 70px;\">\r\n\t\t\t\t\t\t\t\t\t\t\t\t<div class=\"col-sm\">\r\n                    <a href=\"https:\/\/office-staging.fujifilmprint.eu\/it\/product\/apeos-c4030-series\/\" class=\"icon-block-link\">\r\n                        <div class=\"icons-flex\">\r\n                                <div class=\"poi-icons-printers\" style=\"background-color: transparent;\">\r\n                                    <img decoding=\"async\" class=\"icon-block-icon\" src=\"\/wp-content\/uploads\/2024\/08\/C4030.svg\" style=\"filter: brightness(0);\" \/>\r\n                                <\/div>\r\n                            <div class=\"icon-content\">\r\n                            <p>\r\n                                <strong>Apeos serie C4030<\/strong>\r\n                            <\/p>\r\n                                <p style=\"padding: 0 15px;\">Stampa A4 senza compromessi sulla qualit\u00e0<\/p>\r\n                                <\/div>\r\n                        <\/div>\r\n                        <\/a>\r\n\t\t\t\t\t<\/div>\r\n\t\t\t\t\t\t\t\t\t<div class=\"col-sm\">\r\n                    <a href=\"https:\/\/office-staging.fujifilmprint.eu\/it\/product\/apeos-c3060-series\/\" class=\"icon-block-link\">\r\n                        <div class=\"icons-flex\">\r\n                                <div class=\"poi-icons-printers\" style=\"background-color: transparent;\">\r\n                                    <img decoding=\"async\" class=\"icon-block-icon\" src=\"\/wp-content\/uploads\/2024\/08\/C3060.svg\" style=\"filter: brightness(0);\" \/>\r\n                                <\/div>\r\n                            <div class=\"icon-content\">\r\n                            <p>\r\n                                <strong>Apeos serie C3060<\/strong>\r\n                            <\/p>\r\n                                <p style=\"padding: 0 15px;\">Stampa A3 configurabile con la massima flessibilit\u00e0<\/p>\r\n                                <\/div>\r\n                        <\/div>\r\n                        <\/a>\r\n\t\t\t\t\t<\/div>\r\n\t\t\t\t\t\t\t\t\t<div class=\"col-sm\">\r\n                    <a href=\"https:\/\/office-staging.fujifilmprint.eu\/it\/product\/apeos-c7070-series\/\" class=\"icon-block-link\">\r\n                        <div class=\"icons-flex\">\r\n                                <div class=\"poi-icons-printers\" style=\"background-color: transparent;\">\r\n                                    <img decoding=\"async\" class=\"icon-block-icon\" src=\"\/wp-content\/uploads\/2024\/08\/C7070.svg\" style=\"filter: brightness(0);\" \/>\r\n                                <\/div>\r\n                            <div class=\"icon-content\">\r\n                            <p>\r\n                                <strong>Apeos Serie C7070<\/strong>\r\n                            <\/p>\r\n                                <p style=\"padding: 0 15px;\">Stampa A3 di fascia alta <br>robusta e intuitiva<\/p>\r\n                                <\/div>\r\n                        <\/div>\r\n                        <\/a>\r\n\t\t\t\t\t<\/div>\r\n\t\t\t\t\t\t\t\t\t<\/div>\r\n\t<\/div>\r\n<\/section>\n\n<div style=\"height:100px;\">\n<\/div>\n\n<section id=\"dark-form\">\n\t<div id=\"footer-form\" class=\"container\">\n\t\t<h2>Sei interessato ai nostri partner per il software? Contattaci con le modalit\u00e0 indicate qui sotto:<\/h2>\n\n\t\t  \r\n   \r\n  \r\n<script src=\"\/\/info.fujifilm.eu\/js\/forms2\/js\/forms2.min.js\"><\/script> <form id=\"mktoForm_6121\" action=\"\"><input type=\"hidden\" name=\"trp-form-language\" value=\"it\"\/><\/form> <script>MktoForms2.loadForm(\"\/\/info.fujifilm.eu\", \"060-MIY-956\", 6121);<\/script> \r\n  \r\n \r\n\r\n  \n\t\t<div id=\"confirmform\" style=\"visibility:hidden;\">\n                            <p><strong>Grazie per la tua richiesta, qualcuno ti contatter\u00e0 presto.<\/strong><\/p>\n              \n        <\/div>\n\t<\/div>\n<\/section>","protected":false},"featured_media":0,"template":"","sector":[],"class_list":["post-19491","product","type-product","status-publish","hentry"],"acf":[],"yoast_head":"<!-- This site is optimized with the Yoast SEO plugin v22.5 - https:\/\/yoast.com\/wordpress\/plugins\/seo\/ -->\n<title>Software Solutions | Fujifilm Multifunction Office Printers EMEA<\/title>\n<meta name=\"description\" content=\"We have been working with the leading providers of print &amp; output management solutions worldwide. Find out more here.\" \/>\n<meta name=\"robots\" content=\"noindex, follow, max-snippet:-1, max-image-preview:large, max-video-preview:-1\" \/>\n<meta property=\"og:locale\" content=\"it_IT\" \/>\n<meta property=\"og:type\" content=\"article\" \/>\n<meta property=\"og:title\" content=\"Software Solutions | Fujifilm Multifunction Office Printers EMEA\" \/>\n<meta property=\"og:description\" content=\"We have been working with the leading providers of print &amp; output management solutions worldwide. Find out more here.\" \/>\n<meta property=\"og:url\" content=\"https:\/\/office-staging.fujifilmprint.eu\/it\/product\/software-solutions\/\" \/>\n<meta property=\"og:site_name\" content=\"Fujifilm Office Printers EMEA\" \/>\n<meta property=\"article:modified_time\" content=\"2025-07-14T16:31:33+00:00\" \/>\n<meta name=\"twitter:card\" content=\"summary_large_image\" \/>\n<script type=\"application\/ld+json\" class=\"yoast-schema-graph\">{\"@context\":\"https:\/\/schema.org\",\"@graph\":[{\"@type\":\"WebPage\",\"@id\":\"https:\/\/office-staging.fujifilmprint.eu\/product\/software-solutions\/\",\"url\":\"https:\/\/office-staging.fujifilmprint.eu\/product\/software-solutions\/\",\"name\":\"Software Solutions | Fujifilm Multifunction Office Printers EMEA\",\"isPartOf\":{\"@id\":\"https:\/\/office-staging.fujifilmprint.eu\/#website\"},\"datePublished\":\"2024-07-10T14:51:31+00:00\",\"dateModified\":\"2025-07-14T16:31:33+00:00\",\"description\":\"We have been working with the leading providers of print & output management solutions worldwide. Find out more here.\",\"breadcrumb\":{\"@id\":\"https:\/\/office-staging.fujifilmprint.eu\/product\/software-solutions\/#breadcrumb\"},\"inLanguage\":\"it-IT\",\"potentialAction\":[{\"@type\":\"ReadAction\",\"target\":[\"https:\/\/office-staging.fujifilmprint.eu\/product\/software-solutions\/\"]}]},{\"@type\":\"BreadcrumbList\",\"@id\":\"https:\/\/office-staging.fujifilmprint.eu\/product\/software-solutions\/#breadcrumb\",\"itemListElement\":[{\"@type\":\"ListItem\",\"position\":1,\"name\":\"Home\",\"item\":\"https:\/\/office-staging.fujifilmprint.eu\/\"},{\"@type\":\"ListItem\",\"position\":2,\"name\":\"Products\",\"item\":\"https:\/\/office-staging.fujifilmprint.eu\/product\/\"},{\"@type\":\"ListItem\",\"position\":3,\"name\":\"Software solutions\"}]},{\"@type\":\"WebSite\",\"@id\":\"https:\/\/office-staging.fujifilmprint.eu\/#website\",\"url\":\"https:\/\/office-staging.fujifilmprint.eu\/\",\"name\":\"Fujifilm Office Printers EMEA\",\"description\":\"\",\"publisher\":{\"@id\":\"https:\/\/office-staging.fujifilmprint.eu\/#organization\"},\"potentialAction\":[{\"@type\":\"SearchAction\",\"target\":{\"@type\":\"EntryPoint\",\"urlTemplate\":\"https:\/\/office-staging.fujifilmprint.eu\/?s={search_term_string}\"},\"query-input\":\"required name=search_term_string\"}],\"inLanguage\":\"it-IT\"},{\"@type\":\"Organization\",\"@id\":\"https:\/\/office-staging.fujifilmprint.eu\/#organization\",\"name\":\"Fujifilm Office Printers EMEA\",\"url\":\"https:\/\/office-staging.fujifilmprint.eu\/\",\"logo\":{\"@type\":\"ImageObject\",\"inLanguage\":\"it-IT\",\"@id\":\"https:\/\/office-staging.fujifilmprint.eu\/#\/schema\/logo\/image\/\",\"url\":\"https:\/\/office-staging.fujifilmprint.eu\/wp-content\/uploads\/2024\/05\/fujifilm-1.png\",\"contentUrl\":\"https:\/\/office-staging.fujifilmprint.eu\/wp-content\/uploads\/2024\/05\/fujifilm-1.png\",\"width\":416,\"height\":70,\"caption\":\"Fujifilm Office Printers EMEA\"},\"image\":{\"@id\":\"https:\/\/office-staging.fujifilmprint.eu\/#\/schema\/logo\/image\/\"}}]}<\/script>\n<!-- \/ Yoast SEO plugin. -->","yoast_head_json":{"title":"Soluzioni software | Stampanti multifunzione per ufficio Fujifilm EMEA","description":"Abbiamo collaborato con i principali fornitori di soluzioni di gestione della stampa e dell'output in tutto il mondo. Maggiori informazioni qui.","robots":{"index":"noindex","follow":"follow","max-snippet":"max-snippet:-1","max-image-preview":"max-image-preview:large","max-video-preview":"max-video-preview:-1"},"og_locale":"it_IT","og_type":"article","og_title":"Software Solutions | Fujifilm Multifunction Office Printers EMEA","og_description":"We have been working with the leading providers of print & output management solutions worldwide. Find out more here.","og_url":"https:\/\/office-staging.fujifilmprint.eu\/it\/product\/software-solutions\/","og_site_name":"Fujifilm Office Printers EMEA","article_modified_time":"2025-07-14T16:31:33+00:00","twitter_card":"summary_large_image","schema":{"@context":"https:\/\/schema.org","@graph":[{"@type":"WebPage","@id":"https:\/\/office-staging.fujifilmprint.eu\/product\/software-solutions\/","url":"https:\/\/office-staging.fujifilmprint.eu\/product\/software-solutions\/","name":"Soluzioni software | Stampanti multifunzione per ufficio Fujifilm EMEA","isPartOf":{"@id":"https:\/\/office-staging.fujifilmprint.eu\/#website"},"datePublished":"2024-07-10T14:51:31+00:00","dateModified":"2025-07-14T16:31:33+00:00","description":"Abbiamo collaborato con i principali fornitori di soluzioni di gestione della stampa e dell'output in tutto il mondo. Maggiori informazioni qui.","breadcrumb":{"@id":"https:\/\/office-staging.fujifilmprint.eu\/product\/software-solutions\/#breadcrumb"},"inLanguage":"it-IT","potentialAction":[{"@type":"ReadAction","target":["https:\/\/office-staging.fujifilmprint.eu\/product\/software-solutions\/"]}]},{"@type":"BreadcrumbList","@id":"https:\/\/office-staging.fujifilmprint.eu\/product\/software-solutions\/#breadcrumb","itemListElement":[{"@type":"ListItem","position":1,"name":"Home","item":"https:\/\/office-staging.fujifilmprint.eu\/"},{"@type":"ListItem","position":2,"name":"Products","item":"https:\/\/office-staging.fujifilmprint.eu\/product\/"},{"@type":"ListItem","position":3,"name":"Software solutions"}]},{"@type":"WebSite","@id":"https:\/\/office-staging.fujifilmprint.eu\/#website","url":"https:\/\/office-staging.fujifilmprint.eu\/","name":"Fujifilm Stampanti per ufficio EMEA","description":"","publisher":{"@id":"https:\/\/office-staging.fujifilmprint.eu\/#organization"},"potentialAction":[{"@type":"SearchAction","target":{"@type":"EntryPoint","urlTemplate":"https:\/\/office-staging.fujifilmprint.eu\/?s={search_term_string}"},"query-input":"required name=search_term_string"}],"inLanguage":"it-IT"},{"@type":"Organization","@id":"https:\/\/office-staging.fujifilmprint.eu\/#organization","name":"Fujifilm Stampanti per ufficio EMEA","url":"https:\/\/office-staging.fujifilmprint.eu\/","logo":{"@type":"ImageObject","inLanguage":"it-IT","@id":"https:\/\/office-staging.fujifilmprint.eu\/#\/schema\/logo\/image\/","url":"https:\/\/office-staging.fujifilmprint.eu\/wp-content\/uploads\/2024\/05\/fujifilm-1.png","contentUrl":"https:\/\/office-staging.fujifilmprint.eu\/wp-content\/uploads\/2024\/05\/fujifilm-1.png","width":416,"height":70,"caption":"Fujifilm Office Printers EMEA"},"image":{"@id":"https:\/\/office-staging.fujifilmprint.eu\/#\/schema\/logo\/image\/"}}]}},"_links":{"self":[{"href":"https:\/\/office-staging.fujifilmprint.eu\/it\/wp-json\/wp\/v2\/product\/19491","targetHints":{"allow":["GET"]}}],"collection":[{"href":"https:\/\/office-staging.fujifilmprint.eu\/it\/wp-json\/wp\/v2\/product"}],"about":[{"href":"https:\/\/office-staging.fujifilmprint.eu\/it\/wp-json\/wp\/v2\/types\/product"}],"wp:attachment":[{"href":"https:\/\/office-staging.fujifilmprint.eu\/it\/wp-json\/wp\/v2\/media?parent=19491"}],"wp:term":[{"taxonomy":"sector","embeddable":true,"href":"https:\/\/office-staging.fujifilmprint.eu\/it\/wp-json\/wp\/v2\/sector?post=19491"}],"curies":[{"name":"wp","href":"https:\/\/api.w.org\/{rel}","templated":true}]}}