{"id":19742,"date":"2024-07-30T14:27:33","date_gmt":"2024-07-30T13:27:33","guid":{"rendered":"https:\/\/office-staging.fujifilmprint.eu\/?page_id=19742"},"modified":"2025-07-14T17:30:18","modified_gmt":"2025-07-14T16:30:18","slug":"efficiency","status":"publish","type":"page","link":"https:\/\/office-staging.fujifilmprint.eu\/nl\/efficiency\/","title":{"rendered":"Effici\u00ebntie"},"content":{"rendered":"<section id=\"green-header\">\n\t<div class=\"container-fluid green-pt\" style=\"background-image: url('https:\/\/office-staging.fujifilmprint.eu\/wp-content\/uploads\/2024\/09\/efficiency-header-2000x324-1.jpg');background-size: cover;padding: 0;\">\n\t<div class=\"overlay\" style=\"padding: 75px 0;\">\t\t<div class=\"container\">\n\t\t\t<h2 style=\"color: #00e5c2;\">\n\t\t\t\tMeer effici\u00ebntie\t\t\t<\/h2>\n\t\t\t<h3 style=\"color: #fff;margin-top: 25px;letter-spacing: -1px;font-size: 29px;font-weight: 500;\">\n\t\t\t\tBetrouwbare werking die de productiviteit verhoogt\t\t\t<\/h3>\n\t\t<\/div>\n\t<\/div>\t<\/div>\n<\/section>\n\n<div style=\"height:50px;\">\n<\/div>\n\n<section id=\"txt-header\">\n\t<div class=\"container block-text-header\">\n\t\t<h3>Waarom Apeos?<\/h3>\n\t\t<h2>Apeos kantoorprinters zijn ontworpen met het oog op betrouwbaarheid en duurzaamheid en verbeteren de bedrijfsvoering aanzienlijk.<\/h2>\n\t\t<p><p>Op productiviteit gerichte kantoorprinters bieden verschillende voordelen die de bedrijfsvoering aanzienlijk verbeteren. Ten eerste bespaart het Apeos kantoorassortiment tijd dankzij de snelle afdrukmogelijkheden, waardoor de wachttijden voor documenten korter worden en werknemers zich meer kunnen richten op hun kerntaken, waardoor de algehele effici\u00ebntie toeneemt.<\/p>\n<p>De Apeos-reeks ondersteunt een hogere output door effici\u00ebnt grote printvolumes te verwerken, zodat zonder vertragingen kan worden voldaan aan de eisen van drukke kantooromgevingen. Fujifilm Apeos printers zijn ontworpen met het oog op betrouwbaarheid en duurzaamheid, waardoor storingen en onderhoudsbehoeften tot een minimum worden beperkt. Fujifilm ge\u00efntegreerde softwareoplossingen vergemakkelijken documentbeheertaken zoals scannen, archiveren en digitaal delen, waardoor de algehele documentworkflow en toegankelijkheid worden verbeterd.<\/p>\n<p>Fujifilm kantoorprinters bieden veelzijdigheid door de verwerking van verschillende mediatypen en -formaten, zodat uw bedrijf een breed scala aan documenten intern kan produceren, van standaardrapporten tot geavanceerd marketingmateriaal. Ze zijn schaalbaar, zodat ze tegemoet komen aan de toenemende printbehoeften naarmate je bedrijf groeit, zonder dat dit ten koste gaat van de prestaties.<\/p>\n<p>Apeos printers zorgen voor een professionele afdrukkwaliteit, zodat alle documenten, zowel voor intern gebruik als voor externe communicatie, er verzorgd uitzien en bijdragen aan een positief imago van het bedrijf. Deze professionele uitstraling versterkt de geloofwaardigheid en professionaliteit in interacties met klanten en zakelijke communicatie.<\/p>\n<\/p>\n\t<\/div>\n<\/section>\n\n<section id=\"txt-header\">\n\t<div class=\"container block-text-header\">\n\t\t<h3>Belangrijkste kenmerken<\/h3>\n\t\t<h2><\/h2>\n\t\t<p><p><strong>MULTIFUNCTIONEEL APPARAAT AFDRUKKEN:<\/strong> Het biedt de flexibiliteit om af te drukken en afdrukken te verzamelen vanaf elk aangesloten multifunctioneel apparaat. Dit verbetert de productiviteit door te printen vanaf een ander beschikbaar multifunctioneel apparaat terwijl het huidige apparaat in gebruik is.<\/p>\n<p><img decoding=\"async\" class=\"alignnone wp-image-20355 size-full\" src=\"https:\/\/office-staging.fujifilmprint.eu\/wp-content\/uploads\/2024\/08\/Multifunction-device-printing.svg\" alt=\"\" \/><\/p>\n<p><strong>KOPERSLAB WORDT STERK AANBEVOLEN:<\/strong> Fujifilm Apeos C4030, C5570 en C7070 hebben met succes de tests van Keypoint Intelligence doorlopen en hebben de \"Highly Recommended\"-classificatie en het keurmerk van Buyers Lab ontvangen.<\/p>\n<p><strong>ALTIJD EN OVERAL INFORMATIE DELEN:\u00a0<\/strong>Met software voor documentbeheer en internettoegang kunnen documenten altijd en overal worden bekeken.<\/p>\n<p><img loading=\"lazy\" decoding=\"async\" class=\"wp-image-20796 size-large aligncenter\" src=\"https:\/\/office-staging.fujifilmprint.eu\/wp-content\/uploads\/2024\/09\/FUJ13516-Infographics-for-export-v5-outlined-13-v2.svg\" alt=\"\" width=\"640\" height=\"640\" \/><\/p>\n<p><strong>QUICK SCAN MET HOOG VOLUME:<\/strong> Direct scannen zonder handmatige invoer met dubbelzijdig scannen in kleur in \u00e9\u00e9n doorgang tot 270 ppm. DADF in \u00e9\u00e9n doorgang beschadigt het originele document niet en het systeem converteert originelen van aangepaste formaten automatisch naar standaardformaten.<\/p>\n<p><strong>SNEL OPSTARTEN EN UITVOEREN:<\/strong> De hersteltijd uit de slaapstand is 5 seconden en de eerste kopie is 6,7 seconden (Apeos C3570), wat resulteert in een grotere effici\u00ebntie.<\/p>\n<p><img loading=\"lazy\" decoding=\"async\" class=\"aligncenter wp-image-20799\" src=\"https:\/\/office-staging.fujifilmprint.eu\/wp-content\/uploads\/2024\/09\/FUJ13516-Infographics-for-export-v5-outlined-26.svg\" alt=\"\" width=\"1030\" height=\"318\" \/><\/p>\n<p><strong>DIRECT SCANNEN OM AF TE DRUKKEN:<\/strong> Print direct vanaf een USB-stick of scan gegevens en sla ze direct op een USB-stick op zonder een pc te gebruiken.<\/p>\n<p><img decoding=\"async\" class=\"alignnone wp-image-20844 size-full\" src=\"https:\/\/office-staging.fujifilmprint.eu\/wp-content\/uploads\/2024\/09\/FUJ13516-Infographics-for-export-v5-outlined-15-v2-1.svg\" alt=\"\" \/><\/p>\n<p><strong>DRAAGBAAR BEDIENINGSPANEEL<\/strong>: Naadloze connectiviteit met mobiele apparaten voor kopieer-, fax-, print- en scantaken. Mobiele apparaten kunnen worden gebruikt als een alternatieve gebruikersinterface voor bewerkingen om gemeenschappelijke contactmomenten tot een minimum te beperken.<\/p>\n<p><img loading=\"lazy\" decoding=\"async\" class=\"aligncenter wp-image-20393 size-large\" src=\"https:\/\/office-staging.fujifilmprint.eu\/wp-content\/uploads\/2024\/08\/Portable-operation-panel.svg\" alt=\"\" width=\"640\" height=\"640\" \/><\/p>\n<\/p>\n\t<\/div>\n<\/section>\n\n<div style=\"height:50px;\">\n<\/div>\n\n\r\n<style>\r\n.icon-block-link{\r\n\ttext-decoration: none;\r\n\tcolor: black;\r\n}\r\n.icon-block-link:hover .poi-icons-printers .icon-block-icon{\r\n\ttransform: scale(1.2);\r\n    filter: invert(69%) sepia(96%) saturate(1997%) hue-rotate(120deg) brightness(99%) contrast(101%) !important;\r\n\ttransition: 0.4s;\r\n}\r\n<\/style>\r\n<section id=\"tc-icons\" class=\"printer-icons\">\r\n\t<div class=\"container block-three-column-icons\">\r\n\t\t<h2>Ontdek het Apeos MFP-gamma:<\/h2>\r\n\t\t<div class=\"row\" style=\"margin-top: 70px;\">\r\n\t\t\t\t\t\t\t\t\t\t\t\t<div class=\"col-sm\">\r\n                    <a href=\"https:\/\/office-staging.fujifilmprint.eu\/nl\/product\/apeos-c4030-series\/\" class=\"icon-block-link\">\r\n                        <div class=\"icons-flex\">\r\n                                <div class=\"poi-icons-printers\" style=\"background-color: transparent;\">\r\n                                    <img decoding=\"async\" class=\"icon-block-icon\" src=\"\/wp-content\/uploads\/2024\/08\/C4030.svg\" style=\"filter: brightness(0);\" \/>\r\n                                <\/div>\r\n                            <div class=\"icon-content\">\r\n                            <p>\r\n                                <strong>Apeos C4030-serie<\/strong>\r\n                            <\/p>\r\n                                <p style=\"padding: 0 15px;\">A4-afdrukken zonder concessies op kwaliteit<\/p>\r\n                                <\/div>\r\n                        <\/div>\r\n                        <\/a>\r\n\t\t\t\t\t<\/div>\r\n\t\t\t\t\t\t\t\t\t<div class=\"col-sm\">\r\n                    <a href=\"https:\/\/office-staging.fujifilmprint.eu\/nl\/product\/apeos-c3060-series\/\" class=\"icon-block-link\">\r\n                        <div class=\"icons-flex\">\r\n                                <div class=\"poi-icons-printers\" style=\"background-color: transparent;\">\r\n                                    <img decoding=\"async\" class=\"icon-block-icon\" src=\"\/wp-content\/uploads\/2024\/08\/C3060.svg\" style=\"filter: brightness(0);\" \/>\r\n                                <\/div>\r\n                            <div class=\"icon-content\">\r\n                            <p>\r\n                                <strong>Apeos C3060-serie<\/strong>\r\n                            <\/p>\r\n                                <p style=\"padding: 0 15px;\">Configureerbaar A3-printen met ultieme flexibiliteit<\/p>\r\n                                <\/div>\r\n                        <\/div>\r\n                        <\/a>\r\n\t\t\t\t\t<\/div>\r\n\t\t\t\t\t\t\t\t\t<div class=\"col-sm\">\r\n                    <a href=\"https:\/\/office-staging.fujifilmprint.eu\/nl\/product\/apeos-c7070-series\/\" class=\"icon-block-link\">\r\n                        <div class=\"icons-flex\">\r\n                                <div class=\"poi-icons-printers\" style=\"background-color: transparent;\">\r\n                                    <img decoding=\"async\" class=\"icon-block-icon\" src=\"\/wp-content\/uploads\/2024\/08\/C7070.svg\" style=\"filter: brightness(0);\" \/>\r\n                                <\/div>\r\n                            <div class=\"icon-content\">\r\n                            <p>\r\n                                <strong>Apeos C7070 Serie<\/strong>\r\n                            <\/p>\r\n                                <p style=\"padding: 0 15px;\">Robuuste en intu\u00eftieve high-end <br>A3 afdrukken<\/p>\r\n                                <\/div>\r\n                        <\/div>\r\n                        <\/a>\r\n\t\t\t\t\t<\/div>\r\n\t\t\t\t\t\t\t\t\t<\/div>\r\n\t<\/div>\r\n<\/section>\n\n<div id=\"contact\"><\/div>\n\n<div style=\"height:100px;\">\n<\/div>\n\n<section id=\"dark-form\">\n\t<div id=\"footer-form\" class=\"container\">\n\t\t<h2 class=\"translation-block\">Ge\u00efnteresseerd in effici\u00ebnt afdrukken met Apeos? <br>Neem contact met ons op:<\/h2>\n\n\t\t  \r\n   \r\n  \r\n \r\n\r\n  \n\t\t<div id=\"confirmform\" style=\"visibility:hidden;\">\n                            <p><strong>Bedankt voor uw aanvraag, er neemt binnenkort iemand contact met u op.<\/strong><\/p>\n              \n        <\/div>\n\t<\/div>\n<\/section>","protected":false},"excerpt":{"rendered":"","protected":false},"author":7,"featured_media":0,"parent":0,"menu_order":0,"comment_status":"closed","ping_status":"closed","template":"","meta":{"inline_featured_image":false,"footnotes":""},"class_list":["post-19742","page","type-page","status-publish","hentry"],"acf":[],"yoast_head":"<!-- This site is optimized with the Yoast SEO plugin v22.5 - https:\/\/yoast.com\/wordpress\/plugins\/seo\/ -->\n<title>Efficiency | Fujifilm Apeos Multifunction Printers EMEA<\/title>\n<meta name=\"description\" content=\"Businesses that produce high-quality printed materials can gain a competitive edge. Discover why your business needs Apeos MFPs.\" \/>\n<meta name=\"robots\" content=\"noindex, follow, max-snippet:-1, max-image-preview:large, max-video-preview:-1\" \/>\n<meta property=\"og:locale\" content=\"nl_NL\" \/>\n<meta property=\"og:type\" content=\"article\" \/>\n<meta property=\"og:title\" content=\"Efficiency | Fujifilm Apeos Multifunction Printers EMEA\" \/>\n<meta property=\"og:description\" content=\"Businesses that produce high-quality printed materials can gain a competitive edge. Discover why your business needs Apeos MFPs.\" \/>\n<meta property=\"og:url\" content=\"https:\/\/office-staging.fujifilmprint.eu\/nl\/efficiency\/\" \/>\n<meta property=\"og:site_name\" content=\"Fujifilm Office Printers EMEA\" \/>\n<meta property=\"article:modified_time\" content=\"2025-07-14T16:30:18+00:00\" \/>\n<meta name=\"twitter:card\" content=\"summary_large_image\" \/>\n<script type=\"application\/ld+json\" class=\"yoast-schema-graph\">{\"@context\":\"https:\/\/schema.org\",\"@graph\":[{\"@type\":\"WebPage\",\"@id\":\"https:\/\/office-staging.fujifilmprint.eu\/efficiency\/\",\"url\":\"https:\/\/office-staging.fujifilmprint.eu\/efficiency\/\",\"name\":\"Efficiency | Fujifilm Apeos Multifunction Printers EMEA\",\"isPartOf\":{\"@id\":\"https:\/\/office-staging.fujifilmprint.eu\/#website\"},\"datePublished\":\"2024-07-30T13:27:33+00:00\",\"dateModified\":\"2025-07-14T16:30:18+00:00\",\"description\":\"Businesses that produce high-quality printed materials can gain a competitive edge. Discover why your business needs Apeos MFPs.\",\"breadcrumb\":{\"@id\":\"https:\/\/office-staging.fujifilmprint.eu\/efficiency\/#breadcrumb\"},\"inLanguage\":\"nl-NL\",\"potentialAction\":[{\"@type\":\"ReadAction\",\"target\":[\"https:\/\/office-staging.fujifilmprint.eu\/efficiency\/\"]}]},{\"@type\":\"BreadcrumbList\",\"@id\":\"https:\/\/office-staging.fujifilmprint.eu\/efficiency\/#breadcrumb\",\"itemListElement\":[{\"@type\":\"ListItem\",\"position\":1,\"name\":\"Home\",\"item\":\"https:\/\/office-staging.fujifilmprint.eu\/\"},{\"@type\":\"ListItem\",\"position\":2,\"name\":\"Efficiency\"}]},{\"@type\":\"WebSite\",\"@id\":\"https:\/\/office-staging.fujifilmprint.eu\/#website\",\"url\":\"https:\/\/office-staging.fujifilmprint.eu\/\",\"name\":\"Fujifilm Office Printers EMEA\",\"description\":\"\",\"publisher\":{\"@id\":\"https:\/\/office-staging.fujifilmprint.eu\/#organization\"},\"potentialAction\":[{\"@type\":\"SearchAction\",\"target\":{\"@type\":\"EntryPoint\",\"urlTemplate\":\"https:\/\/office-staging.fujifilmprint.eu\/?s={search_term_string}\"},\"query-input\":\"required name=search_term_string\"}],\"inLanguage\":\"nl-NL\"},{\"@type\":\"Organization\",\"@id\":\"https:\/\/office-staging.fujifilmprint.eu\/#organization\",\"name\":\"Fujifilm Office Printers EMEA\",\"url\":\"https:\/\/office-staging.fujifilmprint.eu\/\",\"logo\":{\"@type\":\"ImageObject\",\"inLanguage\":\"nl-NL\",\"@id\":\"https:\/\/office-staging.fujifilmprint.eu\/#\/schema\/logo\/image\/\",\"url\":\"https:\/\/office-staging.fujifilmprint.eu\/wp-content\/uploads\/2024\/05\/fujifilm-1.png\",\"contentUrl\":\"https:\/\/office-staging.fujifilmprint.eu\/wp-content\/uploads\/2024\/05\/fujifilm-1.png\",\"width\":416,\"height\":70,\"caption\":\"Fujifilm Office Printers EMEA\"},\"image\":{\"@id\":\"https:\/\/office-staging.fujifilmprint.eu\/#\/schema\/logo\/image\/\"}}]}<\/script>\n<!-- \/ Yoast SEO plugin. -->","yoast_head_json":{"title":"Effici\u00ebntie | Fujifilm Apeos multifunctionele printers EMEA","description":"Bedrijven die drukwerk van hoge kwaliteit produceren, kunnen een concurrentievoordeel behalen. Ontdek waarom uw bedrijf Apeos MFP's nodig heeft.","robots":{"index":"noindex","follow":"follow","max-snippet":"max-snippet:-1","max-image-preview":"max-image-preview:large","max-video-preview":"max-video-preview:-1"},"og_locale":"nl_NL","og_type":"article","og_title":"Efficiency | Fujifilm Apeos Multifunction Printers EMEA","og_description":"Businesses that produce high-quality printed materials can gain a competitive edge. Discover why your business needs Apeos MFPs.","og_url":"https:\/\/office-staging.fujifilmprint.eu\/nl\/efficiency\/","og_site_name":"Fujifilm Office Printers EMEA","article_modified_time":"2025-07-14T16:30:18+00:00","twitter_card":"summary_large_image","schema":{"@context":"https:\/\/schema.org","@graph":[{"@type":"WebPage","@id":"https:\/\/office-staging.fujifilmprint.eu\/efficiency\/","url":"https:\/\/office-staging.fujifilmprint.eu\/efficiency\/","name":"Effici\u00ebntie | Fujifilm Apeos multifunctionele printers EMEA","isPartOf":{"@id":"https:\/\/office-staging.fujifilmprint.eu\/#website"},"datePublished":"2024-07-30T13:27:33+00:00","dateModified":"2025-07-14T16:30:18+00:00","description":"Bedrijven die drukwerk van hoge kwaliteit produceren, kunnen een concurrentievoordeel behalen. Ontdek waarom uw bedrijf Apeos MFP's nodig heeft.","breadcrumb":{"@id":"https:\/\/office-staging.fujifilmprint.eu\/efficiency\/#breadcrumb"},"inLanguage":"nl-NL","potentialAction":[{"@type":"ReadAction","target":["https:\/\/office-staging.fujifilmprint.eu\/efficiency\/"]}]},{"@type":"BreadcrumbList","@id":"https:\/\/office-staging.fujifilmprint.eu\/efficiency\/#breadcrumb","itemListElement":[{"@type":"ListItem","position":1,"name":"Home","item":"https:\/\/office-staging.fujifilmprint.eu\/"},{"@type":"ListItem","position":2,"name":"Efficiency"}]},{"@type":"WebSite","@id":"https:\/\/office-staging.fujifilmprint.eu\/#website","url":"https:\/\/office-staging.fujifilmprint.eu\/","name":"Fujifilm Kantoormachines EMEA","description":"","publisher":{"@id":"https:\/\/office-staging.fujifilmprint.eu\/#organization"},"potentialAction":[{"@type":"SearchAction","target":{"@type":"EntryPoint","urlTemplate":"https:\/\/office-staging.fujifilmprint.eu\/?s={search_term_string}"},"query-input":"required name=search_term_string"}],"inLanguage":"nl-NL"},{"@type":"Organization","@id":"https:\/\/office-staging.fujifilmprint.eu\/#organization","name":"Fujifilm Kantoormachines EMEA","url":"https:\/\/office-staging.fujifilmprint.eu\/","logo":{"@type":"ImageObject","inLanguage":"nl-NL","@id":"https:\/\/office-staging.fujifilmprint.eu\/#\/schema\/logo\/image\/","url":"https:\/\/office-staging.fujifilmprint.eu\/wp-content\/uploads\/2024\/05\/fujifilm-1.png","contentUrl":"https:\/\/office-staging.fujifilmprint.eu\/wp-content\/uploads\/2024\/05\/fujifilm-1.png","width":416,"height":70,"caption":"Fujifilm Office Printers EMEA"},"image":{"@id":"https:\/\/office-staging.fujifilmprint.eu\/#\/schema\/logo\/image\/"}}]}},"_links":{"self":[{"href":"https:\/\/office-staging.fujifilmprint.eu\/nl\/wp-json\/wp\/v2\/pages\/19742","targetHints":{"allow":["GET"]}}],"collection":[{"href":"https:\/\/office-staging.fujifilmprint.eu\/nl\/wp-json\/wp\/v2\/pages"}],"about":[{"href":"https:\/\/office-staging.fujifilmprint.eu\/nl\/wp-json\/wp\/v2\/types\/page"}],"author":[{"embeddable":true,"href":"https:\/\/office-staging.fujifilmprint.eu\/nl\/wp-json\/wp\/v2\/users\/7"}],"replies":[{"embeddable":true,"href":"https:\/\/office-staging.fujifilmprint.eu\/nl\/wp-json\/wp\/v2\/comments?post=19742"}],"version-history":[{"count":108,"href":"https:\/\/office-staging.fujifilmprint.eu\/nl\/wp-json\/wp\/v2\/pages\/19742\/revisions"}],"predecessor-version":[{"id":21382,"href":"https:\/\/office-staging.fujifilmprint.eu\/nl\/wp-json\/wp\/v2\/pages\/19742\/revisions\/21382"}],"wp:attachment":[{"href":"https:\/\/office-staging.fujifilmprint.eu\/nl\/wp-json\/wp\/v2\/media?parent=19742"}],"curies":[{"name":"wp","href":"https:\/\/api.w.org\/{rel}","templated":true}]}}