{"id":120,"date":"2022-05-03T19:40:21","date_gmt":"2022-05-03T18:40:21","guid":{"rendered":"https:\/\/fujifilmprint.eu\/?page_id=120"},"modified":"2026-03-09T17:22:37","modified_gmt":"2026-03-09T16:22:37","slug":"home","status":"publish","type":"page","link":"https:\/\/office-staging.fujifilmprint.eu\/pl\/","title":{"rendered":"Dom"},"content":{"rendered":"<section id=\"hero-banner\">\n\t<div id=\"video-box\">\n\t\t<video autoplay muted loop style>\n\t\t<source src=\"https:\/\/office-staging.fujifilmprint.eu\/wp-content\/uploads\/2026\/02\/Looping-video-4.mp4\" type=\"video\/mp4\">\t<\/video>\n\t<\/div>\n\t<div id=\"hero-content\">\n\t\t<h1>GOTOWY DO PRACY <br \/><span>To jest Apeos<\/span><br \/><\/h1>\n\t\t<p>Niewiarygodna jako\u015b\u0107 i\u00a0niezawodno\u015b\u0107 poparte przewag\u0105 w\u00a0zakresie bezpiecze\u0144stwa i\u00a0zr\u00f3wnowa\u017conego rozwoju<\/p>\n\t<\/div>\n<\/section>\n\n<section id=\"txt-tbb\">\n\t<div class=\"container\">\n\t\t<h2>Inteligentny, nowy, utalentowany pracownik Twojego biura<\/h2>\n\t\t<div class=\"dash-1\"><\/div>\n\t\t<p>Poznaj model Apeos, wszechstronny i\u00a0gotowy do pracy w\u00a0trybie 24\/7. U\u0142atwia kopiowanie, skanowanie, drukowanie i\u00a0zarz\u0105dzanie dokumentami, zapewniaj\u0105c wyj\u0105tkowe korzy\u015bci w\u00a0zakresie bezpiecze\u0144stwa i\u00a0zr\u00f3wnowa\u017conego rozwoju.<\/p>\n\t\t<div class=\"row\">\n\n\t\t\t\t\t\t\t\t\t\t\n\t\t<\/div>\n\t<\/div>\n<\/section> \n\n<style>\r\n.sector-banner{\r\nbackground-image: url(https:\/\/office-staging.fujifilmprint.eu\/wp-content\/uploads\/2026\/02\/FF27-Home-page-product-carousel-2500x800px-scaled.jpg);\r\n}\r\n\r\n\r\n<\/style>\r\n\r\n<div class=\"sector-banner\">\r\n\r\n   \r\n    <div class=\"banner-content\">\r\n        <h4>Poznaj ca\u0142\u0105 gam\u0119<\/h4>\r\n        <h1><span style=\"color:#ffffff;\">Drukarki wielofunkcyjne Apeos<\/span><\/h1>\r\n    <\/div>\r\n\r\n    <div class=\"sector-carousel owl-carousel owl-theme\">\r\n                                    <a href=\"https:\/\/office-staging.fujifilmprint.eu\/pl\/product\/apeos-c4030-series\/\">\r\n                    <div class=\"center\">\r\n                                                    <img decoding=\"async\" src=\"https:\/\/office-staging.fujifilmprint.eu\/wp-content\/uploads\/2024\/08\/c4030-carousel-1500x1464-1.png\" \/>\r\n                                                <h3>Seria Apeos C4030<\/h3>\r\n                    <\/div>\r\n                <\/a>\r\n                            <a href=\"https:\/\/office-staging.fujifilmprint.eu\/pl\/product\/apeos-c3060-series\/\">\r\n                    <div class=\"center\">\r\n                                                    <img decoding=\"async\" src=\"https:\/\/office-staging.fujifilmprint.eu\/wp-content\/uploads\/2024\/08\/c3060-carousel-1500x1464-1.png\" \/>\r\n                                                <h3>Seria Apeos C3060<\/h3>\r\n                    <\/div>\r\n                <\/a>\r\n                            <a href=\"https:\/\/office-staging.fujifilmprint.eu\/pl\/product\/apeos-c7070-series\/\">\r\n                    <div class=\"center\">\r\n                                                    <img decoding=\"async\" src=\"https:\/\/office-staging.fujifilmprint.eu\/wp-content\/uploads\/2024\/08\/c7070-carousel-1500x1464-1.png\" \/>\r\n                                                <h3>Seria Apeos C7070<\/h3>\r\n                    <\/div>\r\n                <\/a>\r\n                            <a href=\"https:\/\/office-staging.fujifilmprint.eu\/pl\/product\/apeos-5330-series\/\">\r\n                    <div class=\"center\">\r\n                                                    <img decoding=\"async\" src=\"https:\/\/office-staging.fujifilmprint.eu\/wp-content\/uploads\/2025\/04\/Apeos-5330-reflection-shadow.png\" \/>\r\n                                                <h3>Seria Apeos 5330<\/h3>\r\n                    <\/div>\r\n                <\/a>\r\n                            <a href=\"https:\/\/office-staging.fujifilmprint.eu\/pl\/product\/apeos-3560-series\/\">\r\n                    <div class=\"center\">\r\n                                                    <img decoding=\"async\" src=\"https:\/\/office-staging.fujifilmprint.eu\/wp-content\/uploads\/2025\/04\/Apeos-3560-reflection-shadow-e1743757889209.png\" \/>\r\n                                                <h3>Seria Apeos 3560<\/h3>\r\n                    <\/div>\r\n                <\/a>\r\n                            <a href=\"https:\/\/office-staging.fujifilmprint.eu\/pl\/product\/apeos-5570-series\/\">\r\n                    <div class=\"center\">\r\n                                                    <img decoding=\"async\" src=\"https:\/\/office-staging.fujifilmprint.eu\/wp-content\/uploads\/2025\/04\/Apeos-5570-reflection-shadow-v3.png\" \/>\r\n                                                <h3>Seria Apeos 5570<\/h3>\r\n                    <\/div>\r\n                <\/a>\r\n                            <a href=\"https:\/\/office-staging.fujifilmprint.eu\/pl\/product\/apeosprint-c4030\/\">\r\n                    <div class=\"center\">\r\n                                                    <img decoding=\"async\" src=\"https:\/\/office-staging.fujifilmprint.eu\/wp-content\/uploads\/2026\/03\/ApeosPrint-C4030-shadow-reflection.png\" \/>\r\n                                                <h3>ApeosPrint C4030<\/h3>\r\n                    <\/div>\r\n                <\/a>\r\n                            <a href=\"https:\/\/office-staging.fujifilmprint.eu\/pl\/product\/apeosprint-5330\/\">\r\n                    <div class=\"center\">\r\n                                                    <img decoding=\"async\" src=\"https:\/\/office-staging.fujifilmprint.eu\/wp-content\/uploads\/2026\/03\/Apeosprint-5330-reflection-shadow.png\" \/>\r\n                                                <h3>ApeosPrint 5330<\/h3>\r\n                    <\/div>\r\n                <\/a>\r\n                        <\/div>\r\n<\/div>\n\n<section id=\"txt-header\">\n\t<div class=\"container block-text-header\">\n\t\t<h3>Seria biurowa Apeos jest idealna dla klient\u00f3w, kt\u00f3rzy wymagaj\u0105:<\/h3>\n\t\t<h2><\/h2>\n\t\t<p><ul>\n<li>Urz\u0105dzenie z silnym <strong>bezpiecze\u0144stwo<\/strong> Funkcje te s\u0105 idealne dla hybrydowych styl\u00f3w pracy, umo\u017cliwiaj\u0105c u\u017cytkownikom bezpieczn\u0105 prac\u0119 w biurach i lokalizacjach zdalnych.<\/li>\n<li>Urz\u0105dzenie z innowacyjnymi technologiami \u015brodowiskowymi, kt\u00f3re zmniejszaj\u0105 zu\u017cycie energii i poprawiaj\u0105 og\u00f3ln\u0105 wydajno\u015b\u0107. <strong>zr\u00f3wnowa\u017cony rozw\u00f3j<\/strong>.<\/li>\n<li class=\"translation-block\">Urz\u0105dzenie, kt\u00f3re osi\u0105ga najwy\u017csz\u0105 <strong>jako\u015b\u0107 druku<\/strong> dzi\u0119ki wiod\u0105cej w bran\u017cy rozdzielczo\u015bci DPI, pomagaj\u0105c firmom uzyska\u0107 przewag\u0119 konkurencyjn\u0105.<\/li>\n<li class=\"translation-block\">Urz\u0105dzenie zaprojektowane z my\u015bl\u0105 o niezawodno\u015bci i trwa\u0142o\u015bci, znacznie usprawniaj\u0105ce operacje biznesowe oraz maksymalizuj\u0105ce <strong>efektywno\u015b\u0107 pracy i koszt\u00f3w<\/strong>.<\/li>\n<\/ul>\n<\/p>\n\t<\/div>\n<\/section>\n\n<div style=\"height:80px;\">\n<\/div>\n\n<div id=\"download\"><\/div>\n\n<section id=\"small-cta\">\n\n<!-- Standard Block -->\n    <div class=\"container\">\n        <div class=\"row\">\n            <div class=\"col-md-6 img-bg\" style=\"background-image: url(https:\/\/office-staging.fujifilmprint.eu\/wp-content\/uploads\/2026\/03\/Apeos-range-guide-mock-up-e1773072777996.jpg);\">\n            <\/div>\n            <div class=\"col-md-6 green\">\n                <h3>Pobierz broszur\u0119<\/h3>\n                <p>Dowiedz si\u0119 wi\u0119cej o unikalnych cechach i kluczowych specyfikacjach ka\u017cdej drukarki w przewodniku Apeos Range.<\/p>\n                                    <a href=\"https:\/\/office-staging.fujifilmprint.eu\/wp-content\/uploads\/2026\/03\/Apeos-Range-Brochure-v8-7.pdf\" id=\"btnOpenForm\" class=\"btn btn-purple\" style=\"margin: 0\">Pobierz tutaj<\/a>\n                            <\/div>\n        <\/div>\n    <\/div>\n\t\n\n<\/section>\n\n\n\n<!-- Single Pop-up -->\n<div id=\"popup-\" class=\"popup\">\n\t<div class=\"popup-content dark-form\" id=\"dark-form\">\n\t\t<div class=\"event-header\">\n\t\t\t<h2>\n\t\t\t\t\t\t\t\n\t\t\t\t\t\t\t<\/h2>\n\t\t<\/div>\n\t\t\n\t\t\t\t<div id=\"confirmform\" style=\"visibility:hidden;\">\n\t\t\t\t\t\t\t<p><strong>Dzi\u0119kujemy za zapytanie, wkr\u00f3tce kto\u015b si\u0119 z Tob\u0105 skontaktuje.<\/strong><\/p>\n\t\t\t\t\t<\/div>\n\t\t\t\t\n\t\t<span class=\"fade-out main-btn-circle\">\u2573<\/span>\n\t<\/div>\n<\/div>\n\t\n\n\n<div style=\"height:100px;\">\n<\/div>\n\n<section id=\"form-bg\">\n\t<div class=\"container-fluid block-short-cta-form\" style=\"background-image: url(https:\/\/office-staging.fujifilmprint.eu\/wp-content\/uploads\/2026\/02\/FF27-Product-page-banner-2500x800px4-scaled.png); background-size: cover; padding-bottom: 180px;\">\n\t\t\t\t<div class=\"container\">\n\t\t\t<div class=\"row\">\n\t\t\t\t<div class=\"col-md-8\">\n\t\t\t\t\t\t\t\t\t\t\t<h3>Czy uwa\u017casz, \u017ce Apeos spe\u0142nia Twoje wymagania?<\/h3>\n\t\t\t\t\t\t<p class=\"frm-h\">Skontaktuj si\u0119 z nami ju\u017c dzi\u015b:<\/p>\n\t\t\t\t\t\t\t\t\t\t\t\t\t\t<\/div>\n\t\t\t\t<div class=\"col-md-4\"><\/div>\n\t\t\t<\/div>\n\n\t\t<\/div>\n\t<\/div>\n \n\t\t\t<div class=\"container\">\n\t\t\t<div class=\"rendered-form\" >\n\t\t\t\t<h4 style=\"margin-bottom: 0;line-height: 25px;margin-left: 20px;\"><\/h4>\n\t\t\t\t<p style=\"margin-top: 5px;margin-left: 20px;\"><\/p>\n\t\t\t\t<div class=\"row\">\n\t\t\t\t  \r\n \r\n   \r\n  \r\n\r\n  \r\n<script src=\"\/\/info.fujifilm.eu\/js\/forms2\/js\/forms2.min.js\"><\/script> <form id=\"mktoForm_6513\" action=\"\"><input type=\"hidden\" name=\"trp-form-language\" value=\"pl\"\/><\/form> <script>MktoForms2.loadForm(\"\/\/info.fujifilm.eu\", \"060-MIY-956\", 6513);<\/script>\r\n  \n\t\t\t\t\n\n\t\t\t<\/div>\n\t\t<\/div>\n\t\t\t<\/div>\n\t\t<\/div>\n\t<\/section>\n\n<div style=\"height:80px;\">\n<\/div>\n\n<section id=\"txt-header\">\n\t<div class=\"container block-text-header\">\n\t\t<h3><\/h3>\n\t\t<h2><\/h2>\n\t\t<p><h3 style=\"text-align: left;\">Wci\u0105\u017c nie jeste\u015b pewien?<\/h3>\n<h2 class=\"translation-block\">Dowiedz si\u0119, dlaczego Twoja firma potrzebuje Apeos...<\/h2>\n<\/p>\n\t<\/div>\n<\/section>\n\n\n<section id=\"product-grid\">\n\t\t<div class=\"container\">\n            <div class=\"Commercial row\">\n                    <div class=\"col-md-6\">\n\t\t\t\t\t\t<div class=\"grid-bg\" style=\"background-image: url('https:\/\/office-staging.fujifilmprint.eu\/wp-content\/uploads\/2024\/09\/security-pillarblock-1000x1200-2.jpg');\">\n                        <div class=\"pgrid-inner\">\n                            <h3 style=\"line-height: 50px;\">Obsesja na punkcie bezpiecze\u0144stwa?<\/h3>\n                            <p>Ochrona wra\u017cliwych danych organizacji<\/p>\n                            <a href=\"https:\/\/office.fujifilmprint.eu\/security\/\" class=\"btn btn-outline\">Odkryj wi\u0119cej<\/a>\n                        <\/div>\n\t\t\t\t\t\t<\/div>\n                    <\/div>\n\n                    <div class=\"col-md-6\">\n\t\t\t\t\t\t<div class=\"grid-bg\" style=\"background-image: url('https:\/\/office-staging.fujifilmprint.eu\/wp-content\/uploads\/2024\/09\/sustainability-pillarblock-1000x1200-3.jpg');\">\n                        <div class=\"pgrid-inner\">\n                            <h3 style=\"line-height: 50px;\">D\u0105\u017cenie do zr\u00f3wnowa\u017conego rozwoju?<\/h3>\n                            <p>Inicjatywy na rzecz ochrony \u015brodowiska<\/p>\n                            <a href=\"https:\/\/office.fujifilmprint.eu\/sustainability\/\" class=\"btn btn-outline\">Odkryj wi\u0119cej<\/a>\n                        <\/div>\n\t\t\t\t\t\t<\/div>\n                    <\/div>\n\n                    <div class=\"col-md-6\">\n\t\t\t\t\t\t<div class=\"grid-bg\" style=\"background-image: url('https:\/\/office-staging.fujifilmprint.eu\/wp-content\/uploads\/2024\/09\/quality-pillarblock-1000x1200-5.jpg');\">\n                        <div class=\"pgrid-inner\">\n                            <h3 style=\"line-height: 50px;\">Pasja do jako\u015bci?<\/h3>\n                            <p>Wysoka wydajno\u015b\u0107 zapewniaj\u0105ca doskona\u0142e wydruki<\/p>\n                            <a href=\"https:\/\/office.fujifilmprint.eu\/quality\/\" class=\"btn btn-outline\">Odkryj wi\u0119cej<\/a>\n                        <\/div>\n\t\t\t\t\t\t<\/div>\n                    <\/div>\n\n                    <div class=\"col-md-6\">\n\t\t\t\t\t\t<div class=\"grid-bg\" style=\"background-image: url('https:\/\/office-staging.fujifilmprint.eu\/wp-content\/uploads\/2024\/09\/efficiency-pillarblock-1000x1200-1.jpg');\">\n                        <div class=\"pgrid-inner\">\n                            <h3 style=\"line-height: 50px;\">Lepsza wydajno\u015b\u0107?<\/h3>\n                            <p>Niezawodne dzia\u0142anie zwi\u0119kszaj\u0105ce produktywno\u015b\u0107<\/p>\n                            <a href=\"https:\/\/office.fujifilmprint.eu\/efficiency\/\" class=\"btn btn-outline\">Odkryj wi\u0119cej<\/a>\n                        <\/div>\n\t\t\t\t\t\t<\/div>\n                    <\/div>\n            <\/div>\n\t\t<\/div>\n\n<\/section>\n\n<div style=\"height:80px;\">\n<\/div>\n\n<section id=\"txt-vid\">\n\n\t<div class=\"container-fluid\" style=\"background-image: url();padding: 50px;\">\n\t\t<div class=\"container\">\n\t\t\t<h2 style=\"margin-bottom: 20px;\">Obejrzyj wideo<\/h2>\n\t\t\t<div class=\"dash-1\" style=\"display: none;\"><\/div>\n\t\t\t<p style=\"\">Dowiedz si\u0119 wi\u0119cej o naszych inicjatywach \u015brodowiskowych<\/p>\n\t\t\t<div class=\"center\">\n\t\t\t\t<video controls preload=\"none\" poster=\"https:\/\/office-staging.fujifilmprint.eu\/wp-content\/uploads\/2024\/09\/sustainabilitybrochure-ctaiamge-1500x844-1.jpg\" width=\"680\">\n\t\t\t\t<source src=\"\t\t\t\thttps:\/\/office-staging.fujifilmprint.eu\/wp-content\/uploads\/2024\/07\/Fujifilm-Apeos-Environmental-Initiatives.mp4\t\t\t\t\" type=\"video\/mp4\">\n\t\t\t\t<\/video>\n\t\t\t<\/div>\n\t\t<\/div>\n\t<\/div>\n<\/section>\n\n\n\n\n\n<div id=\"contact\"><\/div>\n\n<section id=\"dark-form\">\n\t<div id=\"footer-form\" class=\"container\">\n\t\t<h2>Jeste\u015b zainteresowany drukarkami wielofunkcyjnymi Apeos? Prosimy o kontakt poni\u017cej:<\/h2>\n\n\t\t  \r\n\r\n   \r\n\r\n  \r\n\r\n \r\n\r\n\r\n\r\n  \r\n<script src=\"\/\/info.fujifilm.eu\/js\/forms2\/js\/forms2.min.js\"><\/script> <form id=\"mktoForm_6745\" action=\"\"><input type=\"hidden\" name=\"trp-form-language\" value=\"pl\"\/><\/form> <script>MktoForms2.loadForm(\"\/\/info.fujifilm.eu\", \"060-MIY-956\", 6745);<\/script>\r\n\n\t\t<div id=\"confirmform\" style=\"visibility:hidden;\">\n                            <p><strong>Dzi\u0119kujemy za zapytanie, wkr\u00f3tce kto\u015b si\u0119 z Tob\u0105 skontaktuje.<\/strong><\/p>\n              \n        <\/div>\n\t<\/div>\n<\/section>","protected":false},"excerpt":{"rendered":"","protected":false},"author":1,"featured_media":0,"parent":0,"menu_order":0,"comment_status":"closed","ping_status":"closed","template":"","meta":{"inline_featured_image":false,"footnotes":""},"class_list":["post-120","page","type-page","status-publish","hentry"],"acf":[],"yoast_head":"<!-- This site is optimized with the Yoast SEO plugin v22.5 - https:\/\/yoast.com\/wordpress\/plugins\/seo\/ -->\n<title>Fujifilm Apeos Multifunction Printers EMEA<\/title>\n<meta name=\"description\" content=\"At Fujifilm we have a commitment to print, and the technologies that bring it to life. Learn more about Apeos here.\" \/>\n<meta name=\"robots\" content=\"noindex, follow, max-snippet:-1, max-image-preview:large, max-video-preview:-1\" \/>\n<meta property=\"og:locale\" content=\"pl_PL\" \/>\n<meta property=\"og:type\" content=\"article\" \/>\n<meta property=\"og:title\" content=\"Fujifilm Apeos Multifunction Printers EMEA\" \/>\n<meta property=\"og:description\" content=\"At Fujifilm we have a commitment to print, and the technologies that bring it to life. Learn more about Apeos here.\" \/>\n<meta property=\"og:url\" content=\"https:\/\/office-staging.fujifilmprint.eu\/pl\/\" \/>\n<meta property=\"og:site_name\" content=\"Fujifilm Office Printers EMEA\" \/>\n<meta property=\"article:modified_time\" content=\"2026-03-09T16:22:37+00:00\" \/>\n<meta name=\"twitter:card\" content=\"summary_large_image\" \/>\n<script type=\"application\/ld+json\" class=\"yoast-schema-graph\">{\"@context\":\"https:\/\/schema.org\",\"@graph\":[{\"@type\":\"WebPage\",\"@id\":\"https:\/\/office-staging.fujifilmprint.eu\/\",\"url\":\"https:\/\/office-staging.fujifilmprint.eu\/\",\"name\":\"Fujifilm Apeos Multifunction Printers EMEA\",\"isPartOf\":{\"@id\":\"https:\/\/office-staging.fujifilmprint.eu\/#website\"},\"datePublished\":\"2022-05-03T18:40:21+00:00\",\"dateModified\":\"2026-03-09T16:22:37+00:00\",\"description\":\"At Fujifilm we have a commitment to print, and the technologies that bring it to life. Learn more about Apeos here.\",\"breadcrumb\":{\"@id\":\"https:\/\/office-staging.fujifilmprint.eu\/#breadcrumb\"},\"inLanguage\":\"pl-PL\",\"potentialAction\":[{\"@type\":\"ReadAction\",\"target\":[\"https:\/\/office-staging.fujifilmprint.eu\/\"]}]},{\"@type\":\"BreadcrumbList\",\"@id\":\"https:\/\/office-staging.fujifilmprint.eu\/#breadcrumb\",\"itemListElement\":[{\"@type\":\"ListItem\",\"position\":1,\"name\":\"Home\",\"item\":\"https:\/\/office-staging.fujifilmprint.eu\/\"},{\"@type\":\"ListItem\",\"position\":2,\"name\":\"Home\"}]},{\"@type\":\"WebSite\",\"@id\":\"https:\/\/office-staging.fujifilmprint.eu\/#website\",\"url\":\"https:\/\/office-staging.fujifilmprint.eu\/\",\"name\":\"Fujifilm Office Printers EMEA\",\"description\":\"\",\"publisher\":{\"@id\":\"https:\/\/office-staging.fujifilmprint.eu\/#organization\"},\"potentialAction\":[{\"@type\":\"SearchAction\",\"target\":{\"@type\":\"EntryPoint\",\"urlTemplate\":\"https:\/\/office-staging.fujifilmprint.eu\/?s={search_term_string}\"},\"query-input\":\"required name=search_term_string\"}],\"inLanguage\":\"pl-PL\"},{\"@type\":\"Organization\",\"@id\":\"https:\/\/office-staging.fujifilmprint.eu\/#organization\",\"name\":\"Fujifilm Office Printers EMEA\",\"url\":\"https:\/\/office-staging.fujifilmprint.eu\/\",\"logo\":{\"@type\":\"ImageObject\",\"inLanguage\":\"pl-PL\",\"@id\":\"https:\/\/office-staging.fujifilmprint.eu\/#\/schema\/logo\/image\/\",\"url\":\"https:\/\/office-staging.fujifilmprint.eu\/wp-content\/uploads\/2024\/05\/fujifilm-1.png\",\"contentUrl\":\"https:\/\/office-staging.fujifilmprint.eu\/wp-content\/uploads\/2024\/05\/fujifilm-1.png\",\"width\":416,\"height\":70,\"caption\":\"Fujifilm Office Printers EMEA\"},\"image\":{\"@id\":\"https:\/\/office-staging.fujifilmprint.eu\/#\/schema\/logo\/image\/\"}}]}<\/script>\n<!-- \/ Yoast SEO plugin. -->","yoast_head_json":{"title":"Fujifilm Drukarki wielofunkcyjne Apeos EMEA","description":"W Fujifilm jeste\u015bmy zaanga\u017cowani w druk i technologie, kt\u00f3re go o\u017cywiaj\u0105. Dowiedz si\u0119 wi\u0119cej o Apeos tutaj.","robots":{"index":"noindex","follow":"follow","max-snippet":"max-snippet:-1","max-image-preview":"max-image-preview:large","max-video-preview":"max-video-preview:-1"},"og_locale":"pl_PL","og_type":"article","og_title":"Fujifilm Apeos Multifunction Printers EMEA","og_description":"At Fujifilm we have a commitment to print, and the technologies that bring it to life. Learn more about Apeos here.","og_url":"https:\/\/office-staging.fujifilmprint.eu\/pl\/","og_site_name":"Fujifilm Office Printers EMEA","article_modified_time":"2026-03-09T16:22:37+00:00","twitter_card":"summary_large_image","schema":{"@context":"https:\/\/schema.org","@graph":[{"@type":"WebPage","@id":"https:\/\/office-staging.fujifilmprint.eu\/","url":"https:\/\/office-staging.fujifilmprint.eu\/","name":"Fujifilm Drukarki wielofunkcyjne Apeos EMEA","isPartOf":{"@id":"https:\/\/office-staging.fujifilmprint.eu\/#website"},"datePublished":"2022-05-03T18:40:21+00:00","dateModified":"2026-03-09T16:22:37+00:00","description":"W Fujifilm jeste\u015bmy zaanga\u017cowani w druk i technologie, kt\u00f3re go o\u017cywiaj\u0105. Dowiedz si\u0119 wi\u0119cej o Apeos tutaj.","breadcrumb":{"@id":"https:\/\/office-staging.fujifilmprint.eu\/#breadcrumb"},"inLanguage":"pl-PL","potentialAction":[{"@type":"ReadAction","target":["https:\/\/office-staging.fujifilmprint.eu\/"]}]},{"@type":"BreadcrumbList","@id":"https:\/\/office-staging.fujifilmprint.eu\/#breadcrumb","itemListElement":[{"@type":"ListItem","position":1,"name":"Home","item":"https:\/\/office-staging.fujifilmprint.eu\/"},{"@type":"ListItem","position":2,"name":"Home"}]},{"@type":"WebSite","@id":"https:\/\/office-staging.fujifilmprint.eu\/#website","url":"https:\/\/office-staging.fujifilmprint.eu\/","name":"Fujifilm Drukarki biurowe EMEA","description":"","publisher":{"@id":"https:\/\/office-staging.fujifilmprint.eu\/#organization"},"potentialAction":[{"@type":"SearchAction","target":{"@type":"EntryPoint","urlTemplate":"https:\/\/office-staging.fujifilmprint.eu\/?s={search_term_string}"},"query-input":"required name=search_term_string"}],"inLanguage":"pl-PL"},{"@type":"Organization","@id":"https:\/\/office-staging.fujifilmprint.eu\/#organization","name":"Fujifilm Drukarki biurowe EMEA","url":"https:\/\/office-staging.fujifilmprint.eu\/","logo":{"@type":"ImageObject","inLanguage":"pl-PL","@id":"https:\/\/office-staging.fujifilmprint.eu\/#\/schema\/logo\/image\/","url":"https:\/\/office-staging.fujifilmprint.eu\/wp-content\/uploads\/2024\/05\/fujifilm-1.png","contentUrl":"https:\/\/office-staging.fujifilmprint.eu\/wp-content\/uploads\/2024\/05\/fujifilm-1.png","width":416,"height":70,"caption":"Fujifilm Office Printers EMEA"},"image":{"@id":"https:\/\/office-staging.fujifilmprint.eu\/#\/schema\/logo\/image\/"}}]}},"_links":{"self":[{"href":"https:\/\/office-staging.fujifilmprint.eu\/pl\/wp-json\/wp\/v2\/pages\/120","targetHints":{"allow":["GET"]}}],"collection":[{"href":"https:\/\/office-staging.fujifilmprint.eu\/pl\/wp-json\/wp\/v2\/pages"}],"about":[{"href":"https:\/\/office-staging.fujifilmprint.eu\/pl\/wp-json\/wp\/v2\/types\/page"}],"author":[{"embeddable":true,"href":"https:\/\/office-staging.fujifilmprint.eu\/pl\/wp-json\/wp\/v2\/users\/1"}],"replies":[{"embeddable":true,"href":"https:\/\/office-staging.fujifilmprint.eu\/pl\/wp-json\/wp\/v2\/comments?post=120"}],"version-history":[{"count":636,"href":"https:\/\/office-staging.fujifilmprint.eu\/pl\/wp-json\/wp\/v2\/pages\/120\/revisions"}],"predecessor-version":[{"id":21741,"href":"https:\/\/office-staging.fujifilmprint.eu\/pl\/wp-json\/wp\/v2\/pages\/120\/revisions\/21741"}],"wp:attachment":[{"href":"https:\/\/office-staging.fujifilmprint.eu\/pl\/wp-json\/wp\/v2\/media?parent=120"}],"curies":[{"name":"wp","href":"https:\/\/api.w.org\/{rel}","templated":true}]}}