{"id":19472,"date":"2024-07-10T15:39:20","date_gmt":"2024-07-10T14:39:20","guid":{"rendered":"https:\/\/office-staging.fujifilmprint.eu\/?page_id=19472"},"modified":"2025-07-14T17:30:35","modified_gmt":"2025-07-14T16:30:35","slug":"resources","status":"publish","type":"page","link":"https:\/\/office-staging.fujifilmprint.eu\/pl\/resources\/","title":{"rendered":"Zasoby"},"content":{"rendered":"<section id=\"green-header\">\n\t<div class=\"container-fluid green-pt\" >\n\t\t\t<div class=\"container\">\n\t\t\t<h2 >\n\t\t\t\tZasoby\t\t\t<\/h2>\n\t\t\t<h3 >\n\t\t\t\tU\u017cyj filtr\u00f3w, aby wybra\u0107 interesuj\u0105cy Ci\u0119 temat\t\t\t<\/h3>\n\t\t<\/div>\n\t\t<\/div>\n<\/section>\n\n\n<section id=\"resources-block\">\n\t<div class=\"container\">\n\t\t<div class=\"center\">\n\t\t\t<h3><\/h3>\n\t\t\t<h2><\/h2>\n\t\t\t<p><\/p>\n\t\t<\/div>\n\t\t<div class=\"resources-wrapper\">\n\t\t\t<div class=\"resource-filter row\">\n\t\t\t\t<div class=\"col-md-7\">\n\t\t\t\t\t<form data-sf-form-id='4623' data-is-rtl='0' data-maintain-state='' data-results-url='https:\/\/office-staging.fujifilmprint.eu\/resources\/' data-ajax-url='https:\/\/office-staging.fujifilmprint.eu\/resources\/?sf_data=all' data-ajax-form-url='https:\/\/office-staging.fujifilmprint.eu\/pl\/?sfid=4623&amp;sf_action=get_data&amp;sf_data=form' data-display-result-method='custom' data-use-history-api='1' data-template-loaded='0' data-lang-code='pl' data-ajax='1' data-ajax-data-type='html' data-ajax-links-selector='.pagination a' data-ajax-target='.resources-results' data-ajax-pagination-type='infinite_scroll' data-show-scroll-loader='1' data-infinite-scroll-trigger='-200' data-update-ajax-url='0' data-only-results-ajax='0' data-scroll-to-pos='0' data-init-paged='1' data-auto-update='1' data-auto-count='1' data-auto-count-refresh-mode='1' action='https:\/\/office-staging.fujifilmprint.eu\/pl\/resources\/' method='post' class='searchandfilter' id='search-filter-form-4623' autocomplete='off' data-instance-count='1' data-trp-original-action=\"https:\/\/office-staging.fujifilmprint.eu\/resources\/\"><ul><li class=\"sf-field-taxonomy-resource-categories\" data-sf-field-name=\"_sft_resource-categories\" data-sf-field-type=\"taxonomy\" data-sf-field-input-type=\"select\">\t\t<label>\n\t\t\t\t   \t\t<select name=\"_sft_resource-categories[]\" class=\"sf-input-select\" title=\"\">\n\t\t\t\t\t\t  \t\t\t<option class=\"sf-level-0 sf-item-0 sf-option-active\" selected=\"selected\" data-sf-count=\"0\" data-sf-depth=\"0\" value=\"\">Filtruj zasoby<\/option>\n\t\t\t\t\t\t\t\t\t\t\t<option class=\"sf-level-0 sf-item-38\" data-sf-count=\"2\" data-sf-depth=\"0\" value=\"article\">Artyku\u0142<\/option>\n\t\t\t\t\t\t\t\t\t\t\t<option class=\"sf-level-0 sf-item-41\" data-sf-count=\"2\" data-sf-depth=\"0\" value=\"case-study\">Studium przypadku<\/option>\n\t\t\t\t\t\t\t\t\t\t\t<option class=\"sf-level-0 sf-item-36\" data-sf-count=\"1\" data-sf-depth=\"0\" value=\"sustainability\">Zr\u00f3wnowa\u017cony Rozw\u00f3j<\/option>\n\t\t\t\t\t\t\t\t\t\t\t<\/select><\/label>\t\t\t\t\t\t\t\t\t\t<\/li><li class=\"sf-field-taxonomy-sector\" data-sf-field-name=\"_sft_sector\" data-sf-field-type=\"taxonomy\" data-sf-field-input-type=\"select\">\t\t<label>\n\t\t\t\t   \t\t<select name=\"_sft_sector[]\" class=\"sf-input-select\" title=\"\">\n\t\t\t\t\t\t  \t\t\t<option class=\"sf-level-0 sf-item-0 sf-option-active\" selected=\"selected\" data-sf-count=\"0\" data-sf-depth=\"0\" value=\"\">Filtruj sektory<\/option>\n\t\t\t\t\t\t\t\t\t\t\t<\/select><\/label>\t\t\t\t\t\t\t\t\t\t<\/li><\/ul><input type=\"hidden\" name=\"trp-form-language\" value=\"pl\"\/><\/form>\t\t\t\t<\/div>\n\t\t\t\t<div class=\"col-md-5\"><p style=\"font-weight: bold;text-align: right;margin-bottom: 0;\">4 \u0141\u0105czne zasoby<\/p><\/div>\n\t\t\t<\/div>\n\t\t\t<div class=\"resources-results\">\n\t\t\t\t<div class=\"resource-total col-md-5\">\n\t\t\t\t\t<p>4 Zasoby<\/p>\n\t\t\t\t<\/div>\n\t\t\t\t\n\t\t\t\t<div class=\"row\">\n\t\t\t\t\t\t\t\t\t\t<div class=\"col-md-6\">\n\t\t\t\t\t\t<a href=\"https:\/\/office-staging.fujifilmprint.eu\/pl\/resource\/fujifilms-apeos-multifunction-printers-improve-the-processes-and-management-of-aidemars-educational-programmes\/\">\n\t\t\t\t\t\t\t<div class=\"resource-img\" style=\"background-image: url('https:\/\/office-staging.fujifilmprint.eu\/wp-content\/uploads\/2025\/07\/arquitecto-equipamiento-residencia-p0118_5-e1753280341579.jpg');background-size: cover;height: 280px;\">\n\t\t\t\t\t\t\t<\/div>\n\t\t\t\t\t\t\t<div class=\"resource-desc\">\n\t\t\t\t\t\t\t\t<h3>\n\t\t\t\t\t\t\t\t\tDrukarki wielofunkcyjne Apeos Fujifilm usprawniaj\u0105 procesy i zarz\u0105dzanie programami edukacyjnymi Aidemar.\t\t\t\t\t\t\t\t<\/h3>\n\t\t\t\t\t\t\t\t<p>\n\t\t\t\t\t\t\t\t\tDrukarki wielofunkcyjne Apeos Fujifilm usprawniaj\u0105 procesy i zarz\u0105dzanie programami edukacyjnymi Aidemar.\u00a0\t\t\t\t\t\t\t\t<\/p>\n\t\t\t\t\t\t\t<\/div>\n\t\t\t\t\t\t\t<img decoding=\"async\" class=\"chev\" src=\"https:\/\/print-emea.fujifilm.com\/wp-content\/themes\/poi\/media\/chev.svg\">\n\t\t\t\t\t\t<\/a>\n\t\t\t\t\t<\/div>\n\t\t\t\t\t\t\t\t\t\t<div class=\"col-md-6\">\n\t\t\t\t\t\t<a href=\"https:\/\/office-staging.fujifilmprint.eu\/pl\/resource\/fujifilm-apeos-printers-streamline-operations-at-gruppo-comini-italy\/\">\n\t\t\t\t\t\t\t<div class=\"resource-img\" style=\"background-image: url('https:\/\/office-staging.fujifilmprint.eu\/wp-content\/uploads\/2025\/05\/Gruppo_Comini_Image-scaled.jpg');background-size: cover;height: 280px;\">\n\t\t\t\t\t\t\t<\/div>\n\t\t\t\t\t\t\t<div class=\"resource-desc\">\n\t\t\t\t\t\t\t\t<h3>\n\t\t\t\t\t\t\t\t\tDrukarki Fujifilm Apeos usprawniaj\u0105 operacje w Gruppo Comini we W\u0142oszech\u00a0\t\t\t\t\t\t\t\t<\/h3>\n\t\t\t\t\t\t\t\t<p>\n\t\t\t\t\t\t\t\t\tW\u0142oska firma zwi\u0119ksza wydajno\u015b\u0107 i redukuje b\u0142\u0119dy manualne dzi\u0119ki zaawansowanym drukarkom wielofunkcyjnym Fujifilm.\t\t\t\t\t\t\t\t<\/p>\n\t\t\t\t\t\t\t<\/div>\n\t\t\t\t\t\t\t<img decoding=\"async\" class=\"chev\" src=\"https:\/\/print-emea.fujifilm.com\/wp-content\/themes\/poi\/media\/chev.svg\">\n\t\t\t\t\t\t<\/a>\n\t\t\t\t\t<\/div>\n\t\t\t\t\t\t\t\t\t\t<div class=\"col-md-6\">\n\t\t\t\t\t\t<a href=\"https:\/\/office-staging.fujifilmprint.eu\/pl\/resource\/four-pillars-of-value\/\">\n\t\t\t\t\t\t\t<div class=\"resource-img\" style=\"background-image: url('https:\/\/office-staging.fujifilmprint.eu\/wp-content\/uploads\/2024\/07\/fourpillar-article-featured-1000x563-1.jpg');background-size: cover;height: 280px;\">\n\t\t\t\t\t\t\t<\/div>\n\t\t\t\t\t\t\t<div class=\"resource-desc\">\n\t\t\t\t\t\t\t\t<h3>\n\t\t\t\t\t\t\t\t\tCztery filary warto\u015bci Fujifilm\u00a0\t\t\t\t\t\t\t\t<\/h3>\n\t\t\t\t\t\t\t\t<p class=\"translation-block\">Jak bezpieczna jest drukarka? Na ile jest niezawodna? Czy mo\u017cesz \"zachwyci\u0107\" swoich klient\u00f3w jako\u015bci\u0105 pracy, kt\u00f3r\u0105 na niej wykonujesz? I czy robi co\u015b wi\u0119cej ni\u017c tylko zaznaczanie pola, je\u015bli chodzi o referencje zr\u00f3wnowa\u017conego rozwoju?<\/p>\n\t\t\t\t\t\t\t<\/div>\n\t\t\t\t\t\t\t<img decoding=\"async\" class=\"chev\" src=\"https:\/\/print-emea.fujifilm.com\/wp-content\/themes\/poi\/media\/chev.svg\">\n\t\t\t\t\t\t<\/a>\n\t\t\t\t\t<\/div>\n\t\t\t\t\t\t\t\t\t\t<div class=\"col-md-6\">\n\t\t\t\t\t\t<a href=\"https:\/\/office-staging.fujifilmprint.eu\/pl\/resource\/say-hello-to-fujifilm\/\">\n\t\t\t\t\t\t\t<div class=\"resource-img\" style=\"background-image: url('https:\/\/office-staging.fujifilmprint.eu\/wp-content\/uploads\/2024\/10\/Ad-1-Master-Image-Man-Skateboard-v1-1-scaled.jpg');background-size: cover;height: 280px;\">\n\t\t\t\t\t\t\t<\/div>\n\t\t\t\t\t\t\t<div class=\"resource-desc\">\n\t\t\t\t\t\t\t\t<h3>\n\t\t\t\t\t\t\t\t\tPrzywitaj si\u0119 z Fujifilm\t\t\t\t\t\t\t\t<\/h3>\n\t\t\t\t\t\t\t\t<p>\n\t\t\t\t\t\t\t\t\tB\u0119d\u0105c ju\u017c wiod\u0105cym dostawc\u0105 wielofunkcyjnych drukarek A3 w regionie Azji i Pacyfiku, Fujifilm skupia si\u0119 teraz na Europie. Fujifilm wprowadza na rynek now\u0105 gam\u0119 urz\u0105dze\u0144 wielofunkcyjnych ze specjalnymi funkcjami wspieraj\u0105cymi hybrydowe modele pracy, transformacj\u0119 cyfrow\u0105 i maksymalizacj\u0119 zr\u00f3wnowa\u017conego rozwoju.\t\t\t\t\t\t\t\t<\/p>\n\t\t\t\t\t\t\t<\/div>\n\t\t\t\t\t\t\t<img decoding=\"async\" class=\"chev\" src=\"https:\/\/print-emea.fujifilm.com\/wp-content\/themes\/poi\/media\/chev.svg\">\n\t\t\t\t\t\t<\/a>\n\t\t\t\t\t<\/div>\n\t\t\t\t\t\t\t\t\t<\/div>\n\t\t\t<\/div>\n\t\t<\/div>\n\t<\/div>\n<\/section>\n\n<div style=\"height:50px;\">\n<\/div>\n\n<section id=\"dark-form\">\n\t<div id=\"footer-form\" class=\"container\">\n\t\t<h2>Jakie\u015b pytania? Prosimy o kontakt z nami poni\u017cej:<\/h2>\n\n\t\t  \r\n   \r\n  \r\n \r\n\r\n  \r\n<script src=\"\/\/info.fujifilm.eu\/js\/forms2\/js\/forms2.min.js\"><\/script> <form id=\"mktoForm_6518\" action=\"\"><input type=\"hidden\" name=\"trp-form-language\" value=\"pl\"\/><\/form> <script>MktoForms2.loadForm(\"\/\/info.fujifilm.eu\", \"060-MIY-956\", 6518);<\/script>\r\n  \n\t\t<div id=\"confirmform\" style=\"visibility:hidden;\">\n                            <p><strong>Dzi\u0119kujemy za zapytanie, wkr\u00f3tce kto\u015b si\u0119 z Tob\u0105 skontaktuje.<\/strong><\/p>\n              \n        <\/div>\n\t<\/div>\n<\/section>","protected":false},"excerpt":{"rendered":"","protected":false},"author":7,"featured_media":0,"parent":0,"menu_order":0,"comment_status":"closed","ping_status":"closed","template":"","meta":{"inline_featured_image":false,"footnotes":""},"class_list":["post-19472","page","type-page","status-publish","hentry"],"acf":[],"yoast_head":"<!-- This site is optimized with the Yoast SEO plugin v22.5 - https:\/\/yoast.com\/wordpress\/plugins\/seo\/ -->\n<title>Resources - Fujifilm Office Printers EMEA<\/title>\n<meta name=\"description\" content=\"Learn about our products and find about about the companies benefitting from their investment in Fujifilm Apeos Multifunction Printers.\" \/>\n<meta name=\"robots\" content=\"noindex, follow, max-snippet:-1, max-image-preview:large, max-video-preview:-1\" \/>\n<meta property=\"og:locale\" content=\"pl_PL\" \/>\n<meta property=\"og:type\" content=\"article\" \/>\n<meta property=\"og:title\" content=\"Resources - Fujifilm Office Printers EMEA\" \/>\n<meta property=\"og:description\" content=\"Learn about our products and find about about the companies benefitting from their investment in Fujifilm Apeos Multifunction Printers.\" \/>\n<meta property=\"og:url\" content=\"https:\/\/office-staging.fujifilmprint.eu\/pl\/resources\/\" \/>\n<meta property=\"og:site_name\" content=\"Fujifilm Office Printers EMEA\" \/>\n<meta property=\"article:modified_time\" content=\"2025-07-14T16:30:35+00:00\" \/>\n<meta name=\"twitter:card\" content=\"summary_large_image\" \/>\n<script type=\"application\/ld+json\" class=\"yoast-schema-graph\">{\"@context\":\"https:\/\/schema.org\",\"@graph\":[{\"@type\":\"WebPage\",\"@id\":\"https:\/\/office-staging.fujifilmprint.eu\/resources\/\",\"url\":\"https:\/\/office-staging.fujifilmprint.eu\/resources\/\",\"name\":\"Resources - Fujifilm Office Printers EMEA\",\"isPartOf\":{\"@id\":\"https:\/\/office-staging.fujifilmprint.eu\/#website\"},\"datePublished\":\"2024-07-10T14:39:20+00:00\",\"dateModified\":\"2025-07-14T16:30:35+00:00\",\"description\":\"Learn about our products and find about about the companies benefitting from their investment in Fujifilm Apeos Multifunction Printers.\",\"breadcrumb\":{\"@id\":\"https:\/\/office-staging.fujifilmprint.eu\/resources\/#breadcrumb\"},\"inLanguage\":\"pl-PL\",\"potentialAction\":[{\"@type\":\"ReadAction\",\"target\":[\"https:\/\/office-staging.fujifilmprint.eu\/resources\/\"]}]},{\"@type\":\"BreadcrumbList\",\"@id\":\"https:\/\/office-staging.fujifilmprint.eu\/resources\/#breadcrumb\",\"itemListElement\":[{\"@type\":\"ListItem\",\"position\":1,\"name\":\"Home\",\"item\":\"https:\/\/office-staging.fujifilmprint.eu\/\"},{\"@type\":\"ListItem\",\"position\":2,\"name\":\"Resources\"}]},{\"@type\":\"WebSite\",\"@id\":\"https:\/\/office-staging.fujifilmprint.eu\/#website\",\"url\":\"https:\/\/office-staging.fujifilmprint.eu\/\",\"name\":\"Fujifilm Office Printers EMEA\",\"description\":\"\",\"publisher\":{\"@id\":\"https:\/\/office-staging.fujifilmprint.eu\/#organization\"},\"potentialAction\":[{\"@type\":\"SearchAction\",\"target\":{\"@type\":\"EntryPoint\",\"urlTemplate\":\"https:\/\/office-staging.fujifilmprint.eu\/?s={search_term_string}\"},\"query-input\":\"required name=search_term_string\"}],\"inLanguage\":\"pl-PL\"},{\"@type\":\"Organization\",\"@id\":\"https:\/\/office-staging.fujifilmprint.eu\/#organization\",\"name\":\"Fujifilm Office Printers EMEA\",\"url\":\"https:\/\/office-staging.fujifilmprint.eu\/\",\"logo\":{\"@type\":\"ImageObject\",\"inLanguage\":\"pl-PL\",\"@id\":\"https:\/\/office-staging.fujifilmprint.eu\/#\/schema\/logo\/image\/\",\"url\":\"https:\/\/office-staging.fujifilmprint.eu\/wp-content\/uploads\/2024\/05\/fujifilm-1.png\",\"contentUrl\":\"https:\/\/office-staging.fujifilmprint.eu\/wp-content\/uploads\/2024\/05\/fujifilm-1.png\",\"width\":416,\"height\":70,\"caption\":\"Fujifilm Office Printers EMEA\"},\"image\":{\"@id\":\"https:\/\/office-staging.fujifilmprint.eu\/#\/schema\/logo\/image\/\"}}]}<\/script>\n<!-- \/ Yoast SEO plugin. -->","yoast_head_json":{"title":"Zasoby - Drukarki biurowe Fujifilm EMEA","description":"Poznaj nasze produkty i dowiedz si\u0119 wi\u0119cej o firmach, kt\u00f3re skorzysta\u0142y na inwestycji w drukarki wielofunkcyjne Fujifilm Apeos.","robots":{"index":"noindex","follow":"follow","max-snippet":"max-snippet:-1","max-image-preview":"max-image-preview:large","max-video-preview":"max-video-preview:-1"},"og_locale":"pl_PL","og_type":"article","og_title":"Resources - Fujifilm Office Printers EMEA","og_description":"Learn about our products and find about about the companies benefitting from their investment in Fujifilm Apeos Multifunction Printers.","og_url":"https:\/\/office-staging.fujifilmprint.eu\/pl\/resources\/","og_site_name":"Fujifilm Office Printers EMEA","article_modified_time":"2025-07-14T16:30:35+00:00","twitter_card":"summary_large_image","schema":{"@context":"https:\/\/schema.org","@graph":[{"@type":"WebPage","@id":"https:\/\/office-staging.fujifilmprint.eu\/resources\/","url":"https:\/\/office-staging.fujifilmprint.eu\/resources\/","name":"Zasoby - Drukarki biurowe Fujifilm EMEA","isPartOf":{"@id":"https:\/\/office-staging.fujifilmprint.eu\/#website"},"datePublished":"2024-07-10T14:39:20+00:00","dateModified":"2025-07-14T16:30:35+00:00","description":"Poznaj nasze produkty i dowiedz si\u0119 wi\u0119cej o firmach, kt\u00f3re skorzysta\u0142y na inwestycji w drukarki wielofunkcyjne Fujifilm Apeos.","breadcrumb":{"@id":"https:\/\/office-staging.fujifilmprint.eu\/resources\/#breadcrumb"},"inLanguage":"pl-PL","potentialAction":[{"@type":"ReadAction","target":["https:\/\/office-staging.fujifilmprint.eu\/resources\/"]}]},{"@type":"BreadcrumbList","@id":"https:\/\/office-staging.fujifilmprint.eu\/resources\/#breadcrumb","itemListElement":[{"@type":"ListItem","position":1,"name":"Home","item":"https:\/\/office-staging.fujifilmprint.eu\/"},{"@type":"ListItem","position":2,"name":"Resources"}]},{"@type":"WebSite","@id":"https:\/\/office-staging.fujifilmprint.eu\/#website","url":"https:\/\/office-staging.fujifilmprint.eu\/","name":"Fujifilm Drukarki biurowe EMEA","description":"","publisher":{"@id":"https:\/\/office-staging.fujifilmprint.eu\/#organization"},"potentialAction":[{"@type":"SearchAction","target":{"@type":"EntryPoint","urlTemplate":"https:\/\/office-staging.fujifilmprint.eu\/?s={search_term_string}"},"query-input":"required name=search_term_string"}],"inLanguage":"pl-PL"},{"@type":"Organization","@id":"https:\/\/office-staging.fujifilmprint.eu\/#organization","name":"Fujifilm Drukarki biurowe EMEA","url":"https:\/\/office-staging.fujifilmprint.eu\/","logo":{"@type":"ImageObject","inLanguage":"pl-PL","@id":"https:\/\/office-staging.fujifilmprint.eu\/#\/schema\/logo\/image\/","url":"https:\/\/office-staging.fujifilmprint.eu\/wp-content\/uploads\/2024\/05\/fujifilm-1.png","contentUrl":"https:\/\/office-staging.fujifilmprint.eu\/wp-content\/uploads\/2024\/05\/fujifilm-1.png","width":416,"height":70,"caption":"Fujifilm Office Printers EMEA"},"image":{"@id":"https:\/\/office-staging.fujifilmprint.eu\/#\/schema\/logo\/image\/"}}]}},"_links":{"self":[{"href":"https:\/\/office-staging.fujifilmprint.eu\/pl\/wp-json\/wp\/v2\/pages\/19472","targetHints":{"allow":["GET"]}}],"collection":[{"href":"https:\/\/office-staging.fujifilmprint.eu\/pl\/wp-json\/wp\/v2\/pages"}],"about":[{"href":"https:\/\/office-staging.fujifilmprint.eu\/pl\/wp-json\/wp\/v2\/types\/page"}],"author":[{"embeddable":true,"href":"https:\/\/office-staging.fujifilmprint.eu\/pl\/wp-json\/wp\/v2\/users\/7"}],"replies":[{"embeddable":true,"href":"https:\/\/office-staging.fujifilmprint.eu\/pl\/wp-json\/wp\/v2\/comments?post=19472"}],"version-history":[{"count":19,"href":"https:\/\/office-staging.fujifilmprint.eu\/pl\/wp-json\/wp\/v2\/pages\/19472\/revisions"}],"predecessor-version":[{"id":21388,"href":"https:\/\/office-staging.fujifilmprint.eu\/pl\/wp-json\/wp\/v2\/pages\/19472\/revisions\/21388"}],"wp:attachment":[{"href":"https:\/\/office-staging.fujifilmprint.eu\/pl\/wp-json\/wp\/v2\/media?parent=19472"}],"curies":[{"name":"wp","href":"https:\/\/api.w.org\/{rel}","templated":true}]}}