{"id":19596,"date":"2024-07-16T16:08:20","date_gmt":"2024-07-16T15:08:20","guid":{"rendered":"https:\/\/office-staging.fujifilmprint.eu\/?page_id=19596"},"modified":"2025-07-14T17:30:45","modified_gmt":"2025-07-14T16:30:45","slug":"sustainability","status":"publish","type":"page","link":"https:\/\/office-staging.fujifilmprint.eu\/pl\/sustainability\/","title":{"rendered":"Zr\u00f3wnowa\u017cony Rozw\u00f3j"},"content":{"rendered":"<section id=\"green-header\">\n\t<div class=\"container-fluid green-pt\" style=\"background-image: url('https:\/\/office-staging.fujifilmprint.eu\/wp-content\/uploads\/2024\/09\/sustainability-header-2000x324-1.jpg');background-size: cover;padding: 0;\">\n\t<div class=\"overlay\" style=\"padding: 75px 0;\">\t\t<div class=\"container\">\n\t\t\t<h2 style=\"color: #00e5c2;\">\n\t\t\t\t D\u0105\u017cenie do zr\u00f3wnowa\u017conego rozwoju\t\t\t<\/h2>\n\t\t\t<h3 style=\"color: #fff;margin-top: 25px;letter-spacing: -1px;font-size: 29px;font-weight: 500;\">\n\t\t\t\tInicjatywy na rzecz ochrony \u015brodowiska\t\t\t<\/h3>\n\t\t<\/div>\n\t<\/div>\t<\/div>\n<\/section>\n\n<div style=\"height:50px;\">\n<\/div>\n\n<section id=\"txt-header\">\n\t<div class=\"container block-text-header\">\n\t\t<h3>Dlaczego Apeos?<\/h3>\n\t\t<h2>Innowacyjne technologie \u015brodowiskowe, kt\u00f3re zmniejszaj\u0105 zu\u017cycie energii i poprawiaj\u0105 og\u00f3ln\u0105 wydajno\u015b\u0107 energetyczn\u0105<\/h2>\n\t\t<p><p>Fujifilm docenia fakt, \u017ce zr\u00f3wnowa\u017cone drukowanie cz\u0119sto wi\u0105\u017ce si\u0119 z wdra\u017caniem nowych technologii i praktyk, kt\u00f3re poprawiaj\u0105 og\u00f3ln\u0105 wydajno\u015b\u0107. Mo\u017ce to prowadzi\u0107 do innowacji, kt\u00f3re przynosz\u0105 korzy\u015bci r\u00f3wnie\u017c w innych obszarach dzia\u0142alno\u015bci. Zr\u00f3wnowa\u017cone drukowanie jest nie tylko korzystne dla \u015brodowiska, ale tak\u017ce zgodne z szerszymi celami spo\u0142ecznej odpowiedzialno\u015bci biznesu.<\/p>\n<p>W Fujifilm zacz\u0119li\u015bmy rozwija\u0107 technologie \u015brodowiskowe, w tym urz\u0105dzenia wielofunkcyjne o wi\u0119kszej wydajno\u015bci energetycznej i toner o niskiej temperaturze utrwalania, a tak\u017ce ponowne wykorzystywanie i recykling produkt\u00f3w przed innymi firmami w bran\u017cy.<\/p>\n<p>Wdro\u017cenie zr\u00f3wnowa\u017conych praktyk drukowania w firmie pomaga zmniejszy\u0107 ilo\u015b\u0107 generowanych odpad\u00f3w. Mo\u017ce to prowadzi\u0107 do znacznych oszcz\u0119dno\u015bci koszt\u00f3w poprzez zmniejszenie zu\u017cycia papieru, tonera i energii. Efektywne wykorzystanie zasob\u00f3w bezpo\u015brednio przek\u0142ada si\u0119 na ni\u017csze koszty operacyjne.<\/p>\n<p>Wreszcie, wykazanie zaanga\u017cowania w zr\u00f3wnowa\u017cony rozw\u00f3j poprawia reputacj\u0119 firmy. Pokazuje interesariuszom, w tym klientom, pracownikom i inwestorom, \u017ce firma jest odpowiedzialna i my\u015bli przysz\u0142o\u015bciowo. Wielu pracownik\u00f3w woli pracowa\u0107 dla firm, kt\u00f3re priorytetowo traktuj\u0105 zr\u00f3wnowa\u017cony rozw\u00f3j. Wdra\u017canie praktyk przyjaznych dla \u015brodowiska mo\u017ce zwi\u0119kszy\u0107 morale i zaanga\u017cowanie, przyczyniaj\u0105c si\u0119 do pozytywnej kultury miejsca pracy.<\/p>\n<\/p>\n\t<\/div>\n<\/section>\n\n<section id=\"txt-header\">\n\t<div class=\"container block-text-header\">\n\t\t<h3>Kluczowe inicjatywy<\/h3>\n\t\t<h2><\/h2>\n\t\t<p><p><strong>CENIONE PRODUKTY EKOLOGICZNE:<\/strong> B\u0119d\u0105c cz\u0119\u015bci\u0105 przyjaznych dla \u015brodowiska produkt\u00f3w i us\u0142ug Fujifilm, seria Apeos posiada certyfikaty \"Silver\" i \"Gold\" w ramach \"Green Value Products\" Fujifilm, a tym samym przyczynia si\u0119 do zmniejszenia wp\u0142ywu na \u015brodowisko na poziomie wy\u017cszym ni\u017c standardy bran\u017cowe.<\/p>\n<p><strong>Z TWORZYW SZTUCZNYCH POCHODZ\u0104CYCH Z RECYKLINGU I OGNIOODPORNYCH TWORZYW SZTUCZNYCH POCHODZENIA BIOLOGICZNEGO:<\/strong> Do produkcji niekt\u00f3rych cz\u0119\u015bci plastikowych u\u017cywamy tworzyw sztucznych pochodz\u0105cych z recyklingu. Ponadto, aby ograniczy\u0107 wykorzystanie tworzyw sztucznych na bazie ropy naftowej, stosujemy ognioodporne cz\u0119\u015bci plastikowe na bazie biologicznej wykonane z \"celulozy\" uzyskanej z materia\u0142\u00f3w drzewnych.<\/p>\n<p><img loading=\"lazy\" decoding=\"async\" class=\"wp-image-20795 aligncenter\" src=\"https:\/\/office-staging.fujifilmprint.eu\/wp-content\/uploads\/2024\/09\/FUJ13516-Infographics-for-export-v5-outlined-08-v2.svg\" alt=\"\" width=\"1031\" height=\"539\" \/><\/p>\n<p><strong>OCHRONA ZASOB\u00d3W:\u00a0<\/strong>Zaprojektowany z funkcjami, kt\u00f3re przyczyniaj\u0105 si\u0119 do zmniejszenia zu\u017cycia papieru, w tym drukowanie za op\u0142at\u0105 prywatn\u0105, skanowanie, faksowanie bez u\u017cycia papieru, drukowanie wielu stron na stron\u0119 i wiele innych.<\/p>\n<p><strong>OSZCZ\u0118DZANIE ENERGII:\u00a0<\/strong>Wykorzystuje technologie stapiania IH, kt\u00f3re umo\u017cliwiaj\u0105 szybkie nagrzewanie, aby wyeliminowa\u0107 konieczno\u015b\u0107 wst\u0119pnego nagrzewania w trybie gotowo\u015bci lub oszcz\u0119dzania energii, zmniejszaj\u0105c zu\u017cycie energii. Ponadto funkcja inteligentnego oszcz\u0119dzania energii zasila tylko wymagane cz\u0119\u015bci zgodnie z u\u017cywanymi funkcjami.<\/p>\n<p><img loading=\"lazy\" decoding=\"async\" class=\"aligncenter wp-image-20798\" src=\"https:\/\/office-staging.fujifilmprint.eu\/wp-content\/uploads\/2024\/09\/FUJ13516-Infographics-for-export-v5-outlined-23-v2.svg\" alt=\"\" width=\"717\" height=\"468\" \/><img decoding=\"async\" class=\"aligncenter wp-image-20802 size-full\" src=\"https:\/\/office-staging.fujifilmprint.eu\/wp-content\/uploads\/2024\/09\/Share-information-25.svg\" alt=\"\" \/><\/p>\n<p><strong>INTELIGENTNA TECHNOLOGIA OSZCZ\u0118DZANIA ENERGII:<\/strong> W\u0142\u0105cza si\u0119 i wy\u0142\u0105cza podczas korzystania z okre\u015blonych funkcji, takich jak modu\u0142y skanowania dokument\u00f3w, panel operacyjny, kontroler i modu\u0142 wyj\u015bciowy. Technologia ta umo\u017cliwia zmniejszenie zu\u017cycia energii elektrycznej do 7% w przypadku drukowania i do 59% w przypadku skanowania i faksowania.<\/p>\n<p><strong>TONER SUPER EA-ECO: <\/strong>Specjalny toner, kt\u00f3ry obni\u017ca temperatur\u0119 utrwalania od 30\u2103 do 35\u2103 w por\u00f3wnaniu z konwencjonalnym tonerem EA (toner emulsyjny). Dzi\u0119ki tonerowi Super EA-Eco zu\u017cycie energii mo\u017cna zmniejszy\u0107 o oko\u0142o 54% w trybie b\u0142yszcz\u0105cym w por\u00f3wnaniu z konwencjonalnym tonerem EA, co prowadzi do zmniejszenia emisji dwutlenku w\u0119gla.<\/p>\n<p><img decoding=\"async\" class=\"alignnone wp-image-20366 size-full\" src=\"https:\/\/office-staging.fujifilmprint.eu\/wp-content\/uploads\/2024\/08\/EA-eco-toner-2.svg\" alt=\"\" \/><\/p>\n<\/p>\n\t<\/div>\n<\/section>\n\n<div style=\"height:80px;\">\n<\/div>\n\n<section id=\"txt-vid\">\n\n\t<div class=\"container-fluid\" style=\"background-image: url();padding: 50px;background: #fff;\">\n\t\t<div class=\"container\">\n\t\t\t<h2 style=\"margin-bottom: 20px;color: #00E5C2;\">Obejrzyj wideo<\/h2>\n\t\t\t<div class=\"dash-1\" style=\"display: none;\"><\/div>\n\t\t\t<p style=\"color: #000;\">Dowiedz si\u0119 wi\u0119cej o naszym tonerze EA-Eco z poni\u017cszego filmu:<\/p>\n\t\t\t<div class=\"center\">\n\t\t\t\t<video controls preload=\"none\" poster=\"https:\/\/office-staging.fujifilmprint.eu\/wp-content\/uploads\/2024\/08\/eatoner-thumbnail-16x9-1.jpg\" width=\"680\">\n\t\t\t\t<source src=\"\t\t\t\thttps:\/\/office-staging.fujifilmprint.eu\/wp-content\/uploads\/2024\/09\/Super-EA-Eco-Toner_-Environmental-technology.mp4\t\t\t\t\" type=\"video\/mp4\">\n\t\t\t\t<\/video>\n\t\t\t<\/div>\n\t\t<\/div>\n\t<\/div>\n<\/section>\n\n\n\n\n\n<div style=\"height:80px;\">\n<\/div>\n\n\r\n<style>\r\n.icon-block-link{\r\n\ttext-decoration: none;\r\n\tcolor: black;\r\n}\r\n.icon-block-link:hover .poi-icons-printers .icon-block-icon{\r\n\ttransform: scale(1.2);\r\n    filter: invert(69%) sepia(96%) saturate(1997%) hue-rotate(120deg) brightness(99%) contrast(101%) !important;\r\n\ttransition: 0.4s;\r\n}\r\n<\/style>\r\n<section id=\"tc-icons\" class=\"printer-icons\">\r\n\t<div class=\"container block-three-column-icons\">\r\n\t\t<h2>Odkryj gam\u0119 urz\u0105dze\u0144 wielofunkcyjnych Apeos:<\/h2>\r\n\t\t<div class=\"row\" style=\"margin-top: 70px;\">\r\n\t\t\t\t\t\t\t\t\t\t\t\t<div class=\"col-sm\">\r\n                    <a href=\"https:\/\/office-staging.fujifilmprint.eu\/pl\/product\/apeos-c4030-series\/\" class=\"icon-block-link\">\r\n                        <div class=\"icons-flex\">\r\n                                <div class=\"poi-icons-printers\" style=\"background-color: transparent;\">\r\n                                    <img decoding=\"async\" class=\"icon-block-icon\" src=\"\/wp-content\/uploads\/2024\/08\/C4030.svg\" style=\"filter: brightness(0);\" \/>\r\n                                <\/div>\r\n                            <div class=\"icon-content\">\r\n                            <p>\r\n                                <strong>Seria Apeos C4030<\/strong>\r\n                            <\/p>\r\n                                <p style=\"padding: 0 15px;\">Druk A4 bez kompromis\u00f3w w zakresie jako\u015bci<\/p>\r\n                                <\/div>\r\n                        <\/div>\r\n                        <\/a>\r\n\t\t\t\t\t<\/div>\r\n\t\t\t\t\t\t\t\t\t<div class=\"col-sm\">\r\n                    <a href=\"https:\/\/office-staging.fujifilmprint.eu\/pl\/product\/apeos-c3060-series\/\" class=\"icon-block-link\">\r\n                        <div class=\"icons-flex\">\r\n                                <div class=\"poi-icons-printers\" style=\"background-color: transparent;\">\r\n                                    <img decoding=\"async\" class=\"icon-block-icon\" src=\"\/wp-content\/uploads\/2024\/08\/C3060.svg\" style=\"filter: brightness(0);\" \/>\r\n                                <\/div>\r\n                            <div class=\"icon-content\">\r\n                            <p>\r\n                                <strong>Seria Apeos C3060<\/strong>\r\n                            <\/p>\r\n                                <p style=\"padding: 0 15px;\">Konfigurowalne drukowanie A3 z najwy\u017csz\u0105 elastyczno\u015bci\u0105<\/p>\r\n                                <\/div>\r\n                        <\/div>\r\n                        <\/a>\r\n\t\t\t\t\t<\/div>\r\n\t\t\t\t\t\t\t\t\t<div class=\"col-sm\">\r\n                    <a href=\"https:\/\/office-staging.fujifilmprint.eu\/pl\/product\/apeos-c7070-series\/\" class=\"icon-block-link\">\r\n                        <div class=\"icons-flex\">\r\n                                <div class=\"poi-icons-printers\" style=\"background-color: transparent;\">\r\n                                    <img decoding=\"async\" class=\"icon-block-icon\" src=\"\/wp-content\/uploads\/2024\/08\/C7070.svg\" style=\"filter: brightness(0);\" \/>\r\n                                <\/div>\r\n                            <div class=\"icon-content\">\r\n                            <p>\r\n                                <strong>Seria Apeos C7070<\/strong>\r\n                            <\/p>\r\n                                <p style=\"padding: 0 15px;\">Solidny i intuicyjny high-end <br>Drukowanie w formacie A3<\/p>\r\n                                <\/div>\r\n                        <\/div>\r\n                        <\/a>\r\n\t\t\t\t\t<\/div>\r\n\t\t\t\t\t\t\t\t\t<\/div>\r\n\t<\/div>\r\n<\/section>\n\n<div id=\"download\"><\/div>\n\n<div style=\"height:50px;\">\n<\/div>\n\n<div style=\"height:100px;\">\n<\/div>\n\n<section id=\"small-cta\">\n\n<!-- Standard Block -->\n    <div class=\"container\">\n        <div class=\"row\">\n            <div class=\"col-md-6 img-bg\" style=\"background-image: url(https:\/\/office-staging.fujifilmprint.eu\/wp-content\/uploads\/2024\/07\/sustainabilitybrochure-ctaiamge-1000x527-1.jpg);\">\n            <\/div>\n            <div class=\"col-md-6 green\">\n                <h3>Chcie\u0107 wiedzie\u0107 wi\u0119cej?<\/h3>\n                <p>Pobierz nasz\u0105 broszur\u0119, aby pozna\u0107 wszystkie fakty dotycz\u0105ce mo\u017cliwo\u015bci urz\u0105dze\u0144 wielofunkcyjnych Apeos w zakresie zr\u00f3wnowa\u017conego rozwoju.<\/p>\n                                    <button type=\"button\" class=\"btn btn-purple popup-btn\" data-popup=\"popup-to-download-the-brochure-please-complete-the-form-below\">Pobierz teraz<\/button>\n                            <\/div>\n        <\/div>\n    <\/div>\n\t\n\n<\/section>\n\n\n\n<!-- Single Pop-up -->\n<div id=\"popup-to-download-the-brochure-please-complete-the-form-below\" class=\"popup\">\n\t<div class=\"popup-content dark-form\" id=\"dark-form\">\n\t\t<div class=\"event-header\">\n\t\t\t<h2>\n\t\t\t\tAby pobra\u0107 broszur\u0119, wype\u0142nij poni\u017cszy formularz:\t\t\t\n\t\t\t\t\t\t\t<\/h2>\n\t\t<\/div>\n\t\t\n\t\t  \r\n\r\n  \r\n\r\n   \r\n\r\n  \r\n\r\n   \r\n\r\n   \r\n\r\n  \r\n\r\n  \r\n\r\n \r\n\r\n \r\n\r\n \r\n\r\n \t\t<div id=\"confirmform\" style=\"visibility:hidden;\">\n\t\t\t\t\t\t\t<p>Dzi\u0119kujemy za przes\u0142anie danych. Broszura jest ju\u017c dost\u0119pna do pobrania.<\/p>\n\t\t\t\t<a href=\"https:\/\/office-staging.fujifilmprint.eu\/wp-content\/uploads\/2024\/08\/Apeos-Sustainability-Brochure-0824.pdf\" target=\"_blank\" class=\"btn btn-outline\">Pobiera\u0107<\/a>\n\t\t\t\t\t<\/div>\n\t\t\t\t\n\t\t<span class=\"fade-out main-btn-circle\">\u2573<\/span>\n\t<\/div>\n<\/div>\n\t\n\n\n<div id=\"contact\"><\/div>\n\n<div style=\"height:80px;\">\n<\/div>\n\n<section id=\"dark-form\">\n\t<div id=\"footer-form\" class=\"container\">\n\t\t<h2>Jeste\u015b zainteresowany zr\u00f3wnowa\u017conym drukiem od Apeos?<br>Skontaktuj si\u0119 z nami:<\/h2>\n\n\t\t  \r\n   \r\n  \r\n \r\n\r\n  \r\n<script src=\"\/\/info.fujifilm.eu\/js\/forms2\/js\/forms2.min.js\"><\/script> <form id=\"mktoForm_6518\" action=\"\"><input type=\"hidden\" name=\"trp-form-language\" value=\"pl\"\/><\/form> <script>MktoForms2.loadForm(\"\/\/info.fujifilm.eu\", \"060-MIY-956\", 6518);<\/script>\r\n  \n\t\t<div id=\"confirmform\" style=\"visibility:hidden;\">\n                            <p><strong>Dzi\u0119kujemy za zapytanie, wkr\u00f3tce kto\u015b si\u0119 z Tob\u0105 skontaktuje.<\/strong><\/p>\n              \n        <\/div>\n\t<\/div>\n<\/section>","protected":false},"excerpt":{"rendered":"","protected":false},"author":7,"featured_media":0,"parent":0,"menu_order":0,"comment_status":"closed","ping_status":"closed","template":"","meta":{"inline_featured_image":false,"footnotes":""},"class_list":["post-19596","page","type-page","status-publish","hentry"],"acf":[],"yoast_head":"<!-- This site is optimized with the Yoast SEO plugin v22.5 - https:\/\/yoast.com\/wordpress\/plugins\/seo\/ -->\n<title>Sustainability | Fujifilm Apeos Multifunction Printers EMEA<\/title>\n<meta name=\"description\" content=\"Office printing involves adopting innovative technologies that improve environmental impact. Discover why your business needs Apeos MFPs.\" \/>\n<meta name=\"robots\" content=\"noindex, follow, max-snippet:-1, max-image-preview:large, max-video-preview:-1\" \/>\n<meta property=\"og:locale\" content=\"pl_PL\" \/>\n<meta property=\"og:type\" content=\"article\" \/>\n<meta property=\"og:title\" content=\"Sustainability | Fujifilm Apeos Multifunction Printers EMEA\" \/>\n<meta property=\"og:description\" content=\"Office printing involves adopting innovative technologies that improve environmental impact. Discover why your business needs Apeos MFPs.\" \/>\n<meta property=\"og:url\" content=\"https:\/\/office-staging.fujifilmprint.eu\/pl\/sustainability\/\" \/>\n<meta property=\"og:site_name\" content=\"Fujifilm Office Printers EMEA\" \/>\n<meta property=\"article:modified_time\" content=\"2025-07-14T16:30:45+00:00\" \/>\n<meta name=\"twitter:card\" content=\"summary_large_image\" \/>\n<script type=\"application\/ld+json\" class=\"yoast-schema-graph\">{\"@context\":\"https:\/\/schema.org\",\"@graph\":[{\"@type\":\"WebPage\",\"@id\":\"https:\/\/office-staging.fujifilmprint.eu\/sustainability\/\",\"url\":\"https:\/\/office-staging.fujifilmprint.eu\/sustainability\/\",\"name\":\"Sustainability | Fujifilm Apeos Multifunction Printers EMEA\",\"isPartOf\":{\"@id\":\"https:\/\/office-staging.fujifilmprint.eu\/#website\"},\"datePublished\":\"2024-07-16T15:08:20+00:00\",\"dateModified\":\"2025-07-14T16:30:45+00:00\",\"description\":\"Office printing involves adopting innovative technologies that improve environmental impact. Discover why your business needs Apeos MFPs.\",\"breadcrumb\":{\"@id\":\"https:\/\/office-staging.fujifilmprint.eu\/sustainability\/#breadcrumb\"},\"inLanguage\":\"pl-PL\",\"potentialAction\":[{\"@type\":\"ReadAction\",\"target\":[\"https:\/\/office-staging.fujifilmprint.eu\/sustainability\/\"]}]},{\"@type\":\"BreadcrumbList\",\"@id\":\"https:\/\/office-staging.fujifilmprint.eu\/sustainability\/#breadcrumb\",\"itemListElement\":[{\"@type\":\"ListItem\",\"position\":1,\"name\":\"Home\",\"item\":\"https:\/\/office-staging.fujifilmprint.eu\/\"},{\"@type\":\"ListItem\",\"position\":2,\"name\":\"Sustainability\"}]},{\"@type\":\"WebSite\",\"@id\":\"https:\/\/office-staging.fujifilmprint.eu\/#website\",\"url\":\"https:\/\/office-staging.fujifilmprint.eu\/\",\"name\":\"Fujifilm Office Printers EMEA\",\"description\":\"\",\"publisher\":{\"@id\":\"https:\/\/office-staging.fujifilmprint.eu\/#organization\"},\"potentialAction\":[{\"@type\":\"SearchAction\",\"target\":{\"@type\":\"EntryPoint\",\"urlTemplate\":\"https:\/\/office-staging.fujifilmprint.eu\/?s={search_term_string}\"},\"query-input\":\"required name=search_term_string\"}],\"inLanguage\":\"pl-PL\"},{\"@type\":\"Organization\",\"@id\":\"https:\/\/office-staging.fujifilmprint.eu\/#organization\",\"name\":\"Fujifilm Office Printers EMEA\",\"url\":\"https:\/\/office-staging.fujifilmprint.eu\/\",\"logo\":{\"@type\":\"ImageObject\",\"inLanguage\":\"pl-PL\",\"@id\":\"https:\/\/office-staging.fujifilmprint.eu\/#\/schema\/logo\/image\/\",\"url\":\"https:\/\/office-staging.fujifilmprint.eu\/wp-content\/uploads\/2024\/05\/fujifilm-1.png\",\"contentUrl\":\"https:\/\/office-staging.fujifilmprint.eu\/wp-content\/uploads\/2024\/05\/fujifilm-1.png\",\"width\":416,\"height\":70,\"caption\":\"Fujifilm Office Printers EMEA\"},\"image\":{\"@id\":\"https:\/\/office-staging.fujifilmprint.eu\/#\/schema\/logo\/image\/\"}}]}<\/script>\n<!-- \/ Yoast SEO plugin. -->","yoast_head_json":{"title":"Sustainability | Fujifilm Drukarki wielofunkcyjne Apeos EMEA","description":"Drukowanie w biurze wymaga zastosowania innowacyjnych technologii, kt\u00f3re poprawiaj\u0105 wp\u0142yw na \u015brodowisko. Dowiedz si\u0119, dlaczego Twoja firma potrzebuje urz\u0105dze\u0144 wielofunkcyjnych Apeos.","robots":{"index":"noindex","follow":"follow","max-snippet":"max-snippet:-1","max-image-preview":"max-image-preview:large","max-video-preview":"max-video-preview:-1"},"og_locale":"pl_PL","og_type":"article","og_title":"Sustainability | Fujifilm Apeos Multifunction Printers EMEA","og_description":"Office printing involves adopting innovative technologies that improve environmental impact. Discover why your business needs Apeos MFPs.","og_url":"https:\/\/office-staging.fujifilmprint.eu\/pl\/sustainability\/","og_site_name":"Fujifilm Office Printers EMEA","article_modified_time":"2025-07-14T16:30:45+00:00","twitter_card":"summary_large_image","schema":{"@context":"https:\/\/schema.org","@graph":[{"@type":"WebPage","@id":"https:\/\/office-staging.fujifilmprint.eu\/sustainability\/","url":"https:\/\/office-staging.fujifilmprint.eu\/sustainability\/","name":"Sustainability | Fujifilm Drukarki wielofunkcyjne Apeos EMEA","isPartOf":{"@id":"https:\/\/office-staging.fujifilmprint.eu\/#website"},"datePublished":"2024-07-16T15:08:20+00:00","dateModified":"2025-07-14T16:30:45+00:00","description":"Drukowanie w biurze wymaga zastosowania innowacyjnych technologii, kt\u00f3re poprawiaj\u0105 wp\u0142yw na \u015brodowisko. Dowiedz si\u0119, dlaczego Twoja firma potrzebuje urz\u0105dze\u0144 wielofunkcyjnych Apeos.","breadcrumb":{"@id":"https:\/\/office-staging.fujifilmprint.eu\/sustainability\/#breadcrumb"},"inLanguage":"pl-PL","potentialAction":[{"@type":"ReadAction","target":["https:\/\/office-staging.fujifilmprint.eu\/sustainability\/"]}]},{"@type":"BreadcrumbList","@id":"https:\/\/office-staging.fujifilmprint.eu\/sustainability\/#breadcrumb","itemListElement":[{"@type":"ListItem","position":1,"name":"Home","item":"https:\/\/office-staging.fujifilmprint.eu\/"},{"@type":"ListItem","position":2,"name":"Sustainability"}]},{"@type":"WebSite","@id":"https:\/\/office-staging.fujifilmprint.eu\/#website","url":"https:\/\/office-staging.fujifilmprint.eu\/","name":"Fujifilm Drukarki biurowe EMEA","description":"","publisher":{"@id":"https:\/\/office-staging.fujifilmprint.eu\/#organization"},"potentialAction":[{"@type":"SearchAction","target":{"@type":"EntryPoint","urlTemplate":"https:\/\/office-staging.fujifilmprint.eu\/?s={search_term_string}"},"query-input":"required name=search_term_string"}],"inLanguage":"pl-PL"},{"@type":"Organization","@id":"https:\/\/office-staging.fujifilmprint.eu\/#organization","name":"Fujifilm Drukarki biurowe EMEA","url":"https:\/\/office-staging.fujifilmprint.eu\/","logo":{"@type":"ImageObject","inLanguage":"pl-PL","@id":"https:\/\/office-staging.fujifilmprint.eu\/#\/schema\/logo\/image\/","url":"https:\/\/office-staging.fujifilmprint.eu\/wp-content\/uploads\/2024\/05\/fujifilm-1.png","contentUrl":"https:\/\/office-staging.fujifilmprint.eu\/wp-content\/uploads\/2024\/05\/fujifilm-1.png","width":416,"height":70,"caption":"Fujifilm Office Printers EMEA"},"image":{"@id":"https:\/\/office-staging.fujifilmprint.eu\/#\/schema\/logo\/image\/"}}]}},"_links":{"self":[{"href":"https:\/\/office-staging.fujifilmprint.eu\/pl\/wp-json\/wp\/v2\/pages\/19596","targetHints":{"allow":["GET"]}}],"collection":[{"href":"https:\/\/office-staging.fujifilmprint.eu\/pl\/wp-json\/wp\/v2\/pages"}],"about":[{"href":"https:\/\/office-staging.fujifilmprint.eu\/pl\/wp-json\/wp\/v2\/types\/page"}],"author":[{"embeddable":true,"href":"https:\/\/office-staging.fujifilmprint.eu\/pl\/wp-json\/wp\/v2\/users\/7"}],"replies":[{"embeddable":true,"href":"https:\/\/office-staging.fujifilmprint.eu\/pl\/wp-json\/wp\/v2\/comments?post=19596"}],"version-history":[{"count":200,"href":"https:\/\/office-staging.fujifilmprint.eu\/pl\/wp-json\/wp\/v2\/pages\/19596\/revisions"}],"predecessor-version":[{"id":21392,"href":"https:\/\/office-staging.fujifilmprint.eu\/pl\/wp-json\/wp\/v2\/pages\/19596\/revisions\/21392"}],"wp:attachment":[{"href":"https:\/\/office-staging.fujifilmprint.eu\/pl\/wp-json\/wp\/v2\/media?parent=19596"}],"curies":[{"name":"wp","href":"https:\/\/api.w.org\/{rel}","templated":true}]}}