{"id":19725,"date":"2024-07-29T15:51:29","date_gmt":"2024-07-29T14:51:29","guid":{"rendered":"https:\/\/office-staging.fujifilmprint.eu\/?page_id=19725"},"modified":"2025-07-14T17:30:30","modified_gmt":"2025-07-14T16:30:30","slug":"quality","status":"publish","type":"page","link":"https:\/\/office-staging.fujifilmprint.eu\/pl\/quality\/","title":{"rendered":"Jako\u015b\u0107"},"content":{"rendered":"<section id=\"green-header\">\n\t<div class=\"container-fluid green-pt\" style=\"background-image: url('https:\/\/office-staging.fujifilmprint.eu\/wp-content\/uploads\/2024\/09\/quality-header-2000x357-1.jpg');background-size: cover;padding: 0;\">\n\t<div class=\"overlay\" style=\"padding: 75px 0;\">\t\t<div class=\"container\">\n\t\t\t<h2 style=\"color: #00e5c2;\">\n\t\t\t\tPasja do jako\u015bci\t\t\t<\/h2>\n\t\t\t<h3 style=\"color: #fff;margin-top: 25px;letter-spacing: -1px;font-size: 29px;font-weight: 500;\">\n\t\t\t\tWysoka wydajno\u015b\u0107 zapewniaj\u0105ca doskona\u0142e wydruki\t\t\t<\/h3>\n\t\t<\/div>\n\t<\/div>\t<\/div>\n<\/section>\n\n<div style=\"height:50px;\">\n<\/div>\n\n<section id=\"txt-header\">\n\t<div class=\"container block-text-header\">\n\t\t<h3>Dlaczego Apeos?<\/h3>\n\t\t<h2>Osi\u0105gnij doskona\u0142\u0105 jako\u015b\u0107 druku dzi\u0119ki wiod\u0105cej w bran\u017cy rozdzielczo\u015bci DPI, pomagaj\u0105c swojej firmie uzyska\u0107 przewag\u0119 nad konkurencj\u0105.<\/h2>\n\t\t<p><p><span class=\"ui-provider a b c d e f g h i j k l m n o p q r s t u v w x y z ab ac ae af ag ah ai aj ak\" dir=\"ltr\">Wysokiej jako\u015bci wydruki poprawiaj\u0105 profesjonalny wygl\u0105d dokument\u00f3w, wywieraj\u0105c pozytywne wra\u017cenie na klientach, partnerach i interesariuszach. Firmy, kt\u00f3re konsekwentnie produkuj\u0105 wysokiej jako\u015bci materia\u0142y drukowane, mog\u0105 zyska\u0107 przewag\u0119 konkurencyjn\u0105, b\u0119d\u0105c postrzegane jako bardziej profesjonalne, niezawodne i zorientowane na szczeg\u00f3\u0142y.<\/span><\/p>\n<p>Wysokiej jako\u015bci wydruki s\u0105 trwalsze i mniej podatne na blakni\u0119cie lub rozmazywanie, dzi\u0119ki czemu wa\u017cne dokumenty pozostaj\u0105 czytelne i nienaruszone przez d\u0142ugi czas. Drukarki Apeos Fujifilm mog\u0105 obs\u0142ugiwa\u0107 szeroki zakres typ\u00f3w i rozmiar\u00f3w no\u015bnik\u00f3w, oferuj\u0105c wszechstronno\u015b\u0107 dla r\u00f3\u017cnych potrzeb biznesowych, od standardowych dokument\u00f3w po plakaty A3. Zapewnienie pracownikom wysokiej jako\u015bci mo\u017cliwo\u015bci drukowania mo\u017ce podnie\u015b\u0107 morale i produktywno\u015b\u0107, poniewa\u017c mog\u0105 oni bez obaw wykonywa\u0107 swoj\u0105 najlepsz\u0105 prac\u0119.<\/p>\n<p>Druk wysokiej jako\u015bci mo\u017ce pocz\u0105tkowo wydawa\u0107 si\u0119 dro\u017cszy, ale prowadzi do oszcz\u0119dno\u015bci koszt\u00f3w poprzez zmniejszenie potrzeby ponownego drukowania i zapewnia skuteczno\u015b\u0107 materia\u0142\u00f3w zgodnie z ich przeznaczeniem.  Kluczowym elementem jako\u015bci druku jest kolor. Sp\u00f3jne i dok\u0142adne odwzorowanie kolor\u00f3w utrzymuje sp\u00f3jno\u015b\u0107 marki we wszystkich drukowanych materia\u0142ach, wzmacniaj\u0105c to\u017csamo\u015b\u0107 marki i zapewniaj\u0105c zgodno\u015b\u0107 ze standardami wizualnymi firmy.<\/p>\n<p>Seria Apeos oferuje r\u00f3wnie\u017c przyjazne dla \u015brodowiska opcje, takie jak druk dwustronny i energooszcz\u0119dne tryby, przyczyniaj\u0105c si\u0119 do zr\u00f3wnowa\u017conego rozwoju bez po\u015bwi\u0119cania jako\u015bci druku.<\/p>\n<\/p>\n\t<\/div>\n<\/section>\n\n<section id=\"txt-header\">\n\t<div class=\"container block-text-header\">\n\t\t<h3>Kluczowe cechy<\/h3>\n\t\t<h2><\/h2>\n\t\t<p><p><strong>DO\u015aWIADCZENIE FUJIFILM:<\/strong> Wspierany przez 60 lat do\u015bwiadczenia Fujifilm i po ogromnym sukcesie w regionie Azji i Pacyfiku, Apeos jest teraz dost\u0119pny w Wielkiej Brytanii, aby przenie\u015b\u0107 wydajno\u015b\u0107 biznesow\u0105 na wy\u017cszy poziom.<\/p>\n<p><strong>WIOD\u0104CE NA \u015aWIECIE DO\u015aWIADCZENIE W TECHNOLOGII TONEROWEJ: <\/strong>Fujifilm ma d\u0142ug\u0105 histori\u0119 wprowadzania innowacyjnych kopiarek biurowych opartych na tonerze, drukarek monochromatycznych i pe\u0142nokolorowych system\u00f3w druku komercyjnego, a tak\u017ce znacz\u0105cych rozwi\u0105za\u0144 w zakresie dokument\u00f3w i us\u0142ug biznesowych, opracowanych przez FUJIFILM Business Innovation Corporation.<\/p>\n<p><img loading=\"lazy\" decoding=\"async\" class=\"aligncenter wp-image-20370\" src=\"https:\/\/office-staging.fujifilmprint.eu\/wp-content\/uploads\/2024\/08\/Eco-toner-no-graph.svg\" alt=\"\" width=\"600\" height=\"150\" \/><\/p>\n<p><strong>DOSKONA\u0141A JAKO\u015a\u0106 PRZY DU\u017bYCH PR\u0118DKO\u015aCIACH:<\/strong> G\u0142owica drukuj\u0105ca LED o wysokiej rozdzielczo\u015bci zapewnia niesamowit\u0105 jako\u015b\u0107 i wyj\u0105tkow\u0105 wydajno\u015b\u0107 dzi\u0119ki zaawansowanym funkcjom drukowania.<\/p>\n<p><strong>WIOD\u0104CA NA RYNKU ROZDZIELCZO\u015a\u0106 DRUKU:<\/strong> Drukowanie w wysokiej rozdzielczo\u015bci 1200 x 2400 dpi dzi\u0119ki g\u0142owicy drukuj\u0105cej LED zapewnia p\u0142ynne odwzorowanie linii i tekstu.<\/p>\n<p><img decoding=\"async\" class=\"alignnone size-full wp-image-20324\" src=\"https:\/\/office-staging.fujifilmprint.eu\/wp-content\/uploads\/2024\/08\/market-leading-printing-resolution.svg\" alt=\"\" \/><\/p>\n<\/p>\n\t<\/div>\n<\/section>\n\n<div style=\"height:100px;\">\n<\/div>\n\n\r\n<style>\r\n.icon-block-link{\r\n\ttext-decoration: none;\r\n\tcolor: black;\r\n}\r\n.icon-block-link:hover .poi-icons-printers .icon-block-icon{\r\n\ttransform: scale(1.2);\r\n    filter: invert(69%) sepia(96%) saturate(1997%) hue-rotate(120deg) brightness(99%) contrast(101%) !important;\r\n\ttransition: 0.4s;\r\n}\r\n<\/style>\r\n<section id=\"tc-icons\" class=\"printer-icons\">\r\n\t<div class=\"container block-three-column-icons\">\r\n\t\t<h2>Odkryj gam\u0119 urz\u0105dze\u0144 wielofunkcyjnych Apeos:<\/h2>\r\n\t\t<div class=\"row\" style=\"margin-top: 70px;\">\r\n\t\t\t\t\t\t\t\t\t\t\t\t<div class=\"col-sm\">\r\n                    <a href=\"https:\/\/office-staging.fujifilmprint.eu\/pl\/product\/apeos-c4030-series\/\" class=\"icon-block-link\">\r\n                        <div class=\"icons-flex\">\r\n                                <div class=\"poi-icons-printers\" style=\"background-color: transparent;\">\r\n                                    <img decoding=\"async\" class=\"icon-block-icon\" src=\"\/wp-content\/uploads\/2024\/08\/C4030.svg\" style=\"filter: brightness(0);\" \/>\r\n                                <\/div>\r\n                            <div class=\"icon-content\">\r\n                            <p>\r\n                                <strong>Seria Apeos C4030<\/strong>\r\n                            <\/p>\r\n                                <p style=\"padding: 0 15px;\">Druk A4 bez kompromis\u00f3w w zakresie jako\u015bci<\/p>\r\n                                <\/div>\r\n                        <\/div>\r\n                        <\/a>\r\n\t\t\t\t\t<\/div>\r\n\t\t\t\t\t\t\t\t\t<div class=\"col-sm\">\r\n                    <a href=\"https:\/\/office-staging.fujifilmprint.eu\/pl\/product\/apeos-c3060-series\/\" class=\"icon-block-link\">\r\n                        <div class=\"icons-flex\">\r\n                                <div class=\"poi-icons-printers\" style=\"background-color: transparent;\">\r\n                                    <img decoding=\"async\" class=\"icon-block-icon\" src=\"\/wp-content\/uploads\/2024\/08\/C3060.svg\" style=\"filter: brightness(0);\" \/>\r\n                                <\/div>\r\n                            <div class=\"icon-content\">\r\n                            <p>\r\n                                <strong>Seria Apeos C3060<\/strong>\r\n                            <\/p>\r\n                                <p style=\"padding: 0 15px;\">Konfigurowalne drukowanie A3 z najwy\u017csz\u0105 elastyczno\u015bci\u0105<\/p>\r\n                                <\/div>\r\n                        <\/div>\r\n                        <\/a>\r\n\t\t\t\t\t<\/div>\r\n\t\t\t\t\t\t\t\t\t<div class=\"col-sm\">\r\n                    <a href=\"https:\/\/office-staging.fujifilmprint.eu\/pl\/product\/apeos-c7070-series\/\" class=\"icon-block-link\">\r\n                        <div class=\"icons-flex\">\r\n                                <div class=\"poi-icons-printers\" style=\"background-color: transparent;\">\r\n                                    <img decoding=\"async\" class=\"icon-block-icon\" src=\"\/wp-content\/uploads\/2024\/08\/C7070.svg\" style=\"filter: brightness(0);\" \/>\r\n                                <\/div>\r\n                            <div class=\"icon-content\">\r\n                            <p>\r\n                                <strong>Seria Apeos C7070<\/strong>\r\n                            <\/p>\r\n                                <p style=\"padding: 0 15px;\">Solidny i intuicyjny high-end <br>Drukowanie w formacie A3<\/p>\r\n                                <\/div>\r\n                        <\/div>\r\n                        <\/a>\r\n\t\t\t\t\t<\/div>\r\n\t\t\t\t\t\t\t\t\t<\/div>\r\n\t<\/div>\r\n<\/section>\n\n<div style=\"height:50px;\">\n<\/div>\n\n<div id=\"contact\"><\/div>\n\n<div style=\"height:50px;\">\n<\/div>\n\n<section id=\"dark-form\">\n\t<div id=\"footer-form\" class=\"container\">\n\t\t<h2 class=\"translation-block\">Zainteresowany wysokiej jako\u015bci drukiem Apeos? Skontaktuj si\u0119 z nami:<\/h2>\n\n\t\t  \r\n   \r\n  \r\n \r\n\r\n  \r\n<script src=\"\/\/info.fujifilm.eu\/js\/forms2\/js\/forms2.min.js\"><\/script> <form id=\"mktoForm_6518\" action=\"\"><input type=\"hidden\" name=\"trp-form-language\" value=\"pl\"\/><\/form> <script>MktoForms2.loadForm(\"\/\/info.fujifilm.eu\", \"060-MIY-956\", 6518);<\/script>\r\n  \n\t\t<div id=\"confirmform\" style=\"visibility:hidden;\">\n                            <p><strong>Dzi\u0119kujemy za zapytanie, wkr\u00f3tce kto\u015b si\u0119 z Tob\u0105 skontaktuje.<\/strong><\/p>\n              \n        <\/div>\n\t<\/div>\n<\/section>","protected":false},"excerpt":{"rendered":"","protected":false},"author":7,"featured_media":0,"parent":0,"menu_order":0,"comment_status":"closed","ping_status":"closed","template":"","meta":{"inline_featured_image":false,"footnotes":""},"class_list":["post-19725","page","type-page","status-publish","hentry"],"acf":[],"yoast_head":"<!-- This site is optimized with the Yoast SEO plugin v22.5 - https:\/\/yoast.com\/wordpress\/plugins\/seo\/ -->\n<title>Quality | Fujifilm Apeos Multifunction Printers EMEA<\/title>\n<meta name=\"description\" content=\"Businesses that produce high-quality printed materials can gain a competitive edge. Discover why your business needs Apeos MFPs.\" \/>\n<meta name=\"robots\" content=\"noindex, follow, max-snippet:-1, max-image-preview:large, max-video-preview:-1\" \/>\n<meta property=\"og:locale\" content=\"pl_PL\" \/>\n<meta property=\"og:type\" content=\"article\" \/>\n<meta property=\"og:title\" content=\"Quality | Fujifilm Apeos Multifunction Printers EMEA\" \/>\n<meta property=\"og:description\" content=\"Businesses that produce high-quality printed materials can gain a competitive edge. Discover why your business needs Apeos MFPs.\" \/>\n<meta property=\"og:url\" content=\"https:\/\/office-staging.fujifilmprint.eu\/pl\/quality\/\" \/>\n<meta property=\"og:site_name\" content=\"Fujifilm Office Printers EMEA\" \/>\n<meta property=\"article:modified_time\" content=\"2025-07-14T16:30:30+00:00\" \/>\n<meta name=\"twitter:card\" content=\"summary_large_image\" \/>\n<script type=\"application\/ld+json\" class=\"yoast-schema-graph\">{\"@context\":\"https:\/\/schema.org\",\"@graph\":[{\"@type\":\"WebPage\",\"@id\":\"https:\/\/office-staging.fujifilmprint.eu\/quality\/\",\"url\":\"https:\/\/office-staging.fujifilmprint.eu\/quality\/\",\"name\":\"Quality | Fujifilm Apeos Multifunction Printers EMEA\",\"isPartOf\":{\"@id\":\"https:\/\/office-staging.fujifilmprint.eu\/#website\"},\"datePublished\":\"2024-07-29T14:51:29+00:00\",\"dateModified\":\"2025-07-14T16:30:30+00:00\",\"description\":\"Businesses that produce high-quality printed materials can gain a competitive edge. Discover why your business needs Apeos MFPs.\",\"breadcrumb\":{\"@id\":\"https:\/\/office-staging.fujifilmprint.eu\/quality\/#breadcrumb\"},\"inLanguage\":\"pl-PL\",\"potentialAction\":[{\"@type\":\"ReadAction\",\"target\":[\"https:\/\/office-staging.fujifilmprint.eu\/quality\/\"]}]},{\"@type\":\"BreadcrumbList\",\"@id\":\"https:\/\/office-staging.fujifilmprint.eu\/quality\/#breadcrumb\",\"itemListElement\":[{\"@type\":\"ListItem\",\"position\":1,\"name\":\"Home\",\"item\":\"https:\/\/office-staging.fujifilmprint.eu\/\"},{\"@type\":\"ListItem\",\"position\":2,\"name\":\"Quality\"}]},{\"@type\":\"WebSite\",\"@id\":\"https:\/\/office-staging.fujifilmprint.eu\/#website\",\"url\":\"https:\/\/office-staging.fujifilmprint.eu\/\",\"name\":\"Fujifilm Office Printers EMEA\",\"description\":\"\",\"publisher\":{\"@id\":\"https:\/\/office-staging.fujifilmprint.eu\/#organization\"},\"potentialAction\":[{\"@type\":\"SearchAction\",\"target\":{\"@type\":\"EntryPoint\",\"urlTemplate\":\"https:\/\/office-staging.fujifilmprint.eu\/?s={search_term_string}\"},\"query-input\":\"required name=search_term_string\"}],\"inLanguage\":\"pl-PL\"},{\"@type\":\"Organization\",\"@id\":\"https:\/\/office-staging.fujifilmprint.eu\/#organization\",\"name\":\"Fujifilm Office Printers EMEA\",\"url\":\"https:\/\/office-staging.fujifilmprint.eu\/\",\"logo\":{\"@type\":\"ImageObject\",\"inLanguage\":\"pl-PL\",\"@id\":\"https:\/\/office-staging.fujifilmprint.eu\/#\/schema\/logo\/image\/\",\"url\":\"https:\/\/office-staging.fujifilmprint.eu\/wp-content\/uploads\/2024\/05\/fujifilm-1.png\",\"contentUrl\":\"https:\/\/office-staging.fujifilmprint.eu\/wp-content\/uploads\/2024\/05\/fujifilm-1.png\",\"width\":416,\"height\":70,\"caption\":\"Fujifilm Office Printers EMEA\"},\"image\":{\"@id\":\"https:\/\/office-staging.fujifilmprint.eu\/#\/schema\/logo\/image\/\"}}]}<\/script>\n<!-- \/ Yoast SEO plugin. -->","yoast_head_json":{"title":"Drukarki wielofunkcyjne Quality | Fujifilm Apeos EMEA","description":"Firmy produkuj\u0105ce wysokiej jako\u015bci materia\u0142y drukowane mog\u0105 zyska\u0107 przewag\u0119 nad konkurencj\u0105. Dowiedz si\u0119, dlaczego Twoja firma potrzebuje urz\u0105dze\u0144 wielofunkcyjnych Apeos.","robots":{"index":"noindex","follow":"follow","max-snippet":"max-snippet:-1","max-image-preview":"max-image-preview:large","max-video-preview":"max-video-preview:-1"},"og_locale":"pl_PL","og_type":"article","og_title":"Quality | Fujifilm Apeos Multifunction Printers EMEA","og_description":"Businesses that produce high-quality printed materials can gain a competitive edge. Discover why your business needs Apeos MFPs.","og_url":"https:\/\/office-staging.fujifilmprint.eu\/pl\/quality\/","og_site_name":"Fujifilm Office Printers EMEA","article_modified_time":"2025-07-14T16:30:30+00:00","twitter_card":"summary_large_image","schema":{"@context":"https:\/\/schema.org","@graph":[{"@type":"WebPage","@id":"https:\/\/office-staging.fujifilmprint.eu\/quality\/","url":"https:\/\/office-staging.fujifilmprint.eu\/quality\/","name":"Drukarki wielofunkcyjne Quality | Fujifilm Apeos EMEA","isPartOf":{"@id":"https:\/\/office-staging.fujifilmprint.eu\/#website"},"datePublished":"2024-07-29T14:51:29+00:00","dateModified":"2025-07-14T16:30:30+00:00","description":"Firmy produkuj\u0105ce wysokiej jako\u015bci materia\u0142y drukowane mog\u0105 zyska\u0107 przewag\u0119 nad konkurencj\u0105. Dowiedz si\u0119, dlaczego Twoja firma potrzebuje urz\u0105dze\u0144 wielofunkcyjnych Apeos.","breadcrumb":{"@id":"https:\/\/office-staging.fujifilmprint.eu\/quality\/#breadcrumb"},"inLanguage":"pl-PL","potentialAction":[{"@type":"ReadAction","target":["https:\/\/office-staging.fujifilmprint.eu\/quality\/"]}]},{"@type":"BreadcrumbList","@id":"https:\/\/office-staging.fujifilmprint.eu\/quality\/#breadcrumb","itemListElement":[{"@type":"ListItem","position":1,"name":"Home","item":"https:\/\/office-staging.fujifilmprint.eu\/"},{"@type":"ListItem","position":2,"name":"Quality"}]},{"@type":"WebSite","@id":"https:\/\/office-staging.fujifilmprint.eu\/#website","url":"https:\/\/office-staging.fujifilmprint.eu\/","name":"Fujifilm Drukarki biurowe EMEA","description":"","publisher":{"@id":"https:\/\/office-staging.fujifilmprint.eu\/#organization"},"potentialAction":[{"@type":"SearchAction","target":{"@type":"EntryPoint","urlTemplate":"https:\/\/office-staging.fujifilmprint.eu\/?s={search_term_string}"},"query-input":"required name=search_term_string"}],"inLanguage":"pl-PL"},{"@type":"Organization","@id":"https:\/\/office-staging.fujifilmprint.eu\/#organization","name":"Fujifilm Drukarki biurowe EMEA","url":"https:\/\/office-staging.fujifilmprint.eu\/","logo":{"@type":"ImageObject","inLanguage":"pl-PL","@id":"https:\/\/office-staging.fujifilmprint.eu\/#\/schema\/logo\/image\/","url":"https:\/\/office-staging.fujifilmprint.eu\/wp-content\/uploads\/2024\/05\/fujifilm-1.png","contentUrl":"https:\/\/office-staging.fujifilmprint.eu\/wp-content\/uploads\/2024\/05\/fujifilm-1.png","width":416,"height":70,"caption":"Fujifilm Office Printers EMEA"},"image":{"@id":"https:\/\/office-staging.fujifilmprint.eu\/#\/schema\/logo\/image\/"}}]}},"_links":{"self":[{"href":"https:\/\/office-staging.fujifilmprint.eu\/pl\/wp-json\/wp\/v2\/pages\/19725","targetHints":{"allow":["GET"]}}],"collection":[{"href":"https:\/\/office-staging.fujifilmprint.eu\/pl\/wp-json\/wp\/v2\/pages"}],"about":[{"href":"https:\/\/office-staging.fujifilmprint.eu\/pl\/wp-json\/wp\/v2\/types\/page"}],"author":[{"embeddable":true,"href":"https:\/\/office-staging.fujifilmprint.eu\/pl\/wp-json\/wp\/v2\/users\/7"}],"replies":[{"embeddable":true,"href":"https:\/\/office-staging.fujifilmprint.eu\/pl\/wp-json\/wp\/v2\/comments?post=19725"}],"version-history":[{"count":88,"href":"https:\/\/office-staging.fujifilmprint.eu\/pl\/wp-json\/wp\/v2\/pages\/19725\/revisions"}],"predecessor-version":[{"id":21386,"href":"https:\/\/office-staging.fujifilmprint.eu\/pl\/wp-json\/wp\/v2\/pages\/19725\/revisions\/21386"}],"wp:attachment":[{"href":"https:\/\/office-staging.fujifilmprint.eu\/pl\/wp-json\/wp\/v2\/media?parent=19725"}],"curies":[{"name":"wp","href":"https:\/\/api.w.org\/{rel}","templated":true}]}}