{"id":19742,"date":"2024-07-30T14:27:33","date_gmt":"2024-07-30T13:27:33","guid":{"rendered":"https:\/\/office-staging.fujifilmprint.eu\/?page_id=19742"},"modified":"2025-07-14T17:30:18","modified_gmt":"2025-07-14T16:30:18","slug":"efficiency","status":"publish","type":"page","link":"https:\/\/office-staging.fujifilmprint.eu\/pl\/efficiency\/","title":{"rendered":"Wydajno\u015b\u0107"},"content":{"rendered":"<section id=\"green-header\">\n\t<div class=\"container-fluid green-pt\" style=\"background-image: url('https:\/\/office-staging.fujifilmprint.eu\/wp-content\/uploads\/2024\/09\/efficiency-header-2000x324-1.jpg');background-size: cover;padding: 0;\">\n\t<div class=\"overlay\" style=\"padding: 75px 0;\">\t\t<div class=\"container\">\n\t\t\t<h2 style=\"color: #00e5c2;\">\n\t\t\t\tWy\u017csza wydajno\u015b\u0107\t\t\t<\/h2>\n\t\t\t<h3 style=\"color: #fff;margin-top: 25px;letter-spacing: -1px;font-size: 29px;font-weight: 500;\">\n\t\t\t\tNiezawodne dzia\u0142anie zwi\u0119kszaj\u0105ce produktywno\u015b\u0107\t\t\t<\/h3>\n\t\t<\/div>\n\t<\/div>\t<\/div>\n<\/section>\n\n<div style=\"height:50px;\">\n<\/div>\n\n<section id=\"txt-header\">\n\t<div class=\"container block-text-header\">\n\t\t<h3>Dlaczego Apeos?<\/h3>\n\t\t<h2>Zaprojektowane z my\u015bl\u0105 o niezawodno\u015bci i trwa\u0142o\u015bci, drukarki biurowe Apeos znacznie usprawniaj\u0105 operacje biznesowe.<\/h2>\n\t\t<p><p>Drukarki biurowe skoncentrowane na wydajno\u015bci zapewniaj\u0105 kilka korzy\u015bci, kt\u00f3re znacznie usprawniaj\u0105 operacje biznesowe. Po pierwsze, seria drukarek biurowych Apeos oszcz\u0119dza czas dzi\u0119ki mo\u017cliwo\u015bci szybkiego drukowania, skracaj\u0105c czas oczekiwania na dokumenty i umo\u017cliwiaj\u0105c pracownikom wi\u0119ksze skupienie si\u0119 na podstawowych zadaniach, zwi\u0119kszaj\u0105c w ten spos\u00f3b og\u00f3ln\u0105 wydajno\u015b\u0107.<\/p>\n<p>Drukarki z serii Apeos umo\u017cliwiaj\u0105 zwi\u0119kszenie wydajno\u015bci poprzez efektywn\u0105 obs\u0142ug\u0119 du\u017cych wolumen\u00f3w druku, spe\u0142niaj\u0105c wymagania ruchliwych \u015brodowisk biurowych bez op\u00f3\u017anie\u0144. Drukarki Fujifilm Apeos zosta\u0142y zaprojektowane z my\u015bl\u0105 o niezawodno\u015bci i trwa\u0142o\u015bci, minimalizuj\u0105c awarie i potrzeb\u0119 konserwacji, co z kolei ogranicza przerwy w pracy. Zintegrowane oprogramowanie Fujifilm u\u0142atwia zarz\u0105dzanie dokumentami, takie jak skanowanie, archiwizacja i udost\u0119pnianie cyfrowe, poprawiaj\u0105c og\u00f3lny obieg dokument\u00f3w i ich dost\u0119pno\u015b\u0107.<\/p>\n<p>Drukarki biurowe Fujifilm oferuj\u0105 wszechstronno\u015b\u0107 dzi\u0119ki obs\u0142udze r\u00f3\u017cnych typ\u00f3w i rozmiar\u00f3w no\u015bnik\u00f3w, umo\u017cliwiaj\u0105c firmie tworzenie szerokiej gamy dokument\u00f3w we w\u0142asnym zakresie, od standardowych raport\u00f3w po zaawansowane materia\u0142y marketingowe. S\u0105 one skalowalne, dzi\u0119ki czemu mo\u017cna je dostosowa\u0107 do rosn\u0105cych potrzeb w zakresie drukowania w miar\u0119 rozwoju firmy, bez uszczerbku dla wydajno\u015bci.<\/p>\n<p>Drukarki Apeos utrzymuj\u0105 profesjonaln\u0105 jako\u015b\u0107 druku, zapewniaj\u0105c, \u017ce wszystkie dokumenty, zar\u00f3wno do u\u017cytku wewn\u0119trznego, jak i komunikacji zewn\u0119trznej, wygl\u0105daj\u0105 na dopracowane i przyczyniaj\u0105 si\u0119 do pozytywnego wizerunku firmy. Ten profesjonalny wygl\u0105d wzmacnia wiarygodno\u015b\u0107 i profesjonalizm w kontaktach z klientami i komunikacji biznesowej.<\/p>\n<\/p>\n\t<\/div>\n<\/section>\n\n<section id=\"txt-header\">\n\t<div class=\"container block-text-header\">\n\t\t<h3>Kluczowe cechy<\/h3>\n\t\t<h2><\/h2>\n\t\t<p><p><strong>DRUKOWANIE Z URZ\u0104DZENIA WIELOFUNKCYJNEGO:<\/strong> Umo\u017cliwia elastyczne drukowanie i zbieranie wydruk\u00f3w z dowolnego pod\u0142\u0105czonego urz\u0105dzenia wielofunkcyjnego. Zwi\u0119ksza to produktywno\u015b\u0107 poprzez drukowanie z innego dost\u0119pnego urz\u0105dzenia wielofunkcyjnego, gdy bie\u017c\u0105ce urz\u0105dzenie jest w u\u017cyciu.<\/p>\n<p><img decoding=\"async\" class=\"alignnone wp-image-20355 size-full\" src=\"https:\/\/office-staging.fujifilmprint.eu\/wp-content\/uploads\/2024\/08\/Multifunction-device-printing.svg\" alt=\"\" \/><\/p>\n<p><strong>LABORATORIUM DLA KUPUJ\u0104CYCH JEST WYSOCE ZALECANE:<\/strong> Fujifilm Apeos C4030, C5570 i C7070 pomy\u015blnie przesz\u0142y testy Keypoint Intelligence i otrzyma\u0142y od Buyers Lab ocen\u0119 Highly Recommended oraz znak jako\u015bci.<\/p>\n<p><strong>UDOST\u0118PNIA\u0106 INFORMACJE W DOWOLNYM MIEJSCU I CZASIE:\u00a0<\/strong>Dzi\u0119ki oprogramowaniu do zarz\u0105dzania dokumentami i dost\u0119powi do Internetu, dokumenty mog\u0105 by\u0107 przegl\u0105dane niezale\u017cnie od czasu i miejsca.<\/p>\n<p><img loading=\"lazy\" decoding=\"async\" class=\"wp-image-20796 size-large aligncenter\" src=\"https:\/\/office-staging.fujifilmprint.eu\/wp-content\/uploads\/2024\/09\/FUJ13516-Infographics-for-export-v5-outlined-13-v2.svg\" alt=\"\" width=\"640\" height=\"640\" \/><\/p>\n<p><strong>SZYBKIE SKANOWANIE O DU\u017bEJ OBJ\u0118TO\u015aCI:<\/strong> B\u0142yskawiczne skanowanie bez konieczno\u015bci r\u0119cznego wprowadzania danych dzi\u0119ki jednoprzebiegowemu kolorowemu skanowaniu dwustronnemu z pr\u0119dko\u015bci\u0105 do 270 str. Jednoprzebiegowy DADF nie uszkodzi oryginalnego dokumentu, a system automatycznie konwertuje orygina\u0142y o niestandardowym rozmiarze do rozmiaru standardowego.<\/p>\n<p><strong>SZYBKIE URUCHAMIANIE I WYJ\u015aCIE:<\/strong> Czas przywracania z trybu u\u015bpienia wynosi 5 sekund, a czas wykonania pierwszej kopii to 6,7 sekundy (Apeos C3570), co przek\u0142ada si\u0119 na wi\u0119ksz\u0105 wydajno\u015b\u0107.<\/p>\n<p><img loading=\"lazy\" decoding=\"async\" class=\"aligncenter wp-image-20799\" src=\"https:\/\/office-staging.fujifilmprint.eu\/wp-content\/uploads\/2024\/09\/FUJ13516-Infographics-for-export-v5-outlined-26.svg\" alt=\"\" width=\"1030\" height=\"318\" \/><\/p>\n<p><strong>BEZPO\u015aREDNIE SKANOWANIE DO DRUKU:<\/strong> Drukowanie bezpo\u015brednio z pami\u0119ci flash USB lub alternatywnie skanowanie danych i bezpo\u015brednie zapisywanie ich na pami\u0119ci flash USB bez u\u017cycia komputera.<\/p>\n<p><img decoding=\"async\" class=\"alignnone wp-image-20844 size-full\" src=\"https:\/\/office-staging.fujifilmprint.eu\/wp-content\/uploads\/2024\/09\/FUJ13516-Infographics-for-export-v5-outlined-15-v2-1.svg\" alt=\"\" \/><\/p>\n<p><strong>PRZENO\u015aNY PANEL OPERACYJNY<\/strong>: P\u0142ynna \u0142\u0105czno\u015b\u0107 z urz\u0105dzeniami mobilnymi dla zada\u0144 kopiowania, faksowania, drukowania i skanowania. Urz\u0105dzenia mobilne mog\u0105 by\u0107 u\u017cywane jako alternatywny interfejs u\u017cytkownika dla operacji w celu zminimalizowania wsp\u00f3lnych punkt\u00f3w styku.<\/p>\n<p><img loading=\"lazy\" decoding=\"async\" class=\"aligncenter wp-image-20393 size-large\" src=\"https:\/\/office-staging.fujifilmprint.eu\/wp-content\/uploads\/2024\/08\/Portable-operation-panel.svg\" alt=\"\" width=\"640\" height=\"640\" \/><\/p>\n<\/p>\n\t<\/div>\n<\/section>\n\n<div style=\"height:50px;\">\n<\/div>\n\n\r\n<style>\r\n.icon-block-link{\r\n\ttext-decoration: none;\r\n\tcolor: black;\r\n}\r\n.icon-block-link:hover .poi-icons-printers .icon-block-icon{\r\n\ttransform: scale(1.2);\r\n    filter: invert(69%) sepia(96%) saturate(1997%) hue-rotate(120deg) brightness(99%) contrast(101%) !important;\r\n\ttransition: 0.4s;\r\n}\r\n<\/style>\r\n<section id=\"tc-icons\" class=\"printer-icons\">\r\n\t<div class=\"container block-three-column-icons\">\r\n\t\t<h2>Odkryj gam\u0119 urz\u0105dze\u0144 wielofunkcyjnych Apeos:<\/h2>\r\n\t\t<div class=\"row\" style=\"margin-top: 70px;\">\r\n\t\t\t\t\t\t\t\t\t\t\t\t<div class=\"col-sm\">\r\n                    <a href=\"https:\/\/office-staging.fujifilmprint.eu\/pl\/product\/apeos-c4030-series\/\" class=\"icon-block-link\">\r\n                        <div class=\"icons-flex\">\r\n                                <div class=\"poi-icons-printers\" style=\"background-color: transparent;\">\r\n                                    <img decoding=\"async\" class=\"icon-block-icon\" src=\"\/wp-content\/uploads\/2024\/08\/C4030.svg\" style=\"filter: brightness(0);\" \/>\r\n                                <\/div>\r\n                            <div class=\"icon-content\">\r\n                            <p>\r\n                                <strong>Seria Apeos C4030<\/strong>\r\n                            <\/p>\r\n                                <p style=\"padding: 0 15px;\">Druk A4 bez kompromis\u00f3w w zakresie jako\u015bci<\/p>\r\n                                <\/div>\r\n                        <\/div>\r\n                        <\/a>\r\n\t\t\t\t\t<\/div>\r\n\t\t\t\t\t\t\t\t\t<div class=\"col-sm\">\r\n                    <a href=\"https:\/\/office-staging.fujifilmprint.eu\/pl\/product\/apeos-c3060-series\/\" class=\"icon-block-link\">\r\n                        <div class=\"icons-flex\">\r\n                                <div class=\"poi-icons-printers\" style=\"background-color: transparent;\">\r\n                                    <img decoding=\"async\" class=\"icon-block-icon\" src=\"\/wp-content\/uploads\/2024\/08\/C3060.svg\" style=\"filter: brightness(0);\" \/>\r\n                                <\/div>\r\n                            <div class=\"icon-content\">\r\n                            <p>\r\n                                <strong>Seria Apeos C3060<\/strong>\r\n                            <\/p>\r\n                                <p style=\"padding: 0 15px;\">Konfigurowalne drukowanie A3 z najwy\u017csz\u0105 elastyczno\u015bci\u0105<\/p>\r\n                                <\/div>\r\n                        <\/div>\r\n                        <\/a>\r\n\t\t\t\t\t<\/div>\r\n\t\t\t\t\t\t\t\t\t<div class=\"col-sm\">\r\n                    <a href=\"https:\/\/office-staging.fujifilmprint.eu\/pl\/product\/apeos-c7070-series\/\" class=\"icon-block-link\">\r\n                        <div class=\"icons-flex\">\r\n                                <div class=\"poi-icons-printers\" style=\"background-color: transparent;\">\r\n                                    <img decoding=\"async\" class=\"icon-block-icon\" src=\"\/wp-content\/uploads\/2024\/08\/C7070.svg\" style=\"filter: brightness(0);\" \/>\r\n                                <\/div>\r\n                            <div class=\"icon-content\">\r\n                            <p>\r\n                                <strong>Seria Apeos C7070<\/strong>\r\n                            <\/p>\r\n                                <p style=\"padding: 0 15px;\">Solidny i intuicyjny high-end <br>Drukowanie w formacie A3<\/p>\r\n                                <\/div>\r\n                        <\/div>\r\n                        <\/a>\r\n\t\t\t\t\t<\/div>\r\n\t\t\t\t\t\t\t\t\t<\/div>\r\n\t<\/div>\r\n<\/section>\n\n<div id=\"contact\"><\/div>\n\n<div style=\"height:100px;\">\n<\/div>\n\n<section id=\"dark-form\">\n\t<div id=\"footer-form\" class=\"container\">\n\t\t<h2 class=\"translation-block\">Zainteresowany wydajnym drukowaniem przy u\u017cyciu Apeos? Skontaktuj si\u0119 z nami:<\/h2>\n\n\t\t  \r\n   \r\n  \r\n \r\n\r\n  \r\n<script src=\"\/\/info.fujifilm.eu\/js\/forms2\/js\/forms2.min.js\"><\/script> <form id=\"mktoForm_6518\" action=\"\"><input type=\"hidden\" name=\"trp-form-language\" value=\"pl\"\/><\/form> <script>MktoForms2.loadForm(\"\/\/info.fujifilm.eu\", \"060-MIY-956\", 6518);<\/script>\r\n  \n\t\t<div id=\"confirmform\" style=\"visibility:hidden;\">\n                            <p><strong>Dzi\u0119kujemy za zapytanie, wkr\u00f3tce kto\u015b si\u0119 z Tob\u0105 skontaktuje.<\/strong><\/p>\n              \n        <\/div>\n\t<\/div>\n<\/section>","protected":false},"excerpt":{"rendered":"","protected":false},"author":7,"featured_media":0,"parent":0,"menu_order":0,"comment_status":"closed","ping_status":"closed","template":"","meta":{"inline_featured_image":false,"footnotes":""},"class_list":["post-19742","page","type-page","status-publish","hentry"],"acf":[],"yoast_head":"<!-- This site is optimized with the Yoast SEO plugin v22.5 - https:\/\/yoast.com\/wordpress\/plugins\/seo\/ -->\n<title>Efficiency | Fujifilm Apeos Multifunction Printers EMEA<\/title>\n<meta name=\"description\" content=\"Businesses that produce high-quality printed materials can gain a competitive edge. Discover why your business needs Apeos MFPs.\" \/>\n<meta name=\"robots\" content=\"noindex, follow, max-snippet:-1, max-image-preview:large, max-video-preview:-1\" \/>\n<meta property=\"og:locale\" content=\"pl_PL\" \/>\n<meta property=\"og:type\" content=\"article\" \/>\n<meta property=\"og:title\" content=\"Efficiency | Fujifilm Apeos Multifunction Printers EMEA\" \/>\n<meta property=\"og:description\" content=\"Businesses that produce high-quality printed materials can gain a competitive edge. Discover why your business needs Apeos MFPs.\" \/>\n<meta property=\"og:url\" content=\"https:\/\/office-staging.fujifilmprint.eu\/pl\/efficiency\/\" \/>\n<meta property=\"og:site_name\" content=\"Fujifilm Office Printers EMEA\" \/>\n<meta property=\"article:modified_time\" content=\"2025-07-14T16:30:18+00:00\" \/>\n<meta name=\"twitter:card\" content=\"summary_large_image\" \/>\n<script type=\"application\/ld+json\" class=\"yoast-schema-graph\">{\"@context\":\"https:\/\/schema.org\",\"@graph\":[{\"@type\":\"WebPage\",\"@id\":\"https:\/\/office-staging.fujifilmprint.eu\/efficiency\/\",\"url\":\"https:\/\/office-staging.fujifilmprint.eu\/efficiency\/\",\"name\":\"Efficiency | Fujifilm Apeos Multifunction Printers EMEA\",\"isPartOf\":{\"@id\":\"https:\/\/office-staging.fujifilmprint.eu\/#website\"},\"datePublished\":\"2024-07-30T13:27:33+00:00\",\"dateModified\":\"2025-07-14T16:30:18+00:00\",\"description\":\"Businesses that produce high-quality printed materials can gain a competitive edge. Discover why your business needs Apeos MFPs.\",\"breadcrumb\":{\"@id\":\"https:\/\/office-staging.fujifilmprint.eu\/efficiency\/#breadcrumb\"},\"inLanguage\":\"pl-PL\",\"potentialAction\":[{\"@type\":\"ReadAction\",\"target\":[\"https:\/\/office-staging.fujifilmprint.eu\/efficiency\/\"]}]},{\"@type\":\"BreadcrumbList\",\"@id\":\"https:\/\/office-staging.fujifilmprint.eu\/efficiency\/#breadcrumb\",\"itemListElement\":[{\"@type\":\"ListItem\",\"position\":1,\"name\":\"Home\",\"item\":\"https:\/\/office-staging.fujifilmprint.eu\/\"},{\"@type\":\"ListItem\",\"position\":2,\"name\":\"Efficiency\"}]},{\"@type\":\"WebSite\",\"@id\":\"https:\/\/office-staging.fujifilmprint.eu\/#website\",\"url\":\"https:\/\/office-staging.fujifilmprint.eu\/\",\"name\":\"Fujifilm Office Printers EMEA\",\"description\":\"\",\"publisher\":{\"@id\":\"https:\/\/office-staging.fujifilmprint.eu\/#organization\"},\"potentialAction\":[{\"@type\":\"SearchAction\",\"target\":{\"@type\":\"EntryPoint\",\"urlTemplate\":\"https:\/\/office-staging.fujifilmprint.eu\/?s={search_term_string}\"},\"query-input\":\"required name=search_term_string\"}],\"inLanguage\":\"pl-PL\"},{\"@type\":\"Organization\",\"@id\":\"https:\/\/office-staging.fujifilmprint.eu\/#organization\",\"name\":\"Fujifilm Office Printers EMEA\",\"url\":\"https:\/\/office-staging.fujifilmprint.eu\/\",\"logo\":{\"@type\":\"ImageObject\",\"inLanguage\":\"pl-PL\",\"@id\":\"https:\/\/office-staging.fujifilmprint.eu\/#\/schema\/logo\/image\/\",\"url\":\"https:\/\/office-staging.fujifilmprint.eu\/wp-content\/uploads\/2024\/05\/fujifilm-1.png\",\"contentUrl\":\"https:\/\/office-staging.fujifilmprint.eu\/wp-content\/uploads\/2024\/05\/fujifilm-1.png\",\"width\":416,\"height\":70,\"caption\":\"Fujifilm Office Printers EMEA\"},\"image\":{\"@id\":\"https:\/\/office-staging.fujifilmprint.eu\/#\/schema\/logo\/image\/\"}}]}<\/script>\n<!-- \/ Yoast SEO plugin. -->","yoast_head_json":{"title":"Wydajno\u015b\u0107 | Fujifilm Drukarki wielofunkcyjne Apeos EMEA","description":"Firmy produkuj\u0105ce wysokiej jako\u015bci materia\u0142y drukowane mog\u0105 zyska\u0107 przewag\u0119 nad konkurencj\u0105. Dowiedz si\u0119, dlaczego Twoja firma potrzebuje urz\u0105dze\u0144 wielofunkcyjnych Apeos.","robots":{"index":"noindex","follow":"follow","max-snippet":"max-snippet:-1","max-image-preview":"max-image-preview:large","max-video-preview":"max-video-preview:-1"},"og_locale":"pl_PL","og_type":"article","og_title":"Efficiency | Fujifilm Apeos Multifunction Printers EMEA","og_description":"Businesses that produce high-quality printed materials can gain a competitive edge. Discover why your business needs Apeos MFPs.","og_url":"https:\/\/office-staging.fujifilmprint.eu\/pl\/efficiency\/","og_site_name":"Fujifilm Office Printers EMEA","article_modified_time":"2025-07-14T16:30:18+00:00","twitter_card":"summary_large_image","schema":{"@context":"https:\/\/schema.org","@graph":[{"@type":"WebPage","@id":"https:\/\/office-staging.fujifilmprint.eu\/efficiency\/","url":"https:\/\/office-staging.fujifilmprint.eu\/efficiency\/","name":"Wydajno\u015b\u0107 | Fujifilm Drukarki wielofunkcyjne Apeos EMEA","isPartOf":{"@id":"https:\/\/office-staging.fujifilmprint.eu\/#website"},"datePublished":"2024-07-30T13:27:33+00:00","dateModified":"2025-07-14T16:30:18+00:00","description":"Firmy produkuj\u0105ce wysokiej jako\u015bci materia\u0142y drukowane mog\u0105 zyska\u0107 przewag\u0119 nad konkurencj\u0105. Dowiedz si\u0119, dlaczego Twoja firma potrzebuje urz\u0105dze\u0144 wielofunkcyjnych Apeos.","breadcrumb":{"@id":"https:\/\/office-staging.fujifilmprint.eu\/efficiency\/#breadcrumb"},"inLanguage":"pl-PL","potentialAction":[{"@type":"ReadAction","target":["https:\/\/office-staging.fujifilmprint.eu\/efficiency\/"]}]},{"@type":"BreadcrumbList","@id":"https:\/\/office-staging.fujifilmprint.eu\/efficiency\/#breadcrumb","itemListElement":[{"@type":"ListItem","position":1,"name":"Home","item":"https:\/\/office-staging.fujifilmprint.eu\/"},{"@type":"ListItem","position":2,"name":"Efficiency"}]},{"@type":"WebSite","@id":"https:\/\/office-staging.fujifilmprint.eu\/#website","url":"https:\/\/office-staging.fujifilmprint.eu\/","name":"Fujifilm Drukarki biurowe EMEA","description":"","publisher":{"@id":"https:\/\/office-staging.fujifilmprint.eu\/#organization"},"potentialAction":[{"@type":"SearchAction","target":{"@type":"EntryPoint","urlTemplate":"https:\/\/office-staging.fujifilmprint.eu\/?s={search_term_string}"},"query-input":"required name=search_term_string"}],"inLanguage":"pl-PL"},{"@type":"Organization","@id":"https:\/\/office-staging.fujifilmprint.eu\/#organization","name":"Fujifilm Drukarki biurowe EMEA","url":"https:\/\/office-staging.fujifilmprint.eu\/","logo":{"@type":"ImageObject","inLanguage":"pl-PL","@id":"https:\/\/office-staging.fujifilmprint.eu\/#\/schema\/logo\/image\/","url":"https:\/\/office-staging.fujifilmprint.eu\/wp-content\/uploads\/2024\/05\/fujifilm-1.png","contentUrl":"https:\/\/office-staging.fujifilmprint.eu\/wp-content\/uploads\/2024\/05\/fujifilm-1.png","width":416,"height":70,"caption":"Fujifilm Office Printers EMEA"},"image":{"@id":"https:\/\/office-staging.fujifilmprint.eu\/#\/schema\/logo\/image\/"}}]}},"_links":{"self":[{"href":"https:\/\/office-staging.fujifilmprint.eu\/pl\/wp-json\/wp\/v2\/pages\/19742","targetHints":{"allow":["GET"]}}],"collection":[{"href":"https:\/\/office-staging.fujifilmprint.eu\/pl\/wp-json\/wp\/v2\/pages"}],"about":[{"href":"https:\/\/office-staging.fujifilmprint.eu\/pl\/wp-json\/wp\/v2\/types\/page"}],"author":[{"embeddable":true,"href":"https:\/\/office-staging.fujifilmprint.eu\/pl\/wp-json\/wp\/v2\/users\/7"}],"replies":[{"embeddable":true,"href":"https:\/\/office-staging.fujifilmprint.eu\/pl\/wp-json\/wp\/v2\/comments?post=19742"}],"version-history":[{"count":108,"href":"https:\/\/office-staging.fujifilmprint.eu\/pl\/wp-json\/wp\/v2\/pages\/19742\/revisions"}],"predecessor-version":[{"id":21382,"href":"https:\/\/office-staging.fujifilmprint.eu\/pl\/wp-json\/wp\/v2\/pages\/19742\/revisions\/21382"}],"wp:attachment":[{"href":"https:\/\/office-staging.fujifilmprint.eu\/pl\/wp-json\/wp\/v2\/media?parent=19742"}],"curies":[{"name":"wp","href":"https:\/\/api.w.org\/{rel}","templated":true}]}}