{"id":21412,"date":"2025-09-03T13:11:50","date_gmt":"2025-09-03T12:11:50","guid":{"rendered":"https:\/\/office-staging.fujifilmprint.eu\/?page_id=21412"},"modified":"2026-01-05T14:51:01","modified_gmt":"2026-01-05T13:51:01","slug":"collection-services","status":"publish","type":"page","link":"https:\/\/office-staging.fujifilmprint.eu\/pl\/collection-services\/","title":{"rendered":"Us\u0142ugi windykacyjne"},"content":{"rendered":"<section id=\"black-header\">\n\t<div class=\"container-fluid black-pt\" style=\"background-image: url('https:\/\/office-staging.fujifilmprint.eu\/wp-content\/uploads\/2025\/08\/Flower-sustainabilityAdobeStock_585179623-e1755096172888.jpg');background-size: cover;padding: 0;\">\n\t<div class=\"overlay\" style=\"padding: 200px 0;\">\t\t<div class=\"container\">\n\t\t\t<h2 style=\"line-height: 80px;\">\n\t\t\t\tUs\u0142ugi windykacyjne\t\t\t<\/h2>\n\t\t\t<h3>\n\t\t\t\tZbieraj, U\u017cywaj Ponownie i Recyklinguj: Podej\u015bcie Zero-Waste Fujifilm\t\t\t<\/h3>\n\t\t<\/div>\n\t<\/div>\t<\/div>\n<\/section>\n\n<div style=\"height:50px;\">\n<\/div>\n\n<section id=\"txt-header\">\n\t<div class=\"container block-text-header\">\n\t\t<h3><\/h3>\n\t\t<h2>Promowanie obiegu zasob\u00f3w<\/h2>\n\t\t<p><p>Fujifilm wdro\u017cy\u0142o polityk\u0119 recyklingu, zmierzaj\u0105c\u0105 do osi\u0105gni\u0119cia \u2018zerowej ilo\u015bci odpad\u00f3w\u2019 i promowania obiegu zasob\u00f3w, co od 1995 roku obejmuje zbieranie, ponowne wykorzystanie i recykling zu\u017cytego sprz\u0119tu i produkt\u00f3w od klient\u00f3w. Polityka ta skupia si\u0119 na redukcji wykorzystania nowych zasob\u00f3w i promowaniu obiegu zasob\u00f3w poprzez ponowne wykorzystanie cz\u0119\u015bci pochodz\u0105cych ze zebranych u\u017cywanych produkt\u00f3w.<\/p>\n<p><img loading=\"lazy\" decoding=\"async\" class=\"wp-image-21438 alignright\" src=\"https:\/\/office-staging.fujifilmprint.eu\/wp-content\/uploads\/2025\/09\/Circular-Manufacturing-Center-building-1024x731.jpg\" alt=\"\" width=\"585\" height=\"418\" srcset=\"https:\/\/office-staging.fujifilmprint.eu\/wp-content\/uploads\/2025\/09\/Circular-Manufacturing-Center-building-1024x731.jpg 1024w, https:\/\/office-staging.fujifilmprint.eu\/wp-content\/uploads\/2025\/09\/Circular-Manufacturing-Center-building-300x214.jpg 300w, https:\/\/office-staging.fujifilmprint.eu\/wp-content\/uploads\/2025\/09\/Circular-Manufacturing-Center-building-768x548.jpg 768w, https:\/\/office-staging.fujifilmprint.eu\/wp-content\/uploads\/2025\/09\/Circular-Manufacturing-Center-building-1536x1097.jpg 1536w, https:\/\/office-staging.fujifilmprint.eu\/wp-content\/uploads\/2025\/09\/Circular-Manufacturing-Center-building-2048x1463.jpg 2048w, https:\/\/office-staging.fujifilmprint.eu\/wp-content\/uploads\/2025\/09\/Circular-Manufacturing-Center-building-18x12.jpg 18w\" sizes=\"auto, (max-width: 585px) 100vw, 585px\" \/><\/p>\n<p>W 2024 roku Fujifilm og\u0142osi\u0142o utworzenie Centrum Produkcji Obiegu Zamkni\u0119tego zlokalizowanego w zak\u0142adzie FUJIFILM Manufacturing Europe B.V. w Holandii, w celu promowania obiegu zasob\u00f3w w Europie. Jako pierwszy krok, nowe centrum produkcyjne skupia si\u0119 na zbieraniu zu\u017cytych toner\u00f3w, kt\u00f3re po zebraniu s\u0105 demontowane, czyszczone i sprawdzane, a nast\u0119pnie regenerowane jako nowe tonery do wysy\u0142ki na terenie regionu europejskiego. W przysz\u0142o\u015bci Fujifilm planuje rozszerzy\u0107 te procesy regeneracji na inne produkty, takie jak regenerowane drukarki wielofunkcyjne i cz\u0119\u015bci zamienne do drukarek produkcyjnych.<\/p>\n<h6 class=\"s8\"><\/h6>\n<\/p>\n\t<\/div>\n<\/section>\n\n<div style=\"height:20px;\">\n<\/div>\n\n<section id=\"txt-header\">\n\t<div class=\"container block-text-header\">\n\t\t<h3><\/h3>\n\t\t<h2><\/h2>\n\t\t<p><p><img loading=\"lazy\" decoding=\"async\" class=\"alignleft wp-image-21437\" style=\"font-family: Poppins, sans-serif; font-size: 18px;\" src=\"https:\/\/office-staging.fujifilmprint.eu\/wp-content\/uploads\/2025\/09\/Circular-Manufacturing-Center-toner-731x1024.jpg\" alt=\"\" width=\"351\" height=\"491\" \/><\/p>\n<p class=\"s5\"><span class=\"s4\">Co wi\u0119cej, FUJIFILM Man<\/span><span class=\"s4\">ufacturing Europe B.V. dostarcza <\/span><span class=\"s4\">wszystkie<\/span><span class=\"s4\"> swojej w\u0142asnej energii elektrycznej z wytwarzania energii wiatrowej na miejscu oraz z zakupionej energii z przedsi\u0119biorstwa produkuj\u0105cego energi\u0119 wiatrow\u0105. Dlatego nowo utworzony Zak\u0142ad Produkcji Okr\u0119\u017cnej <\/span><span class=\"s4\">Centrum<\/span><span class=\"s4\"> mo\u017ce r\u00f3wnie\u017c osi\u0105gn\u0105\u0107 praktycznie zerow\u0105 emisj\u0119 CO<\/span><span class=\"s6\">2<\/span><span class=\"s4\"> emisje z energii elektrycznej, z kt\u00f3rej korzysta. FUJIFILM Manufacturing Europe B.V. ma ponad 40-letni\u0105 histori\u0119 produkcji r\u00f3\u017cnych produkt\u00f3w Fujifilm, a jej lokalizacja w Holandii zapewnia dogodne warunki do efektywnego wysy\u0142ania produkt\u00f3w na ca\u0142y kontynent europejski.<\/span><\/p>\n<p class=\"s5\"><span class=\"s4\">Wraz z otwarciem Circular Manufacturing <\/span><span class=\"s4\">Centrum<\/span><span class=\"s4\"> w Europie, <\/span><span class=\"s4\">Fujifilm<\/span><span class=\"s4\"> ma na celu usprawnienie dzia\u0142a\u0144 w zakresie obiegu zasob\u00f3w w celu przyczynienia si\u0119 do promowania gospodarki o obiegu zamkni\u0119tym.<\/span><\/p>\n<h6 class=\"s8\"><span class=\"s7\">Urz\u0105dzenia MFP s\u0105 regenerowane z u\u017cywanych produkt\u00f3w, kt\u00f3re s\u0105 odbierane od klient\u00f3w. Produkty s\u0105 demontowane, czyszczone i sprawdzane, a wszelkie cz\u0119\u015bci, kt\u00f3re nie spe\u0142niaj\u0105 okre\u015blonych norm jako\u015bciowych, s\u0105 wymieniane.<\/span><\/h6>\n<\/p>\n\t<\/div>\n<\/section>\n\n<div style=\"height:100px;\">\n<\/div>\n\n\n\n\n<div style=\"height:80px;\">\n<\/div>\n\n\r\n<style>\r\n.icon-block-link{\r\n\ttext-decoration: none;\r\n\tcolor: black;\r\n}\r\n.icon-block-link:hover .poi-icons-printers .icon-block-icon{\r\n\ttransform: scale(1.2);\r\n    filter: invert(69%) sepia(96%) saturate(1997%) hue-rotate(120deg) brightness(99%) contrast(101%) !important;\r\n\ttransition: 0.4s;\r\n}\r\n<\/style>\r\n<section id=\"tc-icons\" class=\"printer-icons\">\r\n\t<div class=\"container block-three-column-icons\">\r\n\t\t<h2>Odkryj gam\u0119 urz\u0105dze\u0144 wielofunkcyjnych Apeos:<\/h2>\r\n\t\t<div class=\"row\" style=\"margin-top: 70px;\">\r\n\t\t\t\t\t\t\t\t\t\t\t\t<div class=\"col-sm\">\r\n                    <a href=\"https:\/\/office-staging.fujifilmprint.eu\/pl\/product\/apeos-c4030-series\/\" class=\"icon-block-link\">\r\n                        <div class=\"icons-flex\">\r\n                                <div class=\"poi-icons-printers\" style=\"background-color: transparent;\">\r\n                                    <img decoding=\"async\" class=\"icon-block-icon\" src=\"\/wp-content\/uploads\/2024\/08\/C4030.svg\" style=\"filter: brightness(0);\" \/>\r\n                                <\/div>\r\n                            <div class=\"icon-content\">\r\n                            <p>\r\n                                <strong>Seria Apeos C4030<\/strong>\r\n                            <\/p>\r\n                                <p style=\"padding: 0 15px;\">Druk A4 bez kompromis\u00f3w w zakresie jako\u015bci<\/p>\r\n                                <\/div>\r\n                        <\/div>\r\n                        <\/a>\r\n\t\t\t\t\t<\/div>\r\n\t\t\t\t\t\t\t\t\t<div class=\"col-sm\">\r\n                    <a href=\"https:\/\/office-staging.fujifilmprint.eu\/pl\/product\/apeos-c3060-series\/\" class=\"icon-block-link\">\r\n                        <div class=\"icons-flex\">\r\n                                <div class=\"poi-icons-printers\" style=\"background-color: transparent;\">\r\n                                    <img decoding=\"async\" class=\"icon-block-icon\" src=\"\/wp-content\/uploads\/2024\/08\/C3060.svg\" style=\"filter: brightness(0);\" \/>\r\n                                <\/div>\r\n                            <div class=\"icon-content\">\r\n                            <p>\r\n                                <strong>Seria Apeos C3060<\/strong>\r\n                            <\/p>\r\n                                <p style=\"padding: 0 15px;\">Konfigurowalne drukowanie A3 z najwy\u017csz\u0105 elastyczno\u015bci\u0105<\/p>\r\n                                <\/div>\r\n                        <\/div>\r\n                        <\/a>\r\n\t\t\t\t\t<\/div>\r\n\t\t\t\t\t\t\t\t\t<div class=\"col-sm\">\r\n                    <a href=\"https:\/\/office-staging.fujifilmprint.eu\/pl\/product\/apeos-c7070-series\/\" class=\"icon-block-link\">\r\n                        <div class=\"icons-flex\">\r\n                                <div class=\"poi-icons-printers\" style=\"background-color: transparent;\">\r\n                                    <img decoding=\"async\" class=\"icon-block-icon\" src=\"\/wp-content\/uploads\/2024\/08\/C7070.svg\" style=\"filter: brightness(0);\" \/>\r\n                                <\/div>\r\n                            <div class=\"icon-content\">\r\n                            <p>\r\n                                <strong>Seria Apeos C7070<\/strong>\r\n                            <\/p>\r\n                                <p style=\"padding: 0 15px;\">Solidny i intuicyjny high-end <br>Drukowanie w formacie A3<\/p>\r\n                                <\/div>\r\n                        <\/div>\r\n                        <\/a>\r\n\t\t\t\t\t<\/div>\r\n\t\t\t\t\t\t\t\t\t<\/div>\r\n\t<\/div>\r\n<\/section>\n\n<div style=\"height:50px;\">\n<\/div>\n\n<div id=\"contact\"><\/div>\n\n<section id=\"dark-form\">\n\t<div id=\"footer-form\" class=\"container\">\n\t\t<h2><br>Skontaktuj si\u0119 z nami:<\/h2>\n\n\t\t  \r\n   \r\n  \r\n \r\n\r\n  \r\n<script src=\"\/\/info.fujifilm.eu\/js\/forms2\/js\/forms2.min.js\"><\/script> <form id=\"mktoForm_6518\" action=\"\"><input type=\"hidden\" name=\"trp-form-language\" value=\"pl\"\/><\/form> <script>MktoForms2.loadForm(\"\/\/info.fujifilm.eu\", \"060-MIY-956\", 6518);<\/script>\r\n  \n\t\t<div id=\"confirmform\" style=\"visibility:hidden;\">\n                            <p><strong>Dzi\u0119kujemy za zapytanie, wkr\u00f3tce kto\u015b si\u0119 z Tob\u0105 skontaktuje.<\/strong><\/p>\n              \n        <\/div>\n\t<\/div>\n<\/section>","protected":false},"excerpt":{"rendered":"","protected":false},"author":12,"featured_media":0,"parent":0,"menu_order":0,"comment_status":"closed","ping_status":"closed","template":"","meta":{"inline_featured_image":false,"footnotes":""},"class_list":["post-21412","page","type-page","status-publish","hentry"],"acf":[],"yoast_head":"<!-- This site is optimized with the Yoast SEO plugin v22.5 - https:\/\/yoast.com\/wordpress\/plugins\/seo\/ -->\n<title>Sustainability | Fujifilm Apeos Multifunction Printers EMEA<\/title>\n<meta name=\"description\" content=\"Office printing involves adopting innovative technologies that improve environmental impact. Discover why your business needs Apeos MFPs.\" \/>\n<meta name=\"robots\" content=\"noindex, follow, max-snippet:-1, max-image-preview:large, max-video-preview:-1\" \/>\n<meta property=\"og:locale\" content=\"pl_PL\" \/>\n<meta property=\"og:type\" content=\"article\" \/>\n<meta property=\"og:title\" content=\"Sustainability | Fujifilm Apeos Multifunction Printers EMEA\" \/>\n<meta property=\"og:description\" content=\"Office printing involves adopting innovative technologies that improve environmental impact. Discover why your business needs Apeos MFPs.\" \/>\n<meta property=\"og:url\" content=\"https:\/\/office-staging.fujifilmprint.eu\/pl\/collection-services\/\" \/>\n<meta property=\"og:site_name\" content=\"Fujifilm Office Printers EMEA\" \/>\n<meta property=\"article:modified_time\" content=\"2026-01-05T13:51:01+00:00\" \/>\n<meta name=\"twitter:card\" content=\"summary_large_image\" \/>\n<meta name=\"twitter:label1\" content=\"Szacowany czas czytania\" \/>\n\t<meta name=\"twitter:data1\" content=\"1 minuta\" \/>\n<script type=\"application\/ld+json\" class=\"yoast-schema-graph\">{\"@context\":\"https:\/\/schema.org\",\"@graph\":[{\"@type\":\"WebPage\",\"@id\":\"https:\/\/office-staging.fujifilmprint.eu\/collection-services\/\",\"url\":\"https:\/\/office-staging.fujifilmprint.eu\/collection-services\/\",\"name\":\"Sustainability | Fujifilm Apeos Multifunction Printers EMEA\",\"isPartOf\":{\"@id\":\"https:\/\/office-staging.fujifilmprint.eu\/#website\"},\"datePublished\":\"2025-09-03T12:11:50+00:00\",\"dateModified\":\"2026-01-05T13:51:01+00:00\",\"description\":\"Office printing involves adopting innovative technologies that improve environmental impact. Discover why your business needs Apeos MFPs.\",\"breadcrumb\":{\"@id\":\"https:\/\/office-staging.fujifilmprint.eu\/collection-services\/#breadcrumb\"},\"inLanguage\":\"pl-PL\",\"potentialAction\":[{\"@type\":\"ReadAction\",\"target\":[\"https:\/\/office-staging.fujifilmprint.eu\/collection-services\/\"]}]},{\"@type\":\"BreadcrumbList\",\"@id\":\"https:\/\/office-staging.fujifilmprint.eu\/collection-services\/#breadcrumb\",\"itemListElement\":[{\"@type\":\"ListItem\",\"position\":1,\"name\":\"Home\",\"item\":\"https:\/\/office-staging.fujifilmprint.eu\/\"},{\"@type\":\"ListItem\",\"position\":2,\"name\":\"Collection Services\"}]},{\"@type\":\"WebSite\",\"@id\":\"https:\/\/office-staging.fujifilmprint.eu\/#website\",\"url\":\"https:\/\/office-staging.fujifilmprint.eu\/\",\"name\":\"Fujifilm Office Printers EMEA\",\"description\":\"\",\"publisher\":{\"@id\":\"https:\/\/office-staging.fujifilmprint.eu\/#organization\"},\"potentialAction\":[{\"@type\":\"SearchAction\",\"target\":{\"@type\":\"EntryPoint\",\"urlTemplate\":\"https:\/\/office-staging.fujifilmprint.eu\/?s={search_term_string}\"},\"query-input\":\"required name=search_term_string\"}],\"inLanguage\":\"pl-PL\"},{\"@type\":\"Organization\",\"@id\":\"https:\/\/office-staging.fujifilmprint.eu\/#organization\",\"name\":\"Fujifilm Office Printers EMEA\",\"url\":\"https:\/\/office-staging.fujifilmprint.eu\/\",\"logo\":{\"@type\":\"ImageObject\",\"inLanguage\":\"pl-PL\",\"@id\":\"https:\/\/office-staging.fujifilmprint.eu\/#\/schema\/logo\/image\/\",\"url\":\"https:\/\/office-staging.fujifilmprint.eu\/wp-content\/uploads\/2024\/05\/fujifilm-1.png\",\"contentUrl\":\"https:\/\/office-staging.fujifilmprint.eu\/wp-content\/uploads\/2024\/05\/fujifilm-1.png\",\"width\":416,\"height\":70,\"caption\":\"Fujifilm Office Printers EMEA\"},\"image\":{\"@id\":\"https:\/\/office-staging.fujifilmprint.eu\/#\/schema\/logo\/image\/\"}}]}<\/script>\n<!-- \/ Yoast SEO plugin. -->","yoast_head_json":{"title":"Sustainability | Fujifilm Drukarki wielofunkcyjne Apeos EMEA","description":"Drukowanie w biurze wymaga zastosowania innowacyjnych technologii, kt\u00f3re poprawiaj\u0105 wp\u0142yw na \u015brodowisko. Dowiedz si\u0119, dlaczego Twoja firma potrzebuje urz\u0105dze\u0144 wielofunkcyjnych Apeos.","robots":{"index":"noindex","follow":"follow","max-snippet":"max-snippet:-1","max-image-preview":"max-image-preview:large","max-video-preview":"max-video-preview:-1"},"og_locale":"pl_PL","og_type":"article","og_title":"Sustainability | Fujifilm Apeos Multifunction Printers EMEA","og_description":"Office printing involves adopting innovative technologies that improve environmental impact. Discover why your business needs Apeos MFPs.","og_url":"https:\/\/office-staging.fujifilmprint.eu\/pl\/collection-services\/","og_site_name":"Fujifilm Office Printers EMEA","article_modified_time":"2026-01-05T13:51:01+00:00","twitter_card":"summary_large_image","twitter_misc":{"Szacowany czas czytania":"1 minuta"},"schema":{"@context":"https:\/\/schema.org","@graph":[{"@type":"WebPage","@id":"https:\/\/office-staging.fujifilmprint.eu\/collection-services\/","url":"https:\/\/office-staging.fujifilmprint.eu\/collection-services\/","name":"Sustainability | Fujifilm Drukarki wielofunkcyjne Apeos EMEA","isPartOf":{"@id":"https:\/\/office-staging.fujifilmprint.eu\/#website"},"datePublished":"2025-09-03T12:11:50+00:00","dateModified":"2026-01-05T13:51:01+00:00","description":"Drukowanie w biurze wymaga zastosowania innowacyjnych technologii, kt\u00f3re poprawiaj\u0105 wp\u0142yw na \u015brodowisko. Dowiedz si\u0119, dlaczego Twoja firma potrzebuje urz\u0105dze\u0144 wielofunkcyjnych Apeos.","breadcrumb":{"@id":"https:\/\/office-staging.fujifilmprint.eu\/collection-services\/#breadcrumb"},"inLanguage":"pl-PL","potentialAction":[{"@type":"ReadAction","target":["https:\/\/office-staging.fujifilmprint.eu\/collection-services\/"]}]},{"@type":"BreadcrumbList","@id":"https:\/\/office-staging.fujifilmprint.eu\/collection-services\/#breadcrumb","itemListElement":[{"@type":"ListItem","position":1,"name":"Home","item":"https:\/\/office-staging.fujifilmprint.eu\/"},{"@type":"ListItem","position":2,"name":"Collection Services"}]},{"@type":"WebSite","@id":"https:\/\/office-staging.fujifilmprint.eu\/#website","url":"https:\/\/office-staging.fujifilmprint.eu\/","name":"Fujifilm Drukarki biurowe EMEA","description":"","publisher":{"@id":"https:\/\/office-staging.fujifilmprint.eu\/#organization"},"potentialAction":[{"@type":"SearchAction","target":{"@type":"EntryPoint","urlTemplate":"https:\/\/office-staging.fujifilmprint.eu\/?s={search_term_string}"},"query-input":"required name=search_term_string"}],"inLanguage":"pl-PL"},{"@type":"Organization","@id":"https:\/\/office-staging.fujifilmprint.eu\/#organization","name":"Fujifilm Drukarki biurowe EMEA","url":"https:\/\/office-staging.fujifilmprint.eu\/","logo":{"@type":"ImageObject","inLanguage":"pl-PL","@id":"https:\/\/office-staging.fujifilmprint.eu\/#\/schema\/logo\/image\/","url":"https:\/\/office-staging.fujifilmprint.eu\/wp-content\/uploads\/2024\/05\/fujifilm-1.png","contentUrl":"https:\/\/office-staging.fujifilmprint.eu\/wp-content\/uploads\/2024\/05\/fujifilm-1.png","width":416,"height":70,"caption":"Fujifilm Office Printers EMEA"},"image":{"@id":"https:\/\/office-staging.fujifilmprint.eu\/#\/schema\/logo\/image\/"}}]}},"_links":{"self":[{"href":"https:\/\/office-staging.fujifilmprint.eu\/pl\/wp-json\/wp\/v2\/pages\/21412","targetHints":{"allow":["GET"]}}],"collection":[{"href":"https:\/\/office-staging.fujifilmprint.eu\/pl\/wp-json\/wp\/v2\/pages"}],"about":[{"href":"https:\/\/office-staging.fujifilmprint.eu\/pl\/wp-json\/wp\/v2\/types\/page"}],"author":[{"embeddable":true,"href":"https:\/\/office-staging.fujifilmprint.eu\/pl\/wp-json\/wp\/v2\/users\/12"}],"replies":[{"embeddable":true,"href":"https:\/\/office-staging.fujifilmprint.eu\/pl\/wp-json\/wp\/v2\/comments?post=21412"}],"version-history":[{"count":60,"href":"https:\/\/office-staging.fujifilmprint.eu\/pl\/wp-json\/wp\/v2\/pages\/21412\/revisions"}],"predecessor-version":[{"id":21581,"href":"https:\/\/office-staging.fujifilmprint.eu\/pl\/wp-json\/wp\/v2\/pages\/21412\/revisions\/21581"}],"wp:attachment":[{"href":"https:\/\/office-staging.fujifilmprint.eu\/pl\/wp-json\/wp\/v2\/media?parent=21412"}],"curies":[{"name":"wp","href":"https:\/\/api.w.org\/{rel}","templated":true}]}}