{"id":19472,"date":"2024-07-10T15:39:20","date_gmt":"2024-07-10T14:39:20","guid":{"rendered":"https:\/\/office-staging.fujifilmprint.eu\/?page_id=19472"},"modified":"2025-07-14T17:30:35","modified_gmt":"2025-07-14T16:30:35","slug":"resources","status":"publish","type":"page","link":"https:\/\/office-staging.fujifilmprint.eu\/si\/resources\/","title":{"rendered":"Viri"},"content":{"rendered":"<section id=\"green-header\">\n\t<div class=\"container-fluid green-pt\" >\n\t\t\t<div class=\"container\">\n\t\t\t<h2 >\n\t\t\t\tViri\t\t\t<\/h2>\n\t\t\t<h3 >\n\t\t\t\tS filtri izberite temo, ki vas zanima.\t\t\t<\/h3>\n\t\t<\/div>\n\t\t<\/div>\n<\/section>\n\n\n<section id=\"resources-block\">\n\t<div class=\"container\">\n\t\t<div class=\"center\">\n\t\t\t<h3><\/h3>\n\t\t\t<h2><\/h2>\n\t\t\t<p><\/p>\n\t\t<\/div>\n\t\t<div class=\"resources-wrapper\">\n\t\t\t<div class=\"resource-filter row\">\n\t\t\t\t<div class=\"col-md-7\">\n\t\t\t\t\t<form data-sf-form-id='4623' data-is-rtl='0' data-maintain-state='' data-results-url='https:\/\/office-staging.fujifilmprint.eu\/resources\/' data-ajax-url='https:\/\/office-staging.fujifilmprint.eu\/resources\/?sf_data=all' data-ajax-form-url='https:\/\/office-staging.fujifilmprint.eu\/si\/?sfid=4623&amp;sf_action=get_data&amp;sf_data=form' data-display-result-method='custom' data-use-history-api='1' data-template-loaded='0' data-lang-code='sl' data-ajax='1' data-ajax-data-type='html' data-ajax-links-selector='.pagination a' data-ajax-target='.resources-results' data-ajax-pagination-type='infinite_scroll' data-show-scroll-loader='1' data-infinite-scroll-trigger='-200' data-update-ajax-url='0' data-only-results-ajax='0' data-scroll-to-pos='0' data-init-paged='1' data-auto-update='1' data-auto-count='1' data-auto-count-refresh-mode='1' action='https:\/\/office-staging.fujifilmprint.eu\/si\/resources\/' method='post' class='searchandfilter' id='search-filter-form-4623' autocomplete='off' data-instance-count='1' data-trp-original-action=\"https:\/\/office-staging.fujifilmprint.eu\/resources\/\"><ul><li class=\"sf-field-taxonomy-resource-categories\" data-sf-field-name=\"_sft_resource-categories\" data-sf-field-type=\"taxonomy\" data-sf-field-input-type=\"select\">\t\t<label>\n\t\t\t\t   \t\t<select name=\"_sft_resource-categories[]\" class=\"sf-input-select\" title=\"\">\n\t\t\t\t\t\t  \t\t\t<option class=\"sf-level-0 sf-item-0 sf-option-active\" selected=\"selected\" data-sf-count=\"0\" data-sf-depth=\"0\" value=\"\">Filtriranje virov<\/option>\n\t\t\t\t\t\t\t\t\t\t\t<option class=\"sf-level-0 sf-item-38\" data-sf-count=\"2\" data-sf-depth=\"0\" value=\"article\">\u010clen<\/option>\n\t\t\t\t\t\t\t\t\t\t\t<option class=\"sf-level-0 sf-item-41\" data-sf-count=\"2\" data-sf-depth=\"0\" value=\"case-study\">\u0160tudija primera<\/option>\n\t\t\t\t\t\t\t\t\t\t\t<option class=\"sf-level-0 sf-item-36\" data-sf-count=\"1\" data-sf-depth=\"0\" value=\"sustainability\">Trajnost<\/option>\n\t\t\t\t\t\t\t\t\t\t\t<\/select><\/label>\t\t\t\t\t\t\t\t\t\t<\/li><li class=\"sf-field-taxonomy-sector\" data-sf-field-name=\"_sft_sector\" data-sf-field-type=\"taxonomy\" data-sf-field-input-type=\"select\">\t\t<label>\n\t\t\t\t   \t\t<select name=\"_sft_sector[]\" class=\"sf-input-select\" title=\"\">\n\t\t\t\t\t\t  \t\t\t<option class=\"sf-level-0 sf-item-0 sf-option-active\" selected=\"selected\" data-sf-count=\"0\" data-sf-depth=\"0\" value=\"\">Sektorji za filtriranje<\/option>\n\t\t\t\t\t\t\t\t\t\t\t<\/select><\/label>\t\t\t\t\t\t\t\t\t\t<\/li><\/ul><input type=\"hidden\" name=\"trp-form-language\" value=\"si\"\/><\/form>\t\t\t\t<\/div>\n\t\t\t\t<div class=\"col-md-5\"><p style=\"font-weight: bold;text-align: right;margin-bottom: 0;\">4 Skupna sredstva<\/p><\/div>\n\t\t\t<\/div>\n\t\t\t<div class=\"resources-results\">\n\t\t\t\t<div class=\"resource-total col-md-5\">\n\t\t\t\t\t<p>4 viri<\/p>\n\t\t\t\t<\/div>\n\t\t\t\t\n\t\t\t\t<div class=\"row\">\n\t\t\t\t\t\t\t\t\t\t<div class=\"col-md-6\">\n\t\t\t\t\t\t<a href=\"https:\/\/office-staging.fujifilmprint.eu\/si\/resource\/fujifilms-apeos-multifunction-printers-improve-the-processes-and-management-of-aidemars-educational-programmes\/\">\n\t\t\t\t\t\t\t<div class=\"resource-img\" style=\"background-image: url('https:\/\/office-staging.fujifilmprint.eu\/wp-content\/uploads\/2025\/07\/arquitecto-equipamiento-residencia-p0118_5-e1753280341579.jpg');background-size: cover;height: 280px;\">\n\t\t\t\t\t\t\t<\/div>\n\t\t\t\t\t\t\t<div class=\"resource-desc\">\n\t\t\t\t\t\t\t\t<h3>\n\t\t\t\t\t\t\t\t\tVe\u010dfunkcijski tiskalniki Apeos Fujifilm izbolj\u0161ujejo procese in upravljanje Aidemarjevih izobra\u017eevalnih programov\t\t\t\t\t\t\t\t<\/h3>\n\t\t\t\t\t\t\t\t<p>\n\t\t\t\t\t\t\t\t\tVe\u010dfunkcijski tiskalniki Apeos Fujifilm izbolj\u0161ujejo procese in upravljanje Aidemarjevih izobra\u017eevalnih programov.\u00a0\t\t\t\t\t\t\t\t<\/p>\n\t\t\t\t\t\t\t<\/div>\n\t\t\t\t\t\t\t<img decoding=\"async\" class=\"chev\" src=\"https:\/\/print-emea.fujifilm.com\/wp-content\/themes\/poi\/media\/chev.svg\">\n\t\t\t\t\t\t<\/a>\n\t\t\t\t\t<\/div>\n\t\t\t\t\t\t\t\t\t\t<div class=\"col-md-6\">\n\t\t\t\t\t\t<a href=\"https:\/\/office-staging.fujifilmprint.eu\/si\/resource\/fujifilm-apeos-printers-streamline-operations-at-gruppo-comini-italy\/\">\n\t\t\t\t\t\t\t<div class=\"resource-img\" style=\"background-image: url('https:\/\/office-staging.fujifilmprint.eu\/wp-content\/uploads\/2025\/05\/Gruppo_Comini_Image-scaled.jpg');background-size: cover;height: 280px;\">\n\t\t\t\t\t\t\t<\/div>\n\t\t\t\t\t\t\t<div class=\"resource-desc\">\n\t\t\t\t\t\t\t\t<h3>\n\t\t\t\t\t\t\t\t\tFujifilm Tiskalniki Apeos racionalizirajo poslovanje v podjetju Gruppo Comini, Italija\u00a0\t\t\t\t\t\t\t\t<\/h3>\n\t\t\t\t\t\t\t\t<p>\n\t\t\t\t\t\t\t\t\tItalijansko podjetje izbolj\u0161a u\u010dinkovitost in zmanj\u0161a \u0161tevilo ro\u010dnih napak z naprednimi ve\u010dnamenskimi tiskalniki Fujifilm.\t\t\t\t\t\t\t\t<\/p>\n\t\t\t\t\t\t\t<\/div>\n\t\t\t\t\t\t\t<img decoding=\"async\" class=\"chev\" src=\"https:\/\/print-emea.fujifilm.com\/wp-content\/themes\/poi\/media\/chev.svg\">\n\t\t\t\t\t\t<\/a>\n\t\t\t\t\t<\/div>\n\t\t\t\t\t\t\t\t\t\t<div class=\"col-md-6\">\n\t\t\t\t\t\t<a href=\"https:\/\/office-staging.fujifilmprint.eu\/si\/resource\/four-pillars-of-value\/\">\n\t\t\t\t\t\t\t<div class=\"resource-img\" style=\"background-image: url('https:\/\/office-staging.fujifilmprint.eu\/wp-content\/uploads\/2024\/07\/fourpillar-article-featured-1000x563-1.jpg');background-size: cover;height: 280px;\">\n\t\t\t\t\t\t\t<\/div>\n\t\t\t\t\t\t\t<div class=\"resource-desc\">\n\t\t\t\t\t\t\t\t<h3>\n\t\t\t\t\t\t\t\t\t\u0160tirje stebri vrednosti dru\u017ebe Fujifilm\u00a0\t\t\t\t\t\t\t\t<\/h3>\n\t\t\t\t\t\t\t\t<p class=\"translation-block\">Kako varen je va\u0161 tiskalnik? Kako zanesljiv je? Ali lahko svoje stranke ali naro\u010dnike \"navdu\u0161ite\" s kakovostjo dela, ki ga izdelate na njem? In ali je njegov namen ve\u010d kot le ozna\u010devanje okenc, ko gre za trajnostne reference?<\/p>\n\t\t\t\t\t\t\t<\/div>\n\t\t\t\t\t\t\t<img decoding=\"async\" class=\"chev\" src=\"https:\/\/print-emea.fujifilm.com\/wp-content\/themes\/poi\/media\/chev.svg\">\n\t\t\t\t\t\t<\/a>\n\t\t\t\t\t<\/div>\n\t\t\t\t\t\t\t\t\t\t<div class=\"col-md-6\">\n\t\t\t\t\t\t<a href=\"https:\/\/office-staging.fujifilmprint.eu\/si\/resource\/say-hello-to-fujifilm\/\">\n\t\t\t\t\t\t\t<div class=\"resource-img\" style=\"background-image: url('https:\/\/office-staging.fujifilmprint.eu\/wp-content\/uploads\/2024\/10\/Ad-1-Master-Image-Man-Skateboard-v1-1-scaled.jpg');background-size: cover;height: 280px;\">\n\t\t\t\t\t\t\t<\/div>\n\t\t\t\t\t\t\t<div class=\"resource-desc\">\n\t\t\t\t\t\t\t\t<h3>\n\t\t\t\t\t\t\t\t\tPozdravite Fujifilm\t\t\t\t\t\t\t\t<\/h3>\n\t\t\t\t\t\t\t\t<p>\n\t\t\t\t\t\t\t\t\tPodjetje Fujifilm, ki je \u017ee vodilni dobavitelj ve\u010dfunkcijskih tiskalnikov A3 v azijsko-pacifi\u0161ki regiji, je zdaj usmerjeno v Evropo. Fujifilm predstavlja novo vrsto ve\u010dnamenskih tiskalnikov s posebnimi funkcijami, ki podpirajo hibridne delovne modele, digitalno preobrazbo in \u010dim ve\u010djo trajnost.\t\t\t\t\t\t\t\t<\/p>\n\t\t\t\t\t\t\t<\/div>\n\t\t\t\t\t\t\t<img decoding=\"async\" class=\"chev\" src=\"https:\/\/print-emea.fujifilm.com\/wp-content\/themes\/poi\/media\/chev.svg\">\n\t\t\t\t\t\t<\/a>\n\t\t\t\t\t<\/div>\n\t\t\t\t\t\t\t\t\t<\/div>\n\t\t\t<\/div>\n\t\t<\/div>\n\t<\/div>\n<\/section>\n\n<div style=\"height:50px;\">\n<\/div>\n\n<section id=\"dark-form\">\n\t<div id=\"footer-form\" class=\"container\">\n\t\t<h2>Kak\u0161no vpra\u0161anje? Pi\u0161ite nam spodaj:<\/h2>\n\n\t\t  \r\n   \r\n  \r\n \r\n  \r\n<script src=\"\/\/info.fujifilm.eu\/js\/forms2\/js\/forms2.min.js\"><\/script> <form id=\"mktoForm_6521\" action=\"\"><input type=\"hidden\" name=\"trp-form-language\" value=\"si\"\/><\/form> <script>MktoForms2.loadForm(\"\/\/info.fujifilm.eu\", \"060-MIY-956\", 6521);<\/script>\r\n\r\n  \n\t\t<div id=\"confirmform\" style=\"visibility:hidden;\">\n                            <p><strong>Zahvaljujemo se vam za va\u0161e povpra\u0161evanje in kmalu bomo vzpostavili stik z vami.<\/strong><\/p>\n              \n        <\/div>\n\t<\/div>\n<\/section>","protected":false},"excerpt":{"rendered":"","protected":false},"author":7,"featured_media":0,"parent":0,"menu_order":0,"comment_status":"closed","ping_status":"closed","template":"","meta":{"inline_featured_image":false,"footnotes":""},"class_list":["post-19472","page","type-page","status-publish","hentry"],"acf":[],"yoast_head":"<!-- This site is optimized with the Yoast SEO plugin v22.5 - https:\/\/yoast.com\/wordpress\/plugins\/seo\/ -->\n<title>Resources - Fujifilm Office Printers EMEA<\/title>\n<meta name=\"description\" content=\"Learn about our products and find about about the companies benefitting from their investment in Fujifilm Apeos Multifunction Printers.\" \/>\n<meta name=\"robots\" content=\"noindex, follow, max-snippet:-1, max-image-preview:large, max-video-preview:-1\" \/>\n<meta property=\"og:locale\" content=\"sl_SI\" \/>\n<meta property=\"og:type\" content=\"article\" \/>\n<meta property=\"og:title\" content=\"Resources - Fujifilm Office Printers EMEA\" \/>\n<meta property=\"og:description\" content=\"Learn about our products and find about about the companies benefitting from their investment in Fujifilm Apeos Multifunction Printers.\" \/>\n<meta property=\"og:url\" content=\"https:\/\/office-staging.fujifilmprint.eu\/si\/resources\/\" \/>\n<meta property=\"og:site_name\" content=\"Fujifilm Office Printers EMEA\" \/>\n<meta property=\"article:modified_time\" content=\"2025-07-14T16:30:35+00:00\" \/>\n<meta name=\"twitter:card\" content=\"summary_large_image\" \/>\n<script type=\"application\/ld+json\" class=\"yoast-schema-graph\">{\"@context\":\"https:\/\/schema.org\",\"@graph\":[{\"@type\":\"WebPage\",\"@id\":\"https:\/\/office-staging.fujifilmprint.eu\/resources\/\",\"url\":\"https:\/\/office-staging.fujifilmprint.eu\/resources\/\",\"name\":\"Resources - Fujifilm Office Printers EMEA\",\"isPartOf\":{\"@id\":\"https:\/\/office-staging.fujifilmprint.eu\/#website\"},\"datePublished\":\"2024-07-10T14:39:20+00:00\",\"dateModified\":\"2025-07-14T16:30:35+00:00\",\"description\":\"Learn about our products and find about about the companies benefitting from their investment in Fujifilm Apeos Multifunction Printers.\",\"breadcrumb\":{\"@id\":\"https:\/\/office-staging.fujifilmprint.eu\/resources\/#breadcrumb\"},\"inLanguage\":\"sl-SI\",\"potentialAction\":[{\"@type\":\"ReadAction\",\"target\":[\"https:\/\/office-staging.fujifilmprint.eu\/resources\/\"]}]},{\"@type\":\"BreadcrumbList\",\"@id\":\"https:\/\/office-staging.fujifilmprint.eu\/resources\/#breadcrumb\",\"itemListElement\":[{\"@type\":\"ListItem\",\"position\":1,\"name\":\"Home\",\"item\":\"https:\/\/office-staging.fujifilmprint.eu\/\"},{\"@type\":\"ListItem\",\"position\":2,\"name\":\"Resources\"}]},{\"@type\":\"WebSite\",\"@id\":\"https:\/\/office-staging.fujifilmprint.eu\/#website\",\"url\":\"https:\/\/office-staging.fujifilmprint.eu\/\",\"name\":\"Fujifilm Office Printers EMEA\",\"description\":\"\",\"publisher\":{\"@id\":\"https:\/\/office-staging.fujifilmprint.eu\/#organization\"},\"potentialAction\":[{\"@type\":\"SearchAction\",\"target\":{\"@type\":\"EntryPoint\",\"urlTemplate\":\"https:\/\/office-staging.fujifilmprint.eu\/?s={search_term_string}\"},\"query-input\":\"required name=search_term_string\"}],\"inLanguage\":\"sl-SI\"},{\"@type\":\"Organization\",\"@id\":\"https:\/\/office-staging.fujifilmprint.eu\/#organization\",\"name\":\"Fujifilm Office Printers EMEA\",\"url\":\"https:\/\/office-staging.fujifilmprint.eu\/\",\"logo\":{\"@type\":\"ImageObject\",\"inLanguage\":\"sl-SI\",\"@id\":\"https:\/\/office-staging.fujifilmprint.eu\/#\/schema\/logo\/image\/\",\"url\":\"https:\/\/office-staging.fujifilmprint.eu\/wp-content\/uploads\/2024\/05\/fujifilm-1.png\",\"contentUrl\":\"https:\/\/office-staging.fujifilmprint.eu\/wp-content\/uploads\/2024\/05\/fujifilm-1.png\",\"width\":416,\"height\":70,\"caption\":\"Fujifilm Office Printers EMEA\"},\"image\":{\"@id\":\"https:\/\/office-staging.fujifilmprint.eu\/#\/schema\/logo\/image\/\"}}]}<\/script>\n<!-- \/ Yoast SEO plugin. -->","yoast_head_json":{"title":"Viri - Fujifilm Pisarni\u0161ki tiskalniki EMEA","description":"Spoznajte na\u0161e izdelke in poi\u0161\u010dite informacije o podjetjih, ki imajo koristi od nalo\u017ebe v ve\u010dfunkcijske tiskalnike Fujifilm Apeos.","robots":{"index":"noindex","follow":"follow","max-snippet":"max-snippet:-1","max-image-preview":"max-image-preview:large","max-video-preview":"max-video-preview:-1"},"og_locale":"sl_SI","og_type":"article","og_title":"Resources - Fujifilm Office Printers EMEA","og_description":"Learn about our products and find about about the companies benefitting from their investment in Fujifilm Apeos Multifunction Printers.","og_url":"https:\/\/office-staging.fujifilmprint.eu\/si\/resources\/","og_site_name":"Fujifilm Office Printers EMEA","article_modified_time":"2025-07-14T16:30:35+00:00","twitter_card":"summary_large_image","schema":{"@context":"https:\/\/schema.org","@graph":[{"@type":"WebPage","@id":"https:\/\/office-staging.fujifilmprint.eu\/resources\/","url":"https:\/\/office-staging.fujifilmprint.eu\/resources\/","name":"Viri - Fujifilm Pisarni\u0161ki tiskalniki EMEA","isPartOf":{"@id":"https:\/\/office-staging.fujifilmprint.eu\/#website"},"datePublished":"2024-07-10T14:39:20+00:00","dateModified":"2025-07-14T16:30:35+00:00","description":"Spoznajte na\u0161e izdelke in poi\u0161\u010dite informacije o podjetjih, ki imajo koristi od nalo\u017ebe v ve\u010dfunkcijske tiskalnike Fujifilm Apeos.","breadcrumb":{"@id":"https:\/\/office-staging.fujifilmprint.eu\/resources\/#breadcrumb"},"inLanguage":"sl-SI","potentialAction":[{"@type":"ReadAction","target":["https:\/\/office-staging.fujifilmprint.eu\/resources\/"]}]},{"@type":"BreadcrumbList","@id":"https:\/\/office-staging.fujifilmprint.eu\/resources\/#breadcrumb","itemListElement":[{"@type":"ListItem","position":1,"name":"Home","item":"https:\/\/office-staging.fujifilmprint.eu\/"},{"@type":"ListItem","position":2,"name":"Resources"}]},{"@type":"WebSite","@id":"https:\/\/office-staging.fujifilmprint.eu\/#website","url":"https:\/\/office-staging.fujifilmprint.eu\/","name":"Fujifilm Pisarni\u0161ki tiskalniki EMEA","description":"","publisher":{"@id":"https:\/\/office-staging.fujifilmprint.eu\/#organization"},"potentialAction":[{"@type":"SearchAction","target":{"@type":"EntryPoint","urlTemplate":"https:\/\/office-staging.fujifilmprint.eu\/?s={search_term_string}"},"query-input":"required name=search_term_string"}],"inLanguage":"sl-SI"},{"@type":"Organization","@id":"https:\/\/office-staging.fujifilmprint.eu\/#organization","name":"Fujifilm Pisarni\u0161ki tiskalniki EMEA","url":"https:\/\/office-staging.fujifilmprint.eu\/","logo":{"@type":"ImageObject","inLanguage":"sl-SI","@id":"https:\/\/office-staging.fujifilmprint.eu\/#\/schema\/logo\/image\/","url":"https:\/\/office-staging.fujifilmprint.eu\/wp-content\/uploads\/2024\/05\/fujifilm-1.png","contentUrl":"https:\/\/office-staging.fujifilmprint.eu\/wp-content\/uploads\/2024\/05\/fujifilm-1.png","width":416,"height":70,"caption":"Fujifilm Office Printers EMEA"},"image":{"@id":"https:\/\/office-staging.fujifilmprint.eu\/#\/schema\/logo\/image\/"}}]}},"_links":{"self":[{"href":"https:\/\/office-staging.fujifilmprint.eu\/si\/wp-json\/wp\/v2\/pages\/19472","targetHints":{"allow":["GET"]}}],"collection":[{"href":"https:\/\/office-staging.fujifilmprint.eu\/si\/wp-json\/wp\/v2\/pages"}],"about":[{"href":"https:\/\/office-staging.fujifilmprint.eu\/si\/wp-json\/wp\/v2\/types\/page"}],"author":[{"embeddable":true,"href":"https:\/\/office-staging.fujifilmprint.eu\/si\/wp-json\/wp\/v2\/users\/7"}],"replies":[{"embeddable":true,"href":"https:\/\/office-staging.fujifilmprint.eu\/si\/wp-json\/wp\/v2\/comments?post=19472"}],"version-history":[{"count":19,"href":"https:\/\/office-staging.fujifilmprint.eu\/si\/wp-json\/wp\/v2\/pages\/19472\/revisions"}],"predecessor-version":[{"id":21388,"href":"https:\/\/office-staging.fujifilmprint.eu\/si\/wp-json\/wp\/v2\/pages\/19472\/revisions\/21388"}],"wp:attachment":[{"href":"https:\/\/office-staging.fujifilmprint.eu\/si\/wp-json\/wp\/v2\/media?parent=19472"}],"curies":[{"name":"wp","href":"https:\/\/api.w.org\/{rel}","templated":true}]}}