{"id":19596,"date":"2024-07-16T16:08:20","date_gmt":"2024-07-16T15:08:20","guid":{"rendered":"https:\/\/office-staging.fujifilmprint.eu\/?page_id=19596"},"modified":"2025-07-14T17:30:45","modified_gmt":"2025-07-14T16:30:45","slug":"sustainability","status":"publish","type":"page","link":"https:\/\/office-staging.fujifilmprint.eu\/si\/sustainability\/","title":{"rendered":"Trajnost"},"content":{"rendered":"<section id=\"green-header\">\n\t<div class=\"container-fluid green-pt\" style=\"background-image: url('https:\/\/office-staging.fujifilmprint.eu\/wp-content\/uploads\/2024\/09\/sustainability-header-2000x324-1.jpg');background-size: cover;padding: 0;\">\n\t<div class=\"overlay\" style=\"padding: 75px 0;\">\t\t<div class=\"container\">\n\t\t\t<h2 style=\"color: #00e5c2;\">\n\t\t\t\t Prizadevanje za trajnost\t\t\t<\/h2>\n\t\t\t<h3 style=\"color: #fff;margin-top: 25px;letter-spacing: -1px;font-size: 29px;font-weight: 500;\">\n\t\t\t\tPobude za okoljsko obravnavo\t\t\t<\/h3>\n\t\t<\/div>\n\t<\/div>\t<\/div>\n<\/section>\n\n<div style=\"height:50px;\">\n<\/div>\n\n<section id=\"txt-header\">\n\t<div class=\"container block-text-header\">\n\t\t<h3>Zakaj Apeos?<\/h3>\n\t\t<h2>Inovativne okoljske tehnologije, ki zmanj\u0161ujejo porabo energije in izbolj\u0161ujejo splo\u0161no energetsko u\u010dinkovitost.<\/h2>\n\t\t<p><p>Fujifilm ceni, da trajnostno tiskanje pogosto vklju\u010duje sprejetje novih tehnologij in praks, ki izbolj\u0161ujejo splo\u0161no u\u010dinkovitost. To lahko vodi do inovacij, ki koristijo tudi drugim podro\u010djem poslovanja. Trajnostno tiskanje ne koristi le okolju, ampak je tudi v skladu s \u0161ir\u0161imi cilji dru\u017ebene odgovornosti podjetij.<\/p>\n<p>V podjetju Fujifilm smo za\u010deli razvijati okoljske tehnologije, vklju\u010dno z ve\u010dnamenskimi napravami z ve\u010djo energetsko u\u010dinkovitostjo in tonerjem z nizko temperaturo taljenja ter ponovno uporabo in recikliranjem izdelkov pred drugimi podjetji v panogi.<\/p>\n<p>Z izvajanjem trajnostnih praks tiskanja v podjetju lahko zmanj\u0161ate koli\u010dino nastalih odpadkov. Z zmanj\u0161anjem porabe papirja, tonerja in energije lahko to privede do znatnih prihrankov pri stro\u0161kih. U\u010dinkovita raba virov neposredno vpliva na ni\u017eje stro\u0161ke poslovanja.<\/p>\n<p>Poleg tega dokazovanje zavezanosti k trajnosti krepi ugled podjetja. Zainteresiranim strankam, vklju\u010dno s strankami, zaposlenimi in vlagatelji, poka\u017ee, da je podjetje odgovorno in napredno. Mnogi zaposleni raje delajo v podjetjih, ki dajejo prednost trajnosti. Izvajanje okolju prijaznih praks lahko pove\u010da moralo in zavzetost ter prispeva k pozitivni kulturi na delovnem mestu.<\/p>\n<\/p>\n\t<\/div>\n<\/section>\n\n<section id=\"txt-header\">\n\t<div class=\"container block-text-header\">\n\t\t<h3>Klju\u010dne pobude<\/h3>\n\t\t<h2><\/h2>\n\t\t<p><p><strong>ZELENI CENJENI IZDELKI:<\/strong> Serija Apeos je del okoljsko ozave\u0161\u010denih izdelkov in storitev podjetja Fujifilm in je certificirana kot \"srebrna\" in \"zlata\" v okviru \"izdelkov z zeleno vrednostjo\" podjetja Fujifilm ter tako prispeva k zmanj\u0161anju vpliva na okolje na vi\u0161ji ravni, kot je standard v industriji.<\/p>\n<p><strong>RECIKLIRANE PLASTIKE IN NEGORLJIVE PLASTIKE NA BIO OSNOVI:<\/strong> Za nekatere plasti\u010dne dele uporabljamo reciklirano plastiko. Da bi zmanj\u0161ali uporabo plastike iz nafte, uporabljamo tudi negorljive plasti\u010dne dele na biolo\u0161ki osnovi, izdelane iz celuloze, pridobljene iz lesnih materialov.<\/p>\n<p><img loading=\"lazy\" decoding=\"async\" class=\"wp-image-20795 aligncenter\" src=\"https:\/\/office-staging.fujifilmprint.eu\/wp-content\/uploads\/2024\/09\/FUJ13516-Infographics-for-export-v5-outlined-08-v2.svg\" alt=\"\" width=\"1031\" height=\"539\" \/><\/p>\n<p><strong>OHRANJANJE VIROV:\u00a0<\/strong>Zasnovan je s funkcijami, ki prispevajo k zmanj\u0161anju porabe papirja, vklju\u010dno z zasebnim tiskanjem, skeniranjem, brezpapirnim faksom, stranmi na stran, ve\u010dkratnim tiskanjem in drugimi funkcijami.<\/p>\n<p><strong>VAR\u010cEVANJE Z ENERGIJO:\u00a0<\/strong>Uporablja tehnologije IH fusing, ki omogo\u010dajo hitro segrevanje, zaradi \u010desar ni potrebno predhodno segrevanje v na\u010dinu pripravljenosti ali var\u010devanja z energijo, kar zmanj\u0161uje porabo energije. Poleg tega funkcija pametnega var\u010devanja z energijo napaja samo potrebne dele glede na uporabljene funkcije.<\/p>\n<p><img loading=\"lazy\" decoding=\"async\" class=\"aligncenter wp-image-20798\" src=\"https:\/\/office-staging.fujifilmprint.eu\/wp-content\/uploads\/2024\/09\/FUJ13516-Infographics-for-export-v5-outlined-23-v2.svg\" alt=\"\" width=\"717\" height=\"468\" \/><img decoding=\"async\" class=\"aligncenter wp-image-20802 size-full\" src=\"https:\/\/office-staging.fujifilmprint.eu\/wp-content\/uploads\/2024\/09\/Share-information-25.svg\" alt=\"\" \/><\/p>\n<p><strong>PAMETNA TEHNOLOGIJA VAR\u010cEVANJA Z ENERGIJO:<\/strong> Vklopi in izklopi se pri uporabi dolo\u010denih funkcij, kot so enote za skeniranje dokumentov, operacijska plo\u0161\u010da, krmilnik in izhodna enota. Ta tehnologija omogo\u010da zmanj\u0161anje porabe elektri\u010dne energije do 7% pri tiskanju in do 59% pri skeniranju in faksiranju.<\/p>\n<p><strong>SUPER EA-ECO TONER: <\/strong>Poseben toner, ki v primerjavi z obi\u010dajnim tonerjem EA (emulzijski agregatni toner) zni\u017ea temperaturo taljenja za 30 do 35 \u2103. S tonerjem Super EA-Eco se lahko poraba energije zmanj\u0161a za pribli\u017eno 54% v sijajnem na\u010dinu v primerjavi z obi\u010dajnim tonerjem EA, zaradi \u010desar se zmanj\u0161a koli\u010dina emisij ogljikovega dioksida.<\/p>\n<p><img decoding=\"async\" class=\"alignnone wp-image-20366 size-full\" src=\"https:\/\/office-staging.fujifilmprint.eu\/wp-content\/uploads\/2024\/08\/EA-eco-toner-2.svg\" alt=\"\" \/><\/p>\n<\/p>\n\t<\/div>\n<\/section>\n\n<div style=\"height:80px;\">\n<\/div>\n\n<section id=\"txt-vid\">\n\n\t<div class=\"container-fluid\" style=\"background-image: url();padding: 50px;background: #fff;\">\n\t\t<div class=\"container\">\n\t\t\t<h2 style=\"margin-bottom: 20px;color: #00E5C2;\">Oglejte si videoposnetek<\/h2>\n\t\t\t<div class=\"dash-1\" style=\"display: none;\"><\/div>\n\t\t\t<p style=\"color: #000;\">V spodnjem videoposnetku izveste ve\u010d o na\u0161em tonerju EA-Eco:<\/p>\n\t\t\t<div class=\"center\">\n\t\t\t\t<video controls preload=\"none\" poster=\"https:\/\/office-staging.fujifilmprint.eu\/wp-content\/uploads\/2024\/08\/eatoner-thumbnail-16x9-1.jpg\" width=\"680\">\n\t\t\t\t<source src=\"\t\t\t\t\t\t\t\t\" type=\"video\/mp4\">\n\t\t\t\t<\/video>\n\t\t\t<\/div>\n\t\t<\/div>\n\t<\/div>\n<\/section>\n\n\n\n\n\n<div style=\"height:80px;\">\n<\/div>\n\n\r\n<style>\r\n.icon-block-link{\r\n\ttext-decoration: none;\r\n\tcolor: black;\r\n}\r\n.icon-block-link:hover .poi-icons-printers .icon-block-icon{\r\n\ttransform: scale(1.2);\r\n    filter: invert(69%) sepia(96%) saturate(1997%) hue-rotate(120deg) brightness(99%) contrast(101%) !important;\r\n\ttransition: 0.4s;\r\n}\r\n<\/style>\r\n<section id=\"tc-icons\" class=\"printer-icons\">\r\n\t<div class=\"container block-three-column-icons\">\r\n\t\t<h2>Odkrijte ponudbo ve\u010dnamenskih tiskalnikov Apeos:<\/h2>\r\n\t\t<div class=\"row\" style=\"margin-top: 70px;\">\r\n\t\t\t\t\t\t\t\t\t\t\t\t<div class=\"col-sm\">\r\n                    <a href=\"https:\/\/office-staging.fujifilmprint.eu\/si\/product\/apeos-c4030-series\/\" class=\"icon-block-link\">\r\n                        <div class=\"icons-flex\">\r\n                                <div class=\"poi-icons-printers\" style=\"background-color: transparent;\">\r\n                                    <img decoding=\"async\" class=\"icon-block-icon\" src=\"\/wp-content\/uploads\/2024\/08\/C4030.svg\" style=\"filter: brightness(0);\" \/>\r\n                                <\/div>\r\n                            <div class=\"icon-content\">\r\n                            <p>\r\n                                <strong>Serija Apeos C4030<\/strong>\r\n                            <\/p>\r\n                                <p style=\"padding: 0 15px;\">Tiskanje A4 brez kompromisov glede kakovosti<\/p>\r\n                                <\/div>\r\n                        <\/div>\r\n                        <\/a>\r\n\t\t\t\t\t<\/div>\r\n\t\t\t\t\t\t\t\t\t<div class=\"col-sm\">\r\n                    <a href=\"https:\/\/office-staging.fujifilmprint.eu\/si\/product\/apeos-c3060-series\/\" class=\"icon-block-link\">\r\n                        <div class=\"icons-flex\">\r\n                                <div class=\"poi-icons-printers\" style=\"background-color: transparent;\">\r\n                                    <img decoding=\"async\" class=\"icon-block-icon\" src=\"\/wp-content\/uploads\/2024\/08\/C3060.svg\" style=\"filter: brightness(0);\" \/>\r\n                                <\/div>\r\n                            <div class=\"icon-content\">\r\n                            <p>\r\n                                <strong>Serija Apeos C3060<\/strong>\r\n                            <\/p>\r\n                                <p style=\"padding: 0 15px;\">Konfigurabilno tiskanje A3 z najve\u010djo prilagodljivostjo<\/p>\r\n                                <\/div>\r\n                        <\/div>\r\n                        <\/a>\r\n\t\t\t\t\t<\/div>\r\n\t\t\t\t\t\t\t\t\t<div class=\"col-sm\">\r\n                    <a href=\"https:\/\/office-staging.fujifilmprint.eu\/si\/product\/apeos-c7070-series\/\" class=\"icon-block-link\">\r\n                        <div class=\"icons-flex\">\r\n                                <div class=\"poi-icons-printers\" style=\"background-color: transparent;\">\r\n                                    <img decoding=\"async\" class=\"icon-block-icon\" src=\"\/wp-content\/uploads\/2024\/08\/C7070.svg\" style=\"filter: brightness(0);\" \/>\r\n                                <\/div>\r\n                            <div class=\"icon-content\">\r\n                            <p>\r\n                                <strong>Serija Apeos C7070<\/strong>\r\n                            <\/p>\r\n                                <p style=\"padding: 0 15px;\">Robusten in intuitiven visokotehnolo\u0161ki sistem <br>Tiskanje v formatu A3<\/p>\r\n                                <\/div>\r\n                        <\/div>\r\n                        <\/a>\r\n\t\t\t\t\t<\/div>\r\n\t\t\t\t\t\t\t\t\t<\/div>\r\n\t<\/div>\r\n<\/section>\n\n<div id=\"download\"><\/div>\n\n<div style=\"height:50px;\">\n<\/div>\n\n<div style=\"height:100px;\">\n<\/div>\n\n<section id=\"small-cta\">\n\n<!-- Standard Block -->\n    <div class=\"container\">\n        <div class=\"row\">\n            <div class=\"col-md-6 img-bg\" style=\"background-image: url(https:\/\/office-staging.fujifilmprint.eu\/wp-content\/uploads\/2024\/07\/sustainabilitybrochure-ctaiamge-1000x527-1.jpg);\">\n            <\/div>\n            <div class=\"col-md-6 green\">\n                <h3>\u017delite izvedeti ve\u010d?<\/h3>\n                <p>Prenesite si na\u0161o bro\u0161uro, v kateri boste na\u0161li vsa dejstva o trajnostnih zmogljivostih ve\u010dnamenskih tiskalnikov Apeos<\/p>\n                                    <button type=\"button\" class=\"btn btn-purple popup-btn\" data-popup=\"popup-to-download-the-brochure-please-complete-the-form-below\">Prenesi zdaj<\/button>\n                            <\/div>\n        <\/div>\n    <\/div>\n\t\n\n<\/section>\n\n\n\n<!-- Single Pop-up -->\n<div id=\"popup-to-download-the-brochure-please-complete-the-form-below\" class=\"popup\">\n\t<div class=\"popup-content dark-form\" id=\"dark-form\">\n\t\t<div class=\"event-header\">\n\t\t\t<h2>\n\t\t\t\t\u010ce \u017eelite prenesti bro\u0161uro, izpolnite spodnji obrazec:\t\t\t\n\t\t\t\t\t\t\t<\/h2>\n\t\t<\/div>\n\t\t\n\t\t  \r\n\r\n  \r\n\r\n   \r\n\r\n  \r\n\r\n   \r\n\r\n   \r\n\r\n  \r\n\r\n  \r\n\r\n \r\n\r\n \r\n\r\n \r\n\r\n \t\t<div id=\"confirmform\" style=\"visibility:hidden;\">\n\t\t\t\t\t\t\t<p>Zahvaljujemo se vam za posredovane podatke. Bro\u0161ura je zdaj na voljo za prenos.<\/p>\n\t\t\t\t<a href=\"https:\/\/office-staging.fujifilmprint.eu\/wp-content\/uploads\/2024\/08\/Apeos-Sustainability-Brochure-0824.pdf\" target=\"_blank\" class=\"btn btn-outline\">Prenesi<\/a>\n\t\t\t\t\t<\/div>\n\t\t\t\t\n\t\t<span class=\"fade-out main-btn-circle\">\u2573<\/span>\n\t<\/div>\n<\/div>\n\t\n\n\n<div id=\"contact\"><\/div>\n\n<div style=\"height:80px;\">\n<\/div>\n\n<section id=\"dark-form\">\n\t<div id=\"footer-form\" class=\"container\">\n\t\t<h2>Vas zanima trajnostno tiskanje iz podjetja Apeos?<br>Stopite v stik z nami:<\/h2>\n\n\t\t  \r\n   \r\n  \r\n \r\n  \r\n<script src=\"\/\/info.fujifilm.eu\/js\/forms2\/js\/forms2.min.js\"><\/script> <form id=\"mktoForm_6521\" action=\"\"><input type=\"hidden\" name=\"trp-form-language\" value=\"si\"\/><\/form> <script>MktoForms2.loadForm(\"\/\/info.fujifilm.eu\", \"060-MIY-956\", 6521);<\/script>\r\n\r\n  \n\t\t<div id=\"confirmform\" style=\"visibility:hidden;\">\n                            <p><strong>Zahvaljujemo se vam za va\u0161e povpra\u0161evanje in kmalu bomo vzpostavili stik z vami.<\/strong><\/p>\n              \n        <\/div>\n\t<\/div>\n<\/section>","protected":false},"excerpt":{"rendered":"","protected":false},"author":7,"featured_media":0,"parent":0,"menu_order":0,"comment_status":"closed","ping_status":"closed","template":"","meta":{"inline_featured_image":false,"footnotes":""},"class_list":["post-19596","page","type-page","status-publish","hentry"],"acf":[],"yoast_head":"<!-- This site is optimized with the Yoast SEO plugin v22.5 - https:\/\/yoast.com\/wordpress\/plugins\/seo\/ -->\n<title>Sustainability | Fujifilm Apeos Multifunction Printers EMEA<\/title>\n<meta name=\"description\" content=\"Office printing involves adopting innovative technologies that improve environmental impact. Discover why your business needs Apeos MFPs.\" \/>\n<meta name=\"robots\" content=\"noindex, follow, max-snippet:-1, max-image-preview:large, max-video-preview:-1\" \/>\n<meta property=\"og:locale\" content=\"sl_SI\" \/>\n<meta property=\"og:type\" content=\"article\" \/>\n<meta property=\"og:title\" content=\"Sustainability | Fujifilm Apeos Multifunction Printers EMEA\" \/>\n<meta property=\"og:description\" content=\"Office printing involves adopting innovative technologies that improve environmental impact. Discover why your business needs Apeos MFPs.\" \/>\n<meta property=\"og:url\" content=\"https:\/\/office-staging.fujifilmprint.eu\/si\/sustainability\/\" \/>\n<meta property=\"og:site_name\" content=\"Fujifilm Office Printers EMEA\" \/>\n<meta property=\"article:modified_time\" content=\"2025-07-14T16:30:45+00:00\" \/>\n<meta name=\"twitter:card\" content=\"summary_large_image\" \/>\n<script type=\"application\/ld+json\" class=\"yoast-schema-graph\">{\"@context\":\"https:\/\/schema.org\",\"@graph\":[{\"@type\":\"WebPage\",\"@id\":\"https:\/\/office-staging.fujifilmprint.eu\/sustainability\/\",\"url\":\"https:\/\/office-staging.fujifilmprint.eu\/sustainability\/\",\"name\":\"Sustainability | Fujifilm Apeos Multifunction Printers EMEA\",\"isPartOf\":{\"@id\":\"https:\/\/office-staging.fujifilmprint.eu\/#website\"},\"datePublished\":\"2024-07-16T15:08:20+00:00\",\"dateModified\":\"2025-07-14T16:30:45+00:00\",\"description\":\"Office printing involves adopting innovative technologies that improve environmental impact. Discover why your business needs Apeos MFPs.\",\"breadcrumb\":{\"@id\":\"https:\/\/office-staging.fujifilmprint.eu\/sustainability\/#breadcrumb\"},\"inLanguage\":\"sl-SI\",\"potentialAction\":[{\"@type\":\"ReadAction\",\"target\":[\"https:\/\/office-staging.fujifilmprint.eu\/sustainability\/\"]}]},{\"@type\":\"BreadcrumbList\",\"@id\":\"https:\/\/office-staging.fujifilmprint.eu\/sustainability\/#breadcrumb\",\"itemListElement\":[{\"@type\":\"ListItem\",\"position\":1,\"name\":\"Home\",\"item\":\"https:\/\/office-staging.fujifilmprint.eu\/\"},{\"@type\":\"ListItem\",\"position\":2,\"name\":\"Sustainability\"}]},{\"@type\":\"WebSite\",\"@id\":\"https:\/\/office-staging.fujifilmprint.eu\/#website\",\"url\":\"https:\/\/office-staging.fujifilmprint.eu\/\",\"name\":\"Fujifilm Office Printers EMEA\",\"description\":\"\",\"publisher\":{\"@id\":\"https:\/\/office-staging.fujifilmprint.eu\/#organization\"},\"potentialAction\":[{\"@type\":\"SearchAction\",\"target\":{\"@type\":\"EntryPoint\",\"urlTemplate\":\"https:\/\/office-staging.fujifilmprint.eu\/?s={search_term_string}\"},\"query-input\":\"required name=search_term_string\"}],\"inLanguage\":\"sl-SI\"},{\"@type\":\"Organization\",\"@id\":\"https:\/\/office-staging.fujifilmprint.eu\/#organization\",\"name\":\"Fujifilm Office Printers EMEA\",\"url\":\"https:\/\/office-staging.fujifilmprint.eu\/\",\"logo\":{\"@type\":\"ImageObject\",\"inLanguage\":\"sl-SI\",\"@id\":\"https:\/\/office-staging.fujifilmprint.eu\/#\/schema\/logo\/image\/\",\"url\":\"https:\/\/office-staging.fujifilmprint.eu\/wp-content\/uploads\/2024\/05\/fujifilm-1.png\",\"contentUrl\":\"https:\/\/office-staging.fujifilmprint.eu\/wp-content\/uploads\/2024\/05\/fujifilm-1.png\",\"width\":416,\"height\":70,\"caption\":\"Fujifilm Office Printers EMEA\"},\"image\":{\"@id\":\"https:\/\/office-staging.fujifilmprint.eu\/#\/schema\/logo\/image\/\"}}]}<\/script>\n<!-- \/ Yoast SEO plugin. -->","yoast_head_json":{"title":"Sustainability | Fujifilm Ve\u010dfunkcijski tiskalniki Apeos EMEA","description":"Pisarni\u0161ko tiskanje vklju\u010duje uporabo inovativnih tehnologij, ki izbolj\u0161ujejo vpliv na okolje. Odkrijte, zakaj va\u0161e podjetje potrebuje ve\u010dnamenske naprave Apeos.","robots":{"index":"noindex","follow":"follow","max-snippet":"max-snippet:-1","max-image-preview":"max-image-preview:large","max-video-preview":"max-video-preview:-1"},"og_locale":"sl_SI","og_type":"article","og_title":"Sustainability | Fujifilm Apeos Multifunction Printers EMEA","og_description":"Office printing involves adopting innovative technologies that improve environmental impact. Discover why your business needs Apeos MFPs.","og_url":"https:\/\/office-staging.fujifilmprint.eu\/si\/sustainability\/","og_site_name":"Fujifilm Office Printers EMEA","article_modified_time":"2025-07-14T16:30:45+00:00","twitter_card":"summary_large_image","schema":{"@context":"https:\/\/schema.org","@graph":[{"@type":"WebPage","@id":"https:\/\/office-staging.fujifilmprint.eu\/sustainability\/","url":"https:\/\/office-staging.fujifilmprint.eu\/sustainability\/","name":"Sustainability | Fujifilm Ve\u010dfunkcijski tiskalniki Apeos EMEA","isPartOf":{"@id":"https:\/\/office-staging.fujifilmprint.eu\/#website"},"datePublished":"2024-07-16T15:08:20+00:00","dateModified":"2025-07-14T16:30:45+00:00","description":"Pisarni\u0161ko tiskanje vklju\u010duje uporabo inovativnih tehnologij, ki izbolj\u0161ujejo vpliv na okolje. Odkrijte, zakaj va\u0161e podjetje potrebuje ve\u010dnamenske naprave Apeos.","breadcrumb":{"@id":"https:\/\/office-staging.fujifilmprint.eu\/sustainability\/#breadcrumb"},"inLanguage":"sl-SI","potentialAction":[{"@type":"ReadAction","target":["https:\/\/office-staging.fujifilmprint.eu\/sustainability\/"]}]},{"@type":"BreadcrumbList","@id":"https:\/\/office-staging.fujifilmprint.eu\/sustainability\/#breadcrumb","itemListElement":[{"@type":"ListItem","position":1,"name":"Home","item":"https:\/\/office-staging.fujifilmprint.eu\/"},{"@type":"ListItem","position":2,"name":"Sustainability"}]},{"@type":"WebSite","@id":"https:\/\/office-staging.fujifilmprint.eu\/#website","url":"https:\/\/office-staging.fujifilmprint.eu\/","name":"Fujifilm Pisarni\u0161ki tiskalniki EMEA","description":"","publisher":{"@id":"https:\/\/office-staging.fujifilmprint.eu\/#organization"},"potentialAction":[{"@type":"SearchAction","target":{"@type":"EntryPoint","urlTemplate":"https:\/\/office-staging.fujifilmprint.eu\/?s={search_term_string}"},"query-input":"required name=search_term_string"}],"inLanguage":"sl-SI"},{"@type":"Organization","@id":"https:\/\/office-staging.fujifilmprint.eu\/#organization","name":"Fujifilm Pisarni\u0161ki tiskalniki EMEA","url":"https:\/\/office-staging.fujifilmprint.eu\/","logo":{"@type":"ImageObject","inLanguage":"sl-SI","@id":"https:\/\/office-staging.fujifilmprint.eu\/#\/schema\/logo\/image\/","url":"https:\/\/office-staging.fujifilmprint.eu\/wp-content\/uploads\/2024\/05\/fujifilm-1.png","contentUrl":"https:\/\/office-staging.fujifilmprint.eu\/wp-content\/uploads\/2024\/05\/fujifilm-1.png","width":416,"height":70,"caption":"Fujifilm Office Printers EMEA"},"image":{"@id":"https:\/\/office-staging.fujifilmprint.eu\/#\/schema\/logo\/image\/"}}]}},"_links":{"self":[{"href":"https:\/\/office-staging.fujifilmprint.eu\/si\/wp-json\/wp\/v2\/pages\/19596","targetHints":{"allow":["GET"]}}],"collection":[{"href":"https:\/\/office-staging.fujifilmprint.eu\/si\/wp-json\/wp\/v2\/pages"}],"about":[{"href":"https:\/\/office-staging.fujifilmprint.eu\/si\/wp-json\/wp\/v2\/types\/page"}],"author":[{"embeddable":true,"href":"https:\/\/office-staging.fujifilmprint.eu\/si\/wp-json\/wp\/v2\/users\/7"}],"replies":[{"embeddable":true,"href":"https:\/\/office-staging.fujifilmprint.eu\/si\/wp-json\/wp\/v2\/comments?post=19596"}],"version-history":[{"count":200,"href":"https:\/\/office-staging.fujifilmprint.eu\/si\/wp-json\/wp\/v2\/pages\/19596\/revisions"}],"predecessor-version":[{"id":21392,"href":"https:\/\/office-staging.fujifilmprint.eu\/si\/wp-json\/wp\/v2\/pages\/19596\/revisions\/21392"}],"wp:attachment":[{"href":"https:\/\/office-staging.fujifilmprint.eu\/si\/wp-json\/wp\/v2\/media?parent=19596"}],"curies":[{"name":"wp","href":"https:\/\/api.w.org\/{rel}","templated":true}]}}