{"id":19725,"date":"2024-07-29T15:51:29","date_gmt":"2024-07-29T14:51:29","guid":{"rendered":"https:\/\/office-staging.fujifilmprint.eu\/?page_id=19725"},"modified":"2025-07-14T17:30:30","modified_gmt":"2025-07-14T16:30:30","slug":"quality","status":"publish","type":"page","link":"https:\/\/office-staging.fujifilmprint.eu\/si\/quality\/","title":{"rendered":"Kakovost"},"content":{"rendered":"<section id=\"green-header\">\n\t<div class=\"container-fluid green-pt\" style=\"background-image: url('https:\/\/office-staging.fujifilmprint.eu\/wp-content\/uploads\/2024\/09\/quality-header-2000x357-1.jpg');background-size: cover;padding: 0;\">\n\t<div class=\"overlay\" style=\"padding: 75px 0;\">\t\t<div class=\"container\">\n\t\t\t<h2 style=\"color: #00e5c2;\">\n\t\t\t\tNavdu\u0161enje nad kakovostjo\t\t\t<\/h2>\n\t\t\t<h3 style=\"color: #fff;margin-top: 25px;letter-spacing: -1px;font-size: 29px;font-weight: 500;\">\n\t\t\t\tVisoka zmogljivost, ki omogo\u010da vrhunsko tiskanje\t\t\t<\/h3>\n\t\t<\/div>\n\t<\/div>\t<\/div>\n<\/section>\n\n<div style=\"height:50px;\">\n<\/div>\n\n<section id=\"txt-header\">\n\t<div class=\"container block-text-header\">\n\t\t<h3>Zakaj Apeos?<\/h3>\n\t\t<h2>Doseganje vrhunske kakovosti tiskanja zaradi vrhunske lo\u010dljivosti DPI v panogi pomaga va\u0161emu podjetju pridobiti konkuren\u010dno prednost.<\/h2>\n\t\t<p><p><span class=\"ui-provider a b c d e f g h i j k l m n o p q r s t u v w x y z ab ac ae af ag ah ai aj ak\" dir=\"ltr\">Visokokakovostni izpisi izbolj\u0161ajo profesionalni videz dokumentov in naredijo pozitiven vtis na stranke, partnerje in dele\u017enike. Podjetja, ki dosledno izdelujejo visokokakovostne tiskovine, lahko pridobijo konkuren\u010dno prednost, saj jih dojemajo kot bolj strokovna, zanesljiva in usmerjena v podrobnosti.<\/span><\/p>\n<p>Visokokakovostni izpisi so bolj trpe\u017eni in manj nagnjeni k bledenju ali razmazovanju, kar zagotavlja, da bodo pomembni dokumenti ostali \u010ditljivi in nedotaknjeni skozi \u010das. Tiskalniki Fujifilm Apeos lahko obdelujejo razli\u010dne vrste in velikosti medijev, kar zagotavlja vsestranskost za razli\u010dne poslovne potrebe, od standardnih dokumentov do plakatov A3. \u010ce svojim zaposlenim zagotovite visokokakovostne mo\u017enosti tiskanja, lahko pove\u010date moralo in produktivnost, saj lahko z zaupanjem ustvarijo svoje najbolj\u0161e delo.<\/p>\n<p>\u010ceprav se zdi visokokakovostni tisk na za\u010detku dra\u017eji, prina\u0161a prihranke pri stro\u0161kih, saj zmanj\u0161uje potrebo po ponatisih in zagotavlja, da je gradivo u\u010dinkovito za predvidene namene.  Klju\u010dni element kakovosti pri tiskanju so barve. Dosledna in natan\u010dna reprodukcija barv ohranja skladnost blagovne znamke v vseh tiskanih gradivih, krepi identiteto blagovne znamke in zagotavlja skladnost z vizualnimi standardi va\u0161ega podjetja.<\/p>\n<p>Serija Apeos ponuja tudi okolju prijazne mo\u017enosti, kot sta obojestransko tiskanje in energetsko u\u010dinkoviti na\u010dini, ki prispevajo k trajnosti, ne da bi se pri tem poslab\u0161ala kakovost tiskanja.<\/p>\n<\/p>\n\t<\/div>\n<\/section>\n\n<section id=\"txt-header\">\n\t<div class=\"container block-text-header\">\n\t\t<h3>Glavne zna\u010dilnosti<\/h3>\n\t\t<h2><\/h2>\n\t\t<p><p><strong>STROKOVNO ZNANJE IN IZKU\u0160NJE DRU\u017dBE FUJIFILM:<\/strong> Apeos, ki temelji na 60-letnem strokovnem znanju Fujifilm in je po velikem uspehu v azijsko-pacifi\u0161ki regiji zdaj na voljo v Zdru\u017eenem kraljestvu, lahko va\u0161o poslovno uspe\u0161nost dvigne na vi\u0161jo raven.<\/p>\n<p><strong>VODILNO SVETOVNO STROKOVNO ZNANJE IN IZKU\u0160NJE NA PODRO\u010cJU TEHNOLOGIJE NA OSNOVI TONERJEV: <\/strong>Fujifilm ima dolgo zgodovino uvajanja inovativnih pisarni\u0161kih kopirnih strojev s tonerji, \u010drno-belih tiskalnikov in barvnih komercialnih tiskalnih sistemov ter pomembnih re\u0161itev za dokumente in poslovne storitve, ki jih je razvila dru\u017eba FUJIFILM Business Innovation Corporation.<\/p>\n<p><img loading=\"lazy\" decoding=\"async\" class=\"aligncenter wp-image-20370\" src=\"https:\/\/office-staging.fujifilmprint.eu\/wp-content\/uploads\/2024\/08\/Eco-toner-no-graph.svg\" alt=\"\" width=\"600\" height=\"150\" \/><\/p>\n<p><strong>VRHUNSKA KAKOVOST PRI VISOKIH HITROSTIH:<\/strong> Z visokoresolucijsko tiskalno glavo LED lahko serija zaradi naprednih funkcij tiskanja zagotavlja neverjetno kakovost in izjemno zmogljivost.<\/p>\n<p><strong>NAJBOLJ\u0160A LO\u010cLJIVOST TISKANJA NA TRGU:<\/strong> Visoka lo\u010dljivost tiskanja 1.200 X 2.400 dpi, dose\u017eena s tiskalno glavo LED, omogo\u010da gladko reprodukcijo \u010drt in besedila.<\/p>\n<p><img decoding=\"async\" class=\"alignnone size-full wp-image-20324\" src=\"https:\/\/office-staging.fujifilmprint.eu\/wp-content\/uploads\/2024\/08\/market-leading-printing-resolution.svg\" alt=\"\" \/><\/p>\n<\/p>\n\t<\/div>\n<\/section>\n\n<div style=\"height:100px;\">\n<\/div>\n\n\r\n<style>\r\n.icon-block-link{\r\n\ttext-decoration: none;\r\n\tcolor: black;\r\n}\r\n.icon-block-link:hover .poi-icons-printers .icon-block-icon{\r\n\ttransform: scale(1.2);\r\n    filter: invert(69%) sepia(96%) saturate(1997%) hue-rotate(120deg) brightness(99%) contrast(101%) !important;\r\n\ttransition: 0.4s;\r\n}\r\n<\/style>\r\n<section id=\"tc-icons\" class=\"printer-icons\">\r\n\t<div class=\"container block-three-column-icons\">\r\n\t\t<h2>Odkrijte ponudbo ve\u010dnamenskih tiskalnikov Apeos:<\/h2>\r\n\t\t<div class=\"row\" style=\"margin-top: 70px;\">\r\n\t\t\t\t\t\t\t\t\t\t\t\t<div class=\"col-sm\">\r\n                    <a href=\"https:\/\/office-staging.fujifilmprint.eu\/si\/product\/apeos-c4030-series\/\" class=\"icon-block-link\">\r\n                        <div class=\"icons-flex\">\r\n                                <div class=\"poi-icons-printers\" style=\"background-color: transparent;\">\r\n                                    <img decoding=\"async\" class=\"icon-block-icon\" src=\"\/wp-content\/uploads\/2024\/08\/C4030.svg\" style=\"filter: brightness(0);\" \/>\r\n                                <\/div>\r\n                            <div class=\"icon-content\">\r\n                            <p>\r\n                                <strong>Serija Apeos C4030<\/strong>\r\n                            <\/p>\r\n                                <p style=\"padding: 0 15px;\">Tiskanje A4 brez kompromisov glede kakovosti<\/p>\r\n                                <\/div>\r\n                        <\/div>\r\n                        <\/a>\r\n\t\t\t\t\t<\/div>\r\n\t\t\t\t\t\t\t\t\t<div class=\"col-sm\">\r\n                    <a href=\"https:\/\/office-staging.fujifilmprint.eu\/si\/product\/apeos-c3060-series\/\" class=\"icon-block-link\">\r\n                        <div class=\"icons-flex\">\r\n                                <div class=\"poi-icons-printers\" style=\"background-color: transparent;\">\r\n                                    <img decoding=\"async\" class=\"icon-block-icon\" src=\"\/wp-content\/uploads\/2024\/08\/C3060.svg\" style=\"filter: brightness(0);\" \/>\r\n                                <\/div>\r\n                            <div class=\"icon-content\">\r\n                            <p>\r\n                                <strong>Serija Apeos C3060<\/strong>\r\n                            <\/p>\r\n                                <p style=\"padding: 0 15px;\">Konfigurabilno tiskanje A3 z najve\u010djo prilagodljivostjo<\/p>\r\n                                <\/div>\r\n                        <\/div>\r\n                        <\/a>\r\n\t\t\t\t\t<\/div>\r\n\t\t\t\t\t\t\t\t\t<div class=\"col-sm\">\r\n                    <a href=\"https:\/\/office-staging.fujifilmprint.eu\/si\/product\/apeos-c7070-series\/\" class=\"icon-block-link\">\r\n                        <div class=\"icons-flex\">\r\n                                <div class=\"poi-icons-printers\" style=\"background-color: transparent;\">\r\n                                    <img decoding=\"async\" class=\"icon-block-icon\" src=\"\/wp-content\/uploads\/2024\/08\/C7070.svg\" style=\"filter: brightness(0);\" \/>\r\n                                <\/div>\r\n                            <div class=\"icon-content\">\r\n                            <p>\r\n                                <strong>Serija Apeos C7070<\/strong>\r\n                            <\/p>\r\n                                <p style=\"padding: 0 15px;\">Robusten in intuitiven visokotehnolo\u0161ki sistem <br>Tiskanje v formatu A3<\/p>\r\n                                <\/div>\r\n                        <\/div>\r\n                        <\/a>\r\n\t\t\t\t\t<\/div>\r\n\t\t\t\t\t\t\t\t\t<\/div>\r\n\t<\/div>\r\n<\/section>\n\n<div style=\"height:50px;\">\n<\/div>\n\n<div id=\"contact\"><\/div>\n\n<div style=\"height:50px;\">\n<\/div>\n\n<section id=\"dark-form\">\n\t<div id=\"footer-form\" class=\"container\">\n\t\t<h2 class=\"translation-block\">Vas zanima visokokakovostno tiskanje Apeos?<br>Prijavite se nam:<\/h2>\n\n\t\t  \r\n   \r\n  \r\n \r\n  \r\n<script src=\"\/\/info.fujifilm.eu\/js\/forms2\/js\/forms2.min.js\"><\/script> <form id=\"mktoForm_6521\" action=\"\"><input type=\"hidden\" name=\"trp-form-language\" value=\"si\"\/><\/form> <script>MktoForms2.loadForm(\"\/\/info.fujifilm.eu\", \"060-MIY-956\", 6521);<\/script>\r\n\r\n  \n\t\t<div id=\"confirmform\" style=\"visibility:hidden;\">\n                            <p><strong>Zahvaljujemo se vam za va\u0161e povpra\u0161evanje in kmalu bomo vzpostavili stik z vami.<\/strong><\/p>\n              \n        <\/div>\n\t<\/div>\n<\/section>","protected":false},"excerpt":{"rendered":"","protected":false},"author":7,"featured_media":0,"parent":0,"menu_order":0,"comment_status":"closed","ping_status":"closed","template":"","meta":{"inline_featured_image":false,"footnotes":""},"class_list":["post-19725","page","type-page","status-publish","hentry"],"acf":[],"yoast_head":"<!-- This site is optimized with the Yoast SEO plugin v22.5 - https:\/\/yoast.com\/wordpress\/plugins\/seo\/ -->\n<title>Quality | Fujifilm Apeos Multifunction Printers EMEA<\/title>\n<meta name=\"description\" content=\"Businesses that produce high-quality printed materials can gain a competitive edge. Discover why your business needs Apeos MFPs.\" \/>\n<meta name=\"robots\" content=\"noindex, follow, max-snippet:-1, max-image-preview:large, max-video-preview:-1\" \/>\n<meta property=\"og:locale\" content=\"sl_SI\" \/>\n<meta property=\"og:type\" content=\"article\" \/>\n<meta property=\"og:title\" content=\"Quality | Fujifilm Apeos Multifunction Printers EMEA\" \/>\n<meta property=\"og:description\" content=\"Businesses that produce high-quality printed materials can gain a competitive edge. Discover why your business needs Apeos MFPs.\" \/>\n<meta property=\"og:url\" content=\"https:\/\/office-staging.fujifilmprint.eu\/si\/quality\/\" \/>\n<meta property=\"og:site_name\" content=\"Fujifilm Office Printers EMEA\" \/>\n<meta property=\"article:modified_time\" content=\"2025-07-14T16:30:30+00:00\" \/>\n<meta name=\"twitter:card\" content=\"summary_large_image\" \/>\n<script type=\"application\/ld+json\" class=\"yoast-schema-graph\">{\"@context\":\"https:\/\/schema.org\",\"@graph\":[{\"@type\":\"WebPage\",\"@id\":\"https:\/\/office-staging.fujifilmprint.eu\/quality\/\",\"url\":\"https:\/\/office-staging.fujifilmprint.eu\/quality\/\",\"name\":\"Quality | Fujifilm Apeos Multifunction Printers EMEA\",\"isPartOf\":{\"@id\":\"https:\/\/office-staging.fujifilmprint.eu\/#website\"},\"datePublished\":\"2024-07-29T14:51:29+00:00\",\"dateModified\":\"2025-07-14T16:30:30+00:00\",\"description\":\"Businesses that produce high-quality printed materials can gain a competitive edge. Discover why your business needs Apeos MFPs.\",\"breadcrumb\":{\"@id\":\"https:\/\/office-staging.fujifilmprint.eu\/quality\/#breadcrumb\"},\"inLanguage\":\"sl-SI\",\"potentialAction\":[{\"@type\":\"ReadAction\",\"target\":[\"https:\/\/office-staging.fujifilmprint.eu\/quality\/\"]}]},{\"@type\":\"BreadcrumbList\",\"@id\":\"https:\/\/office-staging.fujifilmprint.eu\/quality\/#breadcrumb\",\"itemListElement\":[{\"@type\":\"ListItem\",\"position\":1,\"name\":\"Home\",\"item\":\"https:\/\/office-staging.fujifilmprint.eu\/\"},{\"@type\":\"ListItem\",\"position\":2,\"name\":\"Quality\"}]},{\"@type\":\"WebSite\",\"@id\":\"https:\/\/office-staging.fujifilmprint.eu\/#website\",\"url\":\"https:\/\/office-staging.fujifilmprint.eu\/\",\"name\":\"Fujifilm Office Printers EMEA\",\"description\":\"\",\"publisher\":{\"@id\":\"https:\/\/office-staging.fujifilmprint.eu\/#organization\"},\"potentialAction\":[{\"@type\":\"SearchAction\",\"target\":{\"@type\":\"EntryPoint\",\"urlTemplate\":\"https:\/\/office-staging.fujifilmprint.eu\/?s={search_term_string}\"},\"query-input\":\"required name=search_term_string\"}],\"inLanguage\":\"sl-SI\"},{\"@type\":\"Organization\",\"@id\":\"https:\/\/office-staging.fujifilmprint.eu\/#organization\",\"name\":\"Fujifilm Office Printers EMEA\",\"url\":\"https:\/\/office-staging.fujifilmprint.eu\/\",\"logo\":{\"@type\":\"ImageObject\",\"inLanguage\":\"sl-SI\",\"@id\":\"https:\/\/office-staging.fujifilmprint.eu\/#\/schema\/logo\/image\/\",\"url\":\"https:\/\/office-staging.fujifilmprint.eu\/wp-content\/uploads\/2024\/05\/fujifilm-1.png\",\"contentUrl\":\"https:\/\/office-staging.fujifilmprint.eu\/wp-content\/uploads\/2024\/05\/fujifilm-1.png\",\"width\":416,\"height\":70,\"caption\":\"Fujifilm Office Printers EMEA\"},\"image\":{\"@id\":\"https:\/\/office-staging.fujifilmprint.eu\/#\/schema\/logo\/image\/\"}}]}<\/script>\n<!-- \/ Yoast SEO plugin. -->","yoast_head_json":{"title":"Kakovost | Fujifilm Ve\u010dfunkcijski tiskalniki Apeos EMEA","description":"Podjetja, ki izdelujejo visokokakovostne tiskovine, lahko pridobijo konkuren\u010dno prednost. Odkrijte, zakaj va\u0161e podjetje potrebuje ve\u010dnamenske naprave Apeos.","robots":{"index":"noindex","follow":"follow","max-snippet":"max-snippet:-1","max-image-preview":"max-image-preview:large","max-video-preview":"max-video-preview:-1"},"og_locale":"sl_SI","og_type":"article","og_title":"Quality | Fujifilm Apeos Multifunction Printers EMEA","og_description":"Businesses that produce high-quality printed materials can gain a competitive edge. Discover why your business needs Apeos MFPs.","og_url":"https:\/\/office-staging.fujifilmprint.eu\/si\/quality\/","og_site_name":"Fujifilm Office Printers EMEA","article_modified_time":"2025-07-14T16:30:30+00:00","twitter_card":"summary_large_image","schema":{"@context":"https:\/\/schema.org","@graph":[{"@type":"WebPage","@id":"https:\/\/office-staging.fujifilmprint.eu\/quality\/","url":"https:\/\/office-staging.fujifilmprint.eu\/quality\/","name":"Kakovost | Fujifilm Ve\u010dfunkcijski tiskalniki Apeos EMEA","isPartOf":{"@id":"https:\/\/office-staging.fujifilmprint.eu\/#website"},"datePublished":"2024-07-29T14:51:29+00:00","dateModified":"2025-07-14T16:30:30+00:00","description":"Podjetja, ki izdelujejo visokokakovostne tiskovine, lahko pridobijo konkuren\u010dno prednost. Odkrijte, zakaj va\u0161e podjetje potrebuje ve\u010dnamenske naprave Apeos.","breadcrumb":{"@id":"https:\/\/office-staging.fujifilmprint.eu\/quality\/#breadcrumb"},"inLanguage":"sl-SI","potentialAction":[{"@type":"ReadAction","target":["https:\/\/office-staging.fujifilmprint.eu\/quality\/"]}]},{"@type":"BreadcrumbList","@id":"https:\/\/office-staging.fujifilmprint.eu\/quality\/#breadcrumb","itemListElement":[{"@type":"ListItem","position":1,"name":"Home","item":"https:\/\/office-staging.fujifilmprint.eu\/"},{"@type":"ListItem","position":2,"name":"Quality"}]},{"@type":"WebSite","@id":"https:\/\/office-staging.fujifilmprint.eu\/#website","url":"https:\/\/office-staging.fujifilmprint.eu\/","name":"Fujifilm Pisarni\u0161ki tiskalniki EMEA","description":"","publisher":{"@id":"https:\/\/office-staging.fujifilmprint.eu\/#organization"},"potentialAction":[{"@type":"SearchAction","target":{"@type":"EntryPoint","urlTemplate":"https:\/\/office-staging.fujifilmprint.eu\/?s={search_term_string}"},"query-input":"required name=search_term_string"}],"inLanguage":"sl-SI"},{"@type":"Organization","@id":"https:\/\/office-staging.fujifilmprint.eu\/#organization","name":"Fujifilm Pisarni\u0161ki tiskalniki EMEA","url":"https:\/\/office-staging.fujifilmprint.eu\/","logo":{"@type":"ImageObject","inLanguage":"sl-SI","@id":"https:\/\/office-staging.fujifilmprint.eu\/#\/schema\/logo\/image\/","url":"https:\/\/office-staging.fujifilmprint.eu\/wp-content\/uploads\/2024\/05\/fujifilm-1.png","contentUrl":"https:\/\/office-staging.fujifilmprint.eu\/wp-content\/uploads\/2024\/05\/fujifilm-1.png","width":416,"height":70,"caption":"Fujifilm Office Printers EMEA"},"image":{"@id":"https:\/\/office-staging.fujifilmprint.eu\/#\/schema\/logo\/image\/"}}]}},"_links":{"self":[{"href":"https:\/\/office-staging.fujifilmprint.eu\/si\/wp-json\/wp\/v2\/pages\/19725","targetHints":{"allow":["GET"]}}],"collection":[{"href":"https:\/\/office-staging.fujifilmprint.eu\/si\/wp-json\/wp\/v2\/pages"}],"about":[{"href":"https:\/\/office-staging.fujifilmprint.eu\/si\/wp-json\/wp\/v2\/types\/page"}],"author":[{"embeddable":true,"href":"https:\/\/office-staging.fujifilmprint.eu\/si\/wp-json\/wp\/v2\/users\/7"}],"replies":[{"embeddable":true,"href":"https:\/\/office-staging.fujifilmprint.eu\/si\/wp-json\/wp\/v2\/comments?post=19725"}],"version-history":[{"count":88,"href":"https:\/\/office-staging.fujifilmprint.eu\/si\/wp-json\/wp\/v2\/pages\/19725\/revisions"}],"predecessor-version":[{"id":21386,"href":"https:\/\/office-staging.fujifilmprint.eu\/si\/wp-json\/wp\/v2\/pages\/19725\/revisions\/21386"}],"wp:attachment":[{"href":"https:\/\/office-staging.fujifilmprint.eu\/si\/wp-json\/wp\/v2\/media?parent=19725"}],"curies":[{"name":"wp","href":"https:\/\/api.w.org\/{rel}","templated":true}]}}