{"id":19742,"date":"2024-07-30T14:27:33","date_gmt":"2024-07-30T13:27:33","guid":{"rendered":"https:\/\/office-staging.fujifilmprint.eu\/?page_id=19742"},"modified":"2025-07-14T17:30:18","modified_gmt":"2025-07-14T16:30:18","slug":"efficiency","status":"publish","type":"page","link":"https:\/\/office-staging.fujifilmprint.eu\/si\/efficiency\/","title":{"rendered":"U\u010dinkovitost"},"content":{"rendered":"<section id=\"green-header\">\n\t<div class=\"container-fluid green-pt\" style=\"background-image: url('https:\/\/office-staging.fujifilmprint.eu\/wp-content\/uploads\/2024\/09\/efficiency-header-2000x324-1.jpg');background-size: cover;padding: 0;\">\n\t<div class=\"overlay\" style=\"padding: 75px 0;\">\t\t<div class=\"container\">\n\t\t\t<h2 style=\"color: #00e5c2;\">\n\t\t\t\tZagotavljanje ve\u010dje u\u010dinkovitosti\t\t\t<\/h2>\n\t\t\t<h3 style=\"color: #fff;margin-top: 25px;letter-spacing: -1px;font-size: 29px;font-weight: 500;\">\n\t\t\t\tZanesljivo delovanje, ki pove\u010duje produktivnost\t\t\t<\/h3>\n\t\t<\/div>\n\t<\/div>\t<\/div>\n<\/section>\n\n<div style=\"height:50px;\">\n<\/div>\n\n<section id=\"txt-header\">\n\t<div class=\"container block-text-header\">\n\t\t<h3>Zakaj Apeos?<\/h3>\n\t\t<h2>Pisarni\u0161ki tiskalniki Apeos, zasnovani za zanesljivost in vzdr\u017eljivost, bistveno izbolj\u0161ajo poslovanje podjetja.<\/h2>\n\t\t<p><p>Pisarni\u0161ki tiskalniki, usmerjeni v produktivnost, zagotavljajo ve\u010d prednosti, ki bistveno izbolj\u0161ajo poslovanje podjetja. Prvi\u010d, pisarni\u0161ki tiskalniki Apeos z mo\u017enostjo hitrega tiskanja prihranijo \u010das, skraj\u0161ajo \u010dakanje na dokumente in zaposlenim omogo\u010dajo, da se bolj osredoto\u010dijo na glavne naloge, s \u010dimer pove\u010dajo splo\u0161no u\u010dinkovitost.<\/p>\n<p>Serija Apeos podpira pove\u010dan izpis z u\u010dinkovitim obvladovanjem velikega obsega tiskanja, s \u010dimer brez zamud izpolnjuje zahteve natrpanih pisarni\u0161kih okolij. Fujifilm Tiskalniki Apeos so zasnovani za zanesljivost in vzdr\u017eljivost, kar zmanj\u0161uje okvare in potrebe po vzdr\u017eevanju, kar posledi\u010dno zmanj\u0161uje prekinitve dela. Integrirane programske re\u0161itve Fujifilm olaj\u0161ajo naloge upravljanja dokumentov, kot so skeniranje, arhiviranje in digitalna izmenjava, ter tako izbolj\u0161ajo celoten potek dela z dokumenti in njihovo dostopnost.<\/p>\n<p>Pisarni\u0161ki tiskalniki Fujifilm so vsestranski, saj obdelujejo razli\u010dne vrste in velikosti medijev, kar va\u0161emu podjetju omogo\u010da izdelavo \u0161irokega nabora dokumentov v podjetju, od standardnih poro\u010dil do zapletenega marketin\u0161kega gradiva. So raz\u0161irljivi, tako da se prilagodijo nara\u0161\u010dajo\u010dim potrebam po tiskanju, ko va\u0161e podjetje raste, ne da bi pri tem ogrozili zmogljivost.<\/p>\n<p>Apeosovi tiskalniki zagotavljajo profesionalno kakovost tiska, tako da so vsi dokumenti za notranjo uporabo ali zunanjo komunikacijo urejeni in prispevajo k pozitivni podobi podjetja. Ta profesionalni videz krepi verodostojnost in strokovnost v stikih s strankami in poslovni komunikaciji.<\/p>\n<\/p>\n\t<\/div>\n<\/section>\n\n<section id=\"txt-header\">\n\t<div class=\"container block-text-header\">\n\t\t<h3>Glavne zna\u010dilnosti<\/h3>\n\t\t<h2><\/h2>\n\t\t<p><p><strong>TISKANJE VE\u010cNAMENSKE NAPRAVE:<\/strong> Omogo\u010da fleksibilnost tiskanja in zbiranja izpisov iz katere koli priklju\u010dene ve\u010dnamenske naprave. S tiskanjem iz druge razpolo\u017eljive ve\u010dnamenske naprave, medtem ko je trenutna naprava v uporabi, se izbolj\u0161a produktivnost.<\/p>\n<p><img decoding=\"async\" class=\"alignnone wp-image-20355 size-full\" src=\"https:\/\/office-staging.fujifilmprint.eu\/wp-content\/uploads\/2024\/08\/Multifunction-device-printing.svg\" alt=\"\" \/><\/p>\n<p><strong>LABORATORIJ ZA KUPCE JE ZELO PRIPORO\u010cLJIV:<\/strong> Fujifilm Apeos C4030, C5570 in C7070 so uspe\u0161no opravili teste podjetja Keypoint Intelligence ter prejeli oceno in pe\u010dat Buyers Laba \"Highly Recommended\".<\/p>\n<p><strong>DELITE INFORMACIJE KADAR KOLI IN KJER KOLI:\u00a0<\/strong>S programsko opremo za upravljanje dokumentov in dostopom do interneta lahko dokumente pregledujete ne glede na \u010das in lokacijo.<\/p>\n<p><img loading=\"lazy\" decoding=\"async\" class=\"wp-image-20796 size-large aligncenter\" src=\"https:\/\/office-staging.fujifilmprint.eu\/wp-content\/uploads\/2024\/09\/FUJ13516-Infographics-for-export-v5-outlined-13-v2.svg\" alt=\"\" width=\"640\" height=\"640\" \/><\/p>\n<p><strong>HITRO SKENIRANJE VELIKE KOLI\u010cINE:<\/strong> Takoj opti\u010dno opti\u010dno branje brez ro\u010dnega vnosa z enoprehodnim barvnim dvostranskim opti\u010dnim branjem do 270 strani na minuto. Enoprehodno DADF ne po\u0161koduje izvirnega dokumenta, sistem pa izvirnike prilagojene velikosti samodejno pretvori v standardno velikost.<\/p>\n<p><strong>HITER ZAGON IN IZPIS:<\/strong> \u010cas prehoda iz na\u010dina mirovanja je 5 sekund, \u010das prve kopije pa 6,7 sekunde (Apeos C3570), kar zagotavlja ve\u010djo u\u010dinkovitost.<\/p>\n<p><img loading=\"lazy\" decoding=\"async\" class=\"aligncenter wp-image-20799\" src=\"https:\/\/office-staging.fujifilmprint.eu\/wp-content\/uploads\/2024\/09\/FUJ13516-Infographics-for-export-v5-outlined-26.svg\" alt=\"\" width=\"1030\" height=\"318\" \/><\/p>\n<p><strong>NEPOSREDNO OPTI\u010cNO BRANJE ZA TISKANJE:<\/strong> Tiskajte neposredno s pomnilnika USB ali pa podatke opti\u010dno preberite in jih neposredno shranite na pomnilnik USB brez uporabe ra\u010dunalnika.<\/p>\n<p><img decoding=\"async\" class=\"alignnone wp-image-20844 size-full\" src=\"https:\/\/office-staging.fujifilmprint.eu\/wp-content\/uploads\/2024\/09\/FUJ13516-Infographics-for-export-v5-outlined-15-v2-1.svg\" alt=\"\" \/><\/p>\n<p><strong>PRENOSNA UPRAVLJALNA PLO\u0160\u010cA<\/strong>: Brezhibna povezljivost z mobilnimi napravami za kopiranje, faksiranje, tiskanje in skeniranje. Mobilne naprave se lahko uporabljajo kot alternativni uporabni\u0161ki vmesnik za operacije, da se zmanj\u0161ajo skupne to\u010dke dotika.<\/p>\n<p><img loading=\"lazy\" decoding=\"async\" class=\"aligncenter wp-image-20393 size-large\" src=\"https:\/\/office-staging.fujifilmprint.eu\/wp-content\/uploads\/2024\/08\/Portable-operation-panel.svg\" alt=\"\" width=\"640\" height=\"640\" \/><\/p>\n<\/p>\n\t<\/div>\n<\/section>\n\n<div style=\"height:50px;\">\n<\/div>\n\n\r\n<style>\r\n.icon-block-link{\r\n\ttext-decoration: none;\r\n\tcolor: black;\r\n}\r\n.icon-block-link:hover .poi-icons-printers .icon-block-icon{\r\n\ttransform: scale(1.2);\r\n    filter: invert(69%) sepia(96%) saturate(1997%) hue-rotate(120deg) brightness(99%) contrast(101%) !important;\r\n\ttransition: 0.4s;\r\n}\r\n<\/style>\r\n<section id=\"tc-icons\" class=\"printer-icons\">\r\n\t<div class=\"container block-three-column-icons\">\r\n\t\t<h2>Odkrijte ponudbo ve\u010dnamenskih tiskalnikov Apeos:<\/h2>\r\n\t\t<div class=\"row\" style=\"margin-top: 70px;\">\r\n\t\t\t\t\t\t\t\t\t\t\t\t<div class=\"col-sm\">\r\n                    <a href=\"https:\/\/office-staging.fujifilmprint.eu\/si\/product\/apeos-c4030-series\/\" class=\"icon-block-link\">\r\n                        <div class=\"icons-flex\">\r\n                                <div class=\"poi-icons-printers\" style=\"background-color: transparent;\">\r\n                                    <img decoding=\"async\" class=\"icon-block-icon\" src=\"\/wp-content\/uploads\/2024\/08\/C4030.svg\" style=\"filter: brightness(0);\" \/>\r\n                                <\/div>\r\n                            <div class=\"icon-content\">\r\n                            <p>\r\n                                <strong>Serija Apeos C4030<\/strong>\r\n                            <\/p>\r\n                                <p style=\"padding: 0 15px;\">Tiskanje A4 brez kompromisov glede kakovosti<\/p>\r\n                                <\/div>\r\n                        <\/div>\r\n                        <\/a>\r\n\t\t\t\t\t<\/div>\r\n\t\t\t\t\t\t\t\t\t<div class=\"col-sm\">\r\n                    <a href=\"https:\/\/office-staging.fujifilmprint.eu\/si\/product\/apeos-c3060-series\/\" class=\"icon-block-link\">\r\n                        <div class=\"icons-flex\">\r\n                                <div class=\"poi-icons-printers\" style=\"background-color: transparent;\">\r\n                                    <img decoding=\"async\" class=\"icon-block-icon\" src=\"\/wp-content\/uploads\/2024\/08\/C3060.svg\" style=\"filter: brightness(0);\" \/>\r\n                                <\/div>\r\n                            <div class=\"icon-content\">\r\n                            <p>\r\n                                <strong>Serija Apeos C3060<\/strong>\r\n                            <\/p>\r\n                                <p style=\"padding: 0 15px;\">Konfigurabilno tiskanje A3 z najve\u010djo prilagodljivostjo<\/p>\r\n                                <\/div>\r\n                        <\/div>\r\n                        <\/a>\r\n\t\t\t\t\t<\/div>\r\n\t\t\t\t\t\t\t\t\t<div class=\"col-sm\">\r\n                    <a href=\"https:\/\/office-staging.fujifilmprint.eu\/si\/product\/apeos-c7070-series\/\" class=\"icon-block-link\">\r\n                        <div class=\"icons-flex\">\r\n                                <div class=\"poi-icons-printers\" style=\"background-color: transparent;\">\r\n                                    <img decoding=\"async\" class=\"icon-block-icon\" src=\"\/wp-content\/uploads\/2024\/08\/C7070.svg\" style=\"filter: brightness(0);\" \/>\r\n                                <\/div>\r\n                            <div class=\"icon-content\">\r\n                            <p>\r\n                                <strong>Serija Apeos C7070<\/strong>\r\n                            <\/p>\r\n                                <p style=\"padding: 0 15px;\">Robusten in intuitiven visokotehnolo\u0161ki sistem <br>Tiskanje v formatu A3<\/p>\r\n                                <\/div>\r\n                        <\/div>\r\n                        <\/a>\r\n\t\t\t\t\t<\/div>\r\n\t\t\t\t\t\t\t\t\t<\/div>\r\n\t<\/div>\r\n<\/section>\n\n<div id=\"contact\"><\/div>\n\n<div style=\"height:100px;\">\n<\/div>\n\n<section id=\"dark-form\">\n\t<div id=\"footer-form\" class=\"container\">\n\t\t<h2 class=\"translation-block\">Vas zanima u\u010dinkovito tiskanje z Apeosom?<br>Prijavite se:<\/h2>\n\n\t\t  \r\n   \r\n  \r\n \r\n  \r\n<script src=\"\/\/info.fujifilm.eu\/js\/forms2\/js\/forms2.min.js\"><\/script> <form id=\"mktoForm_6521\" action=\"\"><input type=\"hidden\" name=\"trp-form-language\" value=\"si\"\/><\/form> <script>MktoForms2.loadForm(\"\/\/info.fujifilm.eu\", \"060-MIY-956\", 6521);<\/script>\r\n\r\n  \n\t\t<div id=\"confirmform\" style=\"visibility:hidden;\">\n                            <p><strong>Zahvaljujemo se vam za va\u0161e povpra\u0161evanje in kmalu bomo vzpostavili stik z vami.<\/strong><\/p>\n              \n        <\/div>\n\t<\/div>\n<\/section>","protected":false},"excerpt":{"rendered":"","protected":false},"author":7,"featured_media":0,"parent":0,"menu_order":0,"comment_status":"closed","ping_status":"closed","template":"","meta":{"inline_featured_image":false,"footnotes":""},"class_list":["post-19742","page","type-page","status-publish","hentry"],"acf":[],"yoast_head":"<!-- This site is optimized with the Yoast SEO plugin v22.5 - https:\/\/yoast.com\/wordpress\/plugins\/seo\/ -->\n<title>Efficiency | Fujifilm Apeos Multifunction Printers EMEA<\/title>\n<meta name=\"description\" content=\"Businesses that produce high-quality printed materials can gain a competitive edge. Discover why your business needs Apeos MFPs.\" \/>\n<meta name=\"robots\" content=\"noindex, follow, max-snippet:-1, max-image-preview:large, max-video-preview:-1\" \/>\n<meta property=\"og:locale\" content=\"sl_SI\" \/>\n<meta property=\"og:type\" content=\"article\" \/>\n<meta property=\"og:title\" content=\"Efficiency | Fujifilm Apeos Multifunction Printers EMEA\" \/>\n<meta property=\"og:description\" content=\"Businesses that produce high-quality printed materials can gain a competitive edge. Discover why your business needs Apeos MFPs.\" \/>\n<meta property=\"og:url\" content=\"https:\/\/office-staging.fujifilmprint.eu\/si\/efficiency\/\" \/>\n<meta property=\"og:site_name\" content=\"Fujifilm Office Printers EMEA\" \/>\n<meta property=\"article:modified_time\" content=\"2025-07-14T16:30:18+00:00\" \/>\n<meta name=\"twitter:card\" content=\"summary_large_image\" \/>\n<script type=\"application\/ld+json\" class=\"yoast-schema-graph\">{\"@context\":\"https:\/\/schema.org\",\"@graph\":[{\"@type\":\"WebPage\",\"@id\":\"https:\/\/office-staging.fujifilmprint.eu\/efficiency\/\",\"url\":\"https:\/\/office-staging.fujifilmprint.eu\/efficiency\/\",\"name\":\"Efficiency | Fujifilm Apeos Multifunction Printers EMEA\",\"isPartOf\":{\"@id\":\"https:\/\/office-staging.fujifilmprint.eu\/#website\"},\"datePublished\":\"2024-07-30T13:27:33+00:00\",\"dateModified\":\"2025-07-14T16:30:18+00:00\",\"description\":\"Businesses that produce high-quality printed materials can gain a competitive edge. Discover why your business needs Apeos MFPs.\",\"breadcrumb\":{\"@id\":\"https:\/\/office-staging.fujifilmprint.eu\/efficiency\/#breadcrumb\"},\"inLanguage\":\"sl-SI\",\"potentialAction\":[{\"@type\":\"ReadAction\",\"target\":[\"https:\/\/office-staging.fujifilmprint.eu\/efficiency\/\"]}]},{\"@type\":\"BreadcrumbList\",\"@id\":\"https:\/\/office-staging.fujifilmprint.eu\/efficiency\/#breadcrumb\",\"itemListElement\":[{\"@type\":\"ListItem\",\"position\":1,\"name\":\"Home\",\"item\":\"https:\/\/office-staging.fujifilmprint.eu\/\"},{\"@type\":\"ListItem\",\"position\":2,\"name\":\"Efficiency\"}]},{\"@type\":\"WebSite\",\"@id\":\"https:\/\/office-staging.fujifilmprint.eu\/#website\",\"url\":\"https:\/\/office-staging.fujifilmprint.eu\/\",\"name\":\"Fujifilm Office Printers EMEA\",\"description\":\"\",\"publisher\":{\"@id\":\"https:\/\/office-staging.fujifilmprint.eu\/#organization\"},\"potentialAction\":[{\"@type\":\"SearchAction\",\"target\":{\"@type\":\"EntryPoint\",\"urlTemplate\":\"https:\/\/office-staging.fujifilmprint.eu\/?s={search_term_string}\"},\"query-input\":\"required name=search_term_string\"}],\"inLanguage\":\"sl-SI\"},{\"@type\":\"Organization\",\"@id\":\"https:\/\/office-staging.fujifilmprint.eu\/#organization\",\"name\":\"Fujifilm Office Printers EMEA\",\"url\":\"https:\/\/office-staging.fujifilmprint.eu\/\",\"logo\":{\"@type\":\"ImageObject\",\"inLanguage\":\"sl-SI\",\"@id\":\"https:\/\/office-staging.fujifilmprint.eu\/#\/schema\/logo\/image\/\",\"url\":\"https:\/\/office-staging.fujifilmprint.eu\/wp-content\/uploads\/2024\/05\/fujifilm-1.png\",\"contentUrl\":\"https:\/\/office-staging.fujifilmprint.eu\/wp-content\/uploads\/2024\/05\/fujifilm-1.png\",\"width\":416,\"height\":70,\"caption\":\"Fujifilm Office Printers EMEA\"},\"image\":{\"@id\":\"https:\/\/office-staging.fujifilmprint.eu\/#\/schema\/logo\/image\/\"}}]}<\/script>\n<!-- \/ Yoast SEO plugin. -->","yoast_head_json":{"title":"U\u010dinkovitost | Fujifilm Ve\u010dfunkcijski tiskalniki Apeos EMEA","description":"Podjetja, ki izdelujejo visokokakovostne tiskovine, lahko pridobijo konkuren\u010dno prednost. Odkrijte, zakaj va\u0161e podjetje potrebuje ve\u010dnamenske naprave Apeos.","robots":{"index":"noindex","follow":"follow","max-snippet":"max-snippet:-1","max-image-preview":"max-image-preview:large","max-video-preview":"max-video-preview:-1"},"og_locale":"sl_SI","og_type":"article","og_title":"Efficiency | Fujifilm Apeos Multifunction Printers EMEA","og_description":"Businesses that produce high-quality printed materials can gain a competitive edge. Discover why your business needs Apeos MFPs.","og_url":"https:\/\/office-staging.fujifilmprint.eu\/si\/efficiency\/","og_site_name":"Fujifilm Office Printers EMEA","article_modified_time":"2025-07-14T16:30:18+00:00","twitter_card":"summary_large_image","schema":{"@context":"https:\/\/schema.org","@graph":[{"@type":"WebPage","@id":"https:\/\/office-staging.fujifilmprint.eu\/efficiency\/","url":"https:\/\/office-staging.fujifilmprint.eu\/efficiency\/","name":"U\u010dinkovitost | Fujifilm Ve\u010dfunkcijski tiskalniki Apeos EMEA","isPartOf":{"@id":"https:\/\/office-staging.fujifilmprint.eu\/#website"},"datePublished":"2024-07-30T13:27:33+00:00","dateModified":"2025-07-14T16:30:18+00:00","description":"Podjetja, ki izdelujejo visokokakovostne tiskovine, lahko pridobijo konkuren\u010dno prednost. Odkrijte, zakaj va\u0161e podjetje potrebuje ve\u010dnamenske naprave Apeos.","breadcrumb":{"@id":"https:\/\/office-staging.fujifilmprint.eu\/efficiency\/#breadcrumb"},"inLanguage":"sl-SI","potentialAction":[{"@type":"ReadAction","target":["https:\/\/office-staging.fujifilmprint.eu\/efficiency\/"]}]},{"@type":"BreadcrumbList","@id":"https:\/\/office-staging.fujifilmprint.eu\/efficiency\/#breadcrumb","itemListElement":[{"@type":"ListItem","position":1,"name":"Home","item":"https:\/\/office-staging.fujifilmprint.eu\/"},{"@type":"ListItem","position":2,"name":"Efficiency"}]},{"@type":"WebSite","@id":"https:\/\/office-staging.fujifilmprint.eu\/#website","url":"https:\/\/office-staging.fujifilmprint.eu\/","name":"Fujifilm Pisarni\u0161ki tiskalniki EMEA","description":"","publisher":{"@id":"https:\/\/office-staging.fujifilmprint.eu\/#organization"},"potentialAction":[{"@type":"SearchAction","target":{"@type":"EntryPoint","urlTemplate":"https:\/\/office-staging.fujifilmprint.eu\/?s={search_term_string}"},"query-input":"required name=search_term_string"}],"inLanguage":"sl-SI"},{"@type":"Organization","@id":"https:\/\/office-staging.fujifilmprint.eu\/#organization","name":"Fujifilm Pisarni\u0161ki tiskalniki EMEA","url":"https:\/\/office-staging.fujifilmprint.eu\/","logo":{"@type":"ImageObject","inLanguage":"sl-SI","@id":"https:\/\/office-staging.fujifilmprint.eu\/#\/schema\/logo\/image\/","url":"https:\/\/office-staging.fujifilmprint.eu\/wp-content\/uploads\/2024\/05\/fujifilm-1.png","contentUrl":"https:\/\/office-staging.fujifilmprint.eu\/wp-content\/uploads\/2024\/05\/fujifilm-1.png","width":416,"height":70,"caption":"Fujifilm Office Printers EMEA"},"image":{"@id":"https:\/\/office-staging.fujifilmprint.eu\/#\/schema\/logo\/image\/"}}]}},"_links":{"self":[{"href":"https:\/\/office-staging.fujifilmprint.eu\/si\/wp-json\/wp\/v2\/pages\/19742","targetHints":{"allow":["GET"]}}],"collection":[{"href":"https:\/\/office-staging.fujifilmprint.eu\/si\/wp-json\/wp\/v2\/pages"}],"about":[{"href":"https:\/\/office-staging.fujifilmprint.eu\/si\/wp-json\/wp\/v2\/types\/page"}],"author":[{"embeddable":true,"href":"https:\/\/office-staging.fujifilmprint.eu\/si\/wp-json\/wp\/v2\/users\/7"}],"replies":[{"embeddable":true,"href":"https:\/\/office-staging.fujifilmprint.eu\/si\/wp-json\/wp\/v2\/comments?post=19742"}],"version-history":[{"count":108,"href":"https:\/\/office-staging.fujifilmprint.eu\/si\/wp-json\/wp\/v2\/pages\/19742\/revisions"}],"predecessor-version":[{"id":21382,"href":"https:\/\/office-staging.fujifilmprint.eu\/si\/wp-json\/wp\/v2\/pages\/19742\/revisions\/21382"}],"wp:attachment":[{"href":"https:\/\/office-staging.fujifilmprint.eu\/si\/wp-json\/wp\/v2\/media?parent=19742"}],"curies":[{"name":"wp","href":"https:\/\/api.w.org\/{rel}","templated":true}]}}