{"id":21412,"date":"2025-09-03T13:11:50","date_gmt":"2025-09-03T12:11:50","guid":{"rendered":"https:\/\/office-staging.fujifilmprint.eu\/?page_id=21412"},"modified":"2026-01-05T14:51:01","modified_gmt":"2026-01-05T13:51:01","slug":"collection-services","status":"publish","type":"page","link":"https:\/\/office-staging.fujifilmprint.eu\/si\/collection-services\/","title":{"rendered":"Storitve zbiranja"},"content":{"rendered":"<section id=\"black-header\">\n\t<div class=\"container-fluid black-pt\" style=\"background-image: url('https:\/\/office-staging.fujifilmprint.eu\/wp-content\/uploads\/2025\/08\/Flower-sustainabilityAdobeStock_585179623-e1755096172888.jpg');background-size: cover;padding: 0;\">\n\t<div class=\"overlay\" style=\"padding: 200px 0;\">\t\t<div class=\"container\">\n\t\t\t<h2 style=\"line-height: 80px;\">\n\t\t\t\tStoritve zbiranja\t\t\t<\/h2>\n\t\t\t<h3>\n\t\t\t\tZbiraj, ponovno uporabi in recikliraj: Fujifilmkro\u017eni pristop\t\t\t<\/h3>\n\t\t<\/div>\n\t<\/div>\t<\/div>\n<\/section>\n\n<div style=\"height:50px;\">\n<\/div>\n\n<section id=\"txt-header\">\n\t<div class=\"container block-text-header\">\n\t\t<h3><\/h3>\n\t\t<h2>Spodbujanje kro\u017eenja virov<\/h2>\n\t\t<p><p>Fujifilm je od leta 1995 uvedel politiko recikliranja z namenom \u2018ni\u010d odpadkov\u2019 in spodbujanja kro\u017eenja virov, kar je vklju\u010devalo zbiranje, ponovno uporabo in recikliranje uporabljene opreme in izdelkov s strani kupcev. Ta politika se je osredoto\u010dila na zmanj\u0161anje uporabe novih virov in spodbujanje kro\u017eenja virov s ponovno uporabo delov iz zbranih rabljenih izdelkov.<\/p>\n<p><img loading=\"lazy\" decoding=\"async\" class=\"wp-image-21438 alignright\" src=\"https:\/\/office-staging.fujifilmprint.eu\/wp-content\/uploads\/2025\/09\/Circular-Manufacturing-Center-building-1024x731.jpg\" alt=\"\" width=\"585\" height=\"418\" srcset=\"https:\/\/office-staging.fujifilmprint.eu\/wp-content\/uploads\/2025\/09\/Circular-Manufacturing-Center-building-1024x731.jpg 1024w, https:\/\/office-staging.fujifilmprint.eu\/wp-content\/uploads\/2025\/09\/Circular-Manufacturing-Center-building-300x214.jpg 300w, https:\/\/office-staging.fujifilmprint.eu\/wp-content\/uploads\/2025\/09\/Circular-Manufacturing-Center-building-768x548.jpg 768w, https:\/\/office-staging.fujifilmprint.eu\/wp-content\/uploads\/2025\/09\/Circular-Manufacturing-Center-building-1536x1097.jpg 1536w, https:\/\/office-staging.fujifilmprint.eu\/wp-content\/uploads\/2025\/09\/Circular-Manufacturing-Center-building-2048x1463.jpg 2048w, https:\/\/office-staging.fujifilmprint.eu\/wp-content\/uploads\/2025\/09\/Circular-Manufacturing-Center-building-18x12.jpg 18w\" sizes=\"auto, (max-width: 585px) 100vw, 585px\" \/><\/p>\n<p>Leta 2024 je Fujifilm objavil ustanovitev Centra za kro\u017eno proizvodnjo, ki bo deloval na lokaciji FUJIFILM Manufacturing Europe B.V. na Nizozemskem, s ciljem spodbujanja kro\u017eenja virov v Evropi. Kot prvi korak se novi proizvodni center osredoto\u010da na zbiranje rabljenih kartu\u0161 za toner, ki se po prevzemu razstavijo, o\u010distijo in pregledajo, nato pa se kot nove kartu\u0161e za toner ponovno proizvedejo za po\u0161iljanje znotraj evropske regije. V prihodnosti Fujifilm na\u010drtuje raz\u0161iritev teh postopkov prenove na druge izdelke, kot so prenovljeni ve\u010dnamenski tiskalniki in rezervni deli za proizvodne tiskalnike.<\/p>\n<h6 class=\"s8\"><\/h6>\n<\/p>\n\t<\/div>\n<\/section>\n\n<div style=\"height:20px;\">\n<\/div>\n\n<section id=\"txt-header\">\n\t<div class=\"container block-text-header\">\n\t\t<h3><\/h3>\n\t\t<h2><\/h2>\n\t\t<p><p><img loading=\"lazy\" decoding=\"async\" class=\"alignleft wp-image-21437\" style=\"font-family: Poppins, sans-serif; font-size: 18px;\" src=\"https:\/\/office-staging.fujifilmprint.eu\/wp-content\/uploads\/2025\/09\/Circular-Manufacturing-Center-toner-731x1024.jpg\" alt=\"\" width=\"351\" height=\"491\" \/><\/p>\n<p class=\"s5\"><span class=\"s4\">Poleg tega FUJIFILM Man<\/span><span class=\"s4\">ufacturing Europe B.V. dobavlja <\/span><span class=\"s4\">vse od<\/span><span class=\"s4\"> lastno elektri\u010dno energijo iz lastne proizvodnje energije vetra na lokaciji in iz podjetja za proizvodnjo energije vetra, od katerega kupuje energijo. Zato novo ustanovljeno kro\u017eno proizvodno <\/span><span class=\"s4\">Center<\/span><span class=\"s4\"> lahko dose\u017ee skoraj ni\u010d CO<\/span><span class=\"s6\">2<\/span><span class=\"s4\"> emisij iz elektri\u010dne energije, ki jo uporablja. FUJIFILM Manufacturing Europe B.V. ima ve\u010d kot 40-letno zgodovino proizvodnje razli\u010dnih Fujifilm izdelkov, njegova lokacija na Nizozemskem pa mu omogo\u010da u\u010dinkovito po\u0161iljanje izdelkov po vsej evropski celini.<\/span><\/p>\n<p class=\"s5\"><span class=\"s4\">Z odprtjem kro\u017enega proizvodnega <\/span><span class=\"s4\">Center<\/span><span class=\"s4\"> v Evropi, <\/span><span class=\"s4\">Fujifilm<\/span><span class=\"s4\"> je namenjen izbolj\u0161anju svojih dejavnosti kro\u017eenja virov, da bi prispeval k spodbujanju kro\u017enega gospodarstva.<\/span><\/p>\n<h6 class=\"s8\"><span class=\"s7\">Naprave MFP se predelajo iz rabljenih izdelkov, ki jih zberemo od kupcev. Izdelki se razstavijo, o\u010distijo in pregledajo, deli, ki ne ustrezajo dolo\u010denemu standardu kakovosti, pa se zamenjajo.<\/span><\/h6>\n<\/p>\n\t<\/div>\n<\/section>\n\n<div style=\"height:100px;\">\n<\/div>\n\n\n\n\n<div style=\"height:80px;\">\n<\/div>\n\n\r\n<style>\r\n.icon-block-link{\r\n\ttext-decoration: none;\r\n\tcolor: black;\r\n}\r\n.icon-block-link:hover .poi-icons-printers .icon-block-icon{\r\n\ttransform: scale(1.2);\r\n    filter: invert(69%) sepia(96%) saturate(1997%) hue-rotate(120deg) brightness(99%) contrast(101%) !important;\r\n\ttransition: 0.4s;\r\n}\r\n<\/style>\r\n<section id=\"tc-icons\" class=\"printer-icons\">\r\n\t<div class=\"container block-three-column-icons\">\r\n\t\t<h2>Odkrijte ponudbo ve\u010dnamenskih tiskalnikov Apeos:<\/h2>\r\n\t\t<div class=\"row\" style=\"margin-top: 70px;\">\r\n\t\t\t\t\t\t\t\t\t\t\t\t<div class=\"col-sm\">\r\n                    <a href=\"https:\/\/office-staging.fujifilmprint.eu\/si\/product\/apeos-c4030-series\/\" class=\"icon-block-link\">\r\n                        <div class=\"icons-flex\">\r\n                                <div class=\"poi-icons-printers\" style=\"background-color: transparent;\">\r\n                                    <img decoding=\"async\" class=\"icon-block-icon\" src=\"\/wp-content\/uploads\/2024\/08\/C4030.svg\" style=\"filter: brightness(0);\" \/>\r\n                                <\/div>\r\n                            <div class=\"icon-content\">\r\n                            <p>\r\n                                <strong>Serija Apeos C4030<\/strong>\r\n                            <\/p>\r\n                                <p style=\"padding: 0 15px;\">Tiskanje A4 brez kompromisov glede kakovosti<\/p>\r\n                                <\/div>\r\n                        <\/div>\r\n                        <\/a>\r\n\t\t\t\t\t<\/div>\r\n\t\t\t\t\t\t\t\t\t<div class=\"col-sm\">\r\n                    <a href=\"https:\/\/office-staging.fujifilmprint.eu\/si\/product\/apeos-c3060-series\/\" class=\"icon-block-link\">\r\n                        <div class=\"icons-flex\">\r\n                                <div class=\"poi-icons-printers\" style=\"background-color: transparent;\">\r\n                                    <img decoding=\"async\" class=\"icon-block-icon\" src=\"\/wp-content\/uploads\/2024\/08\/C3060.svg\" style=\"filter: brightness(0);\" \/>\r\n                                <\/div>\r\n                            <div class=\"icon-content\">\r\n                            <p>\r\n                                <strong>Serija Apeos C3060<\/strong>\r\n                            <\/p>\r\n                                <p style=\"padding: 0 15px;\">Konfigurabilno tiskanje A3 z najve\u010djo prilagodljivostjo<\/p>\r\n                                <\/div>\r\n                        <\/div>\r\n                        <\/a>\r\n\t\t\t\t\t<\/div>\r\n\t\t\t\t\t\t\t\t\t<div class=\"col-sm\">\r\n                    <a href=\"https:\/\/office-staging.fujifilmprint.eu\/si\/product\/apeos-c7070-series\/\" class=\"icon-block-link\">\r\n                        <div class=\"icons-flex\">\r\n                                <div class=\"poi-icons-printers\" style=\"background-color: transparent;\">\r\n                                    <img decoding=\"async\" class=\"icon-block-icon\" src=\"\/wp-content\/uploads\/2024\/08\/C7070.svg\" style=\"filter: brightness(0);\" \/>\r\n                                <\/div>\r\n                            <div class=\"icon-content\">\r\n                            <p>\r\n                                <strong>Serija Apeos C7070<\/strong>\r\n                            <\/p>\r\n                                <p style=\"padding: 0 15px;\">Robusten in intuitiven visokotehnolo\u0161ki sistem <br>Tiskanje v formatu A3<\/p>\r\n                                <\/div>\r\n                        <\/div>\r\n                        <\/a>\r\n\t\t\t\t\t<\/div>\r\n\t\t\t\t\t\t\t\t\t<\/div>\r\n\t<\/div>\r\n<\/section>\n\n<div style=\"height:50px;\">\n<\/div>\n\n<div id=\"contact\"><\/div>\n\n<section id=\"dark-form\">\n\t<div id=\"footer-form\" class=\"container\">\n\t\t<h2><br>Stopite v stik z nami:<\/h2>\n\n\t\t  \r\n   \r\n  \r\n \r\n  \r\n<script src=\"\/\/info.fujifilm.eu\/js\/forms2\/js\/forms2.min.js\"><\/script> <form id=\"mktoForm_6521\" action=\"\"><input type=\"hidden\" name=\"trp-form-language\" value=\"si\"\/><\/form> <script>MktoForms2.loadForm(\"\/\/info.fujifilm.eu\", \"060-MIY-956\", 6521);<\/script>\r\n\r\n  \n\t\t<div id=\"confirmform\" style=\"visibility:hidden;\">\n                            <p><strong>Zahvaljujemo se vam za va\u0161e povpra\u0161evanje in kmalu bomo vzpostavili stik z vami.<\/strong><\/p>\n              \n        <\/div>\n\t<\/div>\n<\/section>","protected":false},"excerpt":{"rendered":"","protected":false},"author":12,"featured_media":0,"parent":0,"menu_order":0,"comment_status":"closed","ping_status":"closed","template":"","meta":{"inline_featured_image":false,"footnotes":""},"class_list":["post-21412","page","type-page","status-publish","hentry"],"acf":[],"yoast_head":"<!-- This site is optimized with the Yoast SEO plugin v22.5 - https:\/\/yoast.com\/wordpress\/plugins\/seo\/ -->\n<title>Sustainability | Fujifilm Apeos Multifunction Printers EMEA<\/title>\n<meta name=\"description\" content=\"Office printing involves adopting innovative technologies that improve environmental impact. Discover why your business needs Apeos MFPs.\" \/>\n<meta name=\"robots\" content=\"noindex, follow, max-snippet:-1, max-image-preview:large, max-video-preview:-1\" \/>\n<meta property=\"og:locale\" content=\"sl_SI\" \/>\n<meta property=\"og:type\" content=\"article\" \/>\n<meta property=\"og:title\" content=\"Sustainability | Fujifilm Apeos Multifunction Printers EMEA\" \/>\n<meta property=\"og:description\" content=\"Office printing involves adopting innovative technologies that improve environmental impact. Discover why your business needs Apeos MFPs.\" \/>\n<meta property=\"og:url\" content=\"https:\/\/office-staging.fujifilmprint.eu\/si\/collection-services\/\" \/>\n<meta property=\"og:site_name\" content=\"Fujifilm Office Printers EMEA\" \/>\n<meta property=\"article:modified_time\" content=\"2026-01-05T13:51:01+00:00\" \/>\n<meta name=\"twitter:card\" content=\"summary_large_image\" \/>\n<meta name=\"twitter:label1\" content=\"Est. reading time\" \/>\n\t<meta name=\"twitter:data1\" content=\"1 minuta\" \/>\n<script type=\"application\/ld+json\" class=\"yoast-schema-graph\">{\"@context\":\"https:\/\/schema.org\",\"@graph\":[{\"@type\":\"WebPage\",\"@id\":\"https:\/\/office-staging.fujifilmprint.eu\/collection-services\/\",\"url\":\"https:\/\/office-staging.fujifilmprint.eu\/collection-services\/\",\"name\":\"Sustainability | Fujifilm Apeos Multifunction Printers EMEA\",\"isPartOf\":{\"@id\":\"https:\/\/office-staging.fujifilmprint.eu\/#website\"},\"datePublished\":\"2025-09-03T12:11:50+00:00\",\"dateModified\":\"2026-01-05T13:51:01+00:00\",\"description\":\"Office printing involves adopting innovative technologies that improve environmental impact. Discover why your business needs Apeos MFPs.\",\"breadcrumb\":{\"@id\":\"https:\/\/office-staging.fujifilmprint.eu\/collection-services\/#breadcrumb\"},\"inLanguage\":\"sl-SI\",\"potentialAction\":[{\"@type\":\"ReadAction\",\"target\":[\"https:\/\/office-staging.fujifilmprint.eu\/collection-services\/\"]}]},{\"@type\":\"BreadcrumbList\",\"@id\":\"https:\/\/office-staging.fujifilmprint.eu\/collection-services\/#breadcrumb\",\"itemListElement\":[{\"@type\":\"ListItem\",\"position\":1,\"name\":\"Home\",\"item\":\"https:\/\/office-staging.fujifilmprint.eu\/\"},{\"@type\":\"ListItem\",\"position\":2,\"name\":\"Collection Services\"}]},{\"@type\":\"WebSite\",\"@id\":\"https:\/\/office-staging.fujifilmprint.eu\/#website\",\"url\":\"https:\/\/office-staging.fujifilmprint.eu\/\",\"name\":\"Fujifilm Office Printers EMEA\",\"description\":\"\",\"publisher\":{\"@id\":\"https:\/\/office-staging.fujifilmprint.eu\/#organization\"},\"potentialAction\":[{\"@type\":\"SearchAction\",\"target\":{\"@type\":\"EntryPoint\",\"urlTemplate\":\"https:\/\/office-staging.fujifilmprint.eu\/?s={search_term_string}\"},\"query-input\":\"required name=search_term_string\"}],\"inLanguage\":\"sl-SI\"},{\"@type\":\"Organization\",\"@id\":\"https:\/\/office-staging.fujifilmprint.eu\/#organization\",\"name\":\"Fujifilm Office Printers EMEA\",\"url\":\"https:\/\/office-staging.fujifilmprint.eu\/\",\"logo\":{\"@type\":\"ImageObject\",\"inLanguage\":\"sl-SI\",\"@id\":\"https:\/\/office-staging.fujifilmprint.eu\/#\/schema\/logo\/image\/\",\"url\":\"https:\/\/office-staging.fujifilmprint.eu\/wp-content\/uploads\/2024\/05\/fujifilm-1.png\",\"contentUrl\":\"https:\/\/office-staging.fujifilmprint.eu\/wp-content\/uploads\/2024\/05\/fujifilm-1.png\",\"width\":416,\"height\":70,\"caption\":\"Fujifilm Office Printers EMEA\"},\"image\":{\"@id\":\"https:\/\/office-staging.fujifilmprint.eu\/#\/schema\/logo\/image\/\"}}]}<\/script>\n<!-- \/ Yoast SEO plugin. -->","yoast_head_json":{"title":"Sustainability | Fujifilm Ve\u010dfunkcijski tiskalniki Apeos EMEA","description":"Pisarni\u0161ko tiskanje vklju\u010duje uporabo inovativnih tehnologij, ki izbolj\u0161ujejo vpliv na okolje. Odkrijte, zakaj va\u0161e podjetje potrebuje ve\u010dnamenske naprave Apeos.","robots":{"index":"noindex","follow":"follow","max-snippet":"max-snippet:-1","max-image-preview":"max-image-preview:large","max-video-preview":"max-video-preview:-1"},"og_locale":"sl_SI","og_type":"article","og_title":"Sustainability | Fujifilm Apeos Multifunction Printers EMEA","og_description":"Office printing involves adopting innovative technologies that improve environmental impact. Discover why your business needs Apeos MFPs.","og_url":"https:\/\/office-staging.fujifilmprint.eu\/si\/collection-services\/","og_site_name":"Fujifilm Office Printers EMEA","article_modified_time":"2026-01-05T13:51:01+00:00","twitter_card":"summary_large_image","twitter_misc":{"Est. reading time":"1 minuta"},"schema":{"@context":"https:\/\/schema.org","@graph":[{"@type":"WebPage","@id":"https:\/\/office-staging.fujifilmprint.eu\/collection-services\/","url":"https:\/\/office-staging.fujifilmprint.eu\/collection-services\/","name":"Sustainability | Fujifilm Ve\u010dfunkcijski tiskalniki Apeos EMEA","isPartOf":{"@id":"https:\/\/office-staging.fujifilmprint.eu\/#website"},"datePublished":"2025-09-03T12:11:50+00:00","dateModified":"2026-01-05T13:51:01+00:00","description":"Pisarni\u0161ko tiskanje vklju\u010duje uporabo inovativnih tehnologij, ki izbolj\u0161ujejo vpliv na okolje. Odkrijte, zakaj va\u0161e podjetje potrebuje ve\u010dnamenske naprave Apeos.","breadcrumb":{"@id":"https:\/\/office-staging.fujifilmprint.eu\/collection-services\/#breadcrumb"},"inLanguage":"sl-SI","potentialAction":[{"@type":"ReadAction","target":["https:\/\/office-staging.fujifilmprint.eu\/collection-services\/"]}]},{"@type":"BreadcrumbList","@id":"https:\/\/office-staging.fujifilmprint.eu\/collection-services\/#breadcrumb","itemListElement":[{"@type":"ListItem","position":1,"name":"Home","item":"https:\/\/office-staging.fujifilmprint.eu\/"},{"@type":"ListItem","position":2,"name":"Collection Services"}]},{"@type":"WebSite","@id":"https:\/\/office-staging.fujifilmprint.eu\/#website","url":"https:\/\/office-staging.fujifilmprint.eu\/","name":"Fujifilm Pisarni\u0161ki tiskalniki EMEA","description":"","publisher":{"@id":"https:\/\/office-staging.fujifilmprint.eu\/#organization"},"potentialAction":[{"@type":"SearchAction","target":{"@type":"EntryPoint","urlTemplate":"https:\/\/office-staging.fujifilmprint.eu\/?s={search_term_string}"},"query-input":"required name=search_term_string"}],"inLanguage":"sl-SI"},{"@type":"Organization","@id":"https:\/\/office-staging.fujifilmprint.eu\/#organization","name":"Fujifilm Pisarni\u0161ki tiskalniki EMEA","url":"https:\/\/office-staging.fujifilmprint.eu\/","logo":{"@type":"ImageObject","inLanguage":"sl-SI","@id":"https:\/\/office-staging.fujifilmprint.eu\/#\/schema\/logo\/image\/","url":"https:\/\/office-staging.fujifilmprint.eu\/wp-content\/uploads\/2024\/05\/fujifilm-1.png","contentUrl":"https:\/\/office-staging.fujifilmprint.eu\/wp-content\/uploads\/2024\/05\/fujifilm-1.png","width":416,"height":70,"caption":"Fujifilm Office Printers EMEA"},"image":{"@id":"https:\/\/office-staging.fujifilmprint.eu\/#\/schema\/logo\/image\/"}}]}},"_links":{"self":[{"href":"https:\/\/office-staging.fujifilmprint.eu\/si\/wp-json\/wp\/v2\/pages\/21412","targetHints":{"allow":["GET"]}}],"collection":[{"href":"https:\/\/office-staging.fujifilmprint.eu\/si\/wp-json\/wp\/v2\/pages"}],"about":[{"href":"https:\/\/office-staging.fujifilmprint.eu\/si\/wp-json\/wp\/v2\/types\/page"}],"author":[{"embeddable":true,"href":"https:\/\/office-staging.fujifilmprint.eu\/si\/wp-json\/wp\/v2\/users\/12"}],"replies":[{"embeddable":true,"href":"https:\/\/office-staging.fujifilmprint.eu\/si\/wp-json\/wp\/v2\/comments?post=21412"}],"version-history":[{"count":60,"href":"https:\/\/office-staging.fujifilmprint.eu\/si\/wp-json\/wp\/v2\/pages\/21412\/revisions"}],"predecessor-version":[{"id":21581,"href":"https:\/\/office-staging.fujifilmprint.eu\/si\/wp-json\/wp\/v2\/pages\/21412\/revisions\/21581"}],"wp:attachment":[{"href":"https:\/\/office-staging.fujifilmprint.eu\/si\/wp-json\/wp\/v2\/media?parent=21412"}],"curies":[{"name":"wp","href":"https:\/\/api.w.org\/{rel}","templated":true}]}}