{"id":19491,"date":"2024-07-10T15:51:31","date_gmt":"2024-07-10T14:51:31","guid":{"rendered":"https:\/\/office-staging.fujifilmprint.eu\/?post_type=product&#038;p=19491"},"modified":"2025-07-14T17:31:33","modified_gmt":"2025-07-14T16:31:33","slug":"software-solutions","status":"publish","type":"product","link":"https:\/\/office-staging.fujifilmprint.eu\/si\/product\/software-solutions\/","title":{"rendered":"Programske re\u0161itve"},"content":{"rendered":"<section id=\"black-header\">\n\t<div class=\"container-fluid black-pt\" style=\"background-image: url('https:\/\/office-staging.fujifilmprint.eu\/wp-content\/uploads\/2024\/07\/softwaresolutions-header-2500x800-2.jpg');background-size: cover;padding: 0;\">\n\t<div class=\"overlay\" style=\"padding: 200px 0;\">\t\t<div class=\"container\">\n\t\t\t<h2 style=\"line-height: 80px;\">\n\t\t\t\tProgramske re\u0161itve\t\t\t<\/h2>\n\t\t\t<h3>\n\t\t\t\tIzbolj\u0161ajte svojo izku\u0161njo z Apeosom z na\u0161imi partnerji\t\t\t<\/h3>\n\t\t<\/div>\n\t<\/div>\t<\/div>\n<\/section>\n\n<div style=\"height:50px;\">\n<\/div>\n\n<section id=\"txt-header\">\n\t<div class=\"container block-text-header\">\n\t\t<h3><\/h3>\n\t\t<h2><\/h2>\n\t\t<p><p><span data-contrast=\"auto\">Sodelujemo z vodilnimi svetovnimi ponudniki re\u0161itev za upravljanje tiskanja in izpisa, ki lahko ponudijo upravljanje gonilnikov, re\u0161itve za varno tiskanje in sisteme delovnega toka. Te re\u0161itve so na voljo za uporabo na lokaciji, v javnem oblaku, zasebnem oblaku ali celo v hibridnih re\u0161itvah. Ponujamo odprt sistem, ki najbolj\u0161i tehnologiji na trgu omogo\u010da, da izkoristi Fujifilm Apeos MFP in operacijski sistem ter tako svojim strankam ponudi najbolj\u0161o mo\u017eno re\u0161itev. <\/span><span data-ccp-props=\"{&quot;201341983&quot;:0,&quot;335559739&quot;:160,&quot;335559740&quot;:256}\">\u00a0<\/span><\/p>\n<p><span data-contrast=\"auto\">\u010ce \u017eelite izvedeti ve\u010d o vseh ponudnikih programske opreme, s katerimi sodelujemo, nadaljujte z branjem:<\/span><\/p>\n<\/p>\n\t<\/div>\n<\/section>\n\n<section id=\"txt-header\">\n\t<div class=\"container block-text-header\">\n\t\t<h3><\/h3>\n\t\t<h2><\/h2>\n\t\t<p><p><img loading=\"lazy\" decoding=\"async\" class=\"aligncenter wp-image-20465\" src=\"https:\/\/office-staging.fujifilmprint.eu\/wp-content\/uploads\/2024\/07\/tungsten-logo.svg\" alt=\"\" width=\"700\" height=\"124\" \/><\/p>\n<p><span data-contrast=\"auto\"><strong>Avtomatizacija volframa<\/strong>, prej znan kot Kofax, je \u017ee skoraj \u0161tiri desetletja pionir na podro\u010dju digitalnega preoblikovanja delovnih tokov. Danes je priznano kot vodilno podjetje na podro\u010dju inteligentne avtomatizacije delovnih tokov, saj podjetjem ponuja zmogljive re\u0161itve za avtomatizacijo njihovih delovnih tokov, ki zahtevajo najve\u010d podatkov.<\/span><\/p>\n<p><span data-contrast=\"auto\">V okviru dolgoletnega globalnega partnerstva z dru\u017ebo Fujifilm dru\u017eba Tungsten Automation svoje re\u0161itve za avtomatizacijo in varnost dokumentov povezuje z napravami Fujifilm. To sodelovanje podpira paket Control Suite, ki zagotavlja celovite re\u0161itve za tiskanje in zajemanje od preprostih re\u0161itev za mala in srednje velika podjetja do popolnoma integriranih delovnih tokov v podjetjih, vladi ali zdravstvenem sektorju.<\/span><\/p>\n<p><span data-contrast=\"auto\">Podjetje Fujifilm je bilo prvi uporabnik infrastrukture Printix Cloud Print, ki organizacijam omogo\u010da enostavno upravljanje tiskalni\u0161kih okolij in ponuja mo\u017enosti, kot so mobilno tiskanje, varno spro\u0161\u010danje tiskanja in nadzor stro\u0161kov. Pri ve\u010dnamenskih tiskalnikih Fujifilm tako Control Suite kot Printix delujeta s popolnoma vgrajenimi enotnimi odjemalci, kar zagotavlja preprosto uporabni\u0161ko izku\u0161njo in enostavno upravljanje. <\/span><span data-ccp-props=\"{&quot;201341983&quot;:0,&quot;335559739&quot;:160,&quot;335559740&quot;:256}\">\u00a0<\/span><\/p>\n<\/p>\n\t<\/div>\n<\/section>\n\n<section id=\"txt-header\">\n\t<div class=\"container block-text-header\">\n\t\t<h3><\/h3>\n\t\t<h2><\/h2>\n\t\t<p><p><img loading=\"lazy\" decoding=\"async\" class=\"aligncenter wp-image-20467\" src=\"https:\/\/office-staging.fujifilmprint.eu\/wp-content\/uploads\/2024\/07\/printerlogic.svg\" alt=\"\" width=\"700\" height=\"93\" \/><\/p>\n<p><span class=\"TextRun Highlight SCXW85242543 BCX8\" lang=\"EN-GB\" xml:lang=\"EN-GB\" data-contrast=\"none\"><strong><span class=\"NormalTextRun SpellingErrorV2Themed SCXW85242543 BCX8\">PrinterLogic<\/span><\/strong><span class=\"NormalTextRun SCXW85242543 BCX8\"> je <\/span><span class=\"NormalTextRun SCXW85242543 BCX8\">najsodobnej\u0161i<\/span><span class=\"NormalTextRun SCXW85242543 BCX8\"> re\u0161itev za upravljanje tiskanja, zasnovana za poenostavitev in racionalizacijo postopkov tiskanja v sodobnih organizacijah. Podjetja se razvijajo, povpra\u0161evanje po u\u010dinkovitih in stro\u0161kovno u\u010dinkovitih tiskalni\u0161kih re\u0161itvah pa se pove\u010duje, <\/span><span class=\"NormalTextRun SpellingErrorV2Themed SCXW85242543 BCX8\">PrinterLogic<\/span> <span class=\"NormalTextRun SCXW85242543 BCX8\">se pojavi<\/span><span class=\"NormalTextRun SCXW85242543 BCX8\"> kot preoblikovalno orodje, ki <\/span><span class=\"NormalTextRun SCXW85242543 BCX8\">odpravlja<\/span><span class=\"NormalTextRun SCXW85242543 BCX8\"> zapletov, ki so obi\u010dajno povezani s tiskalni\u0161kimi stre\u017eniki. Zagotavlja centralizirano platformo, ki skrbnikom IT omogo\u010da neprimerljivo la\u017eje upravljanje tiskalnikov, gonilnikov in uporabni\u0161kih nastavitev, kar pove\u010duje splo\u0161no produktivnost in zmanj\u0161uje operativne stro\u0161ke.<\/span><\/span><span class=\"LineBreakBlob BlobObject DragDrop SCXW85242543 BCX8\"><span class=\"SCXW85242543 BCX8\">\u00a0<\/span><br class=\"SCXW85242543 BCX8\" \/><\/span><span class=\"LineBreakBlob BlobObject DragDrop SCXW85242543 BCX8\"><span class=\"SCXW85242543 BCX8\">\u00a0<\/span><\/span><span class=\"LineBreakBlob BlobObject DragDrop SCXW85242543 BCX8\"><br class=\"SCXW85242543 BCX8\" \/><\/span><span class=\"TextRun Highlight SCXW85242543 BCX8\" lang=\"EN-GB\" xml:lang=\"EN-GB\" data-contrast=\"none\"><span class=\"NormalTextRun SpellingErrorV2Themed SCXW85242543 BCX8\">PrinterLogic je<\/span><span class=\"NormalTextRun SCXW85242543 BCX8\"> intuitiven vmesnik in robustne funkcije omogo\u010dajo organizacijam, da namestijo in upravljajo tiskalnike v razli\u010dnih okoljih, vklju\u010dno z velikimi podjetji, izobra\u017eevalnimi ustanovami in zdravstvenimi ustanovami. Funkcije, kot so samopostre\u017ena namestitev tiskalnika, obse\u017ena orodja za revizijo\/poro\u010danje in podpora za mobilno tiskanje, zadovoljujejo edinstvene potrebe razli\u010dnih skupin uporabnikov, zato je to vsestranska re\u0161itev.<\/span><\/span><span class=\"LineBreakBlob BlobObject DragDrop SCXW85242543 BCX8\"><span class=\"SCXW85242543 BCX8\">\u00a0<\/span><br class=\"SCXW85242543 BCX8\" \/><\/span><span class=\"LineBreakBlob BlobObject DragDrop SCXW85242543 BCX8\"><span class=\"SCXW85242543 BCX8\">\u00a0<\/span><br class=\"SCXW85242543 BCX8\" \/><\/span><span class=\"TextRun Highlight SCXW85242543 BCX8\" lang=\"EN-GB\" xml:lang=\"EN-GB\" data-contrast=\"none\"><span class=\"NormalTextRun SCXW85242543 BCX8\">Varnost je \u0161e en temelj <\/span><span class=\"NormalTextRun SpellingErrorV2Themed SCXW85242543 BCX8\">PrinterLogic je<\/span><span class=\"NormalTextRun SCXW85242543 BCX8\"> ponudba vrednosti. Vklju\u010duje napredne varnostne ukrepe za za\u0161\u010dito ob\u010dutljivih podatkov in zagotavljanje skladnosti z industrijskimi standardi. Ponuja varno tiskanje izdaje in protokole \u0161ifriranja, <\/span><span class=\"NormalTextRun SpellingErrorV2Themed SCXW85242543 BCX8\">PrinterLogic<\/span><span class=\"NormalTextRun SCXW85242543 BCX8\"> pomaga varovati zaupne informacije organizacij.<\/span><\/span><\/p>\n<\/p>\n\t<\/div>\n<\/section>\n\n<section id=\"txt-header\">\n\t<div class=\"container block-text-header\">\n\t\t<h3><\/h3>\n\t\t<h2><\/h2>\n\t\t<p><p><img loading=\"lazy\" decoding=\"async\" class=\"aligncenter wp-image-20469 size-full\" src=\"https:\/\/office-staging.fujifilmprint.eu\/wp-content\/uploads\/2024\/07\/papercut.png\" alt=\"\" width=\"407\" height=\"124\" srcset=\"https:\/\/office-staging.fujifilmprint.eu\/wp-content\/uploads\/2024\/07\/papercut.png 407w, https:\/\/office-staging.fujifilmprint.eu\/wp-content\/uploads\/2024\/07\/papercut-300x91.png 300w, https:\/\/office-staging.fujifilmprint.eu\/wp-content\/uploads\/2024\/07\/papercut-18x5.png 18w\" sizes=\"auto, (max-width: 407px) 100vw, 407px\" \/><\/p>\n<p><span data-contrast=\"none\">\u017de ve\u010d kot 25 let <strong>PaperCut<\/strong> ustvarja pametno programsko opremo za tiskalnike, <\/span><span data-contrast=\"none\">ljudem po vsem svetu pomagamo zmanj\u0161ati koli\u010dino odpadkov ter jim omogo\u010damo varno in enostavno tiskanje.<\/span><span data-ccp-props=\"{&quot;201341983&quot;:0,&quot;335557856&quot;:16777215,&quot;335559739&quot;:0,&quot;335559740&quot;:240}\">\u00a0<\/span><\/p>\n<p><span data-contrast=\"none\">Na komercialni ravni prilagodljivost programa PaperCut podjetjem omogo\u010da, da se v vseh fazah brez te\u017eav premaknejo od lokalnega okolja do oblaka, in sicer z enotnim dolo\u010danjem cen. Ne glede na to, ali ste \u017ee pripravljeni na prehod v oblak ali pa \u017eelite postaviti temelje za prehod v oblak, vam bo njihova prilagodljivost zagotovila model, ki bo ustrezal va\u0161emu podjetju.<\/span><\/p>\n<p><span data-contrast=\"none\">Na tem temelji zavezanost podjetja PaperCut k trajnosti, saj meni, da je okoljska trajnost ve\u010dplastna. To je lahko priznanje njihovega certificiranega statusa B-Corp ali programa PaperCut Grows forest positive, s katerim se zave\u017eete, da boste posadili ve\u010d dreves, kot jih va\u0161a organizacija porabi za tiskanje.<\/span><\/p>\n<\/p>\n\t<\/div>\n<\/section>\n\n<section id=\"txt-header\">\n\t<div class=\"container block-text-header\">\n\t\t<h3><\/h3>\n\t\t<h2><\/h2>\n\t\t<p><p><img loading=\"lazy\" decoding=\"async\" class=\"aligncenter wp-image-20470 size-full\" src=\"https:\/\/office-staging.fujifilmprint.eu\/wp-content\/uploads\/2024\/07\/ysof.jpg\" alt=\"\" width=\"200\" height=\"200\" srcset=\"https:\/\/office-staging.fujifilmprint.eu\/wp-content\/uploads\/2024\/07\/ysof.jpg 200w, https:\/\/office-staging.fujifilmprint.eu\/wp-content\/uploads\/2024\/07\/ysof-150x150.jpg 150w, https:\/\/office-staging.fujifilmprint.eu\/wp-content\/uploads\/2024\/07\/ysof-12x12.jpg 12w\" sizes=\"auto, (max-width: 200px) 100vw, 200px\" \/><\/p>\n<p><span data-contrast=\"none\">Ne glede na to, ali potrebujete poenostavljeno tiskanje, avtomatizirano testiranje naprav ali digitalizirano u\u010denje zaposlenih,<strong> Y mehka<\/strong> smo tu, da olaj\u0161amo \u017eivljenje va\u0161emu podjetju in ljudem. <\/span><span data-contrast=\"none\">Ne glede na to, kje se nahajate na svoji poti v oblaku, bo Y Soft za vas pripravil re\u0161itev za tiskanje, prilagojeno prihodnosti.<\/span><span data-ccp-props=\"{&quot;134233117&quot;:true,&quot;134233118&quot;:true,&quot;201341983&quot;:2,&quot;335557856&quot;:16777215,&quot;335559739&quot;:160,&quot;335559740&quot;:360}\">\u00a0<\/span><\/p>\n<p><span data-contrast=\"none\">Y Softove re\u0161itve so zasnovane tako, da va\u0161emu podjetju pomagajo pospe\u0161iti preoblikovanje IT, spodbuditi rast podjetja in zaposlenih ter vzpostaviti bolj\u0161e na\u010dine dela. <\/span><span data-contrast=\"none\">Njihov platformni pristop vam omogo\u010da, da v svoje tiskalni\u0161ko okolje brez te\u017eav dodajate nove zmo\u017enosti, kot je tiskanje v oblaku.\u00a0<\/span><\/p>\n<p><span data-contrast=\"none\">Digitalni in avtonomni sistemi delovnega toka izbolj\u0161ujejo produktivnost, saj zaposlenim omogo\u010dajo, da se ukvarjajo z bolj pomembnimi nalogami. <\/span><span data-contrast=\"none\">V povezavi z vodilno platformo Apeos podjetja Fujifilm imate na voljo vodilno re\u0161itev v panogi. <\/span><span data-ccp-props=\"{&quot;201341983&quot;:0,&quot;335559739&quot;:160,&quot;335559740&quot;:256}\">\u00a0<\/span><\/p>\n<\/p>\n\t<\/div>\n<\/section>\n\n<section id=\"txt-header\">\n\t<div class=\"container block-text-header\">\n\t\t<h3><\/h3>\n\t\t<h2><\/h2>\n\t\t<p><p><img loading=\"lazy\" decoding=\"async\" class=\"aligncenter wp-image-21342 size-full\" src=\"https:\/\/office-staging.fujifilmprint.eu\/wp-content\/uploads\/2024\/07\/mQ.png\" alt=\"\" width=\"375\" height=\"137\" srcset=\"https:\/\/office-staging.fujifilmprint.eu\/wp-content\/uploads\/2024\/07\/mQ.png 375w, https:\/\/office-staging.fujifilmprint.eu\/wp-content\/uploads\/2024\/07\/mQ-300x110.png 300w, https:\/\/office-staging.fujifilmprint.eu\/wp-content\/uploads\/2024\/07\/mQ-18x7.png 18w\" sizes=\"auto, (max-width: 375px) 100vw, 375px\" \/><\/p>\n<p class=\"translation-block\"><strong>MyQ<\/strong> ponuja enostavne in cenovno dostopne re\u0161itve za vsakogar: to je njihova vizija (r)evolucije skeniranja in tiskanja, ki vklju\u010duje 30 let izku\u0161enj v tiskarski industriji. <strong>MyQ<\/strong> razume, da se za vsakim dokumentom skriva resni\u010dna oseba, ki i\u0161\u010de udobje, varnost in u\u010dinkovitost pri svojih vsakodnevnih dejavnostih. Od velikih vladnih agencij in pisarn podjetij do bolni\u0161nic, \u0161olskih knji\u017enic in celo doma\u010dih pisarn so specializirani za prilagajanje svoje tehnologije za zagotavljanje optimalne u\u010dinkovitosti in uporabniku prijaznih vmesnikov za vse.<\/p>\n<div class=\"elementToProof\">\n<p class=\"translation-block\">V ve\u010d kot 150 dr\u017eavah po svetu je <strong>MyQ<\/strong> zavaroval in racionaliziral delovanje ve\u010d kot 1 milijona tiskalnikov, odpravil nepotrebno birokracijo ter ve\u010d kot 50 milijonom uporabnikov omogo\u010dil priro\u010dnej\u0161e, dostopnej\u0161e in odpornej\u0161e tiskanje, skeniranje in obdelavo dokumentov. Zdaj pa vsem svojim strankam pomagajo pri prenosu njihovih tradicionalnih stre\u017eni\u0161kih re\u0161itev za upravljanje tiskanja v javni oblak.<\/p>\n<\/div>\n<\/p>\n\t<\/div>\n<\/section>\n\n<div style=\"height:20px;\">\n<\/div>\n\n\r\n<style>\r\n.icon-block-link{\r\n\ttext-decoration: none;\r\n\tcolor: black;\r\n}\r\n.icon-block-link:hover .poi-icons-printers .icon-block-icon{\r\n\ttransform: scale(1.2);\r\n    filter: invert(69%) sepia(96%) saturate(1997%) hue-rotate(120deg) brightness(99%) contrast(101%) !important;\r\n\ttransition: 0.4s;\r\n}\r\n<\/style>\r\n<section id=\"tc-icons\" class=\"printer-icons\">\r\n\t<div class=\"container block-three-column-icons\">\r\n\t\t<h2>Odkrijte ponudbo ve\u010dnamenskih tiskalnikov Apeos:<\/h2>\r\n\t\t<div class=\"row\" style=\"margin-top: 70px;\">\r\n\t\t\t\t\t\t\t\t\t\t\t\t<div class=\"col-sm\">\r\n                    <a href=\"https:\/\/office-staging.fujifilmprint.eu\/si\/product\/apeos-c4030-series\/\" class=\"icon-block-link\">\r\n                        <div class=\"icons-flex\">\r\n                                <div class=\"poi-icons-printers\" style=\"background-color: transparent;\">\r\n                                    <img decoding=\"async\" class=\"icon-block-icon\" src=\"\/wp-content\/uploads\/2024\/08\/C4030.svg\" style=\"filter: brightness(0);\" \/>\r\n                                <\/div>\r\n                            <div class=\"icon-content\">\r\n                            <p>\r\n                                <strong>Serija Apeos C4030<\/strong>\r\n                            <\/p>\r\n                                <p style=\"padding: 0 15px;\">Tiskanje A4 brez kompromisov glede kakovosti<\/p>\r\n                                <\/div>\r\n                        <\/div>\r\n                        <\/a>\r\n\t\t\t\t\t<\/div>\r\n\t\t\t\t\t\t\t\t\t<div class=\"col-sm\">\r\n                    <a href=\"https:\/\/office-staging.fujifilmprint.eu\/si\/product\/apeos-c3060-series\/\" class=\"icon-block-link\">\r\n                        <div class=\"icons-flex\">\r\n                                <div class=\"poi-icons-printers\" style=\"background-color: transparent;\">\r\n                                    <img decoding=\"async\" class=\"icon-block-icon\" src=\"\/wp-content\/uploads\/2024\/08\/C3060.svg\" style=\"filter: brightness(0);\" \/>\r\n                                <\/div>\r\n                            <div class=\"icon-content\">\r\n                            <p>\r\n                                <strong>Serija Apeos C3060<\/strong>\r\n                            <\/p>\r\n                                <p style=\"padding: 0 15px;\">Konfigurabilno tiskanje A3 z najve\u010djo prilagodljivostjo<\/p>\r\n                                <\/div>\r\n                        <\/div>\r\n                        <\/a>\r\n\t\t\t\t\t<\/div>\r\n\t\t\t\t\t\t\t\t\t<div class=\"col-sm\">\r\n                    <a href=\"https:\/\/office-staging.fujifilmprint.eu\/si\/product\/apeos-c7070-series\/\" class=\"icon-block-link\">\r\n                        <div class=\"icons-flex\">\r\n                                <div class=\"poi-icons-printers\" style=\"background-color: transparent;\">\r\n                                    <img decoding=\"async\" class=\"icon-block-icon\" src=\"\/wp-content\/uploads\/2024\/08\/C7070.svg\" style=\"filter: brightness(0);\" \/>\r\n                                <\/div>\r\n                            <div class=\"icon-content\">\r\n                            <p>\r\n                                <strong>Serija Apeos C7070<\/strong>\r\n                            <\/p>\r\n                                <p style=\"padding: 0 15px;\">Robusten in intuitiven visokotehnolo\u0161ki sistem <br>Tiskanje v formatu A3<\/p>\r\n                                <\/div>\r\n                        <\/div>\r\n                        <\/a>\r\n\t\t\t\t\t<\/div>\r\n\t\t\t\t\t\t\t\t\t<\/div>\r\n\t<\/div>\r\n<\/section>\n\n<div style=\"height:100px;\">\n<\/div>\n\n<section id=\"dark-form\">\n\t<div id=\"footer-form\" class=\"container\">\n\t\t<h2>Vas zanimajo na\u0161i partnerji za programsko opremo? Pi\u0161ite nam spodaj:<\/h2>\n\n\t\t  \r\n   \r\n  \r\n \r\n  \r\n<script src=\"\/\/info.fujifilm.eu\/js\/forms2\/js\/forms2.min.js\"><\/script> <form id=\"mktoForm_6521\" action=\"\"><input type=\"hidden\" name=\"trp-form-language\" value=\"si\"\/><\/form> <script>MktoForms2.loadForm(\"\/\/info.fujifilm.eu\", \"060-MIY-956\", 6521);<\/script>\r\n\r\n  \n\t\t<div id=\"confirmform\" style=\"visibility:hidden;\">\n                            <p><strong>Zahvaljujemo se vam za va\u0161e povpra\u0161evanje in kmalu bomo vzpostavili stik z vami.<\/strong><\/p>\n              \n        <\/div>\n\t<\/div>\n<\/section>","protected":false},"featured_media":0,"template":"","sector":[],"class_list":["post-19491","product","type-product","status-publish","hentry"],"acf":[],"yoast_head":"<!-- This site is optimized with the Yoast SEO plugin v22.5 - https:\/\/yoast.com\/wordpress\/plugins\/seo\/ -->\n<title>Software Solutions | Fujifilm Multifunction Office Printers EMEA<\/title>\n<meta name=\"description\" content=\"We have been working with the leading providers of print &amp; output management solutions worldwide. Find out more here.\" \/>\n<meta name=\"robots\" content=\"noindex, follow, max-snippet:-1, max-image-preview:large, max-video-preview:-1\" \/>\n<meta property=\"og:locale\" content=\"sl_SI\" \/>\n<meta property=\"og:type\" content=\"article\" \/>\n<meta property=\"og:title\" content=\"Software Solutions | Fujifilm Multifunction Office Printers EMEA\" \/>\n<meta property=\"og:description\" content=\"We have been working with the leading providers of print &amp; output management solutions worldwide. Find out more here.\" \/>\n<meta property=\"og:url\" content=\"https:\/\/office-staging.fujifilmprint.eu\/si\/product\/software-solutions\/\" \/>\n<meta property=\"og:site_name\" content=\"Fujifilm Office Printers EMEA\" \/>\n<meta property=\"article:modified_time\" content=\"2025-07-14T16:31:33+00:00\" \/>\n<meta name=\"twitter:card\" content=\"summary_large_image\" \/>\n<script type=\"application\/ld+json\" class=\"yoast-schema-graph\">{\"@context\":\"https:\/\/schema.org\",\"@graph\":[{\"@type\":\"WebPage\",\"@id\":\"https:\/\/office-staging.fujifilmprint.eu\/product\/software-solutions\/\",\"url\":\"https:\/\/office-staging.fujifilmprint.eu\/product\/software-solutions\/\",\"name\":\"Software Solutions | Fujifilm Multifunction Office Printers EMEA\",\"isPartOf\":{\"@id\":\"https:\/\/office-staging.fujifilmprint.eu\/#website\"},\"datePublished\":\"2024-07-10T14:51:31+00:00\",\"dateModified\":\"2025-07-14T16:31:33+00:00\",\"description\":\"We have been working with the leading providers of print & output management solutions worldwide. Find out more here.\",\"breadcrumb\":{\"@id\":\"https:\/\/office-staging.fujifilmprint.eu\/product\/software-solutions\/#breadcrumb\"},\"inLanguage\":\"sl-SI\",\"potentialAction\":[{\"@type\":\"ReadAction\",\"target\":[\"https:\/\/office-staging.fujifilmprint.eu\/product\/software-solutions\/\"]}]},{\"@type\":\"BreadcrumbList\",\"@id\":\"https:\/\/office-staging.fujifilmprint.eu\/product\/software-solutions\/#breadcrumb\",\"itemListElement\":[{\"@type\":\"ListItem\",\"position\":1,\"name\":\"Home\",\"item\":\"https:\/\/office-staging.fujifilmprint.eu\/\"},{\"@type\":\"ListItem\",\"position\":2,\"name\":\"Products\",\"item\":\"https:\/\/office-staging.fujifilmprint.eu\/product\/\"},{\"@type\":\"ListItem\",\"position\":3,\"name\":\"Software solutions\"}]},{\"@type\":\"WebSite\",\"@id\":\"https:\/\/office-staging.fujifilmprint.eu\/#website\",\"url\":\"https:\/\/office-staging.fujifilmprint.eu\/\",\"name\":\"Fujifilm Office Printers EMEA\",\"description\":\"\",\"publisher\":{\"@id\":\"https:\/\/office-staging.fujifilmprint.eu\/#organization\"},\"potentialAction\":[{\"@type\":\"SearchAction\",\"target\":{\"@type\":\"EntryPoint\",\"urlTemplate\":\"https:\/\/office-staging.fujifilmprint.eu\/?s={search_term_string}\"},\"query-input\":\"required name=search_term_string\"}],\"inLanguage\":\"sl-SI\"},{\"@type\":\"Organization\",\"@id\":\"https:\/\/office-staging.fujifilmprint.eu\/#organization\",\"name\":\"Fujifilm Office Printers EMEA\",\"url\":\"https:\/\/office-staging.fujifilmprint.eu\/\",\"logo\":{\"@type\":\"ImageObject\",\"inLanguage\":\"sl-SI\",\"@id\":\"https:\/\/office-staging.fujifilmprint.eu\/#\/schema\/logo\/image\/\",\"url\":\"https:\/\/office-staging.fujifilmprint.eu\/wp-content\/uploads\/2024\/05\/fujifilm-1.png\",\"contentUrl\":\"https:\/\/office-staging.fujifilmprint.eu\/wp-content\/uploads\/2024\/05\/fujifilm-1.png\",\"width\":416,\"height\":70,\"caption\":\"Fujifilm Office Printers EMEA\"},\"image\":{\"@id\":\"https:\/\/office-staging.fujifilmprint.eu\/#\/schema\/logo\/image\/\"}}]}<\/script>\n<!-- \/ Yoast SEO plugin. -->","yoast_head_json":{"title":"Programske re\u0161itve | Fujifilm Ve\u010dnamenski pisarni\u0161ki tiskalniki EMEA","description":"Sodelujemo z vodilnimi svetovnimi ponudniki re\u0161itev za upravljanje tiskanja in izpisa. Ve\u010d informacij najdete tukaj.","robots":{"index":"noindex","follow":"follow","max-snippet":"max-snippet:-1","max-image-preview":"max-image-preview:large","max-video-preview":"max-video-preview:-1"},"og_locale":"sl_SI","og_type":"article","og_title":"Software Solutions | Fujifilm Multifunction Office Printers EMEA","og_description":"We have been working with the leading providers of print & output management solutions worldwide. Find out more here.","og_url":"https:\/\/office-staging.fujifilmprint.eu\/si\/product\/software-solutions\/","og_site_name":"Fujifilm Office Printers EMEA","article_modified_time":"2025-07-14T16:31:33+00:00","twitter_card":"summary_large_image","schema":{"@context":"https:\/\/schema.org","@graph":[{"@type":"WebPage","@id":"https:\/\/office-staging.fujifilmprint.eu\/product\/software-solutions\/","url":"https:\/\/office-staging.fujifilmprint.eu\/product\/software-solutions\/","name":"Programske re\u0161itve | Fujifilm Ve\u010dnamenski pisarni\u0161ki tiskalniki EMEA","isPartOf":{"@id":"https:\/\/office-staging.fujifilmprint.eu\/#website"},"datePublished":"2024-07-10T14:51:31+00:00","dateModified":"2025-07-14T16:31:33+00:00","description":"Sodelujemo z vodilnimi svetovnimi ponudniki re\u0161itev za upravljanje tiskanja in izpisa. Ve\u010d informacij najdete tukaj.","breadcrumb":{"@id":"https:\/\/office-staging.fujifilmprint.eu\/product\/software-solutions\/#breadcrumb"},"inLanguage":"sl-SI","potentialAction":[{"@type":"ReadAction","target":["https:\/\/office-staging.fujifilmprint.eu\/product\/software-solutions\/"]}]},{"@type":"BreadcrumbList","@id":"https:\/\/office-staging.fujifilmprint.eu\/product\/software-solutions\/#breadcrumb","itemListElement":[{"@type":"ListItem","position":1,"name":"Home","item":"https:\/\/office-staging.fujifilmprint.eu\/"},{"@type":"ListItem","position":2,"name":"Products","item":"https:\/\/office-staging.fujifilmprint.eu\/product\/"},{"@type":"ListItem","position":3,"name":"Software solutions"}]},{"@type":"WebSite","@id":"https:\/\/office-staging.fujifilmprint.eu\/#website","url":"https:\/\/office-staging.fujifilmprint.eu\/","name":"Fujifilm Pisarni\u0161ki tiskalniki EMEA","description":"","publisher":{"@id":"https:\/\/office-staging.fujifilmprint.eu\/#organization"},"potentialAction":[{"@type":"SearchAction","target":{"@type":"EntryPoint","urlTemplate":"https:\/\/office-staging.fujifilmprint.eu\/?s={search_term_string}"},"query-input":"required name=search_term_string"}],"inLanguage":"sl-SI"},{"@type":"Organization","@id":"https:\/\/office-staging.fujifilmprint.eu\/#organization","name":"Fujifilm Pisarni\u0161ki tiskalniki EMEA","url":"https:\/\/office-staging.fujifilmprint.eu\/","logo":{"@type":"ImageObject","inLanguage":"sl-SI","@id":"https:\/\/office-staging.fujifilmprint.eu\/#\/schema\/logo\/image\/","url":"https:\/\/office-staging.fujifilmprint.eu\/wp-content\/uploads\/2024\/05\/fujifilm-1.png","contentUrl":"https:\/\/office-staging.fujifilmprint.eu\/wp-content\/uploads\/2024\/05\/fujifilm-1.png","width":416,"height":70,"caption":"Fujifilm Office Printers EMEA"},"image":{"@id":"https:\/\/office-staging.fujifilmprint.eu\/#\/schema\/logo\/image\/"}}]}},"_links":{"self":[{"href":"https:\/\/office-staging.fujifilmprint.eu\/si\/wp-json\/wp\/v2\/product\/19491","targetHints":{"allow":["GET"]}}],"collection":[{"href":"https:\/\/office-staging.fujifilmprint.eu\/si\/wp-json\/wp\/v2\/product"}],"about":[{"href":"https:\/\/office-staging.fujifilmprint.eu\/si\/wp-json\/wp\/v2\/types\/product"}],"wp:attachment":[{"href":"https:\/\/office-staging.fujifilmprint.eu\/si\/wp-json\/wp\/v2\/media?parent=19491"}],"wp:term":[{"taxonomy":"sector","embeddable":true,"href":"https:\/\/office-staging.fujifilmprint.eu\/si\/wp-json\/wp\/v2\/sector?post=19491"}],"curies":[{"name":"wp","href":"https:\/\/api.w.org\/{rel}","templated":true}]}}